{"id":4737,"date":"2023-11-11T14:33:59","date_gmt":"2023-11-11T13:33:59","guid":{"rendered":"https:\/\/vetomshop.hu\/termek\/trio-men-jelado\/"},"modified":"2023-11-11T14:33:59","modified_gmt":"2023-11-11T13:33:59","slug":"trio-men-jelado","status":"publish","type":"product","link":"https:\/\/vetomshop.hu\/lv\/products\/trio-men-jelado\/","title":{"rendered":"Tr\u012bs cilv\u0113ku b\u0101ka"},"content":{"rendered":"<h4>\u012apa\u0161ais Trio-Men raid\u012bt\u0101js<\/h4>\n<p>V\u012brie\u0161iem - Nr. 23.<\/p>\n<p>Tas ir indic\u0113ts, lai: optimiz\u0113tu funkcion\u0101l\u0101s rezerves un cilv\u0113ka organisma sp\u0113ju piel\u0101goties negat\u012bvai vides ietekmei, dz\u012bvesveidam vai slim\u012bbai.<br \/>\nDarbinieku kategorija: v\u012brie\u0161i.<\/p>\n<p><strong>Ietekme:<\/strong> visp\u0101r\u0113ja, dzimumam rakstur\u012bga pastiprino\u0161a ietekme (psihoemocion\u0101lais l\u012bmenis, neirohumor\u0101l\u0101 regul\u0101cija).<\/p>\n<p><strong>Darb\u012bbas meh\u0101nisms:<\/strong> Programma (neso\u0161\u0101 frekvence, zemas frekvences modul\u0101cija un amplit\u016bdas parametri) ir \u012bpa\u0161i izstr\u0101d\u0101ta v\u012brie\u0161a org\u0101nam, lai pal\u012bdz\u0113tu to izmantot sist\u0113m\u0101.<\/p>\n<p>Lietojot Trio-men 23. staru k\u016bri, m\u0113s varam normaliz\u0113t trofiskos un vielmai\u0146as procesus audos un \u0161\u016bn\u0101s, atjaunot to strukt\u016bru, uzlabot organisma darb\u012bbu gan sist\u0113miski, gan kopum\u0101, palielin\u0101t organisma specifisko iztur\u012bbu.<\/p>\n<p>Pozit\u012bvie rezult\u0101ti ir saist\u012bti ar biorezonanses atgriezenisko saiti no \u0161\u016bn\u0101m, atom\u0101r\u0101s fiziolo\u0123isk\u0101s sist\u0113mas un neiro-humor\u0101l\u0101s regul\u0101cijas sist\u0113mas, k\u0101 ar\u012b ar adapt\u0101cijas meh\u0101nisma aktiviz\u0113\u0161anos (visp\u0101r\u0113jais adapt\u0101cijas sindroms).<\/p>\n<div class=\"su-spoiler su-spoiler-style-defoult su-spoiler-icon-caret su-spoiler-closed\" data-scroll-offset=\"0\" data-anchor-in-url=\"no\"><div class=\"su-spoiler-title\" tabindex=\"0\" role=\"button\"><span class=\"su-spoiler-icon\"><\/span>Visi<\/div><div class=\"su-spoiler-content su-u-clearfix su-u-trim\">\n<strong>Ieteicams:<\/strong><\/p>\n<ol>\n<li>Samazin\u0101t\u0101m darba sp\u0113j\u0101m un garast\u0101vok\u013ca trauc\u0113jumiem, psihoemocion\u0101lai nestabilit\u0101tei, bezmiegam k\u0101 hroniska noguruma sek\u0101m.<\/li>\n<li>Prostatas slim\u012bbas, v\u012brie\u0161u menopauze.<\/li>\n<li>Parastas saaukst\u0113\u0161an\u0101s un gripa.<\/li>\n<li>visp\u0101r\u0113ja im\u016bnsist\u0113mas pav\u0101jin\u0101\u0161an\u0101s p\u0113c smagas slim\u012bbas, rehabilit\u0101cijai.<\/li>\n<\/ol>\n<\/div><\/div>","protected":false},"excerpt":{"rendered":"<p>Speci\u00e1lis Trio-men sug\u00e1rz\u00f3 F\u00e9rfiak sz\u00e1m\u00e1ra, 23. sz. Javallott: a funkcion\u00e1lis tartal\u00e9kok \u00e9s az emberi szervezet adapt\u00e1ci\u00f3s lehet\u0151s\u00e9geinek optimiz\u00e1l\u00e1s\u00e1hoz, melyek a negat\u00edv k\u00f6rnyezeti hat\u00e1sok, \u00e9letm\u00f3d vagy betegs\u00e9g k\u00f6vetkezt\u00e9ben l\u00e9ptek fel. Az alkalmaz\u00f3k kateg\u00f3ri\u00e1ja: f\u00e9rfiak. Hat\u00e1sa: a nemi hovatartoz\u00e1st figyelembe vev\u0151 \u00e1ltal\u00e1nos er\u0151s\u00edt\u0151 hat\u00e1s (pszichoemocion\u00e1lis szint, neurohumor\u00e1lis regul\u00e1ci\u00f3). Hat\u00e1smechanizmus: A program (hordoz\u00f3 frekvencia, alacsony frekvenci\u00e1j\u00fa modul\u00e1ci\u00f3 \u00e9s [&hellip;]<\/p>\n","protected":false},"featured_media":4736,"comment_status":"open","ping_status":"closed","template":"","meta":[],"product_brand":[],"product_cat":[35,32],"product_tag":[],"class_list":{"0":"post-4737","1":"product","2":"type-product","3":"status-publish","4":"has-post-thumbnail","6":"product_cat-csatlakoztathato-jeladok","7":"product_cat-triomed","9":"first","10":"instock","11":"taxable","12":"shipping-taxable","13":"purchasable","14":"product-type-simple"},"_links":{"self":[{"href":"https:\/\/vetomshop.hu\/lv\/wp-json\/wp\/v2\/product\/4737","targetHints":{"allow":["GET"]}}],"collection":[{"href":"https:\/\/vetomshop.hu\/lv\/wp-json\/wp\/v2\/product"}],"about":[{"href":"https:\/\/vetomshop.hu\/lv\/wp-json\/wp\/v2\/types\/product"}],"replies":[{"embeddable":true,"href":"https:\/\/vetomshop.hu\/lv\/wp-json\/wp\/v2\/comments?post=4737"}],"wp:featuredmedia":[{"embeddable":true,"href":"https:\/\/vetomshop.hu\/lv\/wp-json\/wp\/v2\/media\/4736"}],"wp:attachment":[{"href":"https:\/\/vetomshop.hu\/lv\/wp-json\/wp\/v2\/media?parent=4737"}],"wp:term":[{"taxonomy":"product_brand","embeddable":true,"href":"https:\/\/vetomshop.hu\/lv\/wp-json\/wp\/v2\/product_brand?post=4737"},{"taxonomy":"product_cat","embeddable":true,"href":"https:\/\/vetomshop.hu\/lv\/wp-json\/wp\/v2\/product_cat?post=4737"},{"taxonomy":"product_tag","embeddable":true,"href":"https:\/\/vetomshop.hu\/lv\/wp-json\/wp\/v2\/product_tag?post=4737"}],"curies":[{"name":"wp","href":"https:\/\/api.w.org\/{rel}","templated":true}]}}