{"id":4739,"date":"2023-11-11T14:34:00","date_gmt":"2023-11-11T13:34:00","guid":{"rendered":"https:\/\/vetomshop.hu\/termek\/trio-women-jelado\/"},"modified":"2023-11-11T14:34:00","modified_gmt":"2023-11-11T13:34:00","slug":"trio-women-jelado","status":"publish","type":"product","link":"https:\/\/vetomshop.hu\/lv\/products\/trio-women-jelado\/","title":{"rendered":"Tr\u012bs sievie\u0161u b\u0101ka"},"content":{"rendered":"<h4>\u012apa\u0161ais Trio-Women radiators<\/h4>\n<p>Sieviet\u0113m, Nr. 8.<\/p>\n<p>Ieteicams: lai optimiz\u0113tu cilv\u0113ka organisma funkcion\u0101l\u0101s rezerves un adapt\u0101cijas sp\u0113jas, kas radu\u0161\u0101s negat\u012bvas vides ietekmes, dz\u012bvesveida vai slim\u012bbas rezult\u0101t\u0101.<\/p>\n<p><strong>Ieteicams: <\/strong>meiten\u0113m, sieviet\u0113m.<\/p>\n<p><strong>Ietekme:<\/strong> visp\u0101r\u0113ja vesel\u012bbu veicino\u0161a iedarb\u012bba, \u0146emot v\u0113r\u0101 sievietes organisma \u012bpa\u0161\u012bbas (psihoemocion\u0101l\u0101 sf\u0113ra, neirohumor\u0101l\u0101 regul\u0101cija).<\/p>\n<p><strong>Darb\u012bbas meh\u0101nisms:<\/strong> Programma (neso\u0161\u0101 frekvence, zemas frekvences modul\u0101cija un amplit\u016bdas parametri) ir \u012bpa\u0161i izstr\u0101d\u0101ta, lai pal\u012bdz\u0113tu sievietes \u0137ermenim, ja to izmanto sist\u0113m\u0101.<\/p>\n<p>Staru terapijas pielieto\u0161ana \u0101rst\u0113\u0161anas kurs\u0101 normaliz\u0113 trofiskos un vielmai\u0146as procesus \u0161\u016bn\u0101s un audos, atjauno tos, visp\u0101r\u0113ji harmoniz\u0113jo\u0161i iedarbojas uz org\u0101niem, org\u0101nu sist\u0113m\u0101m un organismu kopum\u0101, k\u0101 ar\u012b palielina organisma nespecifisko pretest\u012bbu. Pozit\u012bvos rezult\u0101tus nodro\u0161ina biorezonanses atgriezenisk\u0101 saite no \u0161\u016bn\u0101m, atom\u0101r\u0101s fiziolo\u0123isk\u0101s sist\u0113mas un neirogumor\u0101l\u0101s regul\u0101cijas sist\u0113mas, no vienas puses, un adapt\u0101cijas meh\u0101nisma (visp\u0101r\u0113j\u0101 adapt\u0101cijas sindroma) aktiviz\u0113\u0161an\u0101s, no otras puses.<\/p>\n<div class=\"su-spoiler su-spoiler-style-defoult su-spoiler-icon-caret su-spoiler-closed\" data-scroll-offset=\"0\" data-anchor-in-url=\"no\"><div class=\"su-spoiler-title\" tabindex=\"0\" role=\"button\"><span class=\"su-spoiler-icon\"><\/span>Visi<\/div><div class=\"su-spoiler-content su-u-clearfix su-u-trim\">\n<p><strong>Ieteicams:<\/strong><\/p>\n<ol>\n<li>Samazin\u0101t\u0101m darba sp\u0113j\u0101m un garast\u0101vok\u013ca trauc\u0113jumiem, psihoemocion\u0101lai nestabilit\u0101tei, bezmiegam k\u0101 hroniska noguruma sek\u0101m.<\/li>\n<li>Sievie\u0161u dzimumorg\u0101nu trauc\u0113jumu un menopauzi pavado\u0161o nepat\u012bkamo simptomu \u0101rst\u0113\u0161anai un profilaksei, k\u0101 ar\u012b augl\u012bbas un seksu\u0101l\u0101s vesel\u012bbas stiprin\u0101\u0161anai.<\/li>\n<li>Bie\u017ei sastopams saaukst\u0113\u0161an\u0101s gad\u012bjumos.<\/li>\n<li>Specifiska gripas un saaukst\u0113\u0161an\u0101s profilakse.<\/li>\n<li>Im\u016bnsist\u0113mas pav\u0101jin\u0101\u0161an\u0101s atvese\u013co\u0161an\u0101s vai rehabilit\u0101cijas laik\u0101 p\u0113c slim\u012bbas.<\/li>\n<\/ol>\n<\/div><\/div>","protected":false},"excerpt":{"rendered":"<p>Speci\u00e1lis Trio-Women sug\u00e1rz\u00f3 N\u0151k sz\u00e1m\u00e1ra, 8.sz. Javasolt: a funkcion\u00e1lis tartal\u00e9kok \u00e9s az emberi szervezet adapt\u00e1ci\u00f3s lehet\u0151s\u00e9geinek optimiz\u00e1l\u00e1s\u00e1hoz, melyek a negat\u00edv k\u00f6rnyezeti hat\u00e1sok, \u00e9letm\u00f3d vagy betegs\u00e9g k\u00f6vetkezt\u00e9ben l\u00e9ptek fel. Aj\u00e1nlott: l\u00e1nyok, n\u0151k sz\u00e1m\u00e1ra. Hat\u00e1sa: a n\u0151i szervezet jellemz\u0151it figyelembe vev\u0151 (pszicho-emocion\u00e1lis szf\u00e9ra, neurohumor\u00e1lis szab\u00e1lyoz\u00e1s) \u00e1ltal\u00e1nos eg\u00e9szs\u00e9gmeger\u0151s\u00edt\u0151 hat\u00e1s. Hat\u00e1smechanizmus: A program (hordoz\u00f3 frekvencia, alacsony frekvenci\u00e1j\u00fa modul\u00e1ci\u00f3 \u00e9s [&hellip;]<\/p>\n","protected":false},"featured_media":4738,"comment_status":"open","ping_status":"closed","template":"","meta":[],"product_brand":[],"product_cat":[35,32],"product_tag":[],"class_list":{"0":"post-4739","1":"product","2":"type-product","3":"status-publish","4":"has-post-thumbnail","6":"product_cat-csatlakoztathato-jeladok","7":"product_cat-triomed","9":"first","10":"instock","11":"taxable","12":"shipping-taxable","13":"purchasable","14":"product-type-simple"},"_links":{"self":[{"href":"https:\/\/vetomshop.hu\/lv\/wp-json\/wp\/v2\/product\/4739","targetHints":{"allow":["GET"]}}],"collection":[{"href":"https:\/\/vetomshop.hu\/lv\/wp-json\/wp\/v2\/product"}],"about":[{"href":"https:\/\/vetomshop.hu\/lv\/wp-json\/wp\/v2\/types\/product"}],"replies":[{"embeddable":true,"href":"https:\/\/vetomshop.hu\/lv\/wp-json\/wp\/v2\/comments?post=4739"}],"wp:featuredmedia":[{"embeddable":true,"href":"https:\/\/vetomshop.hu\/lv\/wp-json\/wp\/v2\/media\/4738"}],"wp:attachment":[{"href":"https:\/\/vetomshop.hu\/lv\/wp-json\/wp\/v2\/media?parent=4739"}],"wp:term":[{"taxonomy":"product_brand","embeddable":true,"href":"https:\/\/vetomshop.hu\/lv\/wp-json\/wp\/v2\/product_brand?post=4739"},{"taxonomy":"product_cat","embeddable":true,"href":"https:\/\/vetomshop.hu\/lv\/wp-json\/wp\/v2\/product_cat?post=4739"},{"taxonomy":"product_tag","embeddable":true,"href":"https:\/\/vetomshop.hu\/lv\/wp-json\/wp\/v2\/product_tag?post=4739"}],"curies":[{"name":"wp","href":"https:\/\/api.w.org\/{rel}","templated":true}]}}