{"id":4741,"date":"2023-11-11T14:34:00","date_gmt":"2023-11-11T13:34:00","guid":{"rendered":"https:\/\/vetomshop.hu\/termek\/sigma-medal\/"},"modified":"2023-11-11T14:34:00","modified_gmt":"2023-11-11T13:34:00","slug":"sigma-medal","status":"publish","type":"product","link":"https:\/\/vetomshop.hu\/lv\/products\/sigma-medal\/","title":{"rendered":"Sigma meda\u013ca"},"content":{"rendered":"<p>A <strong>SIGMA Vesel\u012bbas meda\u013ca<\/strong> ir atjaunot matu folikulu norm\u0101los fiziolo\u0123iskos procesus, palielin\u0101t to iztur\u012bbu pret nelabv\u0113l\u012bgiem vides faktoriem un paaugstin\u0101tu stresu, pagarin\u0101t matu aug\u0161anas f\u0101zi un t\u0101d\u0113j\u0101di palielin\u0101t kop\u0113jo matu bl\u012bvumu.<\/p>\n<p><strong>Ietekme:<\/strong><\/p>\n<ul>\n<li>normaliz\u0113 asinsriti, im\u016bnsist\u0113mu un vielmai\u0146u matu folikulos, nov\u0113r\u0161ot atrofijas att\u012bst\u012bbu;<\/li>\n<li>mazina \u0101das un matu folikulu iekaisuma procesu smagumu;<\/li>\n<li>pal\u012bdz normaliz\u0113t vielmai\u0146as procesus \u0101d\u0101 un organism\u0101 kopum\u0101; nov\u0113r\u0161 alop\u0113cija areata (plankumains matu izkri\u0161ana) att\u012bst\u012bbu.<\/li>\n<\/ul>\n<p>SIGMA vesel\u012bbas piekari\u0146\u0161 pozit\u012bvi ietekm\u0113 organisma funkciju st\u0101vokli, to var izmantot k\u0101 l\u012bdzekli optimiz\u0101cijai un korekcijai kombin\u0101cij\u0101 ar cit\u0101m alop\u0113cija areata (nevienm\u0113r\u012bga matu izkri\u0161ana) \u0101rst\u0113\u0161anas metod\u0113m.<br \/>\nun citas profilakses metodes.<\/p>\n<div class=\"su-spoiler su-spoiler-style-defoult su-spoiler-icon-caret su-spoiler-closed\" data-scroll-offset=\"0\" data-anchor-in-url=\"no\"><div class=\"su-spoiler-title\" tabindex=\"0\" role=\"button\"><span class=\"su-spoiler-icon\"><\/span>Visi<\/div><div class=\"su-spoiler-content su-u-clearfix su-u-trim\">\n<p><strong>Plankumaina matu izkri\u0161anas veidi:<\/strong><\/p>\n<p>Pamatojoties uz matu izkri\u0161anas pak\u0101pi, nevienm\u0113r\u012bgo matu izkri\u0161anu iedala \u0161\u0101dos veidos:<\/p>\n<ul>\n<li>Alop\u0113cija areata unilocularis: mati izkr\u012bt tikai vien\u0101 plankum\u0101<\/li>\n<li>Alopecia areata multilocularis: vair\u0101ki r\u0113tas plankumi<\/li>\n<li>Alop\u0113cija areata subtotalis: mati izkr\u012bt gandr\u012bz vis\u0101 galvas \u0101d\u01013.<\/li>\n<li>Alopecia areata totalis: galvas \u0101d\u0101 izkr\u012bt visi mati Alopecia areata universalis: matu izkri\u0161ana skar galvas \u0101du un visu \u0137ermeni.<\/li>\n<li>Ofi\u0101zes tips: \u012bpa\u0161a alop\u0113cija areata forma, kam rakstur\u012bga matu izkri\u0161ana galvenok\u0101rt no galvas \u0101das \u0101r\u0113j\u0101s da\u013cas, parasti no galvas aizmugures, da\u017ereiz no galvas \u0101das.<br \/>\nno temp\u013ciem vai pieres.<\/li>\n<\/ul>\n<p>Papildus iepriek\u0161 min\u0113tajiem veidiem SIGMA Medallion var izmantot ar\u012b gad\u012bjumos, kad matu izkri\u0161anu izraisa \u0137\u012bmijterapija, staru terapija vai endokr\u012bn\u0101s sist\u0113mas darb\u012bbas trauc\u0113jumi.<\/p>\n<\/div><\/div>","protected":false},"excerpt":{"rendered":"<p>A SIGMA Eg\u00e9szs\u00e9g Med\u00e1l feladata a sz\u0151rt\u00fcsz\u0151k norm\u00e1l fiziol\u00f3giai folyamatainak helyre\u00e1ll\u00edt\u00e1sa, a kedvez\u0151tlen k\u00f6rnyezeti t\u00e9nyez\u0151kkel \u00e9s a megn\u00f6vekedett stresszterhel\u00e9ssel szembeni ellen\u00e1ll\u00f3 k\u00e9pess\u00e9g\u00fck n\u00f6vel\u00e9se, a hajn\u00f6veked\u00e9s szakasz\u00e1nak meghosszabb\u00edt\u00e1sa, ez\u00e1ltal a teljes hajs\u0171r\u0171s\u00e9g n\u00f6vel\u00e9se. Hat\u00e1sok: normaliz\u00e1lja a v\u00e9rkering\u00e9st, az immun\u00e1llapotot \u00e9s az anyagcser\u00e9t a sz\u0151rt\u00fcsz\u0151kben, megel\u0151zve az atr\u00f3fia kialakul\u00e1s\u00e1t; cs\u00f6kkenti a b\u0151r \u00e9s a sz\u0151rt\u00fcsz\u0151k gyullad\u00e1sos folyamatainak [&hellip;]<\/p>\n","protected":false},"featured_media":4740,"comment_status":"open","ping_status":"closed","template":"","meta":[],"product_brand":[],"product_cat":[33,32],"product_tag":[],"class_list":{"0":"post-4741","1":"product","2":"type-product","3":"status-publish","4":"has-post-thumbnail","6":"product_cat-egeszseg-medalok","7":"product_cat-triomed","9":"first","10":"instock","11":"taxable","12":"shipping-taxable","13":"purchasable","14":"product-type-simple"},"_links":{"self":[{"href":"https:\/\/vetomshop.hu\/lv\/wp-json\/wp\/v2\/product\/4741","targetHints":{"allow":["GET"]}}],"collection":[{"href":"https:\/\/vetomshop.hu\/lv\/wp-json\/wp\/v2\/product"}],"about":[{"href":"https:\/\/vetomshop.hu\/lv\/wp-json\/wp\/v2\/types\/product"}],"replies":[{"embeddable":true,"href":"https:\/\/vetomshop.hu\/lv\/wp-json\/wp\/v2\/comments?post=4741"}],"wp:featuredmedia":[{"embeddable":true,"href":"https:\/\/vetomshop.hu\/lv\/wp-json\/wp\/v2\/media\/4740"}],"wp:attachment":[{"href":"https:\/\/vetomshop.hu\/lv\/wp-json\/wp\/v2\/media?parent=4741"}],"wp:term":[{"taxonomy":"product_brand","embeddable":true,"href":"https:\/\/vetomshop.hu\/lv\/wp-json\/wp\/v2\/product_brand?post=4741"},{"taxonomy":"product_cat","embeddable":true,"href":"https:\/\/vetomshop.hu\/lv\/wp-json\/wp\/v2\/product_cat?post=4741"},{"taxonomy":"product_tag","embeddable":true,"href":"https:\/\/vetomshop.hu\/lv\/wp-json\/wp\/v2\/product_tag?post=4741"}],"curies":[{"name":"wp","href":"https:\/\/api.w.org\/{rel}","templated":true}]}}