{"id":4743,"date":"2023-11-11T14:34:00","date_gmt":"2023-11-11T13:34:00","guid":{"rendered":"https:\/\/vetomshop.hu\/termek\/siker-medal\/"},"modified":"2023-11-11T14:34:00","modified_gmt":"2023-11-11T13:34:00","slug":"siker-medal","status":"publish","type":"product","link":"https:\/\/vetomshop.hu\/lv\/products\/siker-medal\/","title":{"rendered":"Pan\u0101kumu meda\u013ca"},"content":{"rendered":"<h4>Pan\u0101kumu meda\u013ca b\u0113rniem<\/h4>\n<p><strong>M\u0113r\u0137is:<\/strong><\/p>\n<p>Kognit\u012bv\u0101s funkcijas (izzi\u0146as procesi) -<\/p>\n<ol>\n<li>uzman\u012bba, nov\u0113ro\u0161ana<\/li>\n<li>atkl\u0101\u0161ana-atkl\u0101\u0161ana<\/li>\n<li>atmi\u0146a<\/li>\n<li>dom\u0101\u0161anas funkcijas<\/li>\n<\/ol>\n<p>- k\u0101 papildu l\u012bdzeklis, kas pal\u012bdz aktiviz\u0113t, nov\u0113rst m\u0101c\u012bbu nogurumu un uzlabot emocion\u0101lo labsaj\u016btu.<\/p>\n<p>Tas pal\u012bdz atg\u016bties no iev\u0113rojamas inform\u0101cijas p\u0101rslodzes, nov\u0113r\u0161 hroniska noguruma un izs\u012bkuma sindromu.<\/p>\n<div class=\"su-spoiler su-spoiler-style-defoult su-spoiler-icon-caret su-spoiler-closed\" data-scroll-offset=\"0\" data-anchor-in-url=\"no\"><div class=\"su-spoiler-title\" tabindex=\"0\" role=\"button\"><span class=\"su-spoiler-icon\"><\/span>Visi<\/div><div class=\"su-spoiler-content su-u-clearfix su-u-trim\">\n<h4>\u012ass apraksts<\/h4>\n<p>Uz elektronisk\u0101 inform\u0101cijas nes\u0113ja - SIKER Vesel\u012bbas meda\u013cas - ierakst\u012bt\u0101 inform\u0101cija atbilst centr\u0101l\u0101s nervu sist\u0113mas \u0161\u016bnu un audu elektromagn\u0113tisko vibr\u0101ciju spektram un antihomotoksisko vielu vibr\u0101cij\u0101m (elektromagn\u0113tiskajam spektram), kas paaugstina skol\u0113nu un intelektu\u0101lo darbinieku gar\u012bg\u0101s darba sp\u0113jas, antistresa stabilit\u0101ti un uztur optim\u0101lu psihoemocion\u0101lo fonu. Studentu darb\u012bbu pavada augsta gar\u012bgo procesu intensit\u0101te laika spriedzes un liela inform\u0101cijas bl\u012bvuma apst\u0101k\u013cos, kam piem\u012bt stresa raksturs. Dom\u0101\u0161ana ietver akt\u012bvos izzi\u0146as aspektus: uzman\u012bbu, uztveri, asoci\u0101ciju procesus, j\u0113dzienu un v\u0113rt\u0113jumu veido\u0161anos, kas ir soci\u0101l\u0101s personas re\u0101l\u0101s darb\u012bbas sast\u0101vda\u013ca.<\/p>\n<p>Dom\u0101\u0161ana ir saist\u012bta ar smadze\u0146u darb\u012bbu, bet sp\u0113ja dom\u0101t abstrakti n\u0101k no praktisk\u0101s eksistences, valodas noteikumu, lo\u0123ikas, kult\u016bras apguves. Dom\u0101\u0161ana notiek da\u017e\u0101d\u0101s intelektu\u0101l\u0101s un praktisk\u0101s darb\u012bbas form\u0101s, kuru gait\u0101 cilv\u0113ku izzi\u0146as pieredze tiek visp\u0101rin\u0101ta un apkopota. Dom\u0101\u0161ana tiek uzskat\u012bta par cilv\u0113ka re\u0101l\u0101s eksistences avotu un pamatl\u012bdzekli.<\/p>\n<\/div><\/div>","protected":false},"excerpt":{"rendered":"<p>Siker Med\u00e1l gyerekeknek Rendeltet\u00e9se: A kognit\u00edv funkci\u00f3k (megismer\u0151 folyamatok) &#8211; figyelem, megfigyel\u0151k\u00e9pess\u00e9g \u00e9rz\u00e9kel\u00e9s-\u00e9szlel\u00e9s eml\u00e9kezet gondolkod\u00e1si funkci\u00f3k &#8211; aktiv\u00e1l\u00e1s\u00e1t seg\u00edt\u0151, a tanul\u00e1st k\u00eds\u00e9r\u0151 f\u00e1radts\u00e1g ellens\u00falyoz\u00e1s\u00e1t \u00e9s az emocion\u00e1lis k\u00f6z\u00e9rzet jav\u00edt\u00e1s\u00e1t szolg\u00e1l\u00f3 kieg\u00e9sz\u00edt\u0151 eszk\u00f6z. T\u00e1mogatja a jelent\u0151s inform\u00e1ci\u00f3s megterhel\u00e9s ut\u00e1ni helyre\u00e1ll\u00edt\u00e1st, a kr\u00f3nikus f\u00e1radts\u00e1g \u00e9s kimer\u00fclts\u00e9g szindr\u00f3ma megel\u0151z\u00e9s\u00e9t.<\/p>","protected":false},"featured_media":4742,"comment_status":"open","ping_status":"closed","template":"","meta":[],"product_brand":[],"product_cat":[33,32],"product_tag":[],"class_list":{"0":"post-4743","1":"product","2":"type-product","3":"status-publish","4":"has-post-thumbnail","6":"product_cat-egeszseg-medalok","7":"product_cat-triomed","9":"first","10":"instock","11":"taxable","12":"shipping-taxable","13":"purchasable","14":"product-type-simple"},"_links":{"self":[{"href":"https:\/\/vetomshop.hu\/lv\/wp-json\/wp\/v2\/product\/4743","targetHints":{"allow":["GET"]}}],"collection":[{"href":"https:\/\/vetomshop.hu\/lv\/wp-json\/wp\/v2\/product"}],"about":[{"href":"https:\/\/vetomshop.hu\/lv\/wp-json\/wp\/v2\/types\/product"}],"replies":[{"embeddable":true,"href":"https:\/\/vetomshop.hu\/lv\/wp-json\/wp\/v2\/comments?post=4743"}],"wp:featuredmedia":[{"embeddable":true,"href":"https:\/\/vetomshop.hu\/lv\/wp-json\/wp\/v2\/media\/4742"}],"wp:attachment":[{"href":"https:\/\/vetomshop.hu\/lv\/wp-json\/wp\/v2\/media?parent=4743"}],"wp:term":[{"taxonomy":"product_brand","embeddable":true,"href":"https:\/\/vetomshop.hu\/lv\/wp-json\/wp\/v2\/product_brand?post=4743"},{"taxonomy":"product_cat","embeddable":true,"href":"https:\/\/vetomshop.hu\/lv\/wp-json\/wp\/v2\/product_cat?post=4743"},{"taxonomy":"product_tag","embeddable":true,"href":"https:\/\/vetomshop.hu\/lv\/wp-json\/wp\/v2\/product_tag?post=4743"}],"curies":[{"name":"wp","href":"https:\/\/api.w.org\/{rel}","templated":true}]}}