{"id":4745,"date":"2023-11-11T14:34:01","date_gmt":"2023-11-11T13:34:01","guid":{"rendered":"https:\/\/vetomshop.hu\/termek\/solo-medal\/"},"modified":"2023-11-11T14:34:01","modified_gmt":"2023-11-11T13:34:01","slug":"solo-medal","status":"publish","type":"product","link":"https:\/\/vetomshop.hu\/lv\/products\/solo-medal\/","title":{"rendered":"Solo kulons"},"content":{"rendered":"<h4>SOLO vesel\u012bbas meda\u013ca<\/h4>\n<p><strong>Galven\u0101s funkcijas:<\/strong><\/p>\n<p>Solo meda\u013ca ir papildino\u0161s l\u012bdzeklis organisma aizsardz\u012bbas meh\u0101nismu atbalstam un im\u016bnsist\u0113mas aktiviz\u0113\u0161anai.<\/p>\n<p>Tas visvair\u0101k pal\u012bdz v\u012brusu un bakt\u0113riju infekciju gad\u012bjum\u0101.<\/p>\n<p><strong>Ietekme:<\/strong><\/p>\n<ul>\n<li>im\u016bnsist\u0113mas stiprin\u0101\u0161anai, lai mazin\u0101tu reakciju uz alerg\u0113niem,<\/li>\n<li>atbalsta atvese\u013co\u0161anos no v\u012brusu slim\u012bb\u0101m,<\/li>\n<li>atbalsts toksisko vielu aizv\u0101k\u0161anai,<\/li>\n<li>atbalsta antibakteri\u0101lu un pretv\u012brusu iedarb\u012bbu.<\/li>\n<\/ul>\n<p><strong>Kad to izmantot?<\/strong><\/p>\n<div class=\"su-spoiler su-spoiler-style-defoult su-spoiler-icon-caret su-spoiler-closed\" data-scroll-offset=\"0\" data-anchor-in-url=\"no\"><div class=\"su-spoiler-title\" tabindex=\"0\" role=\"button\"><span class=\"su-spoiler-icon\"><\/span>Visi<\/div><div class=\"su-spoiler-content su-u-clearfix su-u-trim\">\nSolo kulons pozit\u012bvi ietekm\u0113 organisma funkcion\u0101lo darb\u012bbu, un to var izmantot k\u0101 papildu kori\u0123\u0113jo\u0161u un optimiz\u0113jo\u0161u l\u012bdzekli \u0161\u0101du slim\u012bbu profilaksei un \u0101rst\u0113\u0161anai:<\/p>\n<ul>\n<li>aug\u0161\u0113jo bakt\u0113riju un v\u012brusu izrais\u012btu elpce\u013cu slim\u012bbu gad\u012bjum\u0101;<\/li>\n<li>iekaisuma slim\u012bbu, bakteri\u0101li aler\u0123iska rakstura, rin\u012bta, faring\u012bta, laring\u012bta, laring\u012bta, bronh\u012bta gad\u012bjumos;<\/li>\n<li>autoim\u016bno slim\u012bbu agr\u012bn\u0101s stadij\u0101s (bronhi\u0101l\u0101 astma, astmatisks bronh\u012bts, reimato\u012bdais artr\u012bts, pilo- un glumerulonefr\u012bts - nefr\u012bts, autoim\u016bna vairogdziedzera slim\u012bba, sirds v\u0101rstu\u013cu slim\u012bbas reimatisma d\u0113\u013c, endot\u0113lija asinsvadu slim\u012bbas, streptokoku un stafilokoku dermat\u012bts).<\/li>\n<\/ul>\n<p>Svar\u012bgs br\u012bdin\u0101jums: ja rodas aug\u0161\u0113jo un apak\u0161\u0113jo elpce\u013cu slim\u012bbu simptomi, v\u0113rsieties p\u0113c medic\u012bniskas pal\u012bdz\u012bbas. Lietojiet Solo Medal k\u0101 papildu l\u012bdzekli \u0101rst\u0113\u0161anas metod\u0113m, ko ieteicis \u0101rsts, lai atbalst\u012btu atvese\u013co\u0161anos.<\/p>\n<\/div><\/div>","protected":false},"excerpt":{"rendered":"<p>SOLO Eg\u00e9szs\u00e9g Med\u00e1l F\u0151 funkci\u00f3i: A Solo Med\u00e1l kieg\u00e9sz\u00edt\u0151 eszk\u00f6z, mely a szervezet v\u00e9dekez\u0151 mechanizmusait \u00e9s az immunrendszer aktiv\u00e1l\u00e1s\u00e1t t\u00e1mogatja. V\u00edrusos \u00e9s bakteri\u00e1lis fert\u0151z\u00e9sek eset\u00e9n ny\u00fajtja a legnagyobb seg\u00edts\u00e9get. Hat\u00e1sa: immunrendszer er\u0151s\u00edt\u00e9s\u00e9nek t\u00e1mogat\u00e1sa, az allerg\u00e9nekre val\u00f3 cs\u00f6kkent reakci\u00f3 el\u00e9r\u00e9s\u00e9nek t\u00e1mogat\u00e1sa, a v\u00edrusos megbeteged\u00e9sek gy\u00f3gyul\u00e1s\u00e1nak t\u00e1mogat\u00e1sa, a toxikus anyagok kivezet\u00e9s\u00e9nek t\u00e1mogat\u00e1sa, antibakteri\u00e1lis \u00e9s v\u00edrus\u00f6l\u0151 hat\u00e1s t\u00e1mogat\u00e1sa. [&hellip;]<\/p>\n","protected":false},"featured_media":4744,"comment_status":"open","ping_status":"closed","template":"","meta":[],"product_brand":[],"product_cat":[33,32],"product_tag":[],"class_list":{"0":"post-4745","1":"product","2":"type-product","3":"status-publish","4":"has-post-thumbnail","6":"product_cat-egeszseg-medalok","7":"product_cat-triomed","9":"first","10":"instock","11":"taxable","12":"shipping-taxable","13":"purchasable","14":"product-type-simple"},"_links":{"self":[{"href":"https:\/\/vetomshop.hu\/lv\/wp-json\/wp\/v2\/product\/4745","targetHints":{"allow":["GET"]}}],"collection":[{"href":"https:\/\/vetomshop.hu\/lv\/wp-json\/wp\/v2\/product"}],"about":[{"href":"https:\/\/vetomshop.hu\/lv\/wp-json\/wp\/v2\/types\/product"}],"replies":[{"embeddable":true,"href":"https:\/\/vetomshop.hu\/lv\/wp-json\/wp\/v2\/comments?post=4745"}],"wp:featuredmedia":[{"embeddable":true,"href":"https:\/\/vetomshop.hu\/lv\/wp-json\/wp\/v2\/media\/4744"}],"wp:attachment":[{"href":"https:\/\/vetomshop.hu\/lv\/wp-json\/wp\/v2\/media?parent=4745"}],"wp:term":[{"taxonomy":"product_brand","embeddable":true,"href":"https:\/\/vetomshop.hu\/lv\/wp-json\/wp\/v2\/product_brand?post=4745"},{"taxonomy":"product_cat","embeddable":true,"href":"https:\/\/vetomshop.hu\/lv\/wp-json\/wp\/v2\/product_cat?post=4745"},{"taxonomy":"product_tag","embeddable":true,"href":"https:\/\/vetomshop.hu\/lv\/wp-json\/wp\/v2\/product_tag?post=4745"}],"curies":[{"name":"wp","href":"https:\/\/api.w.org\/{rel}","templated":true}]}}