{"id":4751,"date":"2023-11-11T14:34:02","date_gmt":"2023-11-11T13:34:02","guid":{"rendered":"https:\/\/vetomshop.hu\/termek\/vita-medal\/"},"modified":"2023-11-11T14:34:02","modified_gmt":"2023-11-11T13:34:02","slug":"vita-medal","status":"publish","type":"product","link":"https:\/\/vetomshop.hu\/lv\/products\/vita-medal\/","title":{"rendered":"Deba\u0161u meda\u013ca"},"content":{"rendered":"<h4>Deba\u0161u meda\u013ca<\/h4>\n<p><strong>Galven\u0101 funkcija:\u00a0<\/strong>Tas ir papildu l\u012bdzeklis gremo\u0161anas slim\u012bbu profilaksei un papildu \u0101rst\u0113\u0161anai, k\u0101 ar\u012b re\u0123ener\u0101cijas procesu aktiviz\u0113\u0161anai p\u0113c slim\u012bb\u0101m.<\/p>\n<p><strong>\u012ass apraksts<\/strong><\/p>\n<p>Uz Vita vesel\u012bbas meda\u013cas ierakst\u012btais spektr\u0101lais modelis atbilst gremo\u0161anas trakta org\u0101nu, audu un org\u0101nu vibr\u0101cij\u0101m. Tas atbilst<br \/>\nantihomotoksisko z\u0101\u013cu vibr\u0101cijas, kur\u0101m ir im\u016bnmodul\u0113jo\u0161a, pretiekaisuma, desensibiliz\u0113jo\u0161a (ats\u0101pino\u0161a) iedarb\u012bba.<\/p>\n<p>Gremo\u0161anas sist\u0113ma ir fizik\u0101lo, \u0137\u012bmisko un fiziolo\u0123isko procesu kopums, ar kuru pal\u012bdz\u012bbu uz\u0146emt\u0101 p\u0101rtika tiek p\u0101rv\u0113rsta vienk\u0101r\u0161\u0101s \u0137\u012bmisk\u0101s sait\u0113s un asimil\u0113ta \u0161\u016bn\u0101s.<\/p>\n<div class=\"su-spoiler su-spoiler-style-defoult su-spoiler-icon-caret su-spoiler-closed\" data-scroll-offset=\"0\" data-anchor-in-url=\"no\"><div class=\"su-spoiler-title\" tabindex=\"0\" role=\"button\"><span class=\"su-spoiler-icon\"><\/span>Visi<\/div><div class=\"su-spoiler-content su-u-clearfix su-u-trim\">\n\u0160ie procesi norit noteikt\u0101 sec\u012bb\u0101 gremo\u0161anas trakt\u0101 (mutes dobum\u0101, r\u012bkl\u0113, bar\u012bbas vad\u0101, ku\u0146\u0123\u012b, tievaj\u0101s un resnaj\u0101s zarn\u0101s, akn\u0101s, \u017eult\u012b un aizku\u0146\u0123a dziedzer\u012b). Procesu veic da\u017e\u0101du l\u012bme\u0146u regul\u0113jo\u0161ie meh\u0101nismi. Sec\u012bgais process, kur\u0101 p\u0101rtika tiek sadal\u012bta l\u012bdz monom\u0113riem, kurus var absorb\u0113t, ir gremo\u0161anas sist\u0113mas darb\u012bbas b\u016bt\u012bba.<br \/>\n<\/div><\/div>","protected":false},"excerpt":{"rendered":"<p>Vita Med\u00e1l F\u0151 funkci\u00f3ja:\u00a0Kieg\u00e9sz\u00edt\u0151 eszk\u00f6z a az em\u00e9szt\u0151rendszeri betegs\u00e9gek megel\u0151z\u00e9s\u00e9re \u00e9s kieg\u00e9sz\u00edt\u0151 kezel\u00e9s\u00e9re, a betegs\u00e9gek ut\u00e1ni regener\u00e1ci\u00f3s folyamatok aktiv\u00e1l\u00e1s\u00e1ra. R\u00f6vid ismertet\u0151 A spektr\u00e1lis minta, mely a Vita Eg\u00e9szs\u00e9g Med\u00e1lon van r\u00f6gz\u00edtve, megfelel az em\u00e9szt\u0151rendszer szervei, sz\u00f6vetei \u00e9s szervei rezg\u00e9s\u00e9nek. Megfelel azoknak az antihomotoxikus k\u00e9sz\u00edtm\u00e9nyek rezg\u00e9s\u00e9nek, melyek immunmodul\u00e1l\u00f3, gyullad\u00e1scs\u00f6kkent\u0151, deszenzibiliz\u00e1l\u00f3 (\u00e9rz\u00e9kenys\u00e9get cs\u00f6kkent\u0151) hat\u00e1ssal b\u00edrnak. Az em\u00e9szt\u0151rendszer [&hellip;]<\/p>\n","protected":false},"featured_media":4750,"comment_status":"open","ping_status":"closed","template":"","meta":[],"product_brand":[],"product_cat":[33,32],"product_tag":[],"class_list":{"0":"post-4751","1":"product","2":"type-product","3":"status-publish","4":"has-post-thumbnail","6":"product_cat-egeszseg-medalok","7":"product_cat-triomed","9":"first","10":"instock","11":"taxable","12":"shipping-taxable","13":"purchasable","14":"product-type-simple"},"_links":{"self":[{"href":"https:\/\/vetomshop.hu\/lv\/wp-json\/wp\/v2\/product\/4751","targetHints":{"allow":["GET"]}}],"collection":[{"href":"https:\/\/vetomshop.hu\/lv\/wp-json\/wp\/v2\/product"}],"about":[{"href":"https:\/\/vetomshop.hu\/lv\/wp-json\/wp\/v2\/types\/product"}],"replies":[{"embeddable":true,"href":"https:\/\/vetomshop.hu\/lv\/wp-json\/wp\/v2\/comments?post=4751"}],"wp:featuredmedia":[{"embeddable":true,"href":"https:\/\/vetomshop.hu\/lv\/wp-json\/wp\/v2\/media\/4750"}],"wp:attachment":[{"href":"https:\/\/vetomshop.hu\/lv\/wp-json\/wp\/v2\/media?parent=4751"}],"wp:term":[{"taxonomy":"product_brand","embeddable":true,"href":"https:\/\/vetomshop.hu\/lv\/wp-json\/wp\/v2\/product_brand?post=4751"},{"taxonomy":"product_cat","embeddable":true,"href":"https:\/\/vetomshop.hu\/lv\/wp-json\/wp\/v2\/product_cat?post=4751"},{"taxonomy":"product_tag","embeddable":true,"href":"https:\/\/vetomshop.hu\/lv\/wp-json\/wp\/v2\/product_tag?post=4751"}],"curies":[{"name":"wp","href":"https:\/\/api.w.org\/{rel}","templated":true}]}}