{"id":4753,"date":"2023-11-11T14:34:02","date_gmt":"2023-11-11T13:34:02","guid":{"rendered":"https:\/\/vetomshop.hu\/termek\/zold-dio-medal\/"},"modified":"2023-11-11T14:34:02","modified_gmt":"2023-11-11T13:34:02","slug":"zold-dio-medal","status":"publish","type":"product","link":"https:\/\/vetomshop.hu\/lv\/products\/zold-dio-medal\/","title":{"rendered":"Za\u013c\u0101 riekstu meda\u013ca"},"content":{"rendered":"<h4>Nuces Virides - Za\u013c\u0101 riekstu meda\u013ca<\/h4>\n<p>Tradicion\u0101lais \u0101rstniec\u012bbas augu pielietojums: toniz\u0113jo\u0161s, stimul\u0113jo\u0161s, gremo\u0161anas un detoksik\u0113jo\u0161s l\u012bdzeklis. T\u0101p\u0113c to iesaka stenokardijas, limfas slim\u012bbu, plau\u0161u un kaulu tuberkulozes gad\u012bjumos. T\u0101s iedarb\u012bba uz gremo\u0161anas sist\u0113mu un musku\u013ciem ir labi nov\u0113rota. T\u0101 ir asins att\u012br\u012bt\u0101js, stimul\u0113 aknu darb\u012bbu un asinsriti. Tautas medic\u012bn\u0101 jau sen ir zin\u0101ma t\u0101s antibiotisk\u0101 iedarb\u012bba.<\/p>\n<p>Laukos to lietoja ar\u012b Sib\u012brijas lopu Sib\u012brijas m\u0113ra \u0101rst\u0113\u0161anai. T\u0101 ir efekt\u012bva diab\u0113ta gad\u012bjum\u0101, jo regul\u0113 vielmai\u0146u, pazemina cukura l\u012bmeni asin\u012bs, mazina sl\u0101pes, samazina urin\u0113\u0161anu un nov\u0113r\u0161 komplik\u0101cijas. Lapas<br \/>\ntiem piem\u012bt savelko\u0161as \u012bpa\u0161\u012bbas, t\u0101p\u0113c tos lieto vieglas caurejas un gastr\u012bta, k\u0101 ar\u012b gremo\u0161anas trauc\u0113jumu gad\u012bjum\u0101. T\u0101s ir ar\u012b efekt\u012bvas asi\u0146o\u0161anas aptur\u0113\u0161anai un uzlabo asinsriti k\u0101j\u0101s.<\/p>\n<div class=\"su-spoiler su-spoiler-style-defoult su-spoiler-icon-caret su-spoiler-closed\" data-scroll-offset=\"0\" data-anchor-in-url=\"no\"><div class=\"su-spoiler-title\" tabindex=\"0\" role=\"button\"><span class=\"su-spoiler-icon\"><\/span>Visi<\/div><div class=\"su-spoiler-content su-u-clearfix su-u-trim\">\nTie, kas to lietoju\u0161i, ir zi\u0146oju\u0161i par lieliskiem rezult\u0101tiem ku\u0146\u0123a un deguna polipu \u0101rst\u0113\u0161an\u0101.<\/p>\n<p>Tautas medic\u012bn\u0101 jau kop\u0161 seniem laikiem to izmantoja \u013caundab\u012bgu un labdab\u012bgu audz\u0113ju apkaro\u0161anai.<br \/>\n<\/div><\/div>","protected":false},"excerpt":{"rendered":"<p>Nuces Virides \u2013 Z\u00f6ld Di\u00f3 Med\u00e1l Gy\u00f3gyn\u00f6v\u00e9nyk\u00e9nt val\u00f3 hagyom\u00e1nyos felhaszn\u00e1l\u00e1sa: toniz\u00e1l\u00f3, stimul\u00e1l\u00f3, em\u00e9szt\u00e9st el\u0151seg\u00edt\u0151 \u00e9s salaktalan\u00edt\u00f3. Ez\u00e9rt aj\u00e1nlj\u00e1k angolk\u00f3rra, nyirokrendszeri betegs\u00e9gekre, t\u00fcd\u0151-\u00e9s csont tbc-re. J\u00f3l megfigyelhet\u0151 hat\u00e1sa van az em\u00e9szt\u0151rendszerre \u00e9s az izomzatra. V\u00e9rtiszt\u00edt\u00f3, serkenti a m\u00e1j tev\u00e9kenys\u00e9g\u00e9t \u00e9s a v\u00e9rkering\u00e9st. Antibiotikus hat\u00e1sa r\u00e9g\u00f3ta ismert a n\u00e9pgy\u00f3gy\u00e1szatban. Vid\u00e9ken a l\u00e9pfen\u00e9t is k\u00far\u00e1lt\u00e1k vele. Cukorbetegs\u00e9gre az\u00e9rt [&hellip;]<\/p>\n","protected":false},"featured_media":4752,"comment_status":"open","ping_status":"closed","template":"","meta":[],"product_brand":[],"product_cat":[33,32],"product_tag":[],"class_list":{"0":"post-4753","1":"product","2":"type-product","3":"status-publish","4":"has-post-thumbnail","6":"product_cat-egeszseg-medalok","7":"product_cat-triomed","9":"first","10":"instock","11":"taxable","12":"shipping-taxable","13":"purchasable","14":"product-type-simple"},"_links":{"self":[{"href":"https:\/\/vetomshop.hu\/lv\/wp-json\/wp\/v2\/product\/4753","targetHints":{"allow":["GET"]}}],"collection":[{"href":"https:\/\/vetomshop.hu\/lv\/wp-json\/wp\/v2\/product"}],"about":[{"href":"https:\/\/vetomshop.hu\/lv\/wp-json\/wp\/v2\/types\/product"}],"replies":[{"embeddable":true,"href":"https:\/\/vetomshop.hu\/lv\/wp-json\/wp\/v2\/comments?post=4753"}],"wp:featuredmedia":[{"embeddable":true,"href":"https:\/\/vetomshop.hu\/lv\/wp-json\/wp\/v2\/media\/4752"}],"wp:attachment":[{"href":"https:\/\/vetomshop.hu\/lv\/wp-json\/wp\/v2\/media?parent=4753"}],"wp:term":[{"taxonomy":"product_brand","embeddable":true,"href":"https:\/\/vetomshop.hu\/lv\/wp-json\/wp\/v2\/product_brand?post=4753"},{"taxonomy":"product_cat","embeddable":true,"href":"https:\/\/vetomshop.hu\/lv\/wp-json\/wp\/v2\/product_cat?post=4753"},{"taxonomy":"product_tag","embeddable":true,"href":"https:\/\/vetomshop.hu\/lv\/wp-json\/wp\/v2\/product_tag?post=4753"}],"curies":[{"name":"wp","href":"https:\/\/api.w.org\/{rel}","templated":true}]}}