{"id":4755,"date":"2023-11-11T14:34:03","date_gmt":"2023-11-11T13:34:03","guid":{"rendered":"https:\/\/vetomshop.hu\/termek\/menedzser-kartya\/"},"modified":"2023-11-11T14:34:03","modified_gmt":"2023-11-11T13:34:03","slug":"menedzser-kartya","status":"publish","type":"product","link":"https:\/\/vetomshop.hu\/lv\/products\/menedzser-kartya\/","title":{"rendered":"Vad\u012bt\u0101ja karte"},"content":{"rendered":"<h4>K\u0101dam nol\u016bkam ir MENEDZSER CARD?<\/h4>\n<p><strong>MENED\u017dERA KARTE<\/strong> - ier\u012bce hroniska noguruma un p\u0101rslodzes sindroma profilaksei un \u0101rst\u0113\u0161anai, lai palielin\u0101tu darba sp\u0113jas, aktiviz\u0113tu re\u0123ener\u0101cijas procesus p\u0113c stresa izrais\u012bt\u0101m darba slodz\u0113m un palielin\u0101tu imunit\u0101ti.<\/p>\n<p>MENEDZSER CARD darb\u012bba atbalsta kognit\u012bvos procesus. T\u0101 ir v\u0113rsta uz atmi\u0146as procesu aktiviz\u0113\u0161anu, \u013caujot nekav\u0113joties iegaum\u0113t nepiecie\u0161amo inform\u0101ciju, palielinot dom\u0101\u0161anas \u0101trumu, atjaunojot norm\u0101lu fiziolo\u0123isko procesu norisi centr\u0101l\u0101s nervu sist\u0113mas \u0161\u016bn\u0101s un audos, palielinot to stabilit\u0101ti pret \u0101r\u0113j\u0101s pasaules kait\u012bgo ietekmi.<\/p>\n<p><strong>Ietekme:<\/strong><\/p>\n<ul>\n<li>veicina asinsriti un vielmai\u0146as procesus centr\u0101laj\u0101 nervu sist\u0113m\u0101 un pal\u012bdz atjaunot centr\u0101l\u0101s nervu sist\u0113mas funkcijas;<\/li>\n<li>pal\u012bdz uzlabot atmi\u0146u, \u013caujot jums uz\u0146emt vair\u0101k inform\u0101cijas;<\/li>\n<li>atbalsta koncentr\u0113\u0161anos,<\/li>\n<li>mazina nogurumu aktivit\u0101tes laik\u0101;<\/li>\n<li>samazina neiroemocion\u0101lo spriedzi datora lieto\u0161anas laik\u0101;<\/li>\n<li>harmoniz\u0113 emocion\u0101li-psihisko attieksmi;<\/li>\n<li>uzlabo intu\u012bciju,<\/li>\n<li>pal\u012bdz nov\u0113rst hronisku stresu un nogurumu.<\/li>\n<\/ul>\n<div class=\"su-spoiler su-spoiler-style-defoult su-spoiler-icon-caret su-spoiler-closed\" data-scroll-offset=\"0\" data-anchor-in-url=\"no\"><div class=\"su-spoiler-title\" tabindex=\"0\" role=\"button\"><span class=\"su-spoiler-icon\"><\/span>Visi<\/div><div class=\"su-spoiler-content su-u-clearfix su-u-trim\">\n<strong>Ar:<\/strong><\/p>\n<ul>\n<li>koncentr\u0113sies uz galvenaj\u0101m liet\u0101m,<\/li>\n<li>veicina pozit\u012bvu attieksmi pret dz\u012bvi un ap\u0146\u0113m\u012bbas att\u012bst\u012bbu,<\/li>\n<li>pal\u012bdz jums koncentr\u0113ties uz pan\u0101kumiem un m\u0113r\u0137i,<\/li>\n<li>veicina sasniegumu saj\u016btu, pa\u0161apzi\u0146u un tic\u012bbu m\u0113r\u0137a sasnieg\u0161anai!<\/li>\n<\/ul>\n<\/div><\/div>","protected":false},"excerpt":{"rendered":"<p>Mire szolg\u00e1l a MENEDZSER K\u00c1RTYA? MENEDZSER K\u00c1RTYA \u2013 a kr\u00f3nikus f\u00e1rad\u00e9konys\u00e1g \u00e9s a t\u00falhajszolts\u00e1g szindr\u00f3m\u00e1ja megel\u0151z\u00e9s\u00e9re \u00e9s kezel\u00e9s\u00e9re, a munkab\u00edr\u00e1s n\u00f6vel\u00e9s\u00e9re, az \u00e1tv\u00e9szelt stressz-megterhel\u00e9seket k\u00f6vet\u0151 regener\u00e1ci\u00f3s folyamatok aktiviz\u00e1l\u00e1s\u00e1ra, az immunit\u00e1s n\u00f6vel\u00e9s\u00e9re szolg\u00e1l\u00f3 k\u00e9sz\u00fcl\u00e9k. A MENEDZSER K\u00c1RTYA m\u0171k\u00f6d\u00e9se a kognit\u00edv folyamatok m\u0171k\u00f6d\u00e9s\u00e9t t\u00e1mogatja. Az eml\u00e9kez\u00e9s folyamatainak aktiviz\u00e1l\u00e1s\u00e1ra, a sz\u00fcks\u00e9ges inform\u00e1ci\u00f3 azonnali memoriz\u00e1l\u00e1s\u00e1nak lehet\u0151s\u00e9g\u00e9re, a gondolkod\u00e1s sebess\u00e9g\u00e9nek [&hellip;]<\/p>\n","protected":false},"featured_media":4754,"comment_status":"open","ping_status":"closed","template":"","meta":[],"product_brand":[],"product_cat":[33,32],"product_tag":[],"class_list":{"0":"post-4755","1":"product","2":"type-product","3":"status-publish","4":"has-post-thumbnail","6":"product_cat-egeszseg-medalok","7":"product_cat-triomed","9":"first","10":"instock","11":"taxable","12":"shipping-taxable","13":"purchasable","14":"product-type-simple"},"_links":{"self":[{"href":"https:\/\/vetomshop.hu\/lv\/wp-json\/wp\/v2\/product\/4755","targetHints":{"allow":["GET"]}}],"collection":[{"href":"https:\/\/vetomshop.hu\/lv\/wp-json\/wp\/v2\/product"}],"about":[{"href":"https:\/\/vetomshop.hu\/lv\/wp-json\/wp\/v2\/types\/product"}],"replies":[{"embeddable":true,"href":"https:\/\/vetomshop.hu\/lv\/wp-json\/wp\/v2\/comments?post=4755"}],"wp:featuredmedia":[{"embeddable":true,"href":"https:\/\/vetomshop.hu\/lv\/wp-json\/wp\/v2\/media\/4754"}],"wp:attachment":[{"href":"https:\/\/vetomshop.hu\/lv\/wp-json\/wp\/v2\/media?parent=4755"}],"wp:term":[{"taxonomy":"product_brand","embeddable":true,"href":"https:\/\/vetomshop.hu\/lv\/wp-json\/wp\/v2\/product_brand?post=4755"},{"taxonomy":"product_cat","embeddable":true,"href":"https:\/\/vetomshop.hu\/lv\/wp-json\/wp\/v2\/product_cat?post=4755"},{"taxonomy":"product_tag","embeddable":true,"href":"https:\/\/vetomshop.hu\/lv\/wp-json\/wp\/v2\/product_tag?post=4755"}],"curies":[{"name":"wp","href":"https:\/\/api.w.org\/{rel}","templated":true}]}}