{"id":5820,"date":"2024-06-01T18:26:31","date_gmt":"2024-06-01T16:26:31","guid":{"rendered":"https:\/\/vetomshop.hu\/?post_type=product&#038;p=5820"},"modified":"2026-04-12T08:27:56","modified_gmt":"2026-04-12T06:27:56","slug":"vetom-1-1-probiotikum-por-500-g-etrend-kiegeszito","status":"publish","type":"product","link":"https:\/\/vetomshop.hu\/lv\/products\/vetom-1-1-probiotikum-por-500-g-etrend-kiegeszito\/","title":{"rendered":"Vetom <span style=\"color:red\">1.1<\/span> probiotikas <br>por <span style=\"color:red\">500 g<\/span> (uztura bag\u0101tin\u0101t\u0101js)"},"content":{"rendered":"<p>Labv\u0113l\u012bg\u0101 ietekme <strong>Bacillus subtilis<\/strong> labv\u0113l\u012bg\u0101s bakt\u0113rijas, kas vairojas galvenok\u0101rt resnaj\u0101 zarn\u0101 un ra\u017eo: proteol\u012btiskos, amilol\u012btiskos, celulol\u012btiskos fermentus; cilv\u0113ka leikoc\u012btu a-2 interferonu; bacitrac\u012bnu mg, kas kav\u0113 patog\u0113n\u0101s un potenci\u0101li patog\u0113n\u0101s mikrofloras aug\u0161anu un att\u012bst\u012bbu; un citas biolo\u0123iski akt\u012bvas vielas.<\/p>\n<p>T\u0101 rezult\u0101t\u0101 zarnu satura bakt\u0113riju sast\u0101vs tiek p\u0101rveidots atbilsto\u0161i att\u012bst\u012bbas normai, zarnu sieni\u0146as tiek att\u012br\u012btas no nesagremot\u0101m atliek\u0101m, kas veicina akt\u012bvu toks\u012bnu izvad\u012b\u0161anu no organisma, netrauc\u0113tu biolo\u0123iski akt\u012bvo uzturvielu transport\u0113\u0161anu.<\/p>\n<p>Vetom 1.1 iedarb\u012bba normaliz\u0113 biolo\u0123iski akt\u012bvo p\u0101rtikas sast\u0101vda\u013cu vielmai\u0146u, gremo\u0161anu un uzs\u016bk\u0161anos ku\u0146\u0123a-zarnu trakt\u0101.<\/p>\n<p>B\u0113rniem pat\u012bkams produkts, kas ir gar\u0161\u012bgi salds un ko var \u0113st pat iek\u0161\u0137\u012bgi.<\/p>\n<p>Vetom 1.1 palielina z\u0101\u013cu efektivit\u0101ti un samazina to negat\u012bvo blakusiedarb\u012bbu uz cilv\u0113ka organismu.<\/p>\n<p>T\u0101s nav z\u0101les.<\/p>\n<p><strong>Farmakolo\u0123isk\u0101 iedarb\u012bba<\/strong>: imunomodul\u0113jo\u0161s, pretv\u012brusu, antiproliferat\u012bvs, bakteric\u012bds, fungic\u012bds, pret hlam\u012bdij\u0101m.<\/p>\n<h5>Funkcijas:<\/h5>\n<ul>\n<li>Tam piem\u012bt augsta antagonistisk\u0101 aktivit\u0101te pret patog\u0113n\u0101m un nosac\u012bti patog\u0113n\u0101m s\u0113n\u012bt\u0113m un bakt\u0113rij\u0101m, pretv\u012brusu, proteol\u012btiskas, aminol\u012btiskas un celulol\u012btiskas \u012bpa\u0161\u012bbas.<\/li>\n<li>stimul\u0113 \u0161\u016bnu un humor\u0101los imunit\u0101tes faktorus.<\/li>\n<li>palielina organisma nespecifisko pretest\u012bbu<\/li>\n<li>stabiliz\u0113 aler\u0123isko rezistenci<\/li>\n<li>normaliz\u0113 vielmai\u0146u<\/li>\n<\/ul>\n<p>- NAV BLAKUSPAR\u0100D\u012aBU<br \/>\n- BEZ VECUMA IEROBE\u017dOJUMA<br \/>\n- NAV P\u0100RDOTS<br \/>\n- NAV ATKAR\u012aBU IZRAISO\u0160A<\/p>\n<h5>Izmanto\u0161anas apgabals<\/h5>\n<p>Probiotisko mikroorganismu k\u0101 biolo\u0123iski akt\u012bvas p\u0101rtikas piedevas lieto\u0161ana ir ieteicama ku\u0146\u0123a un zarnu trakta atjauno\u0161anai un zarnu mikrofloras atjauno\u0161anai.<\/p>\n<p><em><strong>Devas:<\/strong><\/em> Ieteicams lietot 10 dienas, 3-5 t\u0113jkarotes pulvera dien\u0101 pirms, \u0113\u0161anas laik\u0101 vai p\u0113c \u0113\u0161anas, atsevi\u0161\u0137i (var dzert ar\u012b ar \u016bdeni vai sulu). .<\/p>\n<p>Vetom 1.1 nav atkar\u012bbu izraiso\u0161a.<\/p>\n<p>P\u0113c 1-2 ned\u0113\u013cu p\u0101rtraukuma ieteicams atk\u0101rtot \u0101rst\u0113\u0161anu, k\u0101 ar\u012b ieteicams ik pa laikam p\u0101riet uz citu numur\u0113tu Vetom produktu.<\/p>\n<h5>Kontrindik\u0101cijas<\/h5>\n<p>Paaugstin\u0101ta jut\u012bba pret noteikt\u0101m produkta sast\u0101vda\u013c\u0101m.<\/p>\n<p>Nelietojiet Vetom 1.1 vienlaikus ar antibiotik\u0101m un citiem probioti\u0137iem.<\/p>\n<h5>\u012apa\u0161i nor\u0101d\u012bjumi<\/h5>\n<p>Gr\u016btniec\u012bbas un z\u012bd\u012b\u0161anas laik\u0101 lietot tikai p\u0113c \u0101rsta konsult\u0101cijas.<\/p>\n<p>Prepar\u0101ts neietekm\u0113 sp\u0113ju vad\u012bt transportl\u012bdzekli vai apkalpot potenci\u0101li b\u012bstamus meh\u0101nismus.<\/p>\n<h5>Doz\u0113\u0161ana<\/h5>\n<p><strong>Pulvera veid\u0101, iepakots polim\u0113ra burk\u0101s<\/strong><\/p>\n<h5><strong>Sast\u0101vda\u013cas:<\/strong><\/h5>\n<p>Vetom 1.1. ir biolo\u0123iski akt\u012bva piedeva, ko izmanto k\u0101 papildu probiotisko mikroorganismu avotu.1 uztura bag\u0101tin\u0101t\u0101ja porcija - 5 g, kas ,<\/p>\n<p>Sast\u0101vs: kukur\u016bzas ekstrakts - 2000 mg; kartupe\u013cu ciete - 1500 mg; pulverveida cukurs - 1000 mg; saus\u0101 probiotisko mikroorganismu Bacillus subtilis B-10641 (DSM 24613) celma kult\u016bra 1\u00d7108 CFU\/g - 500 mg. Vetom 1.1 lieto iek\u0161\u0137\u012bgi.<\/p>\n<p>Sast\u0101vs 100 g produkta (vid\u0113j\u0101s v\u0113rt\u012bbas): tauki - ne vair\u0101k k\u0101 0,1 g, olbaltumvielas - ne vair\u0101k k\u0101 1,0 g, og\u013chidr\u0101ti - ne maz\u0101k k\u0101 98,9 g. Ener\u0123\u0113tisk\u0101 v\u0113rt\u012bba - ne vair\u0101k k\u0101 400 Kcal.<\/p>\n<h5>Uzglab\u0101\u0161anas apst\u0101k\u013ci<\/h5>\n<p>Var uzglab\u0101t 75 % relat\u012bv\u0101 mitruma temperat\u016br\u0101 zem 30\u00b0C.<\/p>\n<h5>Der\u012bguma termi\u0146\u0161<\/h5>\n<p>2 gadi no izgatavo\u0161anas datuma. Nelietot p\u0113c der\u012bguma termi\u0146a beig\u0101m.<\/p>\n<p>Neto svars - 500 g<\/p>\n<p>Bruto svars - 547 g<\/p>","protected":false},"excerpt":{"rendered":"<p>Labv\u0113l\u012bg\u0101 ietekme <strong>Bacillus subtilis<\/strong> labv\u0113l\u012bg\u0101s bakt\u0113rijas, kas galvenok\u0101rt veidojas, vairojoties resnaj\u0101 zarn\u0101:<\/p>\n<ul class=\"vetom-list\">\n<li>proteol\u012btiskie, amilol\u012btiskie, celulozol\u012btiskie fermenti;<\/li>\n<li>a-2 interferons cilv\u0113ka leikoc\u012btos;<\/li>\n<li>mg bacitrac\u012bna, kas kav\u0113 patog\u0113n\u0101s un potenci\u0101li patog\u0113n\u0101s mikrofloras aug\u0161anu un att\u012bst\u012bbu;<\/li>\n<li>un cit\u0101m biolo\u0123iski akt\u012bv\u0101m viel\u0101m.<\/li>\n<\/ul>\n<p>T\u0101 rezult\u0101t\u0101 zarnu satura bakt\u0113riju sast\u0101vs tiek p\u0101rveidots atbilsto\u0161i att\u012bst\u012bbas normai, zarnu sieni\u0146as tiek att\u012br\u012btas no nesagremot\u0101m atliek\u0101m, kas veicina akt\u012bvu toks\u012bnu izvad\u012b\u0161anu no organisma, netrauc\u0113tu biolo\u0123iski akt\u012bvo uzturvielu transport\u0113\u0161anu.<\/p>\n<div class=\"plashka\">A <strong>Vetom <span style=\"color: red;\">1.1<\/span><\/strong> normaliz\u0113 biolo\u0123iski akt\u012bvo p\u0101rtikas sast\u0101vda\u013cu vielmai\u0146u, gremo\u0161anu un uzs\u016bk\u0161anos ku\u0146\u0123a-zarnu trakt\u0101.<\/div>\n<p>B\u0113rniem draudz\u012bgs produkts, kas ir gar\u0161\u012bgi salds un ko var \u0113st iek\u0161\u0137\u012bgi.<\/p>\n<p>A <strong>Vetom <span style=\"color: red;\">1.1<\/span><\/strong> palielina z\u0101\u013cu efektivit\u0101ti un samazina to negat\u012bvo blakusiedarb\u012bbu uz cilv\u0113ka organismu.<\/p>\n<p>T\u0101s nav z\u0101les.<\/p>\n<div class=\"plashka\"><strong>Farmakolo\u0123isk\u0101 iedarb\u012bba<\/strong>: imunomodul\u0113jo\u0161s, pretv\u012brusu, antiproliferat\u012bvs, bakteric\u012bds, fungic\u012bds, pret hlam\u012bdij\u0101m.<\/div>\n<h5>Funkcijas:<\/h5>\n<ul class=\"vetom-list\">\n<li>Tam piem\u012bt augsta antagonistisk\u0101 aktivit\u0101te pret patog\u0113n\u0101m un nosac\u012bti patog\u0113n\u0101m s\u0113n\u012bt\u0113m un bakt\u0113rij\u0101m, pretv\u012brusu, proteol\u012btiskas, aminol\u012btiskas un celulol\u012btiskas \u012bpa\u0161\u012bbas.<\/li>\n<li>stimul\u0113 \u0161\u016bnu un humor\u0101los imunit\u0101tes faktorus.<\/li>\n<li>palielina organisma nespecifisko pretest\u012bbu<\/li>\n<li>stabiliz\u0113 aler\u0123isko rezistenci<\/li>\n<li>normaliz\u0113 vielmai\u0146u<\/li>\n<\/ul>","protected":false},"featured_media":5821,"comment_status":"open","ping_status":"closed","template":"","meta":[],"product_brand":[],"product_cat":[22],"product_tag":[],"class_list":{"0":"post-5820","1":"product","2":"type-product","3":"status-publish","4":"has-post-thumbnail","6":"product_cat-vetom-probiotikumok","8":"first","9":"instock","10":"featured","11":"taxable","12":"shipping-taxable","13":"purchasable","14":"product-type-simple"},"_links":{"self":[{"href":"https:\/\/vetomshop.hu\/lv\/wp-json\/wp\/v2\/product\/5820","targetHints":{"allow":["GET"]}}],"collection":[{"href":"https:\/\/vetomshop.hu\/lv\/wp-json\/wp\/v2\/product"}],"about":[{"href":"https:\/\/vetomshop.hu\/lv\/wp-json\/wp\/v2\/types\/product"}],"replies":[{"embeddable":true,"href":"https:\/\/vetomshop.hu\/lv\/wp-json\/wp\/v2\/comments?post=5820"}],"wp:featuredmedia":[{"embeddable":true,"href":"https:\/\/vetomshop.hu\/lv\/wp-json\/wp\/v2\/media\/5821"}],"wp:attachment":[{"href":"https:\/\/vetomshop.hu\/lv\/wp-json\/wp\/v2\/media?parent=5820"}],"wp:term":[{"taxonomy":"product_brand","embeddable":true,"href":"https:\/\/vetomshop.hu\/lv\/wp-json\/wp\/v2\/product_brand?post=5820"},{"taxonomy":"product_cat","embeddable":true,"href":"https:\/\/vetomshop.hu\/lv\/wp-json\/wp\/v2\/product_cat?post=5820"},{"taxonomy":"product_tag","embeddable":true,"href":"https:\/\/vetomshop.hu\/lv\/wp-json\/wp\/v2\/product_tag?post=5820"}],"curies":[{"name":"wp","href":"https:\/\/api.w.org\/{rel}","templated":true}]}}