{"id":7033,"date":"2025-08-19T14:24:55","date_gmt":"2025-08-19T12:24:55","guid":{"rendered":"https:\/\/vetomshop.hu\/?post_type=product&#038;p=7033"},"modified":"2025-10-21T17:32:52","modified_gmt":"2025-10-21T15:32:52","slug":"honey-vetom-biologiailag-aktiv-etrend-kiegeszito-60-ml","status":"publish","type":"product","link":"https:\/\/vetomshop.hu\/lv\/products\/honey-vetom-biologiailag-aktiv-etrend-kiegeszito-60-ml\/","title":{"rendered":"Honey Vetom - Biolo\u0123iski akt\u012bvs uztura bag\u0101tin\u0101t\u0101js <span style=\"color:red\">60<\/span> ml"},"content":{"rendered":"<p><span style=\"font-size: x-large;\"><b>Medus Vetom - Biolo\u0123iski akt\u012bvs uztura bag\u0101tin\u0101t\u0101js 60 g<\/b><\/span><\/p>\n<h5><strong>Sast\u0101vs (1 porcija = 10 g):<\/strong><\/h5>\n<p>* Dab\u012bgais medus: 8 g<\/p>\n<p>* Ferment\u0113ts kukur\u016bzas ekstrakts (ar Bacillus subtilis VKPM B-10641): 1 g (satur 1\u00d710\u2076 CFU\/g bakt\u0113riju).<\/p>\n<h5><strong>Uzturv\u0113rt\u012bba 10 g:<\/strong><\/h5>\n<ul class=\"vetom-list\">\n<li>\u00a0 * Tauki: 0 g<\/li>\n<li>\u00a0 * Og\u013chidr\u0101ti: 8 g<\/li>\n<li>\u00a0 * Olbaltumvielas: 0,08 g<\/li>\n<li>\u00a0 * Ener\u0123ija: 31,4 kcal<\/li>\n<\/ul>\n<h5><strong>Apraksts:<\/strong><\/h5>\n<ul class=\"vetom-list\">\n<li>Medus b\u0101zes, bl\u012bva, viendab\u012bga viela<\/li>\n<li>Kr\u0101sa: var b\u016bt no baltas l\u012bdz tum\u0161i br\u016bnai<\/li>\n<li>Tekst\u016bra: da\u013c\u0113ji vai piln\u012bgi kristaliz\u0113jies<\/li>\n<li>Arom\u0101ts: pat\u012bkams medus arom\u0101ts<\/li>\n<li>Gar\u0161a: salda, bez sve\u0161as gar\u0161as<\/li>\n<\/ul>\n<h5><strong>Izsnieg\u0161ana:<\/strong><\/h5>\n<ul class=\"vetom-list\">\n<li>60 ml t\u016bbi\u0146a<\/li>\n<li>Kartona kast\u012bt\u0113, ar informat\u012bvo bukletu<\/li>\n<\/ul>\n<h5><strong>K\u0101p\u0113c tas ir ieteicams?<\/strong><\/h5>\n<ul class=\"vetom-list\">\n<li>Bag\u0101tin\u0101ts ar probiotisko mikroorganismu biolo\u0123iski akt\u012bvaj\u0101m viel\u0101m<\/li>\n<li>Atbalsta zarnu floru un im\u016bnsist\u0113mas darb\u012bbu<\/li>\n<li>Ar\u012b fruktozes avots<\/li>\n<\/ul>\n<h5><strong>Lieto\u0161ana un doz\u0113\u0161ana:<\/strong><\/h5>\n<p>Nav z\u0101les<\/p>\n<ul class=\"vetom-list\">\n<li>Pieaugu\u0161ajiem: 3 reizes dien\u0101 vien\u0101dos interv\u0101los 10 dienas.<\/li>\n<li>Viena porcija: 10 g (apm\u0113ram 1 t\u0113jkarote)<\/li>\n<li>Var lietot kop\u0101 ar \u0113dienu vai bez t\u0101 (pirms \u0113\u0161anas, \u0113\u0161anas laik\u0101 vai p\u0113c \u0113\u0161anas).<\/li>\n<li>Ieteicams atk\u0101rtot ik p\u0113c 3 m\u0113ne\u0161iem<\/li>\n<\/ul>\n<h5><strong>Uzglab\u0101\u0161ana:<\/strong><\/h5>\n<div class=\"plashka\">\n<p>* Saus\u0101, v\u0113s\u0101 viet\u0101* Aizsarg\u0101ts no saules gaismas<\/p>\n<p>* Maks. pie +20 \u00b0C<\/p>\n<p>* P\u0113c atv\u0113r\u0161anas: var lietot 12 m\u0113ne\u0161us<\/p>\n<p>* Der\u012bguma termi\u0146\u0161: 2 gadi no izgatavo\u0161anas br\u012b\u017ea.<\/p>\n<\/div>\n<p><strong>Br\u012bdin\u0101jumi:<\/strong><\/p>\n<p><strong>Nav ieteicams:<\/strong><\/p>\n<ul>\n<li>Individu\u0101las jut\u012bbas vai aler\u0123ijas gad\u012bjum\u0101<\/li>\n<li>Gr\u016btniec\u0113m, sieviet\u0113m, kas baro b\u0113rnu ar kr\u016bti, un jaun\u0101k\u0101m par 18 gadiem.<\/li>\n<li>Diab\u0113ta slimniekiem<\/li>\n<li>V\u0113\u017ea gad\u012bjum\u0101<\/li>\n<li>Nep\u0101rsniedziet ieteicamo dienas devu!<\/li>\n<li>Pirms lieto\u0161anas konsult\u0113jieties ar \u0101rstu<\/li>\n<\/ul>\n<p>Fruktozes saturs (30 g dien\u0101):<\/p>\n<p>12 g fruktozes, kas ir 68,6% no ieteicam\u0101s dienas devas (saska\u0146\u0101 ar noteiktajiem standartiem).<\/p>\n<p><strong>M\u0101rketinga inform\u0101cija:<\/strong><\/p>\n<p><strong>Ra\u017eot\u0101js:<\/strong> OOO NPF Issledovatelsky Tsentr, Novosibirska, Krievija<\/p>\n<p><strong>Izplat\u012bt\u0101js:<\/strong> Cemmedic Europe Ltd., Zichy\u00fajfalu, Ung\u0101rija<\/p>\n<p>+36305573846, vetomshop.hu@gmail.com<\/p>","protected":false},"excerpt":{"rendered":"<div class=\"plashka\">\n<h5><strong>Sast\u0101vs (1 porcija = 10 g):<\/strong><\/h5>\n<p>- Dab\u012bgais medus: 8 g<br \/>\n- Ferment\u0113ts kukur\u016bzas ekstrakts (Bacillus subtilis VKPM B-10641): 1 g (satur 1\u00d710\u2076 CFU\/g bakt\u0113riju).<\/p>\n<\/div>\n<h5><strong>Apraksts:<\/strong><\/h5>\n<ul class=\"vetom-list\">\n<li>Medus b\u0101zes, bl\u012bva, viendab\u012bga viela<\/li>\n<li>Kr\u0101sa: var b\u016bt no baltas l\u012bdz tum\u0161i br\u016bnai<\/li>\n<li>Tekst\u016bra: da\u013c\u0113ji vai piln\u012bgi kristaliz\u0113jies<\/li>\n<li>Arom\u0101ts: pat\u012bkams medus arom\u0101ts<\/li>\n<li>Gar\u0161a: salda, bez sve\u0161as gar\u0161as<\/li>\n<\/ul>\n<div class=\"plashka\">\n<h5><strong>K\u0101p\u0113c tas ir ieteicams?<\/strong><\/h5>\n<ul class=\"vetom-list\">\n<li>Bag\u0101tin\u0101ts ar probiotisko mikroorganismu biolo\u0123iski akt\u012bvaj\u0101m viel\u0101m<\/li>\n<li>Atbalsta zarnu floru un im\u016bnsist\u0113mas darb\u012bbu<\/li>\n<li>Ar\u012b fruktozes avots<\/li>\n<\/ul>\n<\/div>","protected":false},"featured_media":7034,"comment_status":"open","ping_status":"closed","template":"","meta":[],"product_brand":[],"product_cat":[37,22],"product_tag":[],"class_list":{"0":"post-7033","1":"product","2":"type-product","3":"status-publish","4":"has-post-thumbnail","6":"product_cat-mezpaszta","7":"product_cat-vetom-probiotikumok","9":"first","10":"outofstock","11":"taxable","12":"shipping-taxable","13":"purchasable","14":"product-type-simple"},"_links":{"self":[{"href":"https:\/\/vetomshop.hu\/lv\/wp-json\/wp\/v2\/product\/7033","targetHints":{"allow":["GET"]}}],"collection":[{"href":"https:\/\/vetomshop.hu\/lv\/wp-json\/wp\/v2\/product"}],"about":[{"href":"https:\/\/vetomshop.hu\/lv\/wp-json\/wp\/v2\/types\/product"}],"replies":[{"embeddable":true,"href":"https:\/\/vetomshop.hu\/lv\/wp-json\/wp\/v2\/comments?post=7033"}],"wp:featuredmedia":[{"embeddable":true,"href":"https:\/\/vetomshop.hu\/lv\/wp-json\/wp\/v2\/media\/7034"}],"wp:attachment":[{"href":"https:\/\/vetomshop.hu\/lv\/wp-json\/wp\/v2\/media?parent=7033"}],"wp:term":[{"taxonomy":"product_brand","embeddable":true,"href":"https:\/\/vetomshop.hu\/lv\/wp-json\/wp\/v2\/product_brand?post=7033"},{"taxonomy":"product_cat","embeddable":true,"href":"https:\/\/vetomshop.hu\/lv\/wp-json\/wp\/v2\/product_cat?post=7033"},{"taxonomy":"product_tag","embeddable":true,"href":"https:\/\/vetomshop.hu\/lv\/wp-json\/wp\/v2\/product_tag?post=7033"}],"curies":[{"name":"wp","href":"https:\/\/api.w.org\/{rel}","templated":true}]}}