{"id":7334,"date":"2026-01-20T13:30:19","date_gmt":"2026-01-20T12:30:19","guid":{"rendered":"https:\/\/vetomshop.hu\/?post_type=product&#038;p=7334"},"modified":"2026-03-24T07:47:20","modified_gmt":"2026-03-24T06:47:20","slug":"vektor-animals-1-vetom-1-probiotikum-por-allatoknak-belflora-es-immunitas-50x5-g","status":"publish","type":"product","link":"https:\/\/vetomshop.hu\/lv\/products\/vektor-animals-1-vetom-1-probiotikum-por-allatoknak-belflora-es-immunitas-50x5-g\/","title":{"rendered":"Vektor Animals 1 (Vetom 1) - Probiotiskais pulveris dz\u012bvniekiem (zarnu florai un imunit\u0101tei) - <span style=\"color:red\">50\u00d75 g<\/span>"},"content":{"rendered":"<h3>Vektor Animals 1 (Vetom 1) - Probiotiskais pulveris dz\u012bvniekiem<\/h3>\n<div class=\"plashka\">A <strong>Vektoru dz\u012bvnieki <span style=\"color: red;\">1<\/span><\/strong> (Vetom 1) ir pla\u0161a spektra dab\u012bgs probiotikas l\u012bdzeklis, kas <strong>Bacillus subtilis DSM 32424<\/strong> satur sporas. Tas ir \u012bpa\u0161i izstr\u0101d\u0101ts, lai atjaunotu zarnu floru un stiprin\u0101tu lauksaimniec\u012bbas un hobija dz\u012bvnieku im\u016bnsist\u0113mu.<\/div>\n<h5>Galven\u0101s funkcijas un priek\u0161roc\u012bbas<\/h5>\n<p>Regul\u0101ra produkta lieto\u0161ana optimiz\u0113 gremo\u0161anu un palielina organisma iztur\u012bbu:<\/p>\n<ul class=\"vetom-list\">\n<li><strong>Zarnu floras stabiliz\u0101cija:<\/strong> Tas atjauno zarnu mikrofloru un normaliz\u0113 pH, kav\u0113jot patog\u0113nu aug\u0161anu.<\/li>\n<li><strong>Lab\u0101ka absorbcija:<\/strong> Tas uzlabo bar\u012bbas izmanto\u0161anu, pal\u012bdz uz\u0146emt dzelzi, kalciju, olbaltumvielas un taukus.<\/li>\n<li><strong>Im\u016bn\u0101 aizsardz\u012bba:<\/strong> Ir pier\u0101d\u012bts, ka tas aktiviz\u0113 \u0161\u016bnu un humor\u0101lo imunit\u0101ti, palielinot iztur\u012bbu pret v\u012brusiem un bakt\u0113rij\u0101m.<\/li>\n<li><strong>Ekonomiskie ieguvumi:<\/strong> Lopkop\u012bb\u0101 tas palielina produktivit\u0101ti (svara pieaugums, olu ra\u017eo\u0161ana) un uzlabo ka\u017eok\u0101du kvalit\u0101ti, vienlaikus samazinot bar\u012bbas vien\u012bbas izmaksas.<\/li>\n<\/ul>\n<h5>Piem\u0113ro\u0161anas jomas<\/h5>\n<ul class=\"vetom-list\">\n<li>Liellopi, c\u016bkas, zirgi, tru\u0161i, aitas.<\/li>\n<li>M\u0101jdz\u012bvnieki: suns, ka\u0137is.<\/li>\n<li>Prey (lapsas, \u016bdeles) - lai nov\u0113rstu gremo\u0161anas trauc\u0113jumus un uzlabotu ka\u017eoka kvalit\u0101ti.<\/li>\n<li>M\u0101jputniem - lai stimul\u0113tu aug\u0161anu un samazin\u0101tu mirst\u012bbu.<\/li>\n<\/ul>\n<h5>Doz\u0113\u0161anas instrukcijas<\/h5>\n<p>Pulveris j\u0101sajauc ar \u016bdeni, bar\u012bbu vai premiksiem. <strong>Visp\u0101r\u0113j\u0101 deva: 50 mg\/kg dz\u012bvsvara.<\/strong><\/p>\n<ul class=\"vetom-list\">\n<li><strong>Profilakse:<\/strong> 1 reizi dien\u0101 15-20 dienas.<\/li>\n<li><strong>Terapeitiskai lieto\u0161anai:<\/strong> 2 reizes dien\u0101 (ik p\u0113c 8-10 stund\u0101m), l\u012bdz simptomi izz\u016bd. Smagos gad\u012bjumos 4 reizes dien\u0101 (ik p\u0113c 6 stund\u0101m).<\/li>\n<li><strong>Im\u016bndefic\u012bta korekcija:<\/strong> 1-2 reizes dien\u0101, 5-10 dienu kurss.<\/li>\n<li><strong>Rekt\u0101la lieto\u0161ana:<\/strong> Iz\u0161\u0137\u012bdina silt\u0101 v\u0101r\u012bt\u0101 \u016bden\u012b 1 reizi dien\u0101 15-20 dienas.<\/li>\n<\/ul>\n<h5>Svar\u012bga inform\u0101cija<\/h5>\n<ul class=\"vetom-list\">\n<li><strong>Gaid\u012b\u0161anas laiki saist\u012bb\u0101 ar p\u0101rtikas nekait\u012bgumu:<\/strong> N\u0113. Ga\u013cu, pienu un olas \u0101rst\u0113\u0161anas laik\u0101 un p\u0113c t\u0101s var lietot bez ierobe\u017eojumiem.<\/li>\n<li><strong>Uzglab\u0101\u0161ana:<\/strong> No 0 l\u012bdz 30 \u00b0C. Var lietot l\u012bdz 15 dien\u0101m p\u0113c atv\u0113r\u0161anas.<\/li>\n<li><strong>Br\u012bdin\u0101jums:<\/strong> Nelietot kop\u0101 ar antibiotik\u0101m vai sulfonam\u012bdiem! Nepak\u013caut ilgsto\u0161ai karstuma iedarb\u012bbai (virs 100 \u00b0C).<\/li>\n<\/ul>","protected":false},"excerpt":{"rendered":"<div class=\"plashka\">Dabas <strong>Vektoru dz\u012bvnieki <span style=\"color: red;\">1<\/span><\/strong> (Vetom 1) probioti\u0137is vis\u0101m dz\u012bvnieku sug\u0101m. Risin\u0101jums bez antibiotik\u0101m sp\u0113c\u012bgai im\u016bnsist\u0113mai un vesel\u012bgai gremo\u0161anai.<\/div>\n<h5>K\u0101p\u0113c izv\u0113l\u0113ties Vektor Animals 1?<\/h5>\n<ul class=\"vetom-list\">\n<li><strong>Tas ir dro\u0161s:<\/strong> Visas dabisk\u0101s sast\u0101vda\u013cas, nav j\u0101gaida - ga\u013ca un piens ir gatavi \u0113\u0161anai.<\/li>\n<li><strong>Efekt\u012bva:<\/strong> Tas \u0101tri atjauno zarnu floru un uzlabo bar\u012bbas vielu uzs\u016bk\u0161anos.<\/li>\n<li><strong>Ekonomisks:<\/strong> Tas uzlabo bar\u012bbas konversiju, t\u0101d\u0113j\u0101di samazinot izmaksas un palielinot ra\u017eas.<\/li>\n<li><strong>Univers\u0101ls:<\/strong> Piem\u0113rots su\u0146iem, ka\u0137iem, m\u0101jlopiem un m\u0101jputniem.<\/li>\n<\/ul>\n<p><em>T\u0101s ir veterin\u0101r\u0101s z\u0101les, kas pieejamas bez receptes.<\/em><\/p>","protected":false},"featured_media":7335,"comment_status":"open","ping_status":"closed","template":"","meta":[],"product_brand":[],"product_cat":[38,39],"product_tag":[],"class_list":{"0":"post-7334","1":"product","2":"type-product","3":"status-publish","4":"has-post-thumbnail","6":"product_cat-vektor-animals-vetom","7":"product_cat-vektor-animals-1","9":"first","10":"outofstock","11":"featured","12":"taxable","13":"shipping-taxable","14":"purchasable","15":"product-type-simple"},"_links":{"self":[{"href":"https:\/\/vetomshop.hu\/lv\/wp-json\/wp\/v2\/product\/7334","targetHints":{"allow":["GET"]}}],"collection":[{"href":"https:\/\/vetomshop.hu\/lv\/wp-json\/wp\/v2\/product"}],"about":[{"href":"https:\/\/vetomshop.hu\/lv\/wp-json\/wp\/v2\/types\/product"}],"replies":[{"embeddable":true,"href":"https:\/\/vetomshop.hu\/lv\/wp-json\/wp\/v2\/comments?post=7334"}],"wp:featuredmedia":[{"embeddable":true,"href":"https:\/\/vetomshop.hu\/lv\/wp-json\/wp\/v2\/media\/7335"}],"wp:attachment":[{"href":"https:\/\/vetomshop.hu\/lv\/wp-json\/wp\/v2\/media?parent=7334"}],"wp:term":[{"taxonomy":"product_brand","embeddable":true,"href":"https:\/\/vetomshop.hu\/lv\/wp-json\/wp\/v2\/product_brand?post=7334"},{"taxonomy":"product_cat","embeddable":true,"href":"https:\/\/vetomshop.hu\/lv\/wp-json\/wp\/v2\/product_cat?post=7334"},{"taxonomy":"product_tag","embeddable":true,"href":"https:\/\/vetomshop.hu\/lv\/wp-json\/wp\/v2\/product_tag?post=7334"}],"curies":[{"name":"wp","href":"https:\/\/api.w.org\/{rel}","templated":true}]}}