{"id":7340,"date":"2026-01-20T11:12:33","date_gmt":"2026-01-20T10:12:33","guid":{"rendered":"https:\/\/vetomshop.hu\/?post_type=product&#038;p=7340"},"modified":"2026-03-02T20:22:06","modified_gmt":"2026-03-02T19:22:06","slug":"vektor-animals-1-2-vetom-1-2-probiotikum-por-formajaban-3-bakteriumtorzzsel-allatok-szamara-belflora-es-immunitas-10x50-g","status":"publish","type":"product","link":"https:\/\/vetomshop.hu\/lv\/products\/vektor-animals-1-2-vetom-1-2-probiotikum-por-formajaban-3-bakteriumtorzzsel-allatok-szamara-belflora-es-immunitas-10x50-g\/","title":{"rendered":"Vektor Animals 1.2 (Vetom 1.2) - Probiotikas pulvera veid\u0101 ar 3 bakt\u0113riju celmiem dz\u012bvniekiem (zarnu flora un imunit\u0101te) - <span style=\"color:red\">10\u00d750 g<\/span>"},"content":{"rendered":"<h3>Vektor Animals 1.2 (Vetom 1.2) - pla\u0161a spektra probiotika (3 celmi)<\/h3>\n<div class=\"plashka\">A <strong>Vektoru dz\u012bvnieki <span style=\"color: red;\">1.2<\/span><\/strong> pastiprin\u0101ta formula, kas <strong>tr\u012bs veidu akt\u012bvo bakt\u0113riju celmi<\/strong> ietver. Tas ir univers\u0101ls prepar\u0101ts: piem\u0113rots z\u012bd\u012bt\u0101jiem, putniem, ziv\u012bm, r\u0101pu\u013ciem un bit\u0113m, lai atjaunotu dabisko rezistenci.<\/div>\n<h5>Akt\u012bv\u0101s sast\u0101vda\u013cas - tr\u012bsk\u0101r\u0161\u0101 aizsardz\u012bba<\/h5>\n<p>Produkta efektivit\u0101ti nodro\u0161ina \u0161\u0101du \u012bpa\u0161i atlas\u012btu bakt\u0113riju celmu kombin\u0101cija:<\/p>\n<ul class=\"vetom-list\">\n<li>Bacillus subtilis VKPM B-10641<\/li>\n<li>Bacillus amyloliquefaciens VKPM B-10642<\/li>\n<li>Bacillus amyloliquefaciens VKPM B-10643<\/li>\n<\/ul>\n<h5>Kam to ieteicams lietot? (M\u0113r\u0137a dz\u012bvnieki)<\/h5>\n<p>Produkts ir unik\u0101ls ar to, ka to var izmantot gandr\u012bz vis\u0101m dz\u012bvnieku sug\u0101m:<\/p>\n<ul class=\"vetom-list\">\n<li><strong>M\u0101jdz\u012bvnieki:<\/strong> Su\u0146i, ka\u0137i (jebkuras \u0161\u0137irnes), grauz\u0113ji (k\u0101mji, j\u016brasc\u016bci\u0146as, tru\u0161i utt.).<\/li>\n<li><strong>Noder\u012bgi dz\u012bvnieki:<\/strong> Liellopi, c\u016bkas, aitas, kazas, zirgi.<\/li>\n<li><strong>Putni:<\/strong> Dekorat\u012bvie putni (papagai\u013ci, kan\u0101rijputni) un m\u0101jputni.<\/li>\n<li><strong>\u012apa\u0161ie dz\u012bvnieki:<\/strong> R\u0101pu\u013ci (bru\u0146urupu\u010di, \u0137irzakas, \u010d\u016bskas), abinieki un akv\u0101rija zivis (iz\u0161\u0137\u012bdin\u0101tas \u016bden\u012b).<\/li>\n<li><strong>Bites:<\/strong> samazin\u0101t mirst\u012bbu no infekcij\u0101m.<\/li>\n<\/ul>\n<h5>Kad to izmantot?<\/h5>\n<p>Produktu var lietot profilaktiskiem (profilaktiskiem) un terapeitiskiem m\u0113r\u0137iem:<\/p>\n<ul class=\"vetom-list\">\n<li><strong>P\u0113c antibiotiku kursa:<\/strong> Lai atjaunotu zarnu floru un \u0101rst\u0113tu disbiozi.<\/li>\n<li><strong>Stresa situ\u0101cij\u0101s:<\/strong> bar\u012bbas mai\u0146as, transport\u0113\u0161anas vai r\u016bpniecisk\u0101s lauksaimniec\u012bbas rad\u012bt\u0101 stresa laik\u0101.<\/li>\n<li><strong>Im\u016bnsist\u0113mas stiprin\u0101\u0161ana:<\/strong> K\u0101 papildin\u0101jums vakcin\u0101cijai, lai pan\u0101ktu notur\u012bg\u0101ku im\u016bnsist\u0113mu.<\/li>\n<li><strong>Lai palielin\u0101tu ra\u017eo\u0161anu:<\/strong> M\u0101jputnu olu ra\u017eo\u0161anas palielin\u0101\u0161anai un m\u0101jlopu svara pieauguma un aug\u0161anas stimul\u0113\u0161anai.<\/li>\n<li><strong>Slim\u012bbu profilakse:<\/strong> Piem\u0113ram, lai mazin\u0101tu bi\u0161u infekcijas un govju p\u0113cdzemd\u012bbu iekaisumu (endometr\u012btu, mast\u012btu).<\/li>\n<\/ul>\n<h5>Doz\u0113\u0161anas instrukcijas<\/h5>\n<p>Pulveri var lietot individu\u0101li (sajaucot ar \u016bdeni\/\u0113dienu) vai grup\u0101s. <strong>Pamatdeva: 50 mg\/kg dz\u012bvsvara.<\/strong> <\/p>\n<ul class=\"vetom-list\">\n<li><strong>Profilakse (\u0101rst\u0113\u0161ana):<\/strong> 1 reizi dien\u0101 15-20 dienas. Atk\u0101rtojiet katru ceturksni.<\/li>\n<li><strong>Terapija (slim\u012bbas gad\u012bjum\u0101):<\/strong> 2 reizes dien\u0101 (ik p\u0113c 8-10 stund\u0101m), l\u012bdz simptomi izz\u016bd. Smagos gad\u012bjumos 4 reizes dien\u0101 (ik p\u0113c 6 stund\u0101m).<\/li>\n<li><strong>Im\u016bndefic\u012bta korekcija:<\/strong> 1-2 reizes dien\u0101 5-10 dienas.<\/li>\n<li><strong>Grupu doz\u0113\u0161ana:<\/strong> 15 000 devas uz tonnu bar\u012bbas vai \u016bdens.<\/li>\n<\/ul>\n<p><em>Piez\u012bme: Produkts neizraisa pieradumu vai rezistenci.<\/em><\/p>","protected":false},"excerpt":{"rendered":"<div class=\"plashka\">A <strong>Vektoru dz\u012bvnieki <span style=\"color: red;\">1.2<\/span><\/strong> (Vetom 1.2) ir probiotika, kas satur 3 bakt\u0113riju celmus. <strong>Bacillus subtilis<\/strong> un <strong>Bacillus amyloliquefaciens<\/strong> atbalsta dz\u012bvnieku vesel\u012bbu ar spor\u0101m.<\/div>\n<h5>Galvenie ieguvumi:<\/h5>\n<ul class=\"vetom-list\">\n<li><strong>Univers\u0101ls:<\/strong> To var lietot su\u0146iem, ka\u0137iem, lauksaimniec\u012bbas dz\u012bvniekiem un pat ziv\u012bm un bit\u0113m.<\/li>\n<li><strong>Tr\u012bsk\u0101r\u0161ais efekts:<\/strong> 3 da\u017e\u0101di bakt\u0113riju celmi nodro\u0161ina pla\u0161\u0101ku aizsardz\u012bbu pret infekcij\u0101m.<\/li>\n<li><strong>Efektivit\u0101te:<\/strong> Tas palielina produktivit\u0101ti, uzlabo izaugsmi un samazina vajadz\u012bbu p\u0113c medikamentiem.<\/li>\n<li><strong>Dro\u0161\u012bba:<\/strong> Pret to neveidojas rezistence, un to \u013coti ieteicams lietot p\u0113c antibiotiku kursa.<\/li>\n<\/ul>","protected":false},"featured_media":7341,"comment_status":"open","ping_status":"closed","template":"","meta":[],"product_brand":[],"product_cat":[38,40],"product_tag":[],"class_list":{"0":"post-7340","1":"product","2":"type-product","3":"status-publish","4":"has-post-thumbnail","6":"product_cat-vektor-animals-vetom","7":"product_cat-vektor-animals-1-2","9":"first","10":"instock","11":"featured","12":"taxable","13":"shipping-taxable","14":"purchasable","15":"product-type-simple"},"_links":{"self":[{"href":"https:\/\/vetomshop.hu\/lv\/wp-json\/wp\/v2\/product\/7340","targetHints":{"allow":["GET"]}}],"collection":[{"href":"https:\/\/vetomshop.hu\/lv\/wp-json\/wp\/v2\/product"}],"about":[{"href":"https:\/\/vetomshop.hu\/lv\/wp-json\/wp\/v2\/types\/product"}],"replies":[{"embeddable":true,"href":"https:\/\/vetomshop.hu\/lv\/wp-json\/wp\/v2\/comments?post=7340"}],"wp:featuredmedia":[{"embeddable":true,"href":"https:\/\/vetomshop.hu\/lv\/wp-json\/wp\/v2\/media\/7341"}],"wp:attachment":[{"href":"https:\/\/vetomshop.hu\/lv\/wp-json\/wp\/v2\/media?parent=7340"}],"wp:term":[{"taxonomy":"product_brand","embeddable":true,"href":"https:\/\/vetomshop.hu\/lv\/wp-json\/wp\/v2\/product_brand?post=7340"},{"taxonomy":"product_cat","embeddable":true,"href":"https:\/\/vetomshop.hu\/lv\/wp-json\/wp\/v2\/product_cat?post=7340"},{"taxonomy":"product_tag","embeddable":true,"href":"https:\/\/vetomshop.hu\/lv\/wp-json\/wp\/v2\/product_tag?post=7340"}],"curies":[{"name":"wp","href":"https:\/\/api.w.org\/{rel}","templated":true}]}}