{"id":7358,"date":"2026-01-20T16:45:04","date_gmt":"2026-01-20T15:45:04","guid":{"rendered":"https:\/\/vetomshop.hu\/?post_type=product&#038;p=7358"},"modified":"2026-03-03T07:55:22","modified_gmt":"2026-03-03T06:55:22","slug":"vektor-animals-3-vetom-3-probiotikum-por-allatoknak-bacillus-amyloliquefaciens-1x50-g","status":"publish","type":"product","link":"https:\/\/vetomshop.hu\/lv\/products\/vektor-animals-3-vetom-3-probiotikum-por-allatoknak-bacillus-amyloliquefaciens-1x50-g\/","title":{"rendered":"Vektor Animals 3 (Vetom 3) - Probiotiskais pulveris dz\u012bvniekiem (Bacillus amyloliquefaciens) <span style=\"color:red\">1\u00d750 g<\/span>"},"content":{"rendered":"<h3>Vektor Animals 3 (Vetom 3) - Probiotikas ar \u012bpa\u0161u bakt\u0113riju celmu<\/h3>\n<div class=\"plashka\">\n<p>Vetom 3 ir dab\u012bgs probiotikas l\u012bdzeklis, kura pamat\u0101 ir Bacillus amyloliquefaciens bakt\u0113riju celma labv\u0113l\u012bg\u0101 iedarb\u012bba. \u0160\u012b bakt\u0113rija galvenok\u0101rt darbojas resnaj\u0101 zarn\u0101, kur t\u0101 ra\u017eo fermentus un akt\u012bv\u0101s vielas. T\u0101s ir:<\/p>\n<p>* nom\u0101c kait\u012bg\u0101s (patog\u0113n\u0101s un nosac\u012bti patog\u0113n\u0101s) bakt\u0113rijas un s\u0113n\u012btes,<br \/>\n* pal\u012bdz no zarnu trakta izvad\u012bt nesagremot\u0101s vielas,<br \/>\n* veicina viegl\u0101ku un lab\u0101ku uzturvielu uzs\u016bk\u0161anos,<br \/>\n* pal\u012bdz detoksik\u0113t organismu.<\/p>\n<p>Vetom 3 pal\u012bdz atjaunot dabisko zarnu floras l\u012bdzsvaru, uzlabo gremo\u0161anu un vielmai\u0146u, k\u0101 ar\u012b veicina efekt\u012bv\u0101ku uzturvielu izmanto\u0161anu.<\/p>\n<h2>Ieguvumi:<\/h2>\n<p>* Antibakteri\u0101las un prets\u0113n\u012b\u0161u \u012bpa\u0161\u012bbas<br \/>\n* Pretv\u012brusu, enz\u012bmu ra\u017eo\u0161ana, gremo\u0161anas atbalsts<br \/>\n* Pastiprina \u0161\u016bnu un humor\u0101lo im\u016bnsist\u0113mu reakciju<br \/>\n* Palielina organisma pretest\u012bbu<br \/>\n* Pal\u012bdz samazin\u0101t aler\u0123iskas reakcijas<br \/>\n* Atbalsta \u0161\u016bnu atjauno\u0161anos, var kav\u0113t audz\u0113ja \u0161\u016bnu veido\u0161anos.<br \/>\n* Uzlabo citu z\u0101\u013cu iedarb\u012bbu un mazina to blakuspar\u0101d\u012bbas.<br \/>\n* Aizsarg\u0101 organismu \u0161\u016bnu l\u012bmen\u012b, pal\u012bdz nov\u0113rst audz\u0113ju att\u012bst\u012bbu.<\/p>\n<h2>Ieteikums lieto\u0161anai:<\/h2>\n<p><strong>Ieteicam\u0101 deva:<\/strong><br \/>\n* 10 dienas ieteicams lietot 1 kapsulu 2-3 reizes dien\u0101 pirms, \u0113\u0161anas laik\u0101 vai p\u0113c \u0113\u0161anas, uzdzerot nelielu daudzumu \u0161\u0137idruma (\u016bdens, t\u0113jas vai sulas). \u0100rst\u0113\u0161anas laik\u0101 nov\u0113rojiet organisma reakciju un, ja nepiecie\u0161ams, pak\u0101peniski palieliniet devu l\u012bdz 5-10 kapsul\u0101m dien\u0101.<\/p>\n<p>*Proced\u016bru var atk\u0101rtot jebkur\u0101 laik\u0101 p\u0113c 1-2 ned\u0113\u013cu p\u0101rtraukuma. Lai piln\u012bb\u0101 atbalst\u012btu organisma un zarnu trakta vesel\u012bbu, ieteicams laiku pa laikam nomain\u012bt ar cita veida Vetom produktu.<\/p>\n<h2>Galven\u0101s funkcijas:<\/h2>\n<p>* Nav blakuspar\u0101d\u012bbu<br \/>\n*Nav vecuma ierobe\u017eojumu<br \/>\n*Neb\u016bt p\u0101rdoz\u0113tam<br \/>\n*No atkar\u012bbas<\/p>\n<h2>Izmanto\u0161anas joma:<\/h2>\n<p>Ieteicams k\u0101 biolo\u0123iski akt\u012bvs uztura bag\u0101tin\u0101t\u0101js, lai uzlabotu ku\u0146\u0123a un zarnu trakta st\u0101vokli un atjaunotu zarnu floras l\u012bdzsvaru.<\/p>\n<h2>Kontrindik\u0101cijas:<\/h2>\n<p>Produktu nav ieteicams lietot, ja Jums ir aler\u0123ija vai paaugstin\u0101ta jut\u012bba pret k\u0101du no t\u0101 sast\u0101vda\u013c\u0101m.<\/p>\n<h2>Svar\u012bga inform\u0101cija:<\/h2>\n<p>* Lieto\u0161ana gr\u016btniec\u012bbas un z\u012bd\u012b\u0161anas laik\u0101 tikai p\u0113c \u0101rsta ieteikuma.<br \/>\n* Neietekm\u0113 brauk\u0161anu vai b\u012bstamu ma\u0161\u012bnu ekspluat\u0101ciju.<\/p>\n<h2>Doz\u0113\u0161ana un sast\u0101vs:<\/h2>\n<p>* 10 kapsulas blisteros, 5 iepakojumi kartona k\u0101rb\u0101 (kop\u0101 50 kapsulas).<br \/>\n* Neto svars: 0,1 kg<br \/>\n* Izm\u0113rs: 4,5 \u00d7 6,5 \u00d7 8 cm<\/p>\n<h2>Vienas kapsulas saturs:<\/h2>\n<p>* kukur\u016bzas ekstrakts: 133 mg<br \/>\n* Kartupe\u013cu ciete: 100 mg<br \/>\n* saharoze (pulverveida cukurs): 67 mg<br \/>\n* Bacillus amyloliquefaciens* bakt\u0113riju kult\u016bra (DSM 24613) - 30 mg (1\u00d710\u2079 CFU\/g)<\/p>\n<p>Alternat\u012bvais ekvivalents pilienu veid\u0101: Vetom 3,22 (10 ml)<\/p>\n<p>Izcelsmes valsts: <strong>Krievija<\/strong><\/p>\n<\/div>","protected":false},"excerpt":{"rendered":"<div class=\"plashka\">A <strong>Vektoru dz\u012bvnieki <span style=\"color: red;\">3<\/span><\/strong> (Vetom 3) <strong>Bacillus amyloliquefaciens<\/strong> probiotikas, kas satur sporas, kuras pal\u012bdz uztur\u0113t vesel\u012bgu gremo\u0161anas sist\u0113mu un stiprina im\u016bnsist\u0113mu.<\/div>\n<h5>Galvenie ieguvumi:<\/h5>\n<ul class=\"vetom-list\">\n<li><strong>Zarnu floras aizsardz\u012bba:<\/strong> \u012apa\u0161i efekt\u012bvs p\u0113c antibiotiku kursa.<\/li>\n<li><strong>Pla\u0161s spektrs:<\/strong> To var lietot jebkuras sugas dz\u012bvniekiem, s\u0101kot no ziv\u012bm l\u012bdz zirgiem.<\/li>\n<li><strong>Ekonomisks:<\/strong> Tas uzlabo bar\u012bbas izmanto\u0161anu un samazina slim\u012bbu risku.<\/li>\n<li><strong>Tas ir dro\u0161s:<\/strong> Viss dab\u012bgs, bez blakuspar\u0101d\u012bb\u0101m.<\/li>\n<\/ul>","protected":false},"featured_media":7359,"comment_status":"open","ping_status":"closed","template":"","meta":[],"product_brand":[],"product_cat":[38,41],"product_tag":[],"class_list":{"0":"post-7358","1":"product","2":"type-product","3":"status-publish","4":"has-post-thumbnail","6":"product_cat-vektor-animals-vetom","7":"product_cat-vektor-animals-3","9":"first","10":"instock","11":"featured","12":"taxable","13":"shipping-taxable","14":"purchasable","15":"product-type-simple"},"_links":{"self":[{"href":"https:\/\/vetomshop.hu\/lv\/wp-json\/wp\/v2\/product\/7358","targetHints":{"allow":["GET"]}}],"collection":[{"href":"https:\/\/vetomshop.hu\/lv\/wp-json\/wp\/v2\/product"}],"about":[{"href":"https:\/\/vetomshop.hu\/lv\/wp-json\/wp\/v2\/types\/product"}],"replies":[{"embeddable":true,"href":"https:\/\/vetomshop.hu\/lv\/wp-json\/wp\/v2\/comments?post=7358"}],"wp:featuredmedia":[{"embeddable":true,"href":"https:\/\/vetomshop.hu\/lv\/wp-json\/wp\/v2\/media\/7359"}],"wp:attachment":[{"href":"https:\/\/vetomshop.hu\/lv\/wp-json\/wp\/v2\/media?parent=7358"}],"wp:term":[{"taxonomy":"product_brand","embeddable":true,"href":"https:\/\/vetomshop.hu\/lv\/wp-json\/wp\/v2\/product_brand?post=7358"},{"taxonomy":"product_cat","embeddable":true,"href":"https:\/\/vetomshop.hu\/lv\/wp-json\/wp\/v2\/product_cat?post=7358"},{"taxonomy":"product_tag","embeddable":true,"href":"https:\/\/vetomshop.hu\/lv\/wp-json\/wp\/v2\/product_tag?post=7358"}],"curies":[{"name":"wp","href":"https:\/\/api.w.org\/{rel}","templated":true}]}}