{"id":7379,"date":"2026-01-20T17:30:45","date_gmt":"2026-01-20T16:30:45","guid":{"rendered":"https:\/\/vetomshop.hu\/?post_type=product&#038;p=7379"},"modified":"2026-04-27T03:16:23","modified_gmt":"2026-04-27T01:16:23","slug":"bioseptin-probiotikus-sebkezelo-kenocs-60-g","status":"publish","type":"product","link":"https:\/\/vetomshop.hu\/lv\/products\/bioseptin-probiotikus-sebkezelo-kenocs-60-g\/","title":{"rendered":"Bioseptin - Probiotisk\u0101 ziede br\u016b\u010du \u0101rst\u0113\u0161anai dz\u012bvniekiem (Bacillus amyloliquefaciens) - <span style=\"color:red\">60 g<\/span>"},"content":{"rendered":"<h3>Bioseptin - Probiotisk\u0101 br\u016b\u010du \u0101rst\u0113\u0161anas ziede dz\u012bvniekiem<\/h3>\n<div class=\"plashka\">A <strong>Bioseptin<\/strong> unik\u0101la probiotiska ziede \u0101r\u0113jai lieto\u0161anai. Live at <strong>Bacillus amyloliquefaciens<\/strong> satur bakt\u0113rijas, kas dabiski att\u012bra br\u016bces, kav\u0113 iekaisumu un veido biolo\u0123isko barjeru uz boj\u0101tas \u0101das.<\/div>\n<h5>Akt\u012bv\u0101 viela un darb\u012bbas meh\u0101nisms<\/h5>\n<p>Ziede satur divus \u012bpa\u0161us r\u016bpnieciski ra\u017eotus bakt\u0113riju celmus (VKPM B-10642 un B-10643), kas iedarbojas, iek\u013c\u016bstot br\u016bc\u0113:<\/p>\n<ul class=\"vetom-list\">\n<li><strong>Br\u016b\u010du t\u012br\u012b\u0161ana (L\u012bze):<\/strong> T\u0101s ra\u017eo proteol\u012btiskos fermentus, kas \u0161\u0137\u012bdina (li\u0113) atmiru\u0161os, nekrotiskos audus, att\u012brot br\u016bci.<\/li>\n<li><strong>Biofilmu apm\u0101c\u012bba:<\/strong> Bakt\u0113rijas veido pl\u0101nu biofilmu, kas ne\u013cauj \u0101r\u0113jiem patog\u0113niem iek\u013c\u016bt br\u016bces dobum\u0101 (t\u0101p\u0113c nav nepiecie\u0161ams p\u0101rs\u0113js).<\/li>\n<li><strong>Antiseptiska iedarb\u012bba:<\/strong> T\u0101s kav\u0113 strutas izraiso\u0161o un citu patog\u0113no bakt\u0113riju aug\u0161anu.<\/li>\n<li><strong>Iekaisuma mazin\u0101\u0161ana:<\/strong> T\u0101s pa\u0101trina re\u0123ener\u0101ciju un nomierina boj\u0101to vietu.<\/li>\n<\/ul>\n<h5>Piem\u0113ro\u0161anas jomas<\/h5>\n<p>Produktu var lietot visu sugu dz\u012bvniekiem (m\u0101jdz\u012bvniekiem, lauksaimniec\u012bbas dz\u012bvniekiem, savva\u013cas dz\u012bvniekiem, putniem):<\/p>\n<ul class=\"vetom-list\">\n<li>grieztu un nobr\u0101ztu br\u016b\u010du apstr\u0101de.<\/li>\n<li>Apdegumu traumu dzied\u0113\u0161anai.<\/li>\n<li>\u0100das iekaisumiem (dermat\u012btam) un citiem \u0101das boj\u0101jumiem.<\/li>\n<li>Ne\u0101rst\u0113jamu \u010d\u016blainu br\u016b\u010du apr\u016bpei.<\/li>\n<\/ul>\n<h5>Lieto\u0161anas instrukcija<\/h5>\n<p>Tikai \u0101r\u0113jai lieto\u0161anai!<\/p>\n<ul class=\"vetom-list\">\n<li><strong>Devas:<\/strong> Uzkl\u0101jiet k\u0101rti\u0146u uz boj\u0101t\u0101s virsmas 1-2 reizes dien\u0101.<\/li>\n<li><strong>Ilgums:<\/strong> \u0100rst\u0113\u0161ana j\u0101turpina l\u012bdz piln\u012bgai atvese\u013co\u0161anai.<\/li>\n<li><strong>Saisto\u0161s:<\/strong> Ar Bioseptin apstr\u0101d\u0101tas br\u016bces <strong>nav nepiecie\u0161ama p\u0101rsie\u0161ana<\/strong>, jo izveidojusies biofilma aizsarg\u0101 \u0161o vietu.<\/li>\n<\/ul>\n<h5>Dro\u0161\u012bba un uzglab\u0101\u0161ana<\/h5>\n<ul class=\"vetom-list\">\n<li><strong>Tas ir dro\u0161s:<\/strong> Var lietot ar\u012b gr\u016bsniem dz\u012bvniekiem un dz\u012bvniekiem lakt\u0101cijas period\u0101. Blakuspar\u0101d\u012bbas nav zin\u0101mas.<\/li>\n<li><strong>Kontrindik\u0101cijas:<\/strong> Nelietot vienlaikus ar antibiotikas vai sulfonam\u012bdus saturo\u0161\u0101m zied\u0113m.<\/li>\n<li><strong>Uzglab\u0101\u0161ana:<\/strong> Neatv\u0113rtus uzglab\u0101t ledusskap\u012b (0-10 \u00b0C). <strong>Var lietot l\u012bdz 15 dien\u0101m p\u0113c atv\u0113r\u0161anas un uzglab\u0101t istabas temperat\u016br\u0101!<\/strong><\/li>\n<\/ul>","protected":false},"excerpt":{"rendered":"<div class=\"plashka\">A <strong>Bioseptin<\/strong> probiotikas ziede dzied\u0113 br\u016bces, apdegumus un \u0101das iekaisumus ar dz\u012bvu bakt\u0113riju floru. Dabiska alternat\u012bva tradicion\u0101lajiem antiseptiskajiem l\u012bdzek\u013ciem.<\/div>\n<h5>Galvenie ieguvumi:<\/h5>\n<ul class=\"vetom-list\">\n<li><strong>Dabiska br\u016b\u010du dz\u012b\u0161ana:<\/strong> Tas no\u0146em atmiru\u0161os audus un atjauno \u0101du.<\/li>\n<li><strong>Neredzamie p\u0101rs\u0113ji:<\/strong> Tas veido biofilmu br\u016bc\u0113, t\u0101p\u0113c nav nepiecie\u0161ams p\u0101rs\u0113js.<\/li>\n<li><strong>Univers\u0101ls:<\/strong> Dro\u0161s su\u0146iem, ka\u0137iem, zirgiem un citiem dz\u012bvniekiem.<\/li>\n<li><strong>Maigs:<\/strong> Bez dz\u0113lieniem, pretiekaisuma l\u012bdzeklis.<\/li>\n<\/ul>","protected":false},"featured_media":7380,"comment_status":"open","ping_status":"closed","template":"","meta":[],"product_brand":[],"product_cat":[42,38],"product_tag":[],"class_list":{"0":"post-7379","1":"product","2":"type-product","3":"status-publish","4":"has-post-thumbnail","6":"product_cat-bioseptin-kenocs","7":"product_cat-vektor-animals-vetom","9":"first","10":"outofstock","11":"featured","12":"taxable","13":"shipping-taxable","14":"purchasable","15":"product-type-simple"},"_links":{"self":[{"href":"https:\/\/vetomshop.hu\/lv\/wp-json\/wp\/v2\/product\/7379","targetHints":{"allow":["GET"]}}],"collection":[{"href":"https:\/\/vetomshop.hu\/lv\/wp-json\/wp\/v2\/product"}],"about":[{"href":"https:\/\/vetomshop.hu\/lv\/wp-json\/wp\/v2\/types\/product"}],"replies":[{"embeddable":true,"href":"https:\/\/vetomshop.hu\/lv\/wp-json\/wp\/v2\/comments?post=7379"}],"wp:featuredmedia":[{"embeddable":true,"href":"https:\/\/vetomshop.hu\/lv\/wp-json\/wp\/v2\/media\/7380"}],"wp:attachment":[{"href":"https:\/\/vetomshop.hu\/lv\/wp-json\/wp\/v2\/media?parent=7379"}],"wp:term":[{"taxonomy":"product_brand","embeddable":true,"href":"https:\/\/vetomshop.hu\/lv\/wp-json\/wp\/v2\/product_brand?post=7379"},{"taxonomy":"product_cat","embeddable":true,"href":"https:\/\/vetomshop.hu\/lv\/wp-json\/wp\/v2\/product_cat?post=7379"},{"taxonomy":"product_tag","embeddable":true,"href":"https:\/\/vetomshop.hu\/lv\/wp-json\/wp\/v2\/product_tag?post=7379"}],"curies":[{"name":"wp","href":"https:\/\/api.w.org\/{rel}","templated":true}]}}