{"id":5220,"date":"2024-03-06T12:36:43","date_gmt":"2024-03-06T11:36:43","guid":{"rendered":"https:\/\/vetomshop.hu\/?page_id=5220"},"modified":"2025-06-02T08:45:13","modified_gmt":"2025-06-02T06:45:13","slug":"szallitas-es-fizetes","status":"publish","type":"page","link":"https:\/\/vetomshop.hu\/mt\/szallitas-es-fizetes\/","title":{"rendered":"Kunsinna ta&#039; pakketti domesti\u010bi"},"content":{"rendered":"<p><img decoding=\"async\" class=\"wp-image-5799 alignright\" src=\"https:\/\/vetomshop.hu\/wp-content\/uploads\/2024\/06\/gerb.png\" alt=\"\" width=\"555\" srcset=\"https:\/\/vetomshop.hu\/wp-content\/uploads\/2024\/06\/gerb.png 1200w, https:\/\/vetomshop.hu\/wp-content\/uploads\/2024\/06\/gerb-300x219.png 300w, https:\/\/vetomshop.hu\/wp-content\/uploads\/2024\/06\/gerb-1024x748.png 1024w, https:\/\/vetomshop.hu\/wp-content\/uploads\/2024\/06\/gerb-768x561.png 768w, https:\/\/vetomshop.hu\/wp-content\/uploads\/2024\/06\/gerb-600x438.png 600w\" sizes=\"(max-width: 1200px) 100vw, 1200px\" \/><\/p>\n<h2>Kollezzjoni personali<\/h2>\n<p style=\"padding-left: 40px;\">8112, Zichy\u00fajfalu, Kast\u00e9lykert 1<\/p>\n<p style=\"padding-left: 40px;\">\u0126in tal-\u0121bir personali: b&#039;arran\u0121ament minn qabel biss bid-dettalji ta&#039; kuntatt li \u0121ejjin<\/p>\n<ul>\n<li style=\"list-style-type: none;\">\n<ul>\n<li><strong>Telefon<\/strong>:\u00a0<a href=\"http:\/\/Tel:+36305573846\" target=\"_blank\" rel=\"noopener noreferrer nofollow\">+36305573846<\/a> Qassis Tumas<\/li>\n<li><strong>Email 1<\/strong>: <a href=\"mailto:vetomshop.hu@gmail.com\" target=\"_blank\" rel=\"noopener\">vetomshop.hu@gmail.com<\/a><\/li>\n<li><strong>Email 2<\/strong>:i<a href=\"mailto:infoshop.vetom.magyarorszag@gmail.com\" target=\"_blank\" rel=\"noopener\">nfoshop.vetom.ungary@<wbr \/>gmail.com<\/a><\/li>\n<li>jew ming\u0127and l-imsie\u0127ba tag\u0127na madwar il-pajji\u017c, li d-dettalji ta&#039; kuntatt tag\u0127hom jistg\u0127u jinstabu fuq il-websajt tag\u0127na.<\/li>\n<\/ul>\n<\/li>\n<\/ul>\n<h2><span style=\"color: #ff0000;\">Kunsinna:<\/span><\/h2>\n<p>Fil-\u0127anut tag\u0127na tista&#039; tag\u0127\u017cel minn dawn l-g\u0127a\u017cliet ta&#039; kunsinna u \u0127las:<\/p>\n<p style=\"padding-left: 40px;\"><span style=\"color: #339966;\"><strong>Servizz ta&#039; kurrier GLS<\/strong><\/span> u <span style=\"color: #339966;\"><strong>Terminal tal-pakketti Foxpost<\/strong><\/span><\/p>\n<p style=\"padding-left: 40px;\"><em><strong>40.000<\/strong> Il-kunsinna hija bla \u0127las g\u0127al ordnijiet &#039;il fuq minn HUF 1000!<\/em><\/p>\n<h2><span style=\"color: #008000;\">Servizz ta&#039; kurrier tal-GLS:<\/span><\/h2>\n<p><img decoding=\"async\" class=\"wp-image-5803 alignleft\" style=\"margin-top: -10px;\" src=\"https:\/\/vetomshop.hu\/wp-content\/uploads\/2024\/06\/gls-logo.png\" alt=\"\" width=\"350\" srcset=\"https:\/\/vetomshop.hu\/wp-content\/uploads\/2024\/06\/gls-logo.png 885w, https:\/\/vetomshop.hu\/wp-content\/uploads\/2024\/06\/gls-logo-300x80.png 300w, https:\/\/vetomshop.hu\/wp-content\/uploads\/2024\/06\/gls-logo-768x204.png 768w, https:\/\/vetomshop.hu\/wp-content\/uploads\/2024\/06\/gls-logo-600x159.png 600w\" sizes=\"(max-width: 885px) 100vw, 885px\" \/>G\u0127al ordnijiet imqieg\u0127da fil-GLS Parcel Point, il-\u0127las jista&#039; jsir fi flus kontanti jew b&#039;karta tal-bank f&#039;xi postijiet (ta&#039; min jistaqsi minn qabel fil-Parcel Point mog\u0127ti) <b>Jekk titlob li l-kunsinna ssir f'kaxxa tal-pakketti GLS jew f'punt tal-pakketti GLS, trid tidda\u0127\u0127al l-indirizz tal-kaxxa tal-pakketti fil-qasam tal-indirizz tal-kunsinna jew fis-sezzjoni tal-kummenti meta tag\u0127mel l-ordni tieg\u0127ek.<\/b><\/p>\n<ul>\n<li>Meta l-pakkett jintbag\u0127at, is-sistema tas-Servizz tal-Kurrier tal-GLS tinnotifika lir-ri\u010bevitur permezz ta&#039; email li l-pakkett tieg\u0127u se jitwassal fil-jum ta&#039; negozju li jmiss. L-email fiha n-numru tal-pakkett u l-ammont ta&#039; kwalunkwe COD. Filg\u0127odu tal-jum tal-kunsinna, ir-ri\u010bevitur jir\u010bievi notifika, li tinkludi n-numru tat-telefon tal-kurrier, in-numru tat-telefon tas-Servizz tal-Klijenti tal-GLS u tieqa ta&#039; \u017cmien ta&#039; 3 sig\u0127at g\u0127all-kunsinna mistennija. Fil-ka\u017c ta&#039; tentattiv ta&#039; kunsinna li ma jirnexxix, tintbag\u0127at notifika bl-email lir-ri\u010bevitur.<\/li>\n<li><b>Sib il-GLS Parcel Point:<\/b> <span style=\"color: #ff0000;\"><a style=\"color: #ff0000;\" href=\"https:\/\/gls-group.eu\/HU\/hu\/csomagpont-kereses\" target=\"_blank\" rel=\"noopener noreferrer nofollow\" data-saferedirecturl=\"https:\/\/www.google.com\/url?q=https:\/\/gls-group.eu\/HU\/hu\/csomagpont-kereses&amp;source=gmail&amp;ust=1709714712502000&amp;usg=AOvVaw3hrSNVVmvMC6btceWutRDK\">https:\/\/gls-group.eu\/<wbr \/>HU\/hu\/parcel-point-search<\/a><\/span><br \/>\n<b>\u0126in tal-kunsinna:<\/b> 1\u20133 ijiem ta&#039; xog\u0127ol<br \/>\n<b>\u0126las tat-tba\u0127\u0127ir:<\/b> 1590, \u2013 HUF,<br \/>\n<strong>\u0126las:<\/strong> B&#039;\u0127las bil-quddiem (0,- HUF) jew bi \u0127las mal-kunsinna, li l-prezz tieg\u0127u huwa + 400,- HUF<\/li>\n<\/ul>\n<p>Dawn il-prezzijiet japplikaw biss g\u0127al kunsinni fl-Ungerija. Jekk tixtieq li l-pakkett tieg\u0127ek jitwassal barra minn Malta, jekk jog\u0127\u0121bok staqsi direttament bl-email dwar l-ispi\u017ca tat-tba\u0127\u0127ir qabel jew wara li tag\u0127mel l-ordni tieg\u0127ek.<\/p>\n<h2><span style=\"color: #008000;\">Servizz tal-kurrier FOXPOST:<\/span><\/h2>\n<p><img decoding=\"async\" class=\"wp-image-5807 alignleft\" style=\"margin-top: -10px;\" src=\"https:\/\/vetomshop.hu\/wp-content\/uploads\/2024\/06\/foxpost-.png\" alt=\"\" width=\"350\" srcset=\"https:\/\/vetomshop.hu\/wp-content\/uploads\/2024\/06\/foxpost-.png 1267w, https:\/\/vetomshop.hu\/wp-content\/uploads\/2024\/06\/foxpost--300x151.png 300w, https:\/\/vetomshop.hu\/wp-content\/uploads\/2024\/06\/foxpost--1024x516.png 1024w, https:\/\/vetomshop.hu\/wp-content\/uploads\/2024\/06\/foxpost--768x387.png 768w, https:\/\/vetomshop.hu\/wp-content\/uploads\/2024\/06\/foxpost--600x302.png 600w\" sizes=\"(max-width: 1267px) 100vw, 1267px\" \/>Fil-\u0127anut tag\u0127na, tista&#039; wkoll titlob li l-ordni tieg\u0127ek titwassal f&#039;magna tal-pakketti Foxpost.<\/p>\n<p style=\"padding-left: 40px;\"><span style=\"color: #ff0000;\"><a style=\"color: #ff0000;\" href=\"https:\/\/foxpost.hu\/csomagautomatak\" target=\"_blank\" rel=\"noopener noreferrer nofollow\" data-saferedirecturl=\"https:\/\/www.google.com\/url?q=https:\/\/foxpost.hu\/csomagautomatak&amp;source=gmail&amp;ust=1709714712502000&amp;usg=AOvVaw1Y_RPFbUPlHU38HiM-T9Re\">https:\/\/foxpost.hu\/<wbr \/>magni tal-pakketti<\/a><\/span><\/p>\n<p><strong>Jekk tixtieq li l-pakkett tieg\u0127ek ji\u0121i kkonsenjat f'kaxxa tal-pakketti ta' Foxpost, jekk jog\u0127\u0121bok da\u0127\u0127al l-indirizz tal-kaxxa tal-pakketti fil-qasam tal-indirizz tal-kunsinna jew fis-sezzjoni tal-kummenti meta tag\u0127mel l-ordni tieg\u0127ek.<\/strong><\/p>\n<h3>Metodi ta&#039; \u0127las:<\/h3>\n<p><strong>\u0126in tal-kunsinna:<\/strong> 1\u20133 ijiem ta&#039; xog\u0127ol<br \/>\n<strong>\u0126las tat-tba\u0127\u0127ir:<\/strong> 1390, \u2013 HUF,<br \/>\n<strong>\u0126las:<\/strong> B&#039;\u0127las bil-quddiem (0, \u2013 HUF) jew bi \u0127las mal-kunsinna, li jiswa +350, \u2013 HUF<\/p>\n<h3>Metodi ta&#039; \u0127las:<\/h3>\n<h4 style=\"padding-left: 40px;\">\u0126las mal-kunsinna<\/h4>\n<p>Jekk tag\u0127\u017cel il-metodu ta&#039; \u0127las bi \u0127las mal-kunsinna, il-\u0127las g\u0127all-o\u0121\u0121etti jsir fil-punt tal-\u0121bir (g\u0127and il-kurrier jew f&#039;uffi\u010b\u010bju postali\/punt tal-pakketti) malli tasal l-o\u0121\u0121etti. Dan il-metodu ta&#039; \u0127las g\u0127andu tariffa g\u0127all-immani\u0121\u0121jar, g\u0127alhekk ni\u010b\u010bar\u0121jaw 350 jew 400 HUF addizzjonali g\u0127al kull pakkett minbarra t-tariffa ba\u017cika tat-tba\u0127\u0127ir. Fil-ka\u017c ta&#039; \u0127las bi flus kontanti, jekk jog\u0127\u0121bok ipprepara l-ammont e\u017catt, g\u0127ax il-kurrier mhux dejjem ikollu l-ammont xieraq ta&#039; bidla.<\/p>\n<h4 style=\"padding-left: 40px;\">Trasferiment bankarju bil-quddiem<\/h4>\n<p>Jekk tag\u0127\u017cel li t\u0127allas permezz ta&#039; trasferiment bankarju minn qabel, wara li nivverifikaw l-istokk, nibag\u0127tulek Notifika tal-Fattura (Fattura) bl-e-mail, li fiha d-dejta me\u0127tie\u0121a g\u0127at-trasferiment u l-ammont e\u017catt finali. Jekk jog\u0127\u0121bok ittrasferixxi l-prezz tax-xiri fil-kont bankarju tag\u0127na fi \u017cmien 72 sieg\u0127a minn meta tibg\u0127at il-Fattura, inkella l-ordni tieg\u0127ek titqies nulla u bla effett. Nixtiequ ni\u0121bdu l-attenzjoni tieg\u0127ek g\u0127all-fatt li m&#039;g\u0127andekx tibda t-trasferiment bankarju sakemm il-Fattura ma tkunx waslet fil-kaxxa tal-posta tieg\u0127ek! Id-dejta me\u0127tie\u0121a g\u0127at-trasferiment hija inklu\u017ca fil-fattura ma\u0127ru\u0121a.<\/p>\n<h4 style=\"padding-left: 40px;\">Jekk jog\u0127\u0121bok innota wkoll dan li \u0121ej:<\/h4>\n<p>Inti tir\u010bievi notifika bl-email dwar il-konsenja u l-wasla mistennija tal-pakkett tieg\u0127ek, g\u0127alhekk biex tevita nuqqas ta&#039; ftehim u inkonvenjenzi, jekk jog\u0127\u0121bok i\u010b\u010bekkja l-kaxxa tal-posta tieg\u0127ek regolarment wara li tag\u0127mel l-ordni tieg\u0127ek. Jekk tesperjenza xi irregolaritajiet bl-ordni tieg\u0127ek, jekk jog\u0127\u0121bok ikkuntattjana fuq <a href=\"mailto:vetomshop.hu@gmail.com\" target=\"_blank\" rel=\"noopener\">vetomshop.hu@gmail.com<\/a> Meta tag\u0127mel l-ordni tieg\u0127ek, jekk jog\u0127\u0121bok i\u010b\u010bekkja li tajt ismek e\u017catt, l-indirizz, l-indirizz elettroniku u n-numru tat-telefon tieg\u0127ek. Il-persuna li twassal il-pakkett mhux bilfors tkun familjari mal-kundizzjonijiet lokali, g\u0127alhekk jekk me\u0127tie\u0121, ipprovdi informazzjoni addizzjonali biex tiffa\u010bilita kunsinna b&#039;su\u010b\u010bess. Jekk il-kunsinna tfalli min\u0127abba t-tort tieg\u0127ek, nistg\u0127u nag\u0127tu l-pakkett lill-persuna li twassal biss wara li tkun \u0127allast il-mi\u017cata tat-tba\u0127\u0127ir mill-\u0121did. Huwa importanti li jekk il-pakkett ikun vi\u017cibbilment bil-\u0127sara jew miftu\u0127, ma ta\u010b\u010bettahx u tinfurmana mill-aktar fis possibbli.<\/p>\n<div class=\"logo-posta\"><img decoding=\"async\" class=\"alignnone size-full wp-image-5757\" src=\"https:\/\/vetomshop.hu\/wp-content\/uploads\/2024\/06\/gls_logo.jpg\" alt=\"\" width=\"197\" \/><br \/>\n<img decoding=\"async\" class=\"alignnone size-full wp-image-5758\" src=\"https:\/\/vetomshop.hu\/wp-content\/uploads\/2024\/06\/mpl_logo.jpg\" alt=\"\" width=\"197\" \/><br \/>\n<img decoding=\"async\" class=\"alignnone size-full wp-image-5760\" src=\"https:\/\/vetomshop.hu\/wp-content\/uploads\/2024\/06\/fox_logo.jpg\" alt=\"\" width=\"197\" \/><br \/>\n<img decoding=\"async\" class=\"alignnone size-full wp-image-5759\" src=\"https:\/\/vetomshop.hu\/wp-content\/uploads\/2024\/06\/packeta_logo.jpg\" alt=\"\" width=\"197\" \/><br \/>\n<img decoding=\"async\" class=\"alignnone size-full wp-image-5759\" src=\"https:\/\/vetomshop.hu\/wp-content\/uploads\/2025\/02\/fedex_logo.jpg\" alt=\"\" width=\"197\" \/><\/div>\n<div id=\"gtx-trans\" style=\"position: absolute; left: 39px; top: 1545.89px;\">\n<div class=\"gtx-trans-icon\"><\/div>\n<\/div>","protected":false},"excerpt":{"rendered":"<p>Szem\u00e9lyes \u00e1tv\u00e9tel 8112, Zichy\u00fajfalu, Kast\u00e9lykert 1 A szem\u00e9lyes \u00e1tv\u00e9tel ideje: kiz\u00e1r\u00f3lag el\u0151zetes egyeztet\u00e9ssel a k\u00f6vetkez\u0151 el\u00e9rhet\u0151s\u00e9geken Telefon:\u00a0+36305573846 Pap Tam\u00e1s Email 1: vetomshop.hu@gmail.com Email 2: infoshop.vetom.magyarorszag@gmail.com vagy orsz\u00e1gszerte a partnereinkt\u0151l, melyeknek el\u00e9rhet\u0151s\u00e9g\u00fck a weboldalunkon is megtal\u00e1lhat\u00f3 Kisz\u00e1ll\u00edt\u00e1s: \u00c1ruh\u00e1zunkban az al\u00e1bbi kisz\u00e1ll\u00edt\u00e1si \u00e9s fizet\u00e9si lehet\u0151s\u00e9gek k\u00f6z\u00fcl v\u00e1laszthat: GLS fut\u00e1rszolg\u00e1lat \u00e9s Foxpost csomagautomata 40.000 Forint rendel\u00e9si \u00e9rt\u00e9k felett [&hellip;]<\/p>\n","protected":false},"author":9,"featured_media":0,"parent":0,"menu_order":0,"comment_status":"closed","ping_status":"closed","template":"","meta":{"footnotes":""},"class_list":["post-5220","page","type-page","status-publish","hentry"],"_links":{"self":[{"href":"https:\/\/vetomshop.hu\/mt\/wp-json\/wp\/v2\/pages\/5220","targetHints":{"allow":["GET"]}}],"collection":[{"href":"https:\/\/vetomshop.hu\/mt\/wp-json\/wp\/v2\/pages"}],"about":[{"href":"https:\/\/vetomshop.hu\/mt\/wp-json\/wp\/v2\/types\/page"}],"author":[{"embeddable":true,"href":"https:\/\/vetomshop.hu\/mt\/wp-json\/wp\/v2\/users\/9"}],"replies":[{"embeddable":true,"href":"https:\/\/vetomshop.hu\/mt\/wp-json\/wp\/v2\/comments?post=5220"}],"version-history":[{"count":8,"href":"https:\/\/vetomshop.hu\/mt\/wp-json\/wp\/v2\/pages\/5220\/revisions"}],"predecessor-version":[{"id":6763,"href":"https:\/\/vetomshop.hu\/mt\/wp-json\/wp\/v2\/pages\/5220\/revisions\/6763"}],"wp:attachment":[{"href":"https:\/\/vetomshop.hu\/mt\/wp-json\/wp\/v2\/media?parent=5220"}],"curies":[{"name":"wp","href":"https:\/\/api.w.org\/{rel}","templated":true}]}}