{"id":225,"date":"2016-09-02T11:41:41","date_gmt":"2016-09-02T09:41:41","guid":{"rendered":"https:\/\/demos.artbees.net\/jupiter\/herse\/?post_type=product&#038;p=225"},"modified":"2026-04-12T08:29:44","modified_gmt":"2026-04-12T06:29:44","slug":"vetom1-1-etrend-kiegeszito","status":"publish","type":"product","link":"https:\/\/vetomshop.hu\/mt\/product\/vetom1-1-etrend-kiegeszito\/","title":{"rendered":"Vetom Probijotiku <span style=\"color:red\">1.1<\/span><br> kapsula <span style=\"color:red\">50 qam\u0127<\/span> (suppliment tad-dieta)"},"content":{"rendered":"<h2>Kapsuli probjoti\u010bi Vetom 1.1, 50 kapsuli (suppliment dietetiku)<\/h2>\n<p>Essenzjalment, il-probijoti\u010bi VETOM jistg\u0127u jintu\u017caw g\u0127al kwalunkwe marda, peress li huma adattati biex isolvu problemi serji \u2013 jirrestawraw il-mikroflora u jottimizzaw l-attivit\u00e0 tas-sistema immunitarja.<\/p>\n<p>Vetom 1.1 g\u0127andu l-effetti benefi\u010bi tieg\u0127u min\u0127abba l-batterji *Bacillus subtilis* li fih. Dawn il-batterji benefi\u010bi jimmultiplikaw fl-intestinu kbir u jipprodu\u010bu enzimi varji u sustanzi bijolo\u0121ikament attivi li:<\/p>\n<p>Jinibixxu t-tkabbir ta' batterji u fungi ta' \u0127sara,<br \/>\n* jg\u0127in jiddisintegra l-proteini, l-istarke\u017c u l-fibri tal-pjanti,<br \/>\njappo\u0121\u0121ja s-sistema immunitarja,<br \/>\njg\u0127in jiddetossifika l-\u0121isem,<br \/>\n* jippromwovi assorbiment a\u0127jar tan-nutrijenti.<\/p>\n<h2>U\u017cu regolari tal-prodott:<\/h2>\n<p>* jirrestawra l-bilan\u010b b'sa\u0127\u0127tu tal-flora intestinali,<br \/>\n* itejjeb id-di\u0121estjoni,<br \/>\nJtaffi s-sintomi tal-aller\u0121ija,<br \/>\njappo\u0121\u0121ja r-regenerazzjoni tat-tessuti u t-tne\u0127\u0127ija ta\u010b-\u010belloli morda,<br \/>\nIttejjeb l-effetti ta' medi\u010bini o\u0127ra filwaqt li jnaqqas l-effetti sekondarji tag\u0127hom.<br \/>\nJipprote\u0121i l-\u0121isem fil-livell \u010bellulari, jg\u0127in jipprevjeni l-i\u017cvilupp tat-tumuri<\/p>\n<h2>Karatteristi\u010bi:<\/h2>\n<p>Effett antibatteriku u antifungali<br \/>\nAntivirali, li jsa\u0127\u0127a\u0127 l-immunit\u00e0, anti-tumur<br \/>\nMa jikkaw\u017cax effetti sekondarji<br \/>\nMa ti\u017cviluppax dipendenza<br \/>\nMa tistax tie\u0127u do\u017ca \u017cejda<\/p>\n<h2>Applikazzjoni:<\/h2>\n<p>Vetom 1.1 huwa rakkomandat biex itejjeb il-kundizzjoni tal-istonku u tal-imsaren u jer\u0121a' jibni l-bilan\u010b tal-flora intestinali.<\/p>\n<h2>Do\u017ca\u0121\u0121:<\/h2>\n<p>\u0126u kapsula wa\u0127da 2\u20133 darbiet kuljum g\u0127al 10 ijiem, qabel, waqt jew wara l-ikliet, ma' ammont \u017cg\u0127ir ta' likwidu (ilma, te' jew \u0121us tal-frott). I\u010b\u010bekkja r-reazzjonijiet tal-\u0121isem tieg\u0127ek waqt li qed tie\u0127u s-suppliment u, jekk me\u0127tie\u0121, \u017cid gradwalment id-do\u017ca g\u0127al 5\u201310 kapsuli kuljum.<\/p>\n<p>It-trattament jista' ji\u0121i ripetut fi kwalunkwe \u0127in wara waqfa ta' \u0121img\u0127a jew \u0121img\u0127atejn. Huwa rakkomandat li minn \u017cmien g\u0127al \u017cmien jinbidel ma' tipi o\u0127ra ta' prodotti Vetom biex tappo\u0121\u0121ja l-\u0121isem kollu.<\/p>\n<h2>Kontra-indikazzjonijiet:<\/h2>\n<p>* Iper-sensittivit\u00e0 g\u0127al kwalunkwe komponent tal-preparazzjoni<br \/>\n* Ma tu\u017cax flimkien ma' antibijoti\u010bi jew probijoti\u010bi o\u0127ra.<br \/>\nMatul it-tqala u l-allattament, biss b'approvazzjoni medika.<\/p>\n<h2>Informazzjoni o\u0127ra:<\/h2>\n<p>Ma jaffettwax is-sewqan jew l-operazzjoni ta' magni perikolu\u017ci.<br \/>\n\u0126a\u017cna: f'post niexef u kiesa\u0127 (massimu 30 \u00b0C), barra mill-portata tat-tfal<br \/>\nGaranzija: 2 snin mid-data tal-manifattura<br \/>\nImballar: 10 kapsuli f'pakketti blister, 5 pakketti f'kaxxa (50 kapsuli b'kollox)<\/p>\n<h2>Kompo\u017cizzjoni kull kapsula:<\/h2>\n<p>* Estratt tal-qam\u0127: 133 mg<br \/>\n* L-istarke tal-patata: 100 mg<br \/>\nZokkor trab: 67 mg<br \/>\n* Strain batteriku Bacillus subtilis: 0.03 mg<\/p>\n<p>Ekwivalenti alternattiv f'forma ta' g\u0127arg\u0127ar: Vetom 1.23 (10 ml)<\/p>\n<p>Post tal-ori\u0121ini: <strong>Russja<\/strong><\/p>","protected":false},"excerpt":{"rendered":"<h5>Jien se ni\u017cra&#039;. <span style=\"color: red;\">1.1<\/span> kapsuli probjoti\u010bi, 50 kapsuli (suppliment tad-dieta)<\/h5>\n<p>L-effetti benefi\u010bi tieg\u0127u huma dovuti g\u0127all-azzjoni tal-batterji benefi\u010bi Bacillus subtilis, li prin\u010bipalment jimmultiplikaw fil-kolon:<\/p>\n<ul class=\"vetom-list\">\n<li>enzimi proteolitici, amilolitici, cellulolitici;<\/li>\n<li>interferon a-2 lewko\u010biti umani;<\/li>\n<li>bacitracin mg, li jinibixxu t-tkabbir u l-i\u017cvilupp tal-mikroflora patogena u kondizzjonalment patogena;<\/li>\n<li>u sustanzi o\u0127ra biolo\u0121ikament attivi.<\/li>\n<\/ul>\n<div class=\"plashka\">B\u0127ala ri\u017cultat, il-kompo\u017cizzjoni batterika tal-kontenut intestinali ti\u017cviluppa b'mod normali, tnaddaf il-\u0127itan intestinali mir-residwi mhux di\u0121eriti, li jikkontribwixxi g\u0127at-tne\u0127\u0127ija attiva tat-tossini mill-\u0121isem u g\u0127at-trasport ming\u0127ajr ostakli tan-nutrijenti biolo\u0121ikament attivi.<\/div>\n<p>A <strong>Jien se ni\u017cra&#039;. <span style=\"color: red;\">1.1<\/span><\/strong> Ta\u0127t l-influwenza tieg\u0127u, il-metaboli\u017cmu, id-di\u0121estjoni u l-assorbiment tal-komponenti tal-ikel biolo\u0121ikament attivi fil-passa\u0121\u0121 gastro-intestinali jinnormalizzaw.<\/p>\n<p>A <strong>Jien se ni\u017cra&#039;. <span style=\"color: red;\">1.1<\/span><\/strong> J\u017cid l-effettivit\u00e0 tal-medi\u010bini u jnaqqas l-effetti sekondarji negattivi tag\u0127hom fuq il-\u0121isem tal-bniedem.<\/p>\n<div class=\"plashka\"><strong>Effett farmakolo\u0121iku:<\/strong> immunomodulatori, antitumurali, antivirali, antiproliferattivi, battericidi, fungicidi, anti-klamidjali.<\/div>\n<h5>Proprjetajiet:<\/h5>\n<ul class=\"vetom-list\">\n<li>G\u0127andu attivit\u00e0 antagonista g\u0127olja kontra fungi u batterji patogeni\u010bi u kondizzjonalment patogeni\u010bi, u g\u0127andu proprjetajiet antivirali, proteolitici, amilolitici u \u010bellulolitici.<\/li>\n<li>jistimula fatturi \u010bellulari u umorali tal-immunit\u00e0<\/li>\n<li>\u017b\u017cid ir-re\u017cistenza mhux spe\u010bifika tal-\u0121isem<\/li>\n<li>Jistabbilizza r-re\u017cistenza g\u0127all-aller\u0121iji<\/li>\n<li>Jinormalizza l-metaboli\u017cmu<\/li>\n<li>Jistimula l-pro\u010bessi tar-regenerazzjoni, jattakka u jeqred \u010belluli kan\u010bero\u0121eni u morda.<\/li>\n<\/ul>","protected":false},"featured_media":6597,"comment_status":"open","ping_status":"closed","template":"","meta":[],"product_brand":[],"product_cat":[22],"product_tag":[],"class_list":{"0":"post-225","1":"product","2":"type-product","3":"status-publish","4":"has-post-thumbnail","6":"product_cat-vetom-probiotikumok","8":"first","9":"instock","10":"featured","11":"taxable","12":"shipping-taxable","13":"purchasable","14":"product-type-simple"},"_links":{"self":[{"href":"https:\/\/vetomshop.hu\/mt\/wp-json\/wp\/v2\/product\/225","targetHints":{"allow":["GET"]}}],"collection":[{"href":"https:\/\/vetomshop.hu\/mt\/wp-json\/wp\/v2\/product"}],"about":[{"href":"https:\/\/vetomshop.hu\/mt\/wp-json\/wp\/v2\/types\/product"}],"replies":[{"embeddable":true,"href":"https:\/\/vetomshop.hu\/mt\/wp-json\/wp\/v2\/comments?post=225"}],"wp:featuredmedia":[{"embeddable":true,"href":"https:\/\/vetomshop.hu\/mt\/wp-json\/wp\/v2\/media\/6597"}],"wp:attachment":[{"href":"https:\/\/vetomshop.hu\/mt\/wp-json\/wp\/v2\/media?parent=225"}],"wp:term":[{"taxonomy":"product_brand","embeddable":true,"href":"https:\/\/vetomshop.hu\/mt\/wp-json\/wp\/v2\/product_brand?post=225"},{"taxonomy":"product_cat","embeddable":true,"href":"https:\/\/vetomshop.hu\/mt\/wp-json\/wp\/v2\/product_cat?post=225"},{"taxonomy":"product_tag","embeddable":true,"href":"https:\/\/vetomshop.hu\/mt\/wp-json\/wp\/v2\/product_tag?post=225"}],"curies":[{"name":"wp","href":"https:\/\/api.w.org\/{rel}","templated":true}]}}