{"id":2478,"date":"2020-10-20T18:54:23","date_gmt":"2020-10-20T16:54:23","guid":{"rendered":"https:\/\/vetomshop.hu\/?post_type=product&#038;p=2478"},"modified":"2026-04-12T08:28:28","modified_gmt":"2026-04-12T06:28:28","slug":"vetom-2-25-probiotikum-10-ml-csepp","status":"publish","type":"product","link":"https:\/\/vetomshop.hu\/mt\/product\/vetom-2-25-probiotikum-10-ml-csepp\/","title":{"rendered":"Vetom Probijotiku <span style=\"color: red\">2.25<\/span><br>qatra <span style=\"color: red\">10 ml<\/span> (suppliment tad-dieta)"},"content":{"rendered":"<h3>G\u0127arg\u0127ar probjoti\u010bi Vetom 2.25 10 ml (suppliment tad-dieta)<\/h3>\n<p>\u017bew\u0121 ceppi ta' batterji Bacillus amyloliquefaciens (VKPM B-10642 u B-10643)<\/p>\n<p>Vetom 2.25 huwa probiotiku likwidu naturali \u017cviluppat biex jirrestawra l-flora intestinali, jappo\u0121\u0121ja s-sa\u0127\u0127a di\u0121estiva u jsa\u0127\u0127a\u0127 id-difi\u017ci \u0121enerali tal-\u0121isem. L-effika\u010bja e\u010b\u010bezzjonali tieg\u0127u hija min\u0127abba \u017cew\u0121 ceppi ta' batterji *Bacillus amyloliquefaciens* li fih.<\/p>\n<h2>Effetti ewlenin u benefi\u010b\u010bji:<\/h2>\n<p>Effetti antibatteri\u010bi, antivirali, antifungali u kontra l-klamidja<br \/>\nJappo\u0121\u0121ja l-funzjonament tal-imsaren kbar u \u017cg\u0127ar, u jer\u0121a' j\u0121ib lura l-flora intestinali normali.<br \/>\nJappo\u0121\u0121ja s-sistema immunitarja, kemm fil-livell \u010bellulari kif ukoll fid-difi\u017ca \u0121enerali.<br \/>\nJinormalizza l-metaboli\u017cmu, spe\u010bjalment il-bilan\u010b tal-ilma u l-mel\u0127<br \/>\nG\u0127andu effett detossifikanti, jg\u0127in jne\u0127\u0127i l-pro\u010bessi ta' dekompo\u017cizzjoni fl-imsaren.<br \/>\nJnaqqas l-odour mhux mixtieq mill-\u0127alq u s-sintomi asso\u010bjati mat-t\u0127arbiq.<br \/>\nJista' jintu\u017ca b\u0127ala suppliment g\u0127al kundizzjonijiet varji, pere\u017cempju marda tal-fwied, infjammazzjoni intestinali, ul\u010beri fl-istonku, epatite kronika.<br \/>\nL-interferon lewko\u010bitarju uman jipprote\u0121i l-\u0121isem minn infezzjonijiet virali.<br \/>\nMa jikkaw\u017cax dipendenza, sovra-do\u017ca\u0121\u0121 jew effetti sekondarji<br \/>\nXieraq kemm g\u0127at-tfal kif ukoll g\u0127all-adulti<\/p>\n<h2>Meta huwa rakkomandat l-u\u017cu tieg\u0127u?<\/h2>\n<p>Wara trattament b'antibijotiku, biex ter\u0121a' ti\u0121\u0121enera l-flora intestinali.<br \/>\nB\u0127ala suppliment g\u0127at-terapija f'ka\u017cijiet ta' kan\u010ber<br \/>\n*G\u0127al disturbi tad-digesti\u017cjoni, dijarea, stitikezza, ilmenti tal-istonku<br \/>\nF'kundizzjonijiet ta' immunodefi\u010bjenza<br \/>\nF'ka\u017c ta' ri\u0127a tal-\u0121isem mhux pja\u010bevoli jew ri\u0127a mill-\u0127alq<br \/>\nG\u0127all-kura komplementari tal-\u0121ebel fil-kliewi, mard tal-fwied, u problemi gastro-intestinali<\/p>\n<h2>\nDo\u017ca\u0121\u0121 rakkomandat:<\/h2>\n<p>G\u0127al adulti u tfal b'sa\u0127\u0127ithom: Huwa rakkomandat li tu\u017ca 2 qtariet fl-ewwel jiem, imbag\u0127ad i\u017c\u017cid gradwalment id-do\u017ca g\u0127al 4\u20136 qtariet. Osserva r-reazzjonijiet tal-\u0121isem tieg\u0127ek waqt li tie\u0127uha.<br \/>\n*G\u0127al \u010berti mard: 10 qatriet kuljum g\u0127al 10 ijiem<br \/>\nIt-trattament jista' ji\u0121i ripetut wara waqfa ta' \u0121img\u0127a jew \u0121img\u0127atejn.<br \/>\nRakkomandat li jintu\u017ca b'mod alternattiv ma' prodotti o\u0127ra ta' Vetom (e\u017c. Vetom 1, 3, 4, e\u010b\u010b.).<\/p>\n<p>Importanti:<br \/>\nMhux rakkomandat li tie\u0127u dan flimkien ma' probjoti\u010bi orali o\u0127ra jew antibijoti\u010bi, spe\u010bjalment sulfonamidi u a\u0121enti antineoplasti\u010bi.<\/p>\n<h2>Ingredjenti:<\/h2>\n<p>* Estratt tal-qam\u0127 imfermentat bil-ceppi batterj\u010bi li \u0121ejjin:<br \/>\n*Bacillus amyloliquefaciens* VKPM B-10642 (DSM 24614)<br \/>\n*Bacillus amyloliquefaciens* VKPM B-10643 (DSM 24615)<br \/>\nMaterjal tal-karrier<\/p>\n<h2>Imballar u dehra:<\/h2>\n<p>10 ml likwidu f'flixkun tal-\u0127\u0121ie\u0121 jew tal-plastik, imppakkjat f'kaxxa tal-kartun<br \/>\n* Kulur: isfar \u010bar sa kannella skur<br \/>\n* Ri\u0127a karatteristika, sediment \u0127afif jista' jse\u0127\u0127 f'xi ka\u017cijiet (mhux difett fil-kwalit\u00e0)<\/p>\n<p>Pi\u017c: 0.02 kg<br \/>\nDimensjonijiet: 3 \u00d7 3 \u00d7 7 cm<br \/>\nPost ta' ori\u0121ini: <strong>Russja<\/strong><\/p>\n<h2>Kundizzjonijiet ta' \u0127a\u017cna u trasport:<\/h2>\n<p>\u0126a\u017cna: 0\u201310 \u00b0C, umdit\u00e0 relattiva massima ta' 75%<br \/>\nJista' ji\u0121i trasportat f'10\u201330 \u00b0C g\u0127al sa 18-il jum.<br \/>\nWara l-ftu\u0127: \u0127a\u017c\u017cen f'post kiesa\u0127 (0\u201310 \u00b0C)<\/p>","protected":false},"excerpt":{"rendered":"<h5>Kompo\u017cizzjoni:<\/h5>\n<p>Bacillus amyloliquefaciens, VKPM B-10642 <strong>(DSM 24614)<\/strong> u VKPM B- 10643 <strong>(DSM 24615)<\/strong> ceppi ta' bacillus, estratt tal-qam\u0127 fermentat bil-batterji, sustanza portatri\u010bi.<br \/>\n<strong>Dehra tal-preparazzjoni: <\/strong>A <strong>Jien se ni\u017cra&#039;.<\/strong> <span style=\"color: red; font-weight: 800;\">2.25<\/span> <strong>Gocci probjoti\u010bi<\/strong> Likwidu b'ri\u0127a spe\u010bifika, il-kulur tieg\u0127u jvarja minn isfar \u010bar sa kannella skur.<\/p>\n<p><strong>Ippakkjar:<\/strong>\u00a0 flixkun tal-\u0127\u0121ie\u0121 jew tal-plastik f'kaxxa tal-kartun.<\/p>\n<div class=\"plashka\">A <strong>Jien se ni\u017cra&#039;.<\/strong> <span style=\"color: red; font-weight: 800;\">2.25<\/span> J\u017cid l-effettivit\u00e0 tal-medi\u010bini u jnaqqas l-effetti sekondarji negattivi tag\u0127hom fuq il-\u0121isem tal-bniedem.<\/div>\n<h6>Proprjetajiet:<\/h6>\n<ul class=\"vetom-list\">\n<li>jistimula fatturi \u010bellulari u umorali tal-immunit\u00e0<\/li>\n<li>\u017b\u017cid ir-re\u017cistenza mhux spe\u010bifika tal-\u0121isem<\/li>\n<li>Jistabbilizza r-re\u017cistenza g\u0127all-aller\u0121iji<\/li>\n<li>Jinormalizza l-metaboli\u017cmu<\/li>\n<li>Jistimula l-pro\u010bessi tar-ri\u0121enerazzjoni, jattakka u j\u0127assar \u010belloli kan\u010bero\u0121eni u morda.<\/li>\n<\/ul>\n<div class=\"plashka\">Jibdel il-membrana \u010bellulari u l-metaboli\u017cmu, u b'hekk jipprevjeni l-i\u017cvilupp ta\u010b-\u010belloli tal-kan\u010ber.<\/div>","protected":false},"featured_media":6611,"comment_status":"open","ping_status":"closed","template":"","meta":[],"product_brand":[],"product_cat":[22],"product_tag":[],"class_list":{"0":"post-2478","1":"product","2":"type-product","3":"status-publish","4":"has-post-thumbnail","6":"product_cat-vetom-probiotikumok","8":"first","9":"instock","10":"featured","11":"taxable","12":"shipping-taxable","13":"purchasable","14":"product-type-simple"},"_links":{"self":[{"href":"https:\/\/vetomshop.hu\/mt\/wp-json\/wp\/v2\/product\/2478","targetHints":{"allow":["GET"]}}],"collection":[{"href":"https:\/\/vetomshop.hu\/mt\/wp-json\/wp\/v2\/product"}],"about":[{"href":"https:\/\/vetomshop.hu\/mt\/wp-json\/wp\/v2\/types\/product"}],"replies":[{"embeddable":true,"href":"https:\/\/vetomshop.hu\/mt\/wp-json\/wp\/v2\/comments?post=2478"}],"wp:featuredmedia":[{"embeddable":true,"href":"https:\/\/vetomshop.hu\/mt\/wp-json\/wp\/v2\/media\/6611"}],"wp:attachment":[{"href":"https:\/\/vetomshop.hu\/mt\/wp-json\/wp\/v2\/media?parent=2478"}],"wp:term":[{"taxonomy":"product_brand","embeddable":true,"href":"https:\/\/vetomshop.hu\/mt\/wp-json\/wp\/v2\/product_brand?post=2478"},{"taxonomy":"product_cat","embeddable":true,"href":"https:\/\/vetomshop.hu\/mt\/wp-json\/wp\/v2\/product_cat?post=2478"},{"taxonomy":"product_tag","embeddable":true,"href":"https:\/\/vetomshop.hu\/mt\/wp-json\/wp\/v2\/product_tag?post=2478"}],"curies":[{"name":"wp","href":"https:\/\/api.w.org\/{rel}","templated":true}]}}