{"id":2483,"date":"2020-10-20T19:35:14","date_gmt":"2020-10-20T17:35:14","guid":{"rendered":"https:\/\/vetomshop.hu\/?post_type=product&#038;p=2483"},"modified":"2026-04-12T08:28:16","modified_gmt":"2026-04-12T06:28:16","slug":"vetomgin-8-21","status":"publish","type":"product","link":"https:\/\/vetomshop.hu\/mt\/product\/vetomgin-8-21\/","title":{"rendered":"Vetomgin probijotiku <span style=\"color:red\">8.21<\/span> pillola effervexxenti <span style=\"color:red\">15-il bi\u010b\u010ba<\/span> (suppliment tad-dieta)"},"content":{"rendered":"<h2><strong>Vetomgin 8.21 pilloli efferves\u010benti probijoti\u010bi, 15 pilloli (suppliment dietetiku)<\/strong><\/h2>\n<p><span style=\"color: #ff0000;\">Kompo\u017cizzjoni<\/span><\/p>\n<p>1 porzjoni (1 tabletta efferves\u010benti) fiha: addittivi: \u0415500 (karbonat tas-sodju) \u2013 1200 mg \u0415330(a\u010bidu \u010bitru) \u2013 750 mg; kulturi probioti\u010bi niexfa Bacillus subtilis, VKPM B \u2013 10641(DSM 24613),Bacillus amyloliquefaciens, VKPM B \u2013 10643 (DSM 24615) 1\u0445106 CFU\/g \u2013 50 mg.<\/p>\n<p>L-effett benefiku huwa pprovdut mill-proprjetajiet tal-komponenti ta' Vetomgin 8.21. Ta\u0127t l-influwenza tag\u0127hom, jin\u0127oloq kompo\u017cizzjoni mikrobjali spe\u010bifika fl-imsaren u ji\u0121i attivat i\u010b-\u010biklu ta' Krebs. B\u0127ala ri\u017cultat ta' dan il-pro\u010bess, ji\u0121u ottimizzati x-xog\u0127ol tas-sistemi li jipprote\u0121u l-\u0121isem minn sustanzi barranin li jid\u0127lu mill-ambjent estern, inklu\u017ci mikroorgani\u017cmi infettivi, u s-sistema regolatorja tal-\u0121isem, li ti\u017cgura l-provvista attiva ta' ossi\u0121nu lill-\u010belloli; jin\u0127olqu ri\u017cervi ta' ener\u0121ija; ti\u0121i attivata s-sintesi ta' molekuli vitali g\u0127all-\u0121isem: a\u010bidi ammini\u010bi, karboidrati, a\u010bidi grassi, e\u010b\u010b.<\/p>\n<p>Vetomgin 8.21 i\u017cid l-effettivit\u00e0 tal-medi\u010bini u jnaqqas l-effetti sekondarji negattivi tag\u0127hom fuq il-\u0121isem tal-bniedem.<\/p>\n<h5>Proprjetajiet:<\/h5>\n<ul>\n<li>\u00a0L-ebda effetti sekondarji<\/li>\n<li>\u00a0L-ebda restrizzjonijiet ta' et\u00e0<\/li>\n<li>L-ebda sovra-do\u017ca<\/li>\n<li>L-ebda dipendenza<\/li>\n<\/ul>\n<ul class=\"vetom-list\">\n<li>G\u0127andu attivit\u00e0 antagonista g\u0127olja kontra fungi u batterji patogeni\u010bi u kondizzjonalment patogeni\u010bi, u g\u0127andu proprjetajiet antivirali, proteolitici, amilolitici u \u010bellulolitici.<\/li>\n<li>jistimula fatturi \u010bellulari u umorali tal-immunit\u00e0<\/li>\n<li>\u017b\u017cid ir-re\u017cistenza mhux spe\u010bifika tal-\u0121isem<\/li>\n<li>Jistabbilizza r-re\u017cistenza g\u0127all-aller\u0121iji<\/li>\n<li>Jinormalizza l-metaboli\u017cmu<\/li>\n<li>Jistimula l-pro\u010bessi tar-ri\u0121enerazzjoni, jattakka u j\u0127assar \u010belloli kan\u010bero\u0121eni u morda.<\/li>\n<\/ul>\n<p><span style=\"color: #ff0000;\">Qasam ta' applikazzjoni<\/span><br \/>\nMikroorgani\u017cmi probjoti\u010bi b\u0127ala sors supplimentari biex itejbu l-kwalit\u00e0 tal-\u0127ajja.<br \/>\n<span style=\"color: #ff0000;\">Applikazzjoni<\/span><br \/>\nDo\u017ca rakkomandata: 3 pilloli efferves\u010benti kuljum f'intervalli regolari g\u0127al 10 ijiem.<br \/>\nIdde\u017colvi 1 tablet f'biccher ta' ilma. .<br \/>\nIt-tabletta m'g\u0127andhiex tin\u0121el, tin\u0127awwad jew ti\u0121i assorbitata.<br \/>\n<span style=\"color: #ff0000;\">Kontra-indikazzjonijiet<\/span><br \/>\nIper-sensittivit\u00e0 g\u0127al kwalunkwe wie\u0127ed mill-ingredjenti tal-medi\u010bina.<br \/>\nIstruzzjonijiet spe\u010bjali<br \/>\nMatul it-tqala u l-allattament, jista' jintu\u017ca biss wara li tikkonsulta tabib. Il-prodott ma jaffettwax il-kapa\u010bit\u00e0 li tmexxi karozza jew tu\u017ca magni potenzjalment perikolu\u017ci.<br \/>\n<span style=\"color: #ff0000;\">ippakkjar<\/span><br \/>\n15 tablitti efferves\u010benti ta' 2 g, imqassma f'karta tal-pergamena f'gruppi ta' 3 f'kaxxa tal-kartun. Istruzzjonijiet g\u0127all-u\u017cu inklu\u017ci.<br \/>\n<span style=\"color: #ff0000;\">Kundizzjonijiet ta' \u0127a\u017cna<\/span><br \/>\nJista' jin\u0127a\u017cen f'umdit\u00e0 relattiva ta' 75% u f'temperatura ta\u0127t 30\u00b0C. \u017bomm 'il bog\u0127od mit-tfal.<br \/>\n<span style=\"color: #ff0000;\">Perjodu tal-garanzija<\/span><br \/>\n4 snin mid-data tal-manifattura. Ma tikkonsumax wara d-data ta' skadenza.<br \/>\nVetomgin 8.21 mhux klassifikat b\u0127ala medi\u010bina.<\/p>\n<p><span style=\"color: #0000ff;\">Direttament mill-fabbrika, l-a\u0127jar prezz g\u0127al Vetom Probiotic, kwalit\u00e0 premium.<\/span><\/p>\n<h3><strong><span style=\"color: #ff0000;\">Cemmedic Europe Ltd. hija d-distributur uffi\u010bjali g\u0127all-Ungerija!<\/span><\/strong><\/h3>","protected":false},"excerpt":{"rendered":"<h5>Kompo\u017cizzjoni<\/h5>\n<p>1 porzjoni (<strong>1 tabletta efferves\u010benti<\/strong>) fih addittivi:<\/p>\n<ul>\n<li><strong>E500<\/strong> (Karbonat tas-sodju) \u2013 1200 mg<\/li>\n<li><strong>E330<\/strong> (lemon strip) \u2013 750 mg;<\/li>\n<li>kultura probijotika niexfa <strong>Ba\u010bil subtilis<\/strong>, VKPM B \u2013 10641(DSM 24613),<\/li>\n<li><strong>Bacillus amyloliquefaciens<\/strong>, VKPM B \u2013 10642 (DSM 24614),<\/li>\n<li><strong>Bacillus amyloliquefaciens<\/strong>, VKPM B \u2013 10643 (DSM 24615) 1X106 KTJ\/g \u2013 50 mg.<\/li>\n<\/ul>\n<p>L-effett benefiku tieg\u0127u fuq <strong>Vetomgin <span style=\"color:red\">8.21<\/span><\/strong> Il-proprjetajiet tal-komponenti tag\u0127hom ji\u017cguraw dan. Ta\u0127t l-influwenza tag\u0127hom, jin\u0127oloq kompo\u017cizzjoni mikrobjali spe\u010bifika fl-imsaren u ji\u0121i attivat i\u010b-\u010biklu ta' Krebs. B\u0127ala ri\u017cultat ta' dan il-pro\u010bess, ji\u0121i ottimizzat ix-xog\u0127ol tas-sistemi li jipprote\u0121u l-\u0121isem minn sustanzi barranin li jid\u0127lu mill-ambjent estern, inklu\u017ci mikroorgani\u017cmi infettivi, u ji\u0121i ottimizzat ukoll is-sistema regolatorja tal-\u0121isem li ti\u017cgura l-provvista attiva ta' ossi\u0121nu lill-\u010belloli; jin\u0127olqu ri\u017cervi ta' ener\u0121ija; ti\u0121i attivata s-sintesi ta' molekuli essenzjali g\u0127all-\u0121isem: a\u010bidi ammini\u010bi, karboidrati, a\u010bidi grassi, e\u010b\u010b.<\/p>\n<div class=\"plashka\">A <strong>Vetomgin <span style=\"color:red\">8.21<\/span><\/strong> J\u017cid l-effettivit\u00e0 tal-medi\u010bini u jnaqqas l-effetti sekondarji negattivi tag\u0127hom fuq il-\u0121isem tal-bniedem.<\/div>\n<h6>Proprjetajiet:<\/h6>\n<ul class=\"vetom-list\">\n<li>G\u0127andu attivit\u00e0 antagonista g\u0127olja kontra fungi u batterji patogeni\u010bi u kondizzjonalment patogeni\u010bi, u g\u0127andu proprjetajiet antivirali, proteolitici, amilolitici u \u010bellulolitici.<\/li>\n<li>jistimula fatturi \u010bellulari u umorali tal-immunit\u00e0<\/li>\n<li>\u017b\u017cid ir-re\u017cistenza mhux spe\u010bifika tal-\u0121isem<\/li>\n<li>Jistabbilizza r-re\u017cistenza g\u0127all-aller\u0121iji<\/li>\n<li>Jinormalizza l-metaboli\u017cmu<\/li>\n<li>Jistimula l-pro\u010bessi tar-regenerazzjoni, jattakka u jeqred \u010belluli kan\u010bero\u0121eni u morda.<\/li>\n<\/ul>\n<div class=\"plashka\"><strong>Qasam ta' applikazzjoni<\/strong><br \/>\nMikroorgani\u017cmi probjoti\u010bi b\u0127ala sors supplimentari biex itejbu l-kwalit\u00e0 tal-\u0127ajja.<\/div>","protected":false},"featured_media":5558,"comment_status":"open","ping_status":"closed","template":"","meta":[],"product_brand":[],"product_cat":[22],"product_tag":[],"class_list":{"0":"post-2483","1":"product","2":"type-product","3":"status-publish","4":"has-post-thumbnail","6":"product_cat-vetom-probiotikumok","8":"first","9":"instock","10":"featured","11":"taxable","12":"shipping-taxable","13":"purchasable","14":"product-type-simple"},"_links":{"self":[{"href":"https:\/\/vetomshop.hu\/mt\/wp-json\/wp\/v2\/product\/2483","targetHints":{"allow":["GET"]}}],"collection":[{"href":"https:\/\/vetomshop.hu\/mt\/wp-json\/wp\/v2\/product"}],"about":[{"href":"https:\/\/vetomshop.hu\/mt\/wp-json\/wp\/v2\/types\/product"}],"replies":[{"embeddable":true,"href":"https:\/\/vetomshop.hu\/mt\/wp-json\/wp\/v2\/comments?post=2483"}],"wp:featuredmedia":[{"embeddable":true,"href":"https:\/\/vetomshop.hu\/mt\/wp-json\/wp\/v2\/media\/5558"}],"wp:attachment":[{"href":"https:\/\/vetomshop.hu\/mt\/wp-json\/wp\/v2\/media?parent=2483"}],"wp:term":[{"taxonomy":"product_brand","embeddable":true,"href":"https:\/\/vetomshop.hu\/mt\/wp-json\/wp\/v2\/product_brand?post=2483"},{"taxonomy":"product_cat","embeddable":true,"href":"https:\/\/vetomshop.hu\/mt\/wp-json\/wp\/v2\/product_cat?post=2483"},{"taxonomy":"product_tag","embeddable":true,"href":"https:\/\/vetomshop.hu\/mt\/wp-json\/wp\/v2\/product_tag?post=2483"}],"curies":[{"name":"wp","href":"https:\/\/api.w.org\/{rel}","templated":true}]}}