{"id":2695,"date":"2021-05-05T21:07:43","date_gmt":"2021-05-05T19:07:43","guid":{"rendered":"https:\/\/vetomshop.hu\/?post_type=product&#038;p=2695"},"modified":"2023-02-13T18:43:23","modified_gmt":"2023-02-13T17:43:23","slug":"enterosgel-akcios-csomag-3db","status":"publish","type":"product","link":"https:\/\/vetomshop.hu\/mt\/product\/enterosgel-akcios-csomag-3db\/","title":{"rendered":"Offerta spe\u010bjali ta' Enterosgel (pakkett ta' 3 o\u0121\u0121etti)"},"content":{"rendered":"<p>Il-\u00a0<strong>enterosgel\u00a0<\/strong>Jne\u0127\u0127i sustanzi li huma ta' \u0127sara g\u0127all-\u0121isem, i\u017cda ma jassorbi komposti li huma ta' benefi\u010b\u010bju g\u0127all-\u0121isem. Huwa prodott di\u017cinfettant, protettiv u detossifikanti. Huwa sustanza organika b'propjetajiet fi\u017ci\u010bi u kimi\u010bi simili g\u0127al dawk tal-karbonju, li jag\u0127mluh kompatibbli mal-\u0121isem.<\/p>\n<p>Jg\u0127in fid-detossifikazzjoni u sa\u0127ansitra jne\u0127\u0127i virus, batterji, fungi u parassiti, il-fdalijiet tag\u0127hom li jikkaw\u017caw sintomi li jistg\u0127u jkunu diffi\u010bli \u0127afna biex ji\u0121u skoperti.<\/p>\n<p>Fa\u010bli biex tintu\u017ca, tista' tin\u0127all fl-ilma jew f'likwidi o\u0127ra \/ 1-2 dl\/<br \/>\nG\u0127al adulti, \u0127a\u0121a wa\u0127da ta' ikel (15 g) tliet darbiet kuljum, sieg\u0127a u nofs sa \u017cew\u0121 sig\u0127at qabel jew wara l-ikliet.<br \/>\nG\u0127at-tfal, \u0127a\u0121la wa\u0127da mimlija ta' te' (5-10 g) 1-3 darbiet kuljum.<br \/>\nApplikazzjoni rakkomandata: 7-14 ijiem.<\/p>","protected":false},"excerpt":{"rendered":"<p>Il-\u00a0<strong>enterosgel\u00a0<\/strong>Jne\u0127\u0127i sustanzi li huma ta' \u0127sara g\u0127all-\u0121isem, i\u017cda ma jassorbi komposti li huma ta' benefi\u010b\u010bju g\u0127all-\u0121isem. Huwa prodott di\u017cinfettant, protettiv u detossifikanti. Huwa sustanza organika b'propjetajiet fi\u017ci\u010bi u kimi\u010bi simili g\u0127al dawk tal-karbonju, li jag\u0127mluh kompatibbli mal-\u0121isem.<\/p>\n<p>Jg\u0127in fid-detossifikazzjoni u sa\u0127ansitra jne\u0127\u0127i virus, batterji, fungi u parassiti, il-fdalijiet tag\u0127hom li jikkaw\u017caw sintomi li jistg\u0127u jkunu diffi\u010bli \u0127afna biex ji\u0121u skoperti.<\/p>","protected":false},"featured_media":2691,"comment_status":"open","ping_status":"closed","template":"","meta":[],"product_brand":[],"product_cat":[28],"product_tag":[],"class_list":{"0":"post-2695","1":"product","2":"type-product","3":"status-publish","4":"has-post-thumbnail","6":"product_cat-enterosgel","8":"first","9":"instock","10":"sale","11":"taxable","12":"shipping-taxable","13":"purchasable","14":"product-type-simple"},"_links":{"self":[{"href":"https:\/\/vetomshop.hu\/mt\/wp-json\/wp\/v2\/product\/2695","targetHints":{"allow":["GET"]}}],"collection":[{"href":"https:\/\/vetomshop.hu\/mt\/wp-json\/wp\/v2\/product"}],"about":[{"href":"https:\/\/vetomshop.hu\/mt\/wp-json\/wp\/v2\/types\/product"}],"replies":[{"embeddable":true,"href":"https:\/\/vetomshop.hu\/mt\/wp-json\/wp\/v2\/comments?post=2695"}],"wp:featuredmedia":[{"embeddable":true,"href":"https:\/\/vetomshop.hu\/mt\/wp-json\/wp\/v2\/media\/2691"}],"wp:attachment":[{"href":"https:\/\/vetomshop.hu\/mt\/wp-json\/wp\/v2\/media?parent=2695"}],"wp:term":[{"taxonomy":"product_brand","embeddable":true,"href":"https:\/\/vetomshop.hu\/mt\/wp-json\/wp\/v2\/product_brand?post=2695"},{"taxonomy":"product_cat","embeddable":true,"href":"https:\/\/vetomshop.hu\/mt\/wp-json\/wp\/v2\/product_cat?post=2695"},{"taxonomy":"product_tag","embeddable":true,"href":"https:\/\/vetomshop.hu\/mt\/wp-json\/wp\/v2\/product_tag?post=2695"}],"curies":[{"name":"wp","href":"https:\/\/api.w.org\/{rel}","templated":true}]}}