{"id":4392,"date":"2023-08-06T13:27:56","date_gmt":"2023-08-06T11:27:56","guid":{"rendered":"https:\/\/vetomshop.hu\/?post_type=product&#038;p=4392"},"modified":"2026-04-12T08:28:06","modified_gmt":"2026-04-12T06:28:06","slug":"komarov-por-etrend-kiegeszito-40-tasak","status":"publish","type":"product","link":"https:\/\/vetomshop.hu\/mt\/product\/komarov-por-etrend-kiegeszito-40-tasak\/","title":{"rendered":"Trab probijotiku Komarov <span style=\"color: red\">40 qartas<\/span> (suppliment tad-dieta)"},"content":{"rendered":"<h2><strong>Komarov trab \u2013 40 sachet (Suppliment tad-dieta)<\/strong><\/h2>\n<p>Probijotiku naturali b'vitamini u spirulina \u2013 biex tappo\u0121\u0121ja s-sistemi di\u0121estivi u immunitarji<\/p>\n<p>Il-pulver Komarov huwa suppliment dietetiku kumpless li fih probjoti\u010bi, fibra dietetika, vitamini, minerali u spirulina. L-ingredjenti attivi tieg\u0127u jappo\u0121\u0121jaw il-bilan\u010b tal-flora intestinali, id-detossifikazzjoni u l-metaboli\u017cmu, u jsa\u0127\u0127u d-difi\u017ci tal-\u0121isem.<\/p>\n<p>&nbsp;<\/p>\n<h2><strong>Ingredjenti ewlenin:<\/strong><\/h2>\n<p>*Bacillus subtilis VKPM V-10641 (DSM 24613) \u2013 batterji tal-imsaren ta' benefi\u010b\u010bju<\/p>\n<p>Spirulina (al\u0121i blu-\u0127odor) \u2013 sors naturali ta' vitamini u proteini<\/p>\n<p>Il-qoxra tax-xg\u0127ir \u2013 sors ta' fibra tad-dieta<\/p>\n<p>A\u010bidu \u010bitriku, klorur tas-sodju \u2013 vetturi naturali<\/p>\n<p>&nbsp;<\/p>\n<h2><strong>Barra minn hekk, il-prodott fih:<\/strong><\/h2>\n<p>*Vitamini: A, B1, B2, B6, B12, B5, B9, biotin<\/p>\n<p>*Minerali: kal\u010bju, potassju, ma\u0121\u0121e\u017cju, fosfru, \u0127adid, \u017cingu, ram, mangane\u017c, selenju, molibdenu<\/p>\n<p>A\u010bidi grassi mhux saturati: a\u010bidu linoleiku, a\u010bidu linoleniku, a\u010bidu ara\u010bidoniku<\/p>\n<p>&nbsp;<\/p>\n<h2><strong>Effetti ta' benefi\u010b\u010bju:<\/strong><\/h2>\n<p>\u2705 Jg\u0127in id-di\u0121estjoni u l-assorbiment a\u0127jar tan-nutrijenti<\/p>\n<p>\u2705 Jappo\u0121\u0121ja l-bilan\u010b tal-flora intestinali, g\u0127andu effett detossifikanti<\/p>\n<p>\u2705 Jsa\u0127\u0127a\u0127 is-sistema immunitarja u jtejjeb ir-re\u017cistenza tal-\u0121isem<\/p>\n<p>\u2705 Jinnormalizza l-metaboli\u017cmu<\/p>\n<p>\u2705 Jappo\u0121\u0121ja l-pro\u010bessi tar-rigenerazzjoni u jista' jg\u0127in fil-\u0121lieda kontra \u010belloli ta' \u0127sara<\/p>\n<p>\u2705 Jattiva \u010b-\u010biklu ta' Krebs (produzzjoni ta' ener\u0121ija fil-livell \u010bellulari)<\/p>\n<p>\u2705 G\u0127andu proprjetajiet antibatteri\u010bi, antivirali u antifungali<\/p>\n<p>&nbsp;<\/p>\n<h2><strong>Do\u017ca\u0121\u0121 rakkomandat:<\/strong><\/h2>\n<p>G\u0127al \u0121isem b'sa\u0127\u0127tu: mill-inqas 2\u20133 sachets kuljum g\u0127al 10\u201314-il jum. Osserva r-reazzjonijiet tal-\u0121isem tieg\u0127ek matul il-kors tat-trattament u \u017cid id-do\u017ca gradwalment jekk me\u0127tie\u0121.<\/p>\n<p>* G\u0127al \u010berti mard: 7\u201310 saketti kuljum g\u0127al 10 ijiem<\/p>\n<p>* porzjoni 1 = 1 sachet<\/p>\n<p>Il-pulver g\u0127andu jittie\u0127ed mill-\u0127alq, preferibbilment waqt jew wara l-ikel. Huwa aktar fa\u010bli biex jittie\u0127ed meta jit\u0127allat ma' jogurt, krema a\u010bida jew kefir u jittie\u0127ed b'ku\u010b\u010bara.<\/p>\n<p>&nbsp;<\/p>\n<h2><strong>Informazzjoni importanti:<\/strong><\/h2>\n<p>L-ebda effetti sekondarji, l-ebda sovra-do\u017ca\u0121\u0121, l-ebda dipendenza<\/p>\n<p>*L-ebda restrizzjonijiet ta' et\u00e0<\/p>\n<p>Ma g\u0127andux jittie\u0127ed flimkien ma' antibijoti\u010bi jew preparazzjonijiet probijoti\u010bi o\u0127ra.<\/p>\n<p>Mhux rakkomandat f'ka\u017c ta' ipersensittivit\u00e0 g\u0127al kwalunkwe mill-ingredjenti.<\/p>\n<p>&nbsp;<\/p>\n<h2><strong>Ippakkjar:<\/strong><\/h2>\n<p>40 sachet ta' trab ta' 2.5 g f'ippakkjar laminat<\/p>\n<p>Pi\u017c: 0.17 kg<\/p>\n<p>Dimensjonijiet: 18 \u00d7 7 \u00d7 7 cm<\/p>\n<p>Pajji\u017c ta' ori\u0121ini: ir-Russja<\/p>\n<p>&nbsp;<\/p>\n<h2><strong>\u0126a\u017cna:<\/strong><\/h2>\n<p>A\u0127\u017cen f'post niexef u kiesa\u0127 bejn 0 u 30 \u00b0C, b'umdit\u00e0 massima ta' 75%.<\/p>\n<p>Garanzija: 4<strong> sena mid-data tal-manifattura<\/strong>.<\/p>\n<p>Post tal-ori\u0121ini: <strong>Russja<\/strong><\/p>","protected":false},"excerpt":{"rendered":"<h5>Struina VKPM V 10 641 (DSM 24613) Bacillus subtilis<\/h5>\n<div class=\"plashka\"><strong>Materjal tal-karrier:<\/strong> qoxra tax-xg\u0127ir, klorur tas-sodju, al\u0121i blu-\u0127odor spirulina, a\u010bidu \u010bitru.<br \/>\nTrab imfakkar f'sachet tal-karta laminata ta' 2.5 g.<\/div>\n<h5>Applikazzjoni:<\/h5>\n<p>Il-pulver Komarov huwa sustanza bijolo\u0121ikament attiva li fiha mikroorgani\u017cmi probjoti\u010bi, fibra tad-dieta, vitamini (<strong>A, B1, B2, B6, B12, B5, B9, biotin<\/strong>), makroelementi (kal\u010bju, ma\u0121\u0121e\u017cju, fosfru, potassju) u mikroelementi (\u0127adid, mangane\u017cju, ram, \u017cingu, molibdenu, selenu), sors ta' suppliment ta' a\u010bidi grassi mhux saturati (a\u010bidu linoleiku, a\u010bidu linoleniku, a\u010bidu arachidoniku).<\/p>\n<h6>Proprjetajiet:<\/h6>\n<ul class=\"vetom-list\">\n<li>G\u0127andu attivit\u00e0 antagonista g\u0127olja kontra fungi u batterji patogeni\u010bi u kondizzjonalment patogeni\u010bi, u g\u0127andu proprjetajiet antivirali, proteolitici, amilolitici u \u010bellulolitici.<\/li>\n<li>jistimula fatturi \u010bellulari u umorali tal-immunit\u00e0<\/li>\n<li>\u017b\u017cid ir-re\u017cistenza mhux spe\u010bifika tal-\u0121isem<\/li>\n<li>Jistabbilizza r-re\u017cistenza g\u0127all-aller\u0121iji<\/li>\n<li>Jinormalizza l-metaboli\u017cmu<\/li>\n<li>Jistimula l-pro\u010bessi tar-ri\u0121enerazzjoni, jattakka u j\u0127assar \u010belloli kan\u010bero\u0121eni u morda.<\/li>\n<\/ul>","protected":false},"featured_media":5557,"comment_status":"open","ping_status":"closed","template":"","meta":[],"product_brand":[],"product_cat":[22],"product_tag":[],"class_list":{"0":"post-4392","1":"product","2":"type-product","3":"status-publish","4":"has-post-thumbnail","6":"product_cat-vetom-probiotikumok","8":"first","9":"instock","10":"featured","11":"taxable","12":"shipping-taxable","13":"purchasable","14":"product-type-simple"},"_links":{"self":[{"href":"https:\/\/vetomshop.hu\/mt\/wp-json\/wp\/v2\/product\/4392","targetHints":{"allow":["GET"]}}],"collection":[{"href":"https:\/\/vetomshop.hu\/mt\/wp-json\/wp\/v2\/product"}],"about":[{"href":"https:\/\/vetomshop.hu\/mt\/wp-json\/wp\/v2\/types\/product"}],"replies":[{"embeddable":true,"href":"https:\/\/vetomshop.hu\/mt\/wp-json\/wp\/v2\/comments?post=4392"}],"wp:featuredmedia":[{"embeddable":true,"href":"https:\/\/vetomshop.hu\/mt\/wp-json\/wp\/v2\/media\/5557"}],"wp:attachment":[{"href":"https:\/\/vetomshop.hu\/mt\/wp-json\/wp\/v2\/media?parent=4392"}],"wp:term":[{"taxonomy":"product_brand","embeddable":true,"href":"https:\/\/vetomshop.hu\/mt\/wp-json\/wp\/v2\/product_brand?post=4392"},{"taxonomy":"product_cat","embeddable":true,"href":"https:\/\/vetomshop.hu\/mt\/wp-json\/wp\/v2\/product_cat?post=4392"},{"taxonomy":"product_tag","embeddable":true,"href":"https:\/\/vetomshop.hu\/mt\/wp-json\/wp\/v2\/product_tag?post=4392"}],"curies":[{"name":"wp","href":"https:\/\/api.w.org\/{rel}","templated":true}]}}