{"id":443,"date":"2019-11-12T14:57:08","date_gmt":"2019-11-12T13:57:08","guid":{"rendered":"https:\/\/vetomshop.hu\/?post_type=product&#038;p=443"},"modified":"2026-04-12T08:29:34","modified_gmt":"2026-04-12T06:29:34","slug":"vetom-2-etrend-kiegeszito","status":"publish","type":"product","link":"https:\/\/vetomshop.hu\/mt\/product\/vetom-2-etrend-kiegeszito\/","title":{"rendered":"Vetom Probijotiku <span style=\"color:red\">2<\/span><br> kapsula <span style=\"color:red\">50 qam\u0127<\/span> (suppliment tad-dieta)"},"content":{"rendered":"<h2>Vetom 2 kapsuli probjoti\u010bi, 50 kapsuli (suppliment dietetiku)<\/h2>\n<p>\u017bew\u0121 ingredjenti attivi ewlenin ta' Vetom huma ceppi ta' batterji *Bacillus amyloliquefaciens* ta' benefi\u010b\u010bju, li je\u017cer\u010bitaw l-effett po\u017cittiv tag\u0127hom prin\u010bipalment fl-intestinu kbir. Hemm, jimmultiplikaw u jipprodu\u010bu diversi enzimi (enzimi li jiddegradaw il-proteini, l-amido u l-fibri) u komposti attivi, li:<\/p>\n<p>Jissupprimi batterji u fungi ta' \u0127sara,<br \/>\n* jnaddaf il-\u0127ajt intestinali mir-residwi mhux di\u0121eriti,<br \/>\njg\u0127in fl-assorbiment a\u0127jar tan-nutrijenti,<br \/>\n* jippromwovi d-detossifikazzjoni tal-\u0121isem.<\/p>\n<p>L-konsum regolari ta' Vetom 2 jg\u0127in jirrestawra bilan\u010b b'sa\u0127\u0127tu fil-flora intestinali, jistimula d-di\u0121estjoni u jtejjeb il-funzjoni tas-sistema immunitarja. Il-probiotiku jappo\u0121\u0121ja l-pro\u010bessi tar-regenerazzjoni, jg\u0127in fir-rinnovazzjoni \u010bellulari u jista' sa\u0127ansitra jipprevjeni l-i\u017cvilupp ta' \u010belluli tal-kan\u010ber.<\/p>\n<p>Jsa\u0127\u0127a\u0127 ukoll l-effetti tal-medi\u010bini filwaqt li jnaqqas l-effetti sekondarji tag\u0127hom.<\/p>\n<h2>Vanta\u0121\u0121i:<\/h2>\n<p>Effett qawwi antibatteriku u antifungali<br \/>\nAntivirali, g\u0127ajnuna g\u0127ad-digesti\u017cjoni, stimolant tal-immunit\u00e0<br \/>\nProtezzjoni tal-\u010belloli u prevenzjoni tat-tumuri<br \/>\nJinormalizza l-metaboli\u017cmu<br \/>\nJissa\u0127\u0127a\u0127 ir-re\u017cistenza g\u0127all-aller\u0121iji<br \/>\nJirrigenera l-\u0121isem fil-livell \u010bellulari<br \/>\nMa jikkaw\u017cax effetti sekondarji, sovra-do\u017ca\u0121\u0121 jew dipendenza<br \/>\nJipprote\u0121i l-\u0121isem fil-livell \u010bellulari, jg\u0127in jipprevjeni l-i\u017cvilupp tat-tumuri<\/p>\n<h2>U\u017cu rakkomandat:<\/h2>\n<p>Vetom 2 huwa rakkomandat biex jer\u0121a' jibni l-bilan\u010b tal-flora intestinali, jappo\u0121\u0121ja s-sa\u0127\u0127a intestinali u jsa\u0127\u0127a\u0127 l-immunit\u00e0.<\/p>\n<h2>Do\u017ca\u0121\u0121:<\/h2>\n<p>\u0126u kapsula wa\u0127da 2\u20133 darbiet kuljum g\u0127al 10 ijiem, qabel, waqt jew wara l-ikliet, ma' ammont \u017cg\u0127ir ta' likwidu (ilma, te' jew \u0121us tal-frott). I\u010b\u010bekkja r-reazzjonijiet tal-\u0121isem tieg\u0127ek waqt li qed tie\u0127u s-suppliment u, jekk me\u0127tie\u0121, \u017cid gradwalment id-do\u017ca g\u0127al 5\u201310 kapsuli kuljum.<\/p>\n<p>It-trattament jista' ji\u0121i ripetut wara waqfa ta' 1\u20132 \u0121img\u0127at. Huwa rakkomandat li minn \u017cmien g\u0127al \u017cmien tibdel g\u0127al prodott Vetom b'numru differenti biex jipprovdi appo\u0121\u0121 komprensiv lill-\u0121isem.<\/p>\n<h2>Kontra-indikazzjonijiet:<\/h2>\n<p>Mhux rakkomandat jekk inti sensittiv g\u0127al kwalunkwe mill-ingredjenti.<br \/>\nMatul it-tqala u l-allattament, jista' jintu\u017ca biss wara konsultazzjoni ma' tabib.<br \/>\nMa jaffettwax is-sewqan jew l-operazzjoni ta' magni perikolu\u017ci.<\/p>\n<h2>Imballar u ingredjenti:<\/h2>\n<p>10 kapsuli f'pakketti tal-blister, 5 pakketti f'kaxxa tal-kartun (50 kapsuli b'kollox)<br \/>\n* Kontenut ta' 1 kapsula:<\/p>\n<p>* Estratt tal-qam\u0127 \u2013 133 mg<br \/>\n* L-istarke tal-patata \u2013 100 mg<br \/>\n* Sukro\u017cju (zokkor trab) \u2013 67 mg<br \/>\nKultura batterika ta' Bacillus amyloliquefaciens (DSM 24614) u l-istrejns DSM 24615 \u2013 30 mg (1\u00d710\u2079 CFU\/g)<\/p>\n<h2>Informazzjoni o\u0127ra:<\/h2>\n<p>Pi\u017c nett: 0.1 kg<br \/>\n* Dimensjonijiet: 4.5 \u00d7 6.5 \u00d7 8 cm<br \/>\nPajji\u017c ta' ori\u0121ini: Russja<br \/>\n\u0126a\u017cna: A\u0127\u017cen f'post frisk u niexef (massimu ta' 30 \u00b0C), barra mill-portata tat-tfal.<br \/>\nPerjodu tal-garanzija: 2 snin mid-data tal-manifattura<\/p>\n<p>Alternattiva ekwivalenti f'forma ta' g\u0127arg\u0127ar: Vetom 2.25 (10 ml)<\/p>\n<p>Post tal-ori\u0121ini: <strong>Russja<\/strong><\/p>","protected":false},"excerpt":{"rendered":"<h5><strong>Jien se ni\u017cra&#039;. <span style=\"color: red;\">2<\/span><\/strong> kapsuli probjoti\u010bi, 50 kapsuli (suppliment tad-dieta)<\/h5>\n<div class=\"plashka\">\n<p>A <strong>Jien se ni\u017cra&#039;. <span style=\"color: red;\">2<\/span><\/strong> Ta\u0127t l-influwenza tieg\u0127u, il-metaboli\u017cmu, id-di\u0121estjoni u l-assorbiment tal-komponenti tal-ikel biolo\u0121ikament attivi fil-passa\u0121\u0121 gastro-intestinali jinnormalizzaw.<\/p>\n<p>A <strong>Jien se ni\u017cra&#039;. <span style=\"color: red;\">2<\/span><\/strong> Il-probijoti\u010bi i\u017cidu l-effika\u010bja tal-medi\u010bini u jnaqqsu l-effetti sekondarji negattivi tag\u0127hom fuq il-\u0121isem tal-bniedem.<\/p>\n<\/div>\n<p>L-effett benefiku tieg\u0127u fuq <strong>Bacillus amyloliquefaciens<\/strong> min\u0127abba l-effett tag\u0127hom, li jipprodu\u010bu prin\u010bipalment billi jimmultiplikaw fl-intestinu kbir:<\/p>\n<ul class=\"vetom-list\">\n<li>enzimi proteolitici, amilolitici, cellulolitici,<\/li>\n<li>sustanzi bijolo\u0121ikament attivi li jinibixxu t-tkabbir u l-i\u017cvilupp tal-mikroflora patogena u kondizzjonalment patogena.<\/li>\n<\/ul>\n<p>B\u0127ala ri\u017cultat, il-kompo\u017cizzjoni batterika tal-kontenut intestinali ti\u017cviluppa b'mod normali, tnaddaf il-\u0127itan intestinali mir-residwi mhux di\u0121eriti, li jikkontribwixxi g\u0127at-tne\u0127\u0127ija attiva tat-tossini mill-\u0121isem u g\u0127at-trasport ming\u0127ajr ostakli tan-nutrijenti biolo\u0121ikament attivi.<\/p>","protected":false},"featured_media":6598,"comment_status":"open","ping_status":"closed","template":"","meta":[],"product_brand":[],"product_cat":[22],"product_tag":[],"class_list":{"0":"post-443","1":"product","2":"type-product","3":"status-publish","4":"has-post-thumbnail","6":"product_cat-vetom-probiotikumok","8":"first","9":"instock","10":"featured","11":"taxable","12":"shipping-taxable","13":"purchasable","14":"product-type-simple"},"_links":{"self":[{"href":"https:\/\/vetomshop.hu\/mt\/wp-json\/wp\/v2\/product\/443","targetHints":{"allow":["GET"]}}],"collection":[{"href":"https:\/\/vetomshop.hu\/mt\/wp-json\/wp\/v2\/product"}],"about":[{"href":"https:\/\/vetomshop.hu\/mt\/wp-json\/wp\/v2\/types\/product"}],"replies":[{"embeddable":true,"href":"https:\/\/vetomshop.hu\/mt\/wp-json\/wp\/v2\/comments?post=443"}],"wp:featuredmedia":[{"embeddable":true,"href":"https:\/\/vetomshop.hu\/mt\/wp-json\/wp\/v2\/media\/6598"}],"wp:attachment":[{"href":"https:\/\/vetomshop.hu\/mt\/wp-json\/wp\/v2\/media?parent=443"}],"wp:term":[{"taxonomy":"product_brand","embeddable":true,"href":"https:\/\/vetomshop.hu\/mt\/wp-json\/wp\/v2\/product_brand?post=443"},{"taxonomy":"product_cat","embeddable":true,"href":"https:\/\/vetomshop.hu\/mt\/wp-json\/wp\/v2\/product_cat?post=443"},{"taxonomy":"product_tag","embeddable":true,"href":"https:\/\/vetomshop.hu\/mt\/wp-json\/wp\/v2\/product_tag?post=443"}],"curies":[{"name":"wp","href":"https:\/\/api.w.org\/{rel}","templated":true}]}}