{"id":445,"date":"2019-11-12T15:06:44","date_gmt":"2019-11-12T14:06:44","guid":{"rendered":"https:\/\/vetomshop.hu\/?post_type=product&#038;p=445"},"modified":"2026-04-12T08:29:25","modified_gmt":"2026-04-12T06:29:25","slug":"vetom-3-etrend-kiegeszito","status":"publish","type":"product","link":"https:\/\/vetomshop.hu\/mt\/product\/vetom-3-etrend-kiegeszito\/","title":{"rendered":"Vetom Probijotiku <span style=\"color:red\">3<\/span><br> kapsula <span style=\"color:red\">50 qam\u0127<\/span> (suppliment tad-dieta)"},"content":{"rendered":"<p>Vetom 3 kapsuli probjoti\u010bi, 50 kapsuli (suppliment dietetiku)<\/p>\n<p>L-effett benefiku tieg\u0127u huwa dovut g\u0127all-azzjoni ta' Bacillus amyloliquefaciens, li prin\u010bipalment jirriprodu\u010bi fl-intestinu kbir, jipprodu\u010bi enzimi proteolitici, amilolitici u \u010bellulolitici, sustanzi biolo\u0121ikament attivi li jinibixxu t-tkabbir u l-i\u017cvilupp tal-mikroflora patogenika u kondizzjonalment patogenika. B\u0127ala ri\u017cultat, il-kompo\u017cizzjoni batterjali tal-kontenut intestinali ter\u0121a' lura g\u0127al-livell normali, il-\u0127itan intestinali jitnaddfu mir-residwi mhux di\u0121eriti, li jikkontribwixxu g\u0127at-tne\u0127\u0127ija attiva tat-tossini mill-\u0121isem u g\u0127at-trasport ming\u0127ajr ostakli ta' nutrijenti biolo\u0121ikament attivi.<br \/>\nTa\u0127t l-influwenza ta' Vetom 3, il-metaboli\u017cmu, id-di\u0121estjoni u l-assorbiment tal-komponenti tal-ikel biolo\u0121ikament attivi fil-kanal gastro-intestinali jinnormalizzaw.<br \/>\nVetom 3 i\u017cid l-effika\u010bja tal-medi\u010bini u jnaqqas l-effetti sekondarji negattivi tag\u0127hom fuq il-\u0121isem tal-bniedem.<br \/>\nDo\u017ca\u0121\u0121: rakkomandat g\u0127al 10 ijiem, 1 kapsula (2*3) kuljum matul jew wara l-ikliet, me\u0127uda ma' ammont \u017cg\u0127ir ta' ilma, \u0121us tal-frott jew te.<br \/>\nVetom 3 mhuwiex dipendenti.<br \/>\nHuwa rakkomandat li ter\u0121a' tirrepeti t-trattament wara waqfa ta' \u0121img\u0127a jew \u0121img\u0127atejn, u huwa xieraq li minn \u017cmien g\u0127al \u017cmien tibdel g\u0127al prodott Vetom b'numru differenti. .<br \/>\nB'dan il-mod, nistg\u0127u nappo\u0121\u0121jaw il-\u0121isem kollu tag\u0127na u s-sistema di\u0121estiva tag\u0127na. .<br \/>\nProprjetajiet:<br \/>\n\u2022 G\u0127andu attivit\u00e0 antagonista g\u0127olja kontra fungi u batterji patogeni\u010bi u kondizzjonalment patogeni\u010bi, u g\u0127andu proprjetajiet antivirali, proteolitici, amilolitici u \u010bellulolitici.<br \/>\n\u2022 jistimula l-fatturi \u010bellulari u umorali tal-immunit\u00e0<br \/>\n\u2022 i\u017cid ir-re\u017cistenza mhux spe\u010bifika tal-\u0121isem<br \/>\n\u2022 jissostni r-re\u017cistenza g\u0127all-aller\u0121iji<br \/>\n\u2022 jinnormalizza l-metaboli\u017cmu<br \/>\n\u2022 jistimula l-pro\u010bessi tar-rigenerazzjoni, jattakka u jeqred i\u010b-\u010belloli kan\u010bero\u0121eni u morda<br \/>\nJibdel il-membrana \u010bellulari u l-metaboli\u017cmu, u b'hekk jipprevjeni l-i\u017cvilupp ta\u010b-\u010belloli tal-kan\u010ber.<\/p>\n<ul>\n<li>L-ebda effetti sekondarji<\/li>\n<li>L-ebda restrizzjonijiet ta' et\u00e0<\/li>\n<li>L-ebda sovra-do\u017ca<\/li>\n<li>L-ebda dipendenza<\/li>\n<\/ul>\n<p>Qasam ta' applikazzjoni<br \/>\nMikroorgani\u017cmi probjoti\u010bi huma rakkomandati g\u0127all-u\u017cu b\u0127ala addittivi tal-ikel biolo\u0121ikament attivi biex itejbu t-tratt gastro-intestinali u jer\u0121g\u0127u jistabbilixxu l-mikroflora intestinali.<br \/>\nKontra-indikazzjonijiet<br \/>\nIper-sensittivit\u00e0 g\u0127al kwalunkwe mill-ingredjenti fil-prodott.<br \/>\nIstruzzjonijiet spe\u010bjali<br \/>\nMatul it-tqala u l-allattament, u\u017ca biss wara li tikkonsulta tabib. Il-prodott ma jaffettwax il-kapa\u010bit\u00e0 li ssuq jew tmexxi magni potenzjalment perikolu\u017ci.<br \/>\nippakkjar<br \/>\n10 kapsuli ta' 0.33 g f'pakketti blister separati, 5 pakketti blister f'kaxxa tal-kartun. Imballat f'kartun ondulat, pi\u017c nett: 5 g, 50 bi\u010b\u010biet f'kaxxa tal-kartun.<br \/>\nKompo\u017cizzjoni<br \/>\nKapsula wa\u0127da fiha: estratt tal-qam\u0127 \u2013 133 mg; amido tal-patata \u2013 100 mg; sukro\u017cju (zokkor trab) \u2013 67 mg, kultura ta' strejn batteriku niexef probijotiku Bacillus amyloliquefaciens VKPM B \u2013 10641 (DSM 24613), 1\u00d710^9 CFU\/g \u2013 30 mg unitajiet formanti kolonji.<\/p>\n<p>Pi\u017c: 0.1 kg<br \/>\nDimensjonijiet: 4.5 x 6.5 x 8 cm<br \/>\nPajji\u017c ta' ori\u0121ini: ir-Russja<\/p>\n<p>Direttament mill-fabbrika, l-a\u0127jar prezz g\u0127al Vetom Probiotic, kwalit\u00e0 premium.<br \/>\n\u201eCemmedic Europe Kft hija d-distributur uffi\u010bjali ta\u201d Vetom Probiotics fl-Ungerija!<\/p>","protected":false},"excerpt":{"rendered":"<h5><strong>Jien se ni\u017cra&#039;. <span style=\"color: red;\">3<\/span><\/strong> kapsuli probjoti\u010bi, 50 kapsuli (suppliment tad-dieta)<\/h5>\n<div class=\"plashka\">\n<p>A <strong>Jien se ni\u017cra&#039;. <span style=\"color: red;\">3<\/span><\/strong> Ta\u0127t l-influwenza tieg\u0127u, il-metaboli\u017cmu, id-di\u0121estjoni u l-assorbiment tal-komponenti tal-ikel biolo\u0121ikament attivi fil-passa\u0121\u0121 gastro-intestinali jinnormalizzaw.<\/p>\n<p>A <strong>Jien se ni\u017cra&#039;. <span style=\"color: red;\">3<\/span><\/strong> J\u017cid l-effettivit\u00e0 tal-medi\u010bini u jnaqqas l-effetti sekondarji negattivi tag\u0127hom fuq il-\u0121isem tal-bniedem.<\/p>\n<\/div>\n<p>L-effett benefiku tieg\u0127u fuq <strong>Bacillus amyloliquefaciens<\/strong> min\u0127abba l-effett tag\u0127hom, li jipprodu\u010bu prin\u010bipalment billi jimmultiplikaw fl-intestinu kbir:<\/p>\n<ul class=\"vetom-list\">\n<li>enzimi proteolitici, amilolitici, cellulolitici,<\/li>\n<li>sustanzi bijolo\u0121ikament attivi li jinibixxu t-tkabbir u l-i\u017cvilupp tal-mikroflora patogena u kondizzjonalment patogena.<\/li>\n<\/ul>\n<p>B\u0127ala ri\u017cultat, il-kompo\u017cizzjoni batterika tal-kontenut intestinali ti\u017cviluppa b'mod normali, tnaddaf il-\u0127itan intestinali mir-residwi mhux di\u0121eriti, li jikkontribwixxi g\u0127at-tne\u0127\u0127ija attiva tat-tossini mill-\u0121isem u g\u0127at-trasport ming\u0127ajr ostakli tan-nutrijenti biolo\u0121ikament attivi.<\/p>\n<p><strong>Do\u017ca\u0121\u0121<\/strong>Id-do\u017ca rakkomandata hija 1 kapsula (2*3) kuljum g\u0127al 10 ijiem, me\u0127uda waqt jew wara l-ikliet b'ammont \u017cg\u0127ir ta' ilma, \u0121us tal-frott jew te.<\/p>\n<p>Huwa rakkomandat li ter\u0121a' tirrepeti t-trattamenti wara waqfa ta' \u0121img\u0127a jew \u0121img\u0127atejn, u minn \u017cmien g\u0127al \u017cmien tibdel g\u0127al prodott Vetom b'numru differenti.<br \/>\nB'dan il-mod, nistg\u0127u nappo\u0121\u0121jaw il-\u0121isem kollu tag\u0127na u s-sistema di\u0121estiva tag\u0127na.<\/p>\n<p>A <strong>Jien se ni\u017cra&#039;. <span style=\"color: red;\">3<\/span><\/strong> Mhux dipendenti.<\/p>\n<h5>Proprjetajiet:<\/h5>\n<ul class=\"vetom-list\">\n<li>G\u0127andu attivit\u00e0 antagonista g\u0127olja kontra fungi u batterji patogeni\u010bi u kondizzjonalment patogeni\u010bi, u g\u0127andu proprjetajiet antivirali, proteolitici, amilolitici u \u010bellulolitici.<\/li>\n<li>jistimula fatturi \u010bellulari u umorali tal-immunit\u00e0<\/li>\n<li>\u017b\u017cid ir-re\u017cistenza mhux spe\u010bifika tal-\u0121isem<\/li>\n<li>Jistabbilizza r-re\u017cistenza g\u0127all-aller\u0121iji<\/li>\n<li>Jinormalizza l-metaboli\u017cmu<\/li>\n<li>Jistimula l-pro\u010bessi tar-ri\u0121enerazzjoni, jattakka u j\u0127assar \u010belloli kan\u010bero\u0121eni u morda.<\/li>\n<\/ul>\n<div class=\"plashka\">Jibdel il-membrana \u010bellulari u l-metaboli\u017cmu, u b'hekk jipprevjeni l-i\u017cvilupp ta\u010b-\u010belloli tal-kan\u010ber.<\/div>","protected":false},"featured_media":6599,"comment_status":"open","ping_status":"closed","template":"","meta":[],"product_brand":[],"product_cat":[22],"product_tag":[],"class_list":{"0":"post-445","1":"product","2":"type-product","3":"status-publish","4":"has-post-thumbnail","6":"product_cat-vetom-probiotikumok","8":"first","9":"instock","10":"featured","11":"taxable","12":"shipping-taxable","13":"purchasable","14":"product-type-simple"},"_links":{"self":[{"href":"https:\/\/vetomshop.hu\/mt\/wp-json\/wp\/v2\/product\/445","targetHints":{"allow":["GET"]}}],"collection":[{"href":"https:\/\/vetomshop.hu\/mt\/wp-json\/wp\/v2\/product"}],"about":[{"href":"https:\/\/vetomshop.hu\/mt\/wp-json\/wp\/v2\/types\/product"}],"replies":[{"embeddable":true,"href":"https:\/\/vetomshop.hu\/mt\/wp-json\/wp\/v2\/comments?post=445"}],"wp:featuredmedia":[{"embeddable":true,"href":"https:\/\/vetomshop.hu\/mt\/wp-json\/wp\/v2\/media\/6599"}],"wp:attachment":[{"href":"https:\/\/vetomshop.hu\/mt\/wp-json\/wp\/v2\/media?parent=445"}],"wp:term":[{"taxonomy":"product_brand","embeddable":true,"href":"https:\/\/vetomshop.hu\/mt\/wp-json\/wp\/v2\/product_brand?post=445"},{"taxonomy":"product_cat","embeddable":true,"href":"https:\/\/vetomshop.hu\/mt\/wp-json\/wp\/v2\/product_cat?post=445"},{"taxonomy":"product_tag","embeddable":true,"href":"https:\/\/vetomshop.hu\/mt\/wp-json\/wp\/v2\/product_tag?post=445"}],"curies":[{"name":"wp","href":"https:\/\/api.w.org\/{rel}","templated":true}]}}