{"id":449,"date":"2019-11-12T15:17:02","date_gmt":"2019-11-12T14:17:02","guid":{"rendered":"https:\/\/vetomshop.hu\/?post_type=product&#038;p=449"},"modified":"2026-04-12T08:29:02","modified_gmt":"2026-04-12T06:29:02","slug":"vetom-1-23-probiotikum-csepp","status":"publish","type":"product","link":"https:\/\/vetomshop.hu\/mt\/product\/vetom-1-23-probiotikum-csepp\/","title":{"rendered":"Vetom Probijotiku <span style=\"color: red\">1.23<\/span><br>qatra <span style=\"color: red\">10 ml<\/span> (suppliment tad-dieta)"},"content":{"rendered":"<h3>Vetom probiotic 1.23 qtari\u017c 10 ml (suppliment tad-dieta)<\/h3>\n<p><strong>Bacillus subtilis, cepp batteriku benefiku<\/strong><\/p>\n<p>Vetom 1.23 huwa probiotiku likwidu bba\u017cat fuq l-effetti benefi\u010bi tal-ceppu batteriku Bacillus subtilis VKPM V 10641. Dan il-batterju huwa l-iktar effettiv fl-intestinu kbir, fejn jimmultiplikka b'mod attiv u jipprodu\u010bi numru kbir ta' enzimi di\u0121estivi u sustanzi biolo\u0121ikament attivi.<\/p>\n<p>&nbsp;<\/p>\n<h2><strong>Dawn il-materjali huma:<\/strong><\/h2>\n<p>jissupprimi t-tkabbir tal-batterji u l-fun\u0121i \u0127\u017ciena,<\/p>\n<p>jg\u0127in fit-tindif tal-\u0127itan intestinali mir-residwi mhux di\u0121eriti,<\/p>\n<p>jappo\u0121\u0121ja t-tne\u0127\u0127ija tat-tossini,<\/p>\n<p>jippromwovi l-assorbiment effettiv tan-nutrijenti, il-vitamini u l-minerali.<\/p>\n<p>&nbsp;<\/p>\n<p>Vetom 1.23 itejjeb il-bilan\u010b a\u010bidu-ba\u017ciku fis-sistema di\u0121estiva u jottimizza l-metaboli\u017cmu tal-\u0127adid, il-kal\u010bju, il-proteini, ix-xa\u0127mijiet, il-karboidrati u nutrijenti o\u0127ra. Dan isa\u0127\u0127a\u0127 u jirrigenera l-\u0121isem b'mod naturali.<\/p>\n<p>&nbsp;<\/p>\n<h2><strong>Vanta\u0121\u0121i ewlenin:<\/strong><\/h2>\n<p>Effett antibatteriku u antifungali<\/p>\n<p>Proprjetajiet antivirali<\/p>\n<p>Sa\u0127\u0127a\u0127 l-immunit\u00e0, protezzjoni \u010bellulari<\/p>\n<p>Jippromwovi r-regenerazzjoni \u010bellulari<\/p>\n<p>Jipprevjeni l-i\u017cvilupp ta\u010b-\u010belloli anormali, inklu\u017ci \u010belloli tal-kan\u010ber.<\/p>\n<p>Ma jikkaw\u017cax effetti sekondarji, dipendenza jew sovra-do\u017ca\u0121\u0121<\/p>\n<p>Sikur g\u0127all-u\u017cu f'kull et\u00e0<\/p>\n<p>&nbsp;<\/p>\n<p>&nbsp;<\/p>\n<h2><strong>Do\u017ca\u0121\u0121 u metodu ta' applikazzjoni:<\/strong><\/h2>\n<p>G\u0127all-u\u017cu orali<\/p>\n<p>G\u0127al adulti u tfal b'sa\u0127\u0127ithom: Huwa rakkomandat li tu\u017ca 2 qtariet fl-ewwel jiem, imbag\u0127ad i\u017c\u017cid gradwalment id-do\u017ca g\u0127al 4\u20136 qtariet. Osserva r-reazzjonijiet tal-\u0121isem tieg\u0127ek waqt li tie\u0127uha.<\/p>\n<p>*G\u0127al \u010berti mard: 10 qatriet kuljum g\u0127al 10 ijiem<\/p>\n<p>Ritorn g\u0127all-kura: rakkomandat wara waqfa ta' 1\u20132 \u0121img\u0127at<\/p>\n<p>Huwa rakkomandat li minn \u017cmien g\u0127al \u017cmien tbiddel bejn prodotti Vetom b'numri differenti biex tinkiseb appo\u0121\u0121 usa' g\u0127all-organizzazzjoni.<\/p>\n<p>&nbsp;<\/p>\n<h2><strong>Meta huwa rakkomandat l-u\u017cu tieg\u0127u?<\/strong><\/h2>\n<p>Wara trattament b'antibijotiku, biex ter\u0121a' ti\u0121\u0121enera l-flora intestinali.<\/p>\n<p>B\u0127ala suppliment g\u0127at-terapija f'ka\u017cijiet ta' kan\u010ber<\/p>\n<p>*G\u0127al disturbi tad-digesti\u017cjoni, dijarea, stitikezza, ilmenti tal-istonku<\/p>\n<p>F'kundizzjonijiet ta' immunodefi\u010bjenza<\/p>\n<p>F'ka\u017c ta' ri\u0127a tal-\u0121isem mhux pja\u010bevoli jew ri\u0127a mill-\u0127alq<\/p>\n<p>G\u0127all-kura komplementari tal-\u0121ebel fil-kliewi, mard tal-fwied, u problemi gastro-intestinali<\/p>\n<p>Ommem:<\/p>\n<p>Tin\u0127ux tu\u017ca dan il-prodott flimkien ma' antibijoti\u010bi orali jew probioti\u010bi o\u0127ra. Il-kombinazzjoni ma' antibijoti\u010bi applikati topikament hija permessa.<\/p>\n<p>&nbsp;<\/p>\n<h2><strong>Importanti:<\/strong><\/h2>\n<p>Mhux rakkomandat li tie\u0127u dan flimkien ma' probjoti\u010bi orali o\u0127ra jew antibijoti\u010bi, spe\u010bjalment sulfonamidi u a\u0121enti antineoplasti\u010bi.<\/p>\n<p>&nbsp;<\/p>\n<h2><strong>Ingredjenti:<\/strong><\/h2>\n<p>* Estratt tal-qam\u0127 imfermentat bil-ceppu *Bacillus subtilis* (VKPM V 10641 \/ DSM 24613)<\/p>\n<p>Klorur tas-sodju<\/p>\n<p>Materjal tal-karrier<\/p>\n<p><strong>\u00a0<\/strong><\/p>\n<h2><strong>Ippakkjar:<\/strong><\/h2>\n<p>Bottilja b'drajper ta' 10 ml mag\u0127mula mill-\u0127\u0121ie\u0121 jew mill-plastik<\/p>\n<p>Jista' jkun fih sediment naturali, li mhux difett ta' kwalit\u00e0.<\/p>\n<p>&nbsp;<\/p>\n<h2><strong>Dehra:<\/strong><\/h2>\n<p>Likwidu kannella \u010bar b'toni safra, b'ri\u0127a karatteristika<\/p>\n<p>Pi\u017c: 0.02 kg<\/p>\n<p>Dimensjonijiet: 3 \u00d7 3 \u00d7 7 cm<\/p>\n<p>*Ori\u0121ini: Russja<\/p>\n<p>&nbsp;<\/p>\n<h2>Informazzjoni dwar l-\u0127a\u017cna:<\/h2>\n<p>\u0126a\u017cna: bejn 0 u 10 \u00b0C, b'umdit\u00e0 relattiva massima ta' 75%<\/p>\n<p>Trasport u \u0127a\u017cna temporanja: 10\u201330\u00b0C g\u0127al sa 18-il jum<\/p>\n<p>Wara l-ftu\u0127: \u0127a\u017c\u017cen fil-fri\u0121\u0121 (0\u201310\u00b0C).<\/p>","protected":false},"excerpt":{"rendered":"<h5>Applikazzjoni<\/h5>\n<p>A <strong>Jien nveto 1.23<\/strong> Jintu\u017ca b\u0127ala sors ta' suppliment ta' mikroorgani\u017cmi probjoti\u010bi biex itejjeb is-sa\u0127\u0127a tal-bniedem. L-effett ta' tis\u0127i\u0127 tieg\u0127u huwa min\u0127abba <strong>Ba\u010bil subtilis<\/strong> effett, li huwa prin\u010bipalment prodott permezz ta' moltiplikazzjoni fl-intestinu kbir:<\/p>\n<ul class=\"vetom-list\">\n<li>enzimi proteolitici, amilolitici, \u010bellulolitici;<\/li>\n<li>a-2 interferon ta\u010b-\u010belloli bojod tad-demm tal-bniedem;<\/li>\n<li>baci\u00adtracin u sustanzi biolo\u0121ikament attivi o\u0127ra li jipprevjenu tkabbir sinifikanti tal-mikroflora patogenika jew relattivament patogenika.<\/li>\n<\/ul>\n<p>B\u0127ala ri\u017cultat ta' dan il-pro\u010bess, il-flora batterika tal-imsaren tinbidel sakemm issir identika lin-norma \u017cviluppata matul l-evoluzzjoni. Il-\u0127itan tal-imsaren jitnaddfu mir-residwi ta' ikel li ma jistg\u0127ux jid\u0121erixxu, li jippromwovi t-tne\u0127\u0127ija attiva ta' sustanzi tossi\u010bi mill-\u0121isem u t-trasport ming\u0127ajr ostakli ta' sustanzi bijolo\u0121ikament attivi u nutrijenti.<\/p>\n<div class=\"plashka\">A <strong>Jien nveto 1.23<\/strong> Jinormalizza d-di\u0121estjoni, l-assorbiment u l-metaboli\u017cmu tal-\u0127adid, il-kal\u010bju, ix-xa\u0127mijiet, il-proteini, il-karboidrati, it-trigli\u010beridi, l-a\u010bidi ammini\u010bi, id-dipeptidi u l-mel\u0127 tal-bili, u jinormalizza l-ambjent a\u010bidu\u017c tas-sistema di\u0121estiva. L-u\u017cu ta' Vetom 1.23 jg\u0127in lill-\u0121isem i\u017comm sa\u0127\u0127a tajba.<\/div>\n<p>A <strong>Jien nveto 1.23<\/strong> J\u017cid l-effettivit\u00e0 tal-medi\u010bini u jnaqqas l-effetti sekondarji negattivi tag\u0127hom fuq il-\u0121isem tal-bniedem.<\/p>\n<h6>Proprjetajiet:<\/h6>\n<ul class=\"vetom-list\">\n<li>G\u0127andu attivit\u00e0 antagonista g\u0127olja kontra fungi u batterji patogeni\u010bi u kondizzjonalment patogeni\u010bi, u g\u0127andu proprjetajiet antivirali, proteolitici, amilolitici u \u010bellulolitici.<\/li>\n<li>jistimula fatturi \u010bellulari u umorali tal-immunit\u00e0<\/li>\n<li>\u017b\u017cid ir-re\u017cistenza mhux spe\u010bifika tal-\u0121isem<\/li>\n<li>Jistabbilizza r-re\u017cistenza g\u0127all-aller\u0121iji<\/li>\n<li>Jinormalizza l-metaboli\u017cmu<\/li>\n<li>Jistimula l-pro\u010bessi tar-ri\u0121enerazzjoni, jattakka u j\u0127assar \u010belloli kan\u010bero\u0121eni u morda.<\/li>\n<\/ul>\n<div class=\"plashka\">Jibdel il-membrana \u010bellulari u l-metaboli\u017cmu, u b'hekk jipprevjeni l-i\u017cvilupp ta\u010b-\u010belloli tal-kan\u010ber.<\/div>","protected":false},"featured_media":6615,"comment_status":"open","ping_status":"closed","template":"","meta":[],"product_brand":[],"product_cat":[22],"product_tag":[],"class_list":{"0":"post-449","1":"product","2":"type-product","3":"status-publish","4":"has-post-thumbnail","6":"product_cat-vetom-probiotikumok","8":"first","9":"instock","10":"featured","11":"taxable","12":"shipping-taxable","13":"purchasable","14":"product-type-simple"},"_links":{"self":[{"href":"https:\/\/vetomshop.hu\/mt\/wp-json\/wp\/v2\/product\/449","targetHints":{"allow":["GET"]}}],"collection":[{"href":"https:\/\/vetomshop.hu\/mt\/wp-json\/wp\/v2\/product"}],"about":[{"href":"https:\/\/vetomshop.hu\/mt\/wp-json\/wp\/v2\/types\/product"}],"replies":[{"embeddable":true,"href":"https:\/\/vetomshop.hu\/mt\/wp-json\/wp\/v2\/comments?post=449"}],"wp:featuredmedia":[{"embeddable":true,"href":"https:\/\/vetomshop.hu\/mt\/wp-json\/wp\/v2\/media\/6615"}],"wp:attachment":[{"href":"https:\/\/vetomshop.hu\/mt\/wp-json\/wp\/v2\/media?parent=449"}],"wp:term":[{"taxonomy":"product_brand","embeddable":true,"href":"https:\/\/vetomshop.hu\/mt\/wp-json\/wp\/v2\/product_brand?post=449"},{"taxonomy":"product_cat","embeddable":true,"href":"https:\/\/vetomshop.hu\/mt\/wp-json\/wp\/v2\/product_cat?post=449"},{"taxonomy":"product_tag","embeddable":true,"href":"https:\/\/vetomshop.hu\/mt\/wp-json\/wp\/v2\/product_tag?post=449"}],"curies":[{"name":"wp","href":"https:\/\/api.w.org\/{rel}","templated":true}]}}