{"id":453,"date":"2019-11-12T15:33:21","date_gmt":"2019-11-12T14:33:21","guid":{"rendered":"https:\/\/vetomshop.hu\/?post_type=product&#038;p=453"},"modified":"2026-04-12T08:28:47","modified_gmt":"2026-04-12T06:28:47","slug":"vetom-3-22-probiotikum-csepp","status":"publish","type":"product","link":"https:\/\/vetomshop.hu\/mt\/product\/vetom-3-22-probiotikum-csepp\/","title":{"rendered":"Vetom Probijotiku <span style=\"color: red\">3.22<\/span><br>qatra <span style=\"color: red\">10 ml<\/span> (suppliment tad-dieta)"},"content":{"rendered":"<h3>G\u0127arg\u0127ar probjoti\u010bi Vetom 3.22 (suppliment dietetiku)<\/h3>\n<p>Vetom 4 huwa probiotiku naturali ibba\u017cat fuq l-effetti benefi\u010bi ta' *Bacillus amyloliquefaciens*. Dan il-batterju prin\u010bipalment jimmultiplikka fl-imsaren kbar u \u017cg\u0127ar, fejn jipprodu\u010bi diversi enzimi (li jiddegradaw il-proteini, l-istarke\u017c u l-fibri) u sustanzi biolo\u0121ikament attivi.<\/p>\n<h2>Dawn huma:<\/h2>\n<p>Jinibixxu t-tkabbir ta' batterji u fungi ta' \u0127sara,<br \/>\njg\u0127in jnaddaf il-\u0127ajt intestinali minn materja mhux di\u0121erita,<br \/>\njappo\u0121\u0121ja l-assorbiment tan-nutrijenti,<br \/>\n* jippromwovi d-detossifikazzjoni tal-\u0121isem.<\/p>\n<p>Konsum regolari ta' Vetom 4 jikkontribwixxi g\u0127all-i\u017cvilupp ta' flora intestinali b'sa\u0127\u0127itha, itejjeb id-di\u0121estjoni, u jg\u0127in lill-\u0121isem fl-u\u017cu tan-nutrijenti u l-ener\u0121ija.<\/p>\n<h2>Vetom 4<\/h2>\n<p>Jappo\u0121\u0121ja l-bilan\u010b naturali tas-sistema intestinali<br \/>\nJinormalizza d-di\u0121estjoni u l-metaboli\u017cmu<br \/>\nIttejjeb il-funzjoni tas-sistema immunitarja<br \/>\nJnaqqas l-effetti sekondarji tal-medi\u010bini<br \/>\nJipprote\u0121i l-\u0121isem fil-livell \u010bellulari, jg\u0127in jipprevjeni l-i\u017cvilupp tat-tumuri<\/p>\n<h2>Vanta\u0121\u0121i:<\/h2>\n<p>Effett antibatteriku u antifungali<br \/>\nAntivirali u stimolant tal-immunit\u00e0<br \/>\nJappo\u0121\u0121ja d-digesti\u017cjoni permezz tal-proprjetajiet tieg\u0127u li jipprodu\u010bu enzimi<br \/>\nJg\u0127in fir-ri\u0121enerazzjoni \u010bellulari<br \/>\nJinibixxi l-i\u017cvilupp u l-proliferazzjoni ta\u010b-\u010belloli mardu\u017ci u kan\u010beru\u017ci<br \/>\nMa jikkaw\u017cax dipendenza, sovra-do\u017ca\u0121\u0121 jew effetti sekondarji<br \/>\nXieraq g\u0127al adulti ta' kull et\u00e0 (aktar minn 14-il sena)<\/p>\n<h2>Qasam ta' applikazzjoni:<\/h2>\n<p>Rakkomandat b\u0127ala suppliment dietetiku b'attivit\u00e0 bijolo\u0121ika biex tappo\u0121\u0121ja l-funzjonament tal-istonku u l-imsaren u tirrestawra l-flora intestinali.<\/p>\n<h2>Do\u017ca\u0121\u0121:<\/h2>\n<p>\u0126u kapsula wa\u0127da 2\u20133 darbiet kuljum g\u0127al 10 ijiem, qabel, waqt jew wara l-ikliet, ma' ammont \u017cg\u0127ir ta' likwidu (ilma, te' jew \u0121us tal-frott). I\u010b\u010bekkja r-reazzjonijiet tal-\u0121isem tieg\u0127ek waqt li qed tie\u0127u s-suppliment u, jekk me\u0127tie\u0121, \u017cid gradwalment id-do\u017ca g\u0127al 5\u201310 kapsuli kuljum.<\/p>\n<p>It-trattament jista' ji\u0121i ripetut fi kwalunkwe \u0127in wara waqfa ta' \u0121img\u0127a jew \u0121img\u0127atejn. Huwa rakkomandat li minn \u017cmien g\u0127al \u017cmien jinbidel ma' tipi o\u0127ra ta' prodotti Vetom biex tappo\u0121\u0121ja l-\u0121isem kollu.<\/p>\n<h2>Suggeriment:<\/h2>\n<p>Huwa rakkomandabbli li ter\u0121a' tirrepeti t-trattament wara waqfa ta' 1\u20132 \u0121img\u0127a. Minn \u017cmien g\u0127al \u017cmien, huwa rakkomandabbli li tibdel g\u0127al tip differenti ta' preparazzjoni Vetom sabiex jipprovdi appo\u0121\u0121 komprensiv lill-\u0121isem.<\/p>\n<h2>Informazzjoni importanti:<\/h2>\n<p>Kontra-indikazzjonijiet: ipersensittivit\u00e0 g\u0127al \u010berti ingredjenti<br \/>\nTqala\/allattament: biss wara li tikkonsulta tabib<br \/>\nMa jaffettwax is-sewqan jew l-operazzjoni ta' magni perikolu\u017ci.<\/p>\n<h2>Informazzjoni o\u0127ra:<\/h2>\n<p>Ma jaffettwax is-sewqan jew l-operazzjoni ta' magni perikolu\u017ci.<br \/>\n\u0126a\u017cna: f'post niexef u kiesa\u0127 (massimu 30 \u00b0C), barra mill-portata tat-tfal<br \/>\nGaranzija: 2 snin mid-data tal-manifattura<br \/>\nImballar: 10 kapsuli f'pakketti blister, 5 pakketti f'kaxxa (50 kapsuli b'kollox)<\/p>\n<h2>Kundizzjonijiet ta' \u0127a\u017cna:<\/h2>\n<p>A\u0127\u017cen f'post frisk u niexef (massimu 30\u00b0C, massimu 75% umdit\u00e0 relattiva)<br \/>\n\u017bomm 'il bog\u0127od mit-tfal.<br \/>\nPerjodu tal-garanzija: 2 snin mid-data tal-manifattura<br \/>\nPajji\u017c ta' ori\u0121ini: ir-Russja<\/p>\n<h2>Il-kontenut ta' kapsula wa\u0127da:<\/h2>\n<p>* Estratt tal-qam\u0127 \u2013 133 mg<br \/>\n* L-istarke tal-patata \u2013 100 mg<br \/>\n* Sukro\u017cju (zokkor trab) \u2013 67 mg<br \/>\n* **Bacillus amyloliquefaciens VKPM B-10643** cepp batteriku probijotiku (DSM 24615) \u2013 30 mg (1\u00d710\u2079 CFU\/g)<\/p>\n<p>Ekwivalenti alternattiv f'forma ta' g\u0127arg\u0127ar: Vetom 4.24 (10 ml)<\/p>\n<p>Post tal-ori\u0121ini: <strong>Russja<\/strong><\/p>","protected":false},"excerpt":{"rendered":"<h5>Applikazzjoni<\/h5>\n<p>Il- <strong>Jien se ni\u017cra&#039;.<\/strong> <span style=\"color: red; font-weight: 800;\">3.22<\/span> Jintu\u017ca b\u0127ala sors ta' suppliment ta' mikroorgani\u017cmi probjoti\u010bi biex itejjeb is-sa\u0127\u0127a tal-bniedem. L-effett ta' tis\u0127i\u0127 tieg\u0127u huwa min\u0127abba <strong>Bacillus myloliquefaciens<\/strong>, li prin\u010bipalment jimmultiplikka fl-intestinu kbir u jipprodu\u010bi enzimi proteoliti\u010bi, amiloliti\u010bi, \u010belluloliti\u010bi u sustanzi o\u0127ra b'attivit\u00e0 bijolo\u0121ika.<\/p>\n<div class=\"plashka\">B\u0127ala ri\u017cultat ta' dan il-pro\u010bess, il-flora batterika tal-imsaren tinbidel sakemm issir identika lin-norma \u017cviluppata matul l-evoluzzjoni. Il-\u0127itan tal-imsaren jitnaddfu mir-residwi ta' ikel li ma jistg\u0127ux jid\u0121erixxu, li jippromwovi t-tne\u0127\u0127ija attiva ta' sustanzi tossi\u010bi mill-\u0121isem u t-trasport ming\u0127ajr ostakli ta' sustanzi bijolo\u0121ikament attivi u nutrijenti.<\/div>\n<p>A <strong>Jien se ni\u017cra&#039;.<\/strong> <span style=\"color: red; font-weight: 800;\">3.22<\/span> J\u017cid l-effettivit\u00e0 tal-medi\u010bini u jnaqqas l-effetti sekondarji negattivi tag\u0127hom fuq il-\u0121isem tal-bniedem.<\/p>\n<h6>Proprjetajiet:<\/h6>\n<ul class=\"vetom-list\">\n<li>G\u0127andu attivit\u00e0 antagonista g\u0127olja kontra fungi u batterji patogeni\u010bi u kondizzjonalment patogeni\u010bi, u g\u0127andu proprjetajiet antivirali, proteolitici, amilolitici u \u010bellulolitici.<\/li>\n<li>jistimula fatturi \u010bellulari u umorali tal-immunit\u00e0<\/li>\n<li>\u017b\u017cid ir-re\u017cistenza mhux spe\u010bifika tal-\u0121isem<\/li>\n<li>Jistabbilizza r-re\u017cistenza g\u0127all-aller\u0121iji<\/li>\n<li>Jinormalizza l-metaboli\u017cmu<\/li>\n<li>Jistimula l-pro\u010bessi tar-regenerazzjoni, jattakka u jeqred \u010belluli kan\u010bero\u0121eni u morda.<\/li>\n<\/ul>\n<div class=\"plashka\">A <strong>Jien se ni\u017cra&#039;.<\/strong> <span style=\"color: red; font-weight: 800;\">3.22<\/span> Jinormalizza d-di\u0121estjoni, l-assorbiment u l-metaboli\u017cmu tal-\u0127adid, il-kal\u010bju, ix-xa\u0127mijiet, il-proteini, il-karboidrati, it-trigli\u010beridi, l-a\u010bidi ammini\u010bi, id-dipeptidi u l-mel\u0127 tal-bili, u jinormalizza l-ambjent a\u010bidu\u017c tas-sistema di\u0121estiva.<\/div>","protected":false},"featured_media":6613,"comment_status":"open","ping_status":"closed","template":"","meta":[],"product_brand":[],"product_cat":[22],"product_tag":[],"class_list":{"0":"post-453","1":"product","2":"type-product","3":"status-publish","4":"has-post-thumbnail","6":"product_cat-vetom-probiotikumok","8":"first","9":"instock","10":"featured","11":"taxable","12":"shipping-taxable","13":"purchasable","14":"product-type-simple"},"_links":{"self":[{"href":"https:\/\/vetomshop.hu\/mt\/wp-json\/wp\/v2\/product\/453","targetHints":{"allow":["GET"]}}],"collection":[{"href":"https:\/\/vetomshop.hu\/mt\/wp-json\/wp\/v2\/product"}],"about":[{"href":"https:\/\/vetomshop.hu\/mt\/wp-json\/wp\/v2\/types\/product"}],"replies":[{"embeddable":true,"href":"https:\/\/vetomshop.hu\/mt\/wp-json\/wp\/v2\/comments?post=453"}],"wp:featuredmedia":[{"embeddable":true,"href":"https:\/\/vetomshop.hu\/mt\/wp-json\/wp\/v2\/media\/6613"}],"wp:attachment":[{"href":"https:\/\/vetomshop.hu\/mt\/wp-json\/wp\/v2\/media?parent=453"}],"wp:term":[{"taxonomy":"product_brand","embeddable":true,"href":"https:\/\/vetomshop.hu\/mt\/wp-json\/wp\/v2\/product_brand?post=453"},{"taxonomy":"product_cat","embeddable":true,"href":"https:\/\/vetomshop.hu\/mt\/wp-json\/wp\/v2\/product_cat?post=453"},{"taxonomy":"product_tag","embeddable":true,"href":"https:\/\/vetomshop.hu\/mt\/wp-json\/wp\/v2\/product_tag?post=453"}],"curies":[{"name":"wp","href":"https:\/\/api.w.org\/{rel}","templated":true}]}}