{"id":455,"date":"2019-11-12T15:37:52","date_gmt":"2019-11-12T14:37:52","guid":{"rendered":"https:\/\/vetomshop.hu\/?post_type=product&#038;p=455"},"modified":"2026-04-12T08:28:38","modified_gmt":"2026-04-12T06:28:38","slug":"vetom-4-24-probiotikum-csepp","status":"publish","type":"product","link":"https:\/\/vetomshop.hu\/mt\/product\/vetom-4-24-probiotikum-csepp\/","title":{"rendered":"Vetom Probijotiku <span style=\"color: red\">4.24<\/span><br>qatra <span style=\"color: red\">10 ml<\/span> (suppliment tad-dieta)"},"content":{"rendered":"<h3>G\u0127arg\u0127ar probioti\u010bi Vetom 4.24 10 ml (suppliment tad-dieta)<\/h3>\n<p>Struina ta' Bacillus amyloliquefaciens VKPM B-10643 (DSM 24615)<\/p>\n<p>Vetom 4.24 huwa probiotiku modern u naturali li jappo\u0121\u0121ja l-bilan\u010b tal-flora intestinali, itejjeb id-di\u0121estjoni u jsa\u0127\u0127a\u0127 is-sistema immunitarja. L-ingredjent attiv ewlieni tal-preparazzjoni huwa l-batterju *Bacillus amyloliquefaciens*, li je\u017cer\u010bita l-effett benefiku tieg\u0127u prin\u010bipalment fl-intestinu \u017cg\u0127ir.<\/p>\n<h2>Kif tg\u0127in?<\/h2>\n<p>Jappo\u0121\u0121ja l-i\u017cvilupp ta' flora intestinali b'sa\u0127\u0127itha<br \/>\nJippromwovi l-assorbiment tan-nutrijenti (e\u017c. \u0127adid, kal\u010bju, proteini, xa\u0127mijiet, karboidrati)<br \/>\nJg\u0127in ine\u0127\u0127i t-tossini mill-\u0121isem<br \/>\nJissa\u0127\u0127a\u0127 is-sistema immunitarja, g\u0127andu proprjetajiet antivirali, antibatteri\u010bi u antifungali.<br \/>\nJippromwovi r-rigenerazzjoni \u010bellulari u jista' jnaqqas il-proliferazzjoni ta\u010b-\u010belloli ta' \u0127sara.<br \/>\nJistabbilizza l-metaboli\u017cmu u l-bilan\u010b tal-a\u010bidu fis-sistema di\u0121estiva.<br \/>\nIttejjeb l-effetti ta' medi\u010bini o\u0127ra, u jnaqqas l-effetti sekondarji tag\u0127hom.<\/p>\n<h2>Vanta\u0121\u0121i:<\/h2>\n<p>\u2705 Ebda effetti sekondarji<br \/>\n\u2705 Adattat g\u0127al kull et\u00e0<br \/>\n\u2705 Ma jikkaw\u017cax dipendenza<br \/>\n\u2705 Ma jistax ji\u0121ri sovra-do\u017ca\u0121\u0121<\/p>\n<h2>Do\u017ca\u0121\u0121 rakkomandat:<\/h2>\n<p>G\u0127al adulti u tfal b'sa\u0127\u0127ithom: Huwa rakkomandat li tu\u017ca 2 qtariet fl-ewwel jiem, imbag\u0127ad i\u017c\u017cid gradwalment id-do\u017ca g\u0127al 4\u20136 qtariet. Osserva r-reazzjonijiet tal-\u0121isem tieg\u0127ek waqt li tie\u0127uha.<br \/>\n*G\u0127al \u010berti mard: 10 qatriet kuljum g\u0127al 10 ijiem<br \/>\nIt-trattament jista' ji\u0121i ripetut wara waqfa ta' \u0121img\u0127a jew \u0121img\u0127atejn.<br \/>\nHuwa rakkomandat li minn \u017cmien g\u0127al \u017cmien tbiddel ma' tipi o\u0127ra ta' prodotti Vetom (e\u017c. Vetom 1.23, 2.25, 3.22) biex ti\u0121i \u017cgurata appo\u0121\u0121 intestinali s\u0127i\u0127.<\/p>\n<h2>\nImportanti:<\/h2>\n<p>Mhux rakkomandat li tie\u0127u dan flimkien ma' probjoti\u010bi orali o\u0127ra jew antibijoti\u010bi, spe\u010bjalment sulfonamidi u a\u0121enti antineoplasti\u010bi.<\/p>\n<h2>Ingredjenti:<\/h2>\n<p>* Estratt tal-qam\u0127ir fermentat b'Bacillus amyloliquefaciens (VKPM B-10643 \/ DSM 24615)<br \/>\nKlorur tas-sodju<br \/>\nMaterjal tal-karrier<\/p>\n<h2>Ippakkjar:<\/h2>\n<p>Bottilja b'drajper ta' 10 ml mag\u0127mula mill-\u0127\u0121ie\u0121 jew mill-plastik<br \/>\nJista' jkun fih sediment naturali, li mhux difett ta' kwalit\u00e0.<\/p>\n<h2>Dehra:<\/h2>\n<p>Likwidu kannella \u010bar b'toni safra, b'ri\u0127a karatteristika<\/p>\n<p>Pi\u017c: 0.02 kg<br \/>\nDimensjonijiet: 3 \u00d7 3 \u00d7 7 cm<br \/>\n*Ori\u0121ini: Russja<\/p>\n<h2>Informazzjoni dwar l-\u0127a\u017cna:<\/h2>\n<p>\u0126a\u017cna: bejn 0 u 10 \u00b0C, b'umdit\u00e0 relattiva massima ta' 75%<br \/>\nTrasport u \u0127a\u017cna temporanja: 10\u201330\u00b0C<br \/>\nWara l-ftu\u0127: a\u0127\u017cen fil-fri\u0121\u0121 (0\u201310\u00b0C)<\/p>","protected":false},"excerpt":{"rendered":"<h5>Applikazzjoni<\/h5>\n<p>A <strong>Jien se ni\u017cra&#039;.<\/strong> <span style=\"color: red; font-weight: 800;\">4.24<\/span> Jintu\u017ca b\u0127ala sors ta' suppliment ta' mikroorgani\u017cmi probjoti\u010bi biex itejjeb is-sa\u0127\u0127a tal-bniedem. L-effett ta' tis\u0127i\u0127 tieg\u0127u huwa min\u0127abba <strong>Bacillus myloliquefaciens<\/strong>, li prin\u010bipalment jimmultiplikaw fl-intestinu \u017cg\u0127ir u jipprodu\u010bu enzimi proteolitici, amilolitici, \u010bellulolitici u sustanzi o\u0127ra biolo\u0121ikament attivi.<\/p>\n<div class=\"plashka\">B\u0127ala ri\u017cultat ta' dan il-pro\u010bess, il-flora batterika tal-imsaren tinbidel sakemm issir identika lin-norma \u017cviluppata matul l-evoluzzjoni. Il-\u0127itan tal-imsaren jitnaddfu mir-residwi ta' ikel li ma jistg\u0127ux jid\u0121erixxu, li jippromwovi t-tne\u0127\u0127ija attiva ta' sustanzi tossi\u010bi mill-\u0121isem u t-trasport ming\u0127ajr ostakli ta' sustanzi bijolo\u0121ikament attivi u nutrijenti.<\/div>\n<p>A <strong>Jien se ni\u017cra&#039;.<\/strong> <span style=\"color: red; font-weight: 800;\">4.24<\/span> Jinormalizza d-di\u0121estjoni, l-assorbiment u l-metaboli\u017cmu tal-\u0127adid, il-kal\u010bju, ix-xa\u0127mijiet, il-proteini, il-karboidrati, it-trigli\u010beridi, l-a\u010bidi ammini\u010bi, id-dipeptidi u l-mel\u0127 tal-bili, u jinormalizza l-ambjent a\u010bidu\u017c tas-sistema di\u0121estiva.<\/p>\n<div class=\"plashka\">A <strong>Jien se ni\u017cra&#039;.<\/strong> <span style=\"color: red; font-weight: 800;\">4.24<\/span> L-u\u017cu tieg\u0127u jg\u0127in lill-\u0121isem i\u017comm sa\u0127\u0127a tajba.<\/div>\n<p>A <strong>Jien se ni\u017cra&#039;.<\/strong> <span style=\"color: red; font-weight: 800;\">4.24<\/span> J\u017cid l-effettivit\u00e0 tal-medi\u010bini u jnaqqas l-effetti sekondarji negattivi tag\u0127hom fuq il-\u0121isem tal-bniedem.<\/p>\n<h6>Proprjetajiet:<\/h6>\n<ul class=\"vetom-list\">\n<li>G\u0127andu attivit\u00e0 antagonista g\u0127olja kontra fungi u batterji patogeni\u010bi u kondizzjonalment patogeni\u010bi, u g\u0127andu proprjetajiet antivirali, proteolitici, amilolitici u \u010bellulolitici.<\/li>\n<li>jistimula fatturi \u010bellulari u umorali tal-immunit\u00e0<\/li>\n<li>\u017b\u017cid ir-re\u017cistenza mhux spe\u010bifika tal-\u0121isem<\/li>\n<li>Jistabbilizza r-re\u017cistenza g\u0127all-aller\u0121iji<\/li>\n<li>Jinormalizza l-metaboli\u017cmu<\/li>\n<li>Jistimula l-pro\u010bessi tar-regenerazzjoni, jattakka u jeqred \u010belluli kan\u010bero\u0121eni u morda.<\/li>\n<\/ul>","protected":false},"featured_media":6614,"comment_status":"open","ping_status":"closed","template":"","meta":[],"product_brand":[],"product_cat":[22],"product_tag":[],"class_list":{"0":"post-455","1":"product","2":"type-product","3":"status-publish","4":"has-post-thumbnail","6":"product_cat-vetom-probiotikumok","8":"first","9":"instock","10":"featured","11":"taxable","12":"shipping-taxable","13":"purchasable","14":"product-type-simple"},"_links":{"self":[{"href":"https:\/\/vetomshop.hu\/mt\/wp-json\/wp\/v2\/product\/455","targetHints":{"allow":["GET"]}}],"collection":[{"href":"https:\/\/vetomshop.hu\/mt\/wp-json\/wp\/v2\/product"}],"about":[{"href":"https:\/\/vetomshop.hu\/mt\/wp-json\/wp\/v2\/types\/product"}],"replies":[{"embeddable":true,"href":"https:\/\/vetomshop.hu\/mt\/wp-json\/wp\/v2\/comments?post=455"}],"wp:featuredmedia":[{"embeddable":true,"href":"https:\/\/vetomshop.hu\/mt\/wp-json\/wp\/v2\/media\/6614"}],"wp:attachment":[{"href":"https:\/\/vetomshop.hu\/mt\/wp-json\/wp\/v2\/media?parent=455"}],"wp:term":[{"taxonomy":"product_brand","embeddable":true,"href":"https:\/\/vetomshop.hu\/mt\/wp-json\/wp\/v2\/product_brand?post=455"},{"taxonomy":"product_cat","embeddable":true,"href":"https:\/\/vetomshop.hu\/mt\/wp-json\/wp\/v2\/product_cat?post=455"},{"taxonomy":"product_tag","embeddable":true,"href":"https:\/\/vetomshop.hu\/mt\/wp-json\/wp\/v2\/product_tag?post=455"}],"curies":[{"name":"wp","href":"https:\/\/api.w.org\/{rel}","templated":true}]}}