{"id":4666,"date":"2023-11-11T14:33:45","date_gmt":"2023-11-11T13:33:45","guid":{"rendered":"https:\/\/vetomshop.hu\/termek\/alfa-medal\/"},"modified":"2023-11-11T14:33:45","modified_gmt":"2023-11-11T13:33:45","slug":"alfa-medal","status":"publish","type":"product","link":"https:\/\/vetomshop.hu\/mt\/product\/alfa-medal\/","title":{"rendered":"Midalja Alfa"},"content":{"rendered":"<h4>Medaljun tas-Sa\u0127\u0127a ALFA<\/h4>\n<p><strong>Funzjonijiet ewlenin:<\/strong><\/p>\n<p>G\u0127odda addizzjonali biex tinnormalizza l-funzjonament psikolo\u0121iku u emozzjonali, ittejjeb l-umori, i\u017c\u017cid il-motivazzjoni u l-kapa\u010bit\u00e0 g\u0127all-azzjoni, u tnaqqas l-effetti \u0127\u017ciena tas-stress psikolo\u0121iku u emozzjonali.<\/p>\n<p><strong>Deskrizzjoni qasira:<\/strong><\/p>\n<p>Is-sinjal tal-informazzjoni rre\u0121istrat fuq il-Medaljun tas-Sa\u0127\u0127a ALFA jikkorrispondi g\u0127all-vibrazzjoni elettromanjetika ta\u010b-\u010bentru li tirregola l-oqsma psikolo\u0121i\u010bi u emozzjonali.<br \/>\nHuwa mag\u0127ruf sew li l-istat emozzjonali ta' persuna, li jiddependi fuq diversi fatturi esterni u interni, huwa rregolat mis-sistema nervu\u017ca \u010bentrali.<\/p>\n<div class=\"su-spoiler su-spoiler-style-defoult su-spoiler-icon-caret su-spoiler-closed\" data-scroll-offset=\"0\" data-anchor-in-url=\"no\"><div class=\"su-spoiler-title\" tabindex=\"0\" role=\"button\"><span class=\"su-spoiler-icon\"><\/span>Kollha<\/div><div class=\"su-spoiler-content su-u-clearfix su-u-trim\">\nL-ewwel sinjali ta' stress jinkludu tensjoni emozzjonali, bi\u017cg\u0127at, agitazzjoni u irritabilit\u00e0 mi\u017cjuda. Dan jista' jwassal g\u0127al disturbi fl-irqad, li jirri\u017cultaw f'g\u0127eja, malaise \u0121enerali u tnaqqis fil-funzjonijiet kognittivi (memorja, attenzjoni, \u0127sieb).<\/p>\n<p>Disturbi psikolo\u0121i\u010bi u emozzjonali prolungati g\u0127andhom effett negattiv fuq is-sa\u0127\u0127a \u0121enerali u r-reattivit\u00e0 tal-\u0121isem. In-nies li jesperjenzaw stress psikolo\u0121iku u emozzjonali kroniku huma aktar suxxettibbli g\u0127all-kes\u0127a u g\u0127ar-rikorrenza ta' mard kroniku e\u017cistenti (mard tal-qalb iskemiku, disturbi tal-pancreas, \u010bistite, pielonefrite, aneksiite, prostatite, e\u010b\u010b.).<\/p>\n<p>Il-fatturi ta' stress huma l-kaw\u017ca ta' mard psikosomatiku klassiku b\u0127al pressjoni g\u0127olja tad-demm, asmat bronkjali, ul\u010beri fl-istonku, ul\u010beri fid-duwodenu, mard aller\u0121iku tal-\u0121ilda (eczema, neurodermatite) u l-korrispondenti tag\u0127hom, sa di\u017cabilit\u00e0 fil-vi\u017cjoni u fis-smig\u0127.<\/p>\n<p><strong>Meta g\u0127andna nu\u017caw il-Midalja tas-Sa\u0127\u0127a ALFA?<\/strong><\/p>\n<p>Dan l-apparat g\u0127andu effett po\u017cittiv fuq il-funzjonament funzjonali tal-\u0121isem. Jista' jintu\u017ca b\u0127ala g\u0127odda ta' ottimizzazzjoni u korrettiva flimkien ma' metodi o\u0127ra g\u0127all-prevenzjoni u t-trattament tal-mard:<\/p>\n<ul>\n<li>stati ta' e\u010b\u010bitament, neurastenija, problemi ta' adattament akkumpanjati minn di\u017carmonija emozzjonali,<\/li>\n<li>di\u017cordni funzjonali fis-sistema nervu\u017ca akkumpanjata minn g\u0127eja mentali, irritabilit\u00e0, tnaqqis fil-velo\u010bit\u00e0 tal-pro\u010bessi ta' \u0127sieb u telf fil-kwalit\u00e0 tal-\u0127sieb,<\/li>\n<li>f'ka\u017c ta' insomnja kkaw\u017cata minn attakki ta' paniku,<\/li>\n<li>fil-fa\u017cijiet inizjali u rikorrenti ta' mard psikosomatiku (asma bronkjali, sindromu tal-imsaren irritabbli \u2013 IBS, mard tal-qalb iskemiku, pressjoni g\u0127olja tad-demm, mard tal-\u0121ilda u mard ie\u0127or),<\/li>\n<li>sintomi ta' stress psikolo\u0121iku u emozzjonali kroniku.<\/li>\n<\/ul>\n<p>Ommem, importanti!<\/p>\n<p>Konsulta lit-tabib tieg\u0127ek jekk tesperjenza tnaqqis sinifikanti fil-burdata, instabbilt\u00e0 emozzjonali u irritabilit\u00e0, jew insomnja persistenti u bla waqfien. Minbarra t-trattament preskritt, u\u017ca l-Medalja tas-Sa\u0127\u0127a ALFA parallelament biex ittejjeb l-effettivit\u00e0 tat-trattament u tissa\u0127\u0127a\u0127 il-kapa\u010bitajiet ta' riabilitazzjoni tal-\u0121isem.<br \/>\n<\/div><\/div>","protected":false},"excerpt":{"rendered":"<p>ALFA Eg\u00e9szs\u00e9g Med\u00e1l F\u0151 funkci\u00f3i: Kieg\u00e9sz\u00edt\u0151 eszk\u00f6z a pszich\u00e9s \u00e9s \u00e9rzelmi szf\u00e9ra m\u0171k\u00f6d\u00e9s\u00e9nek normaliz\u00e1l\u00e1s\u00e1ra, hangulatjav\u00edt\u00f3, motiv\u00e1ci\u00f3 \u00e9s cselekv\u0151k\u00e9pess\u00e9g n\u00f6vel\u0151, cs\u00f6kkenti a pszich\u00e9s \u00e9s \u00e9rzelmi stressz \u00e1ldatlan hat\u00e1sait. R\u00f6vid ismertet\u0151: Az inform\u00e1ci\u00f3s jel, mely az ALFA Eg\u00e9szs\u00e9g Med\u00e1lra r\u00f6gz\u00edt\u00e9sre ker\u00fclt, megfelel a pszich\u00e9s \u00e9s \u00e9rzelmi szf\u00e9r\u00e1kat szab\u00e1lyoz\u00f3 k\u00f6zpont elektrom\u00e1gneses rezg\u00e9s\u00e9nek. K\u00f6ztudott, hogy az ember \u00e9rzelmi \u00e1llapota, [&hellip;]<\/p>\n","protected":false},"featured_media":4665,"comment_status":"open","ping_status":"closed","template":"","meta":[],"product_brand":[],"product_cat":[33,32],"product_tag":[],"class_list":{"0":"post-4666","1":"product","2":"type-product","3":"status-publish","4":"has-post-thumbnail","6":"product_cat-egeszseg-medalok","7":"product_cat-triomed","9":"first","10":"instock","11":"taxable","12":"shipping-taxable","13":"purchasable","14":"product-type-simple"},"_links":{"self":[{"href":"https:\/\/vetomshop.hu\/mt\/wp-json\/wp\/v2\/product\/4666","targetHints":{"allow":["GET"]}}],"collection":[{"href":"https:\/\/vetomshop.hu\/mt\/wp-json\/wp\/v2\/product"}],"about":[{"href":"https:\/\/vetomshop.hu\/mt\/wp-json\/wp\/v2\/types\/product"}],"replies":[{"embeddable":true,"href":"https:\/\/vetomshop.hu\/mt\/wp-json\/wp\/v2\/comments?post=4666"}],"wp:featuredmedia":[{"embeddable":true,"href":"https:\/\/vetomshop.hu\/mt\/wp-json\/wp\/v2\/media\/4665"}],"wp:attachment":[{"href":"https:\/\/vetomshop.hu\/mt\/wp-json\/wp\/v2\/media?parent=4666"}],"wp:term":[{"taxonomy":"product_brand","embeddable":true,"href":"https:\/\/vetomshop.hu\/mt\/wp-json\/wp\/v2\/product_brand?post=4666"},{"taxonomy":"product_cat","embeddable":true,"href":"https:\/\/vetomshop.hu\/mt\/wp-json\/wp\/v2\/product_cat?post=4666"},{"taxonomy":"product_tag","embeddable":true,"href":"https:\/\/vetomshop.hu\/mt\/wp-json\/wp\/v2\/product_tag?post=4666"}],"curies":[{"name":"wp","href":"https:\/\/api.w.org\/{rel}","templated":true}]}}