{"id":4668,"date":"2023-11-11T14:33:46","date_gmt":"2023-11-11T13:33:46","guid":{"rendered":"https:\/\/vetomshop.hu\/termek\/ambrozia-medal\/"},"modified":"2023-11-11T14:33:46","modified_gmt":"2023-11-11T13:33:46","slug":"ambrozia-medal","status":"publish","type":"product","link":"https:\/\/vetomshop.hu\/mt\/product\/ambrozia-medal\/","title":{"rendered":"Midalja tal-Ambrosja"},"content":{"rendered":"<h4>Midalja tal-Ambrosja<\/h4>\n<p>L-ambrosja, jew sempli\u010bement l-ambrosja (Ambrosia artemisiifolia), imsej\u0127a bi \u017cball qanneb selva\u0121\u0121, hija spe\u010bi ta&#039; \u0127axix \u0127a\u017cin fil-familja Asteraceae, u t-trib\u00f9 tag\u0127ha Helianthinae. L-ambrosja tidher f&#039;g\u0127add kbir fl-g\u0127elieqi u f&#039;\u017coni o\u0127ra mfixkla tal-Ungerija kull sena.<\/p>\n<p>Hija wa\u0127da mill-\u0127axix \u0127a\u017cin l-aktar mag\u0127ruf u kontroversjali tag\u0127na: xi nies jirrikonoxxu biss il-proprjetajiet \u0127\u017ciena u aller\u0121eni\u010bi tag\u0127ha, filwaqt li o\u0127rajn jirrispettawha b\u0127ala \u0127axixa medi\u010binali u jikkunsmawha regolarment.<\/p>\n<div class=\"su-spoiler su-spoiler-style-defoult su-spoiler-icon-caret su-spoiler-closed\" data-scroll-offset=\"0\" data-anchor-in-url=\"no\"><div class=\"su-spoiler-title\" tabindex=\"0\" role=\"button\"><span class=\"su-spoiler-icon\"><\/span>Kollha<\/div><div class=\"su-spoiler-content su-u-clearfix su-u-trim\">\nG\u0127aliex din il-pjanta tikkaw\u017ca sintomi aller\u0121i\u010bi f&#039;xi nies? \u0126a\u0121a wa\u0127da hija \u010berta: il-bdiewa qatt ma kellhom aller\u0121iji g\u0127all-polline jew aller\u0121iji g\u0127all-ambrosja. Jista&#039; jkollna nistennew g\u0127exieren ta&#039; snin g\u0127al twe\u0121ibiet \u010bari, i\u017cda sintomi aller\u0121i\u010bi spja\u010bevoli jistg\u0127u jer\u0121g\u0127u lura sena wara sena u jkun tajjeb li nsibu soluzzjoni. Waqt li nsibu t-twe\u0121ibiet g\u0127al dawn il-mistoqsijiet, ejjew ma ninsewx il-postulat tal-medi\u010bina naturali: fejqan gidma ta&#039; kelb bil-pil tieg\u0127u, ji\u0121ifieri, fejqan lilek innifsek b&#039;dak li jimradk. L-ispettru elettromanjetiku tal-ambrosja \u0127ajja \u0121ie rre\u0121istrat fuq il-Midalja Ambrosia bl-u\u017cu tat-teknolo\u0121ija spe\u010bjali BioTrEm.<br \/>\n<\/div><\/div>","protected":false},"excerpt":{"rendered":"<p>Ambr\u00f3zia Med\u00e1l Az \u00fcr\u00f6mlevel\u0171 parlagf\u0171, vagy egyszer\u0171en parlagf\u0171 (Ambrosia artemisiifolia), t\u00e9vesen vadkender a f\u00e9szkesek (Asteraceae) csal\u00e1dj\u00e1ba tartozik, annak Helianthinae tribusz\u00e1ba tartoz\u00f3 gyomn\u00f6v\u00e9nyfaj. A parlagf\u0171 Magyarorsz\u00e1g sz\u00e1nt\u00f3f\u00f6ldjein \u00e9s egy\u00e9b bolygatott ter\u00fcletein \u00e9vr\u0151l \u00e9vre \u00f3ri\u00e1si sz\u00e1mban jelenik meg. Egyik legismertebb \u00e9s legellentmond\u00e1sosabb meg\u00edt\u00e9l\u00e9s\u0171 gyomn\u00f6v\u00e9ny\u00fcnk: vannak, akik kiz\u00e1r\u00f3lag rossz, allergiz\u00e1l\u00f3 tulajdons\u00e1gait ismerik el, \u00e9s vannak, akik gy\u00f3gyn\u00f6v\u00e9nyk\u00e9nt tisztelik, [&hellip;]<\/p>\n","protected":false},"featured_media":4667,"comment_status":"open","ping_status":"closed","template":"","meta":[],"product_brand":[],"product_cat":[33,32],"product_tag":[],"class_list":{"0":"post-4668","1":"product","2":"type-product","3":"status-publish","4":"has-post-thumbnail","6":"product_cat-egeszseg-medalok","7":"product_cat-triomed","9":"first","10":"instock","11":"taxable","12":"shipping-taxable","13":"purchasable","14":"product-type-simple"},"_links":{"self":[{"href":"https:\/\/vetomshop.hu\/mt\/wp-json\/wp\/v2\/product\/4668","targetHints":{"allow":["GET"]}}],"collection":[{"href":"https:\/\/vetomshop.hu\/mt\/wp-json\/wp\/v2\/product"}],"about":[{"href":"https:\/\/vetomshop.hu\/mt\/wp-json\/wp\/v2\/types\/product"}],"replies":[{"embeddable":true,"href":"https:\/\/vetomshop.hu\/mt\/wp-json\/wp\/v2\/comments?post=4668"}],"wp:featuredmedia":[{"embeddable":true,"href":"https:\/\/vetomshop.hu\/mt\/wp-json\/wp\/v2\/media\/4667"}],"wp:attachment":[{"href":"https:\/\/vetomshop.hu\/mt\/wp-json\/wp\/v2\/media?parent=4668"}],"wp:term":[{"taxonomy":"product_brand","embeddable":true,"href":"https:\/\/vetomshop.hu\/mt\/wp-json\/wp\/v2\/product_brand?post=4668"},{"taxonomy":"product_cat","embeddable":true,"href":"https:\/\/vetomshop.hu\/mt\/wp-json\/wp\/v2\/product_cat?post=4668"},{"taxonomy":"product_tag","embeddable":true,"href":"https:\/\/vetomshop.hu\/mt\/wp-json\/wp\/v2\/product_tag?post=4668"}],"curies":[{"name":"wp","href":"https:\/\/api.w.org\/{rel}","templated":true}]}}