{"id":4672,"date":"2023-11-11T14:33:46","date_gmt":"2023-11-11T13:33:46","guid":{"rendered":"https:\/\/vetomshop.hu\/termek\/aqua-medal\/"},"modified":"2023-11-11T14:33:46","modified_gmt":"2023-11-11T13:33:46","slug":"aqua-medal","status":"publish","type":"product","link":"https:\/\/vetomshop.hu\/mt\/product\/aqua-medal\/","title":{"rendered":"Aqwa Medalljon"},"content":{"rendered":"<p><strong>Aqwa Medalljon<\/strong> \u2013 L-ilma li jag\u0127ti l-\u0127ajja jag\u0127ti \u0127ajja, jissa\u0127\u0127a\u0127, jippreserva l-\u0127ajja, u g\u0127andu effett li jattiva u jer\u0121a' j\u0121ib l-ener\u0121ija vitali.<\/p>\n<p>Dan hu e\u017cattament l-iskop tal-mezz indipendenti ta' trasport tal-informazzjoni AQUA\u2013BioTrEM. Grazzi g\u0127at-teknolo\u0121ija esklussiva BioTrEM, is-semikonduttur tal-apparat fih informazzjoni kkodifikata li hija dinamika fil-natura u tg\u0127in biex jintla\u0127qu l-effetti elenkati. Sorsi li, sfortunatament, qed isiru dejjem aktar rari fid-Dinja u b'mod mirakolu\u017c i\u017commu l-purit\u00e0 tag\u0127hom, g\u0127andhom proprjetajiet simili.<\/p>\n<div class=\"su-spoiler su-spoiler-style-defoult su-spoiler-icon-caret su-spoiler-closed\" data-scroll-offset=\"0\" data-anchor-in-url=\"no\"><div class=\"su-spoiler-title\" tabindex=\"0\" role=\"button\"><span class=\"su-spoiler-icon\"><\/span>Kollha<\/div><div class=\"su-spoiler-content su-u-clearfix su-u-trim\">\n<p>L-i\u017cvilupp ta' dan l-apparat kien me\u0127tie\u0121 min\u0127abba l-kundizzjonijiet li qed jinbidlu fl-era tag\u0127na. Fl-a\u0127\u0127ar snin, is-settur tas-sa\u0127\u0127a kien qed jinnota b'inkwiet in-numru dejjem jikber ta' mard u mewt mhux biss fost it-tfal u l-anzjani, i\u017cda wkoll fost il-popolazzjoni fl-et\u00e0 tax-xog\u0127ol. Sfortunatament, kien hemm indeboliment notevoli fis-sistema immunitarja u tnaqqis fl-ener\u0121ija vitali li hija essenzjali biex wie\u0127ed jeg\u0127leb il-mard u jirkupra. B'mod ie\u0127or, il-programmi me\u0127tie\u0121a g\u0127all-adattament g\u0127all-ambjent mibdul u g\u0127ar-ri\u0121enerazzjoni awtonoma \u0121ew imkissrin jew riorganizzati. It-tibdil kospifi\u017ciku dejjem jikber je\u0127tie\u0121 ir-ri\u0121enerazzjoni u r-restawr mg\u0127a\u0121\u0121el tal-programmi \u0121eneti\u010bi adattivi u ta' fejqan awtonomu li \u0121ew im\u0127assra. Inkella, is-sopravivenza tal-individwu, u anke tal-umanit\u00e0 kollha, tista' tkun f'riskju.<\/p>\n<p>Ilma \u2013 il-magna tal-\u0127ajja, li ilu \u017c\u017comm il-matri\u010bi primarja tal-\u0127ajja u d-direzzjoni tal-varjazzjonijiet tag\u0127ha b\u0127ala risposta g\u0127all-influwenzi ambjentali. Ilma jadatta u jinbidel aktar malajr b\u0127ala risposta g\u0127all-influwenzi u d-domandi ambjentali milli l-organi\u017cmi bijolo\u0121i\u010bi u l-ambjent bijolo\u0121iku. Il-kopertura tal-ilma tad-Dinja dejjem \u017cammet il-programmi ori\u0121inali ta' awto-rigenerazzjoni u l-possibbilt\u00e0 tal-implimentazzjoni tag\u0127hom, li, billi jintera\u0121ixxu mal-ambjent akkwatiku tal-organi\u017cmi, da\u0127lu fis-se\u0127\u0127. Fl-istess \u0127in, l-ekolo\u0121isti osservaw li l-proprjetajiet strutturali-informattivi tal-ilmijiet naturali, li kienu jipprovdu nutriment lill-kopertura tal-ilma tad-Dinja, \u0121ew im\u0127assra. Dan id-dannu ma \u0121iex ikkaw\u017cat biss minn bidliet ko\u017cmo-fi\u017ci\u010bi, i\u017cda wkoll mill-azzjonijiet distruttivi tal-ispe\u010bi umana. Dan hu dak li jipprevjeni li jsiru bidliet evoluzzjonarji vitali u li l-\u0127ajja tkompli fuq l-Art.<\/p>\n<p>Il-qasam kumpless b'\u0127afna saffi tal-portatur tal-informazzjoni AQUA in\u0127oloq b\u0127ala standard li jadatta g\u0127al bidliet \u0121odda ta\u201e frekwenza g\u0127olja fl-ambjent u jibda l-programmi me\u0127tie\u0121a g\u0127at-tran\u017cizzjoni permezz tal-ilma. L-apparat jistruttura l-qasam tal-ilma u, billi jirri\u017cona mal-ambjent akwiku tal-\u0121isem (demm, limfa, likwidu \u010berebrospinali, likwidu inter\u010bellulari, likwidu intra\u010bellulari), jistrutturh \u201dfl-imma\u0121ni tieg\u0127u stess\". Ladarba l-ordni interna tal-ilma ti\u017cdied lil fuq 60%, il-programm \u0121enetiku awto-regenerattiv tal-\u0121isem ji\u0121i attivat.<br \/>\n<\/div><\/div>","protected":false},"excerpt":{"rendered":"<p>Aqua Med\u00e1l \u2013 az \u00e9letalkot\u00f3 v\u00edz \u00e9letet ad, \u00e9l\u00e9nk\u00edt, \u00e9letmeg\u00f3v\u00f3, valamint aktiv\u00e1l\u00f3, \u00e9letenergi\u00e1t vissza\u00e1ll\u00edt\u00f3 hat\u00e1ssal b\u00edr. \u00c9ppen ezt a c\u00e9lt szolg\u00e1lja az AQUA \u2013BioTrEM \u00f6n\u00e1ll\u00f3 inform\u00e1ci\u00f3hordoz\u00f3 alkalmaz\u00e1sa. Az exkluz\u00edv BioTrEM-technol\u00f3gi\u00e1nak k\u00f6sz\u00f6nhet\u0151en a k\u00e9sz\u00fcl\u00e9k f\u00e9lvezet\u0151je olyan k\u00f3dolt inform\u00e1ci\u00f3t tartalmaz, mely dinamikus term\u00e9szettel b\u00edr \u00e9s seg\u00edts\u00e9g\u00e9vel a felsorolt hat\u00e1s el\u00e9rhet\u0151v\u00e9 v\u00e1lik. Hasonl\u00f3 tulajdons\u00e1ggal rendelkeznek a F\u00f6ld\u00f6n sajnos [&hellip;]<\/p>\n","protected":false},"featured_media":4671,"comment_status":"open","ping_status":"closed","template":"","meta":[],"product_brand":[],"product_cat":[33,32],"product_tag":[],"class_list":{"0":"post-4672","1":"product","2":"type-product","3":"status-publish","4":"has-post-thumbnail","6":"product_cat-egeszseg-medalok","7":"product_cat-triomed","9":"first","10":"instock","11":"taxable","12":"shipping-taxable","13":"purchasable","14":"product-type-simple"},"_links":{"self":[{"href":"https:\/\/vetomshop.hu\/mt\/wp-json\/wp\/v2\/product\/4672","targetHints":{"allow":["GET"]}}],"collection":[{"href":"https:\/\/vetomshop.hu\/mt\/wp-json\/wp\/v2\/product"}],"about":[{"href":"https:\/\/vetomshop.hu\/mt\/wp-json\/wp\/v2\/types\/product"}],"replies":[{"embeddable":true,"href":"https:\/\/vetomshop.hu\/mt\/wp-json\/wp\/v2\/comments?post=4672"}],"wp:featuredmedia":[{"embeddable":true,"href":"https:\/\/vetomshop.hu\/mt\/wp-json\/wp\/v2\/media\/4671"}],"wp:attachment":[{"href":"https:\/\/vetomshop.hu\/mt\/wp-json\/wp\/v2\/media?parent=4672"}],"wp:term":[{"taxonomy":"product_brand","embeddable":true,"href":"https:\/\/vetomshop.hu\/mt\/wp-json\/wp\/v2\/product_brand?post=4672"},{"taxonomy":"product_cat","embeddable":true,"href":"https:\/\/vetomshop.hu\/mt\/wp-json\/wp\/v2\/product_cat?post=4672"},{"taxonomy":"product_tag","embeddable":true,"href":"https:\/\/vetomshop.hu\/mt\/wp-json\/wp\/v2\/product_tag?post=4672"}],"curies":[{"name":"wp","href":"https:\/\/api.w.org\/{rel}","templated":true}]}}