{"id":4674,"date":"2023-11-11T14:33:46","date_gmt":"2023-11-11T13:33:46","guid":{"rendered":"https:\/\/vetomshop.hu\/termek\/artro-medal\/"},"modified":"2026-03-30T09:26:16","modified_gmt":"2026-03-30T07:26:16","slug":"artro-medal","status":"publish","type":"product","link":"https:\/\/vetomshop.hu\/mt\/product\/artro-medal\/","title":{"rendered":"Artro Medalljon"},"content":{"rendered":"<p>Il-pendant ARTRO g\u0127as-sa\u0127\u0127a huwa apparat iddisinjat biex jirregola b'mod pre\u010bi\u017c il-pro\u010bessi anti-infjammatorji, immunomodulatori, rigenerattivi u restawrattivi fit-tessuti tas-sistema muskoloskeletali.<\/p>\n<p><strong>L-iskop tieg\u0127u.<\/strong> G\u0127ajnuna biex ittejjeb il-kundizzjoni tas-sistema muskoloskeletali u tattivaw il-pro\u010bessi ta' rkupru.<\/p>\n<div class=\"su-spoiler su-spoiler-style-defoult su-spoiler-icon-caret su-spoiler-closed\" data-scroll-offset=\"0\" data-anchor-in-url=\"no\"><div class=\"su-spoiler-title\" tabindex=\"0\" role=\"button\"><span class=\"su-spoiler-icon\"><\/span>Kollha<\/div><div class=\"su-spoiler-content su-u-clearfix su-u-trim\">\n<strong>Effetti:<\/strong><\/p>\n<ul>\n<li>Jinormalizza \u010b-\u010birkolazzjoni tad-demm, l-istat immunitarju u l-pro\u010bessi metabol\u010bi fis-sistema muskoloskeletali, u jipprevjeni l-i\u017cvilupp ta' mard f'dawn l-oqsma;<\/li>\n<li>jippromwovi t-titjib fil-funzjonijiet tas-sistema muskoloskeletali;<\/li>\n<li>jnaqqas l-infjammazzjoni u l-kon\u0121estjoni fis-sistema muskoloskeletali;<\/li>\n<li>jippromwovi l-a\u010b\u010bellerazzjoni tar-regenerazzjoni u l-pro\u010bessi tar-regenerazzjoni fit-tessuti tas-sistema muskoloskeletali;<\/li>\n<li>jippromwovi l-eliminazzjoni tal-pro\u010bessi infjammatorji fil-\u0121ogi, fil-membrani tal-\u0121ogi u fil-kapsuli tal-\u0121ogi, fil-muskoli;<\/li>\n<li>Jg\u0127in jipprevjeni jew jikkumpensa deformitajiet jew atrofija tal-g\u0127adam u tal-kompleks muskoloskeletali.<\/li>\n<\/ul>\n<\/div><\/div>","protected":false},"excerpt":{"rendered":"<p>Az \u00abARTRO\u00bb eg\u00e9szs\u00e9g med\u00e1l a t\u00e1maszt\u00e1s \u00e9s mozgat\u00e1s szervrendszer sz\u00f6veteiben l\u00e9v\u0151 gyullad\u00e1selleni, immunmodul\u00e1l\u00f3, regener\u00e1l\u00f3 \u00e9s helyre\u00e1ll\u00edt\u00f3 folyamatok biofizikai finomhangol\u00e1s\u00e1ra szolg\u00e1l\u00f3 eszk\u00f6z. Rendeltet\u00e9se. A t\u00e1maszt\u00e1s \u00e9s mozgat\u00e1s szervrendszer \u00e1llapot\u00e1nak jav\u00edt\u00e1s\u00e1ra, a helyre\u00e1ll\u00edt\u00f3 folyamatok aktiviz\u00e1l\u00e1s\u00e1ra szolg\u00e1l\u00f3 seg\u00e9deszk\u00f6z.<\/p>","protected":false},"featured_media":4673,"comment_status":"open","ping_status":"closed","template":"","meta":[],"product_brand":[],"product_cat":[33,32],"product_tag":[],"class_list":{"0":"post-4674","1":"product","2":"type-product","3":"status-publish","4":"has-post-thumbnail","6":"product_cat-egeszseg-medalok","7":"product_cat-triomed","9":"first","10":"instock","11":"taxable","12":"shipping-taxable","13":"purchasable","14":"product-type-simple"},"_links":{"self":[{"href":"https:\/\/vetomshop.hu\/mt\/wp-json\/wp\/v2\/product\/4674","targetHints":{"allow":["GET"]}}],"collection":[{"href":"https:\/\/vetomshop.hu\/mt\/wp-json\/wp\/v2\/product"}],"about":[{"href":"https:\/\/vetomshop.hu\/mt\/wp-json\/wp\/v2\/types\/product"}],"replies":[{"embeddable":true,"href":"https:\/\/vetomshop.hu\/mt\/wp-json\/wp\/v2\/comments?post=4674"}],"wp:featuredmedia":[{"embeddable":true,"href":"https:\/\/vetomshop.hu\/mt\/wp-json\/wp\/v2\/media\/4673"}],"wp:attachment":[{"href":"https:\/\/vetomshop.hu\/mt\/wp-json\/wp\/v2\/media?parent=4674"}],"wp:term":[{"taxonomy":"product_brand","embeddable":true,"href":"https:\/\/vetomshop.hu\/mt\/wp-json\/wp\/v2\/product_brand?post=4674"},{"taxonomy":"product_cat","embeddable":true,"href":"https:\/\/vetomshop.hu\/mt\/wp-json\/wp\/v2\/product_cat?post=4674"},{"taxonomy":"product_tag","embeddable":true,"href":"https:\/\/vetomshop.hu\/mt\/wp-json\/wp\/v2\/product_tag?post=4674"}],"curies":[{"name":"wp","href":"https:\/\/api.w.org\/{rel}","templated":true}]}}