{"id":4676,"date":"2023-11-11T14:33:47","date_gmt":"2023-11-11T13:33:47","guid":{"rendered":"https:\/\/vetomshop.hu\/termek\/beauty-medal\/"},"modified":"2023-11-11T14:33:47","modified_gmt":"2023-11-11T13:33:47","slug":"beauty-medal","status":"publish","type":"product","link":"https:\/\/vetomshop.hu\/mt\/product\/beauty-medal\/","title":{"rendered":"Medalja tas-Sbu\u0127ija"},"content":{"rendered":"<h4>Medalja tas-Sbu\u0127ija<\/h4>\n<p>Grazzi g\u0127at-teknolo\u0121ija BioTrEM, sar possibbli li jin\u0127oloq mudell spettrali spe\u010bifiku fuq kristall spe\u010bjali. Meta kwanti ta' ener\u0121ija arbitrarji \u2013 anke s\u0127ana \u2013 jaslu f'kuntatt mal-wi\u010b\u010b tal-kristall, il-\u0121eneratur jo\u0127ro\u0121 sinjali estremament dg\u0127ajfa mill-mudell spektrali rre\u0121istrat fuqu. Filwaqt li r-radjazzjoni elettromanjetika tal-pendenti tintera\u0121ixxi mal-organi\u017cmu \u0127aj.<\/p>\n<p>L-iskop ewlieni tal-pendenti \u201eBEAUTY\u201d huwa li jer\u0121a' jinstab il-kors normali tal-pro\u010bessi fi\u017cjolo\u0121i\u010bi fi\u010b-\u010belloli u fit-tessuti tal-\u0121ilda, u b'hekk i\u017cid ir-re\u017cistenza g\u0127al fatturi ambjentali avversi.<\/p>\n<p>Dan l-apparat g\u0127andu effett po\u017cittiv fuq il-\u0121ilda tal-wi\u010b\u010b u tal-\u0121isem, ix-xag\u0127ar u l-un\u0121ijiet.<\/p>\n<div class=\"su-spoiler su-spoiler-style-defoult su-spoiler-icon-caret su-spoiler-closed\" data-scroll-offset=\"0\" data-anchor-in-url=\"no\"><div class=\"su-spoiler-title\" tabindex=\"0\" role=\"button\"><span class=\"su-spoiler-icon\"><\/span>Kollha<\/div><div class=\"su-spoiler-content su-u-clearfix su-u-trim\">\nEffetti:<\/p>\n<ul>\n<li>Jg\u0127in jirrestawra l-pro\u010bessi metabol\u010bi intra\u010bellulari fid-dermis li \u0121ew im\u0127assra.<\/li>\n<li>Jistimula l-produzzjoni naturali tal-kollagen u l-elastina.<\/li>\n<li>Jipprevjeni d-dg\u0127jufija tat-tessut tal-\u0121ilda.<\/li>\n<li>Ittejjeb il-mikro\u010birkolazzjoni u ttejjeb l-elasti\u010bit\u00e0 tal-\u0121ilda.<\/li>\n<li>Jirfin u jsa\u0127\u0127a\u0127 it-tessut tal-\u0121ilda.<\/li>\n<li>Jnaqqas l-ixje\u0127 u jer\u0121a' j\u0121ib il-\u0121ilda \u017cag\u0127\u017cug\u0127a.<\/li>\n<li>Ittejjeb il-komplezzjoni u t-ton tal-\u0121ilda.<\/li>\n<li>Jg\u0127in biex isa\u0127\u0127a\u0127 ix-xag\u0127ar u l-irjus.<\/li>\n<\/ul>\n<\/div><\/div>","protected":false},"excerpt":{"rendered":"<p>Beauty Med\u00e1l A BioTrEM-technol\u00f3gi\u00e1nak k\u00f6sz\u00f6nhet\u0151en lehets\u00e9gess\u00e9 v\u00e1lt l\u00e9trehozni a speci\u00e1lis krist\u00e1lyon egy adott term\u00e9szet\u0171 spektr\u00e1lis mint\u00e1t. Amikor tetsz\u0151leges energiakvantumok \u2013 ak\u00e1r h\u0151 &#8211; \u00e9rintkezik a krist\u00e1ly fel\u00fclet\u00e9vel, a gener\u00e1tor a rajta r\u00f6gz\u00edtett spektr\u00e1lis minta extr\u00e9m gyenge jeleit bocs\u00e1jtja ki. Ek\u00f6zben a med\u00e1l elektrom\u00e1gneses sug\u00e1rz\u00e1sa k\u00f6lcs\u00f6nhat\u00e1sba ker\u00fcl az \u00e9l\u0151 szervezettel. A &#8222;BEAUTY&#8221; Med\u00e1l f\u0151 c\u00e9lja a [&hellip;]<\/p>\n","protected":false},"featured_media":4675,"comment_status":"open","ping_status":"closed","template":"","meta":[],"product_brand":[],"product_cat":[33,32],"product_tag":[],"class_list":{"0":"post-4676","1":"product","2":"type-product","3":"status-publish","4":"has-post-thumbnail","6":"product_cat-egeszseg-medalok","7":"product_cat-triomed","9":"first","10":"instock","11":"taxable","12":"shipping-taxable","13":"purchasable","14":"product-type-simple"},"_links":{"self":[{"href":"https:\/\/vetomshop.hu\/mt\/wp-json\/wp\/v2\/product\/4676","targetHints":{"allow":["GET"]}}],"collection":[{"href":"https:\/\/vetomshop.hu\/mt\/wp-json\/wp\/v2\/product"}],"about":[{"href":"https:\/\/vetomshop.hu\/mt\/wp-json\/wp\/v2\/types\/product"}],"replies":[{"embeddable":true,"href":"https:\/\/vetomshop.hu\/mt\/wp-json\/wp\/v2\/comments?post=4676"}],"wp:featuredmedia":[{"embeddable":true,"href":"https:\/\/vetomshop.hu\/mt\/wp-json\/wp\/v2\/media\/4675"}],"wp:attachment":[{"href":"https:\/\/vetomshop.hu\/mt\/wp-json\/wp\/v2\/media?parent=4676"}],"wp:term":[{"taxonomy":"product_brand","embeddable":true,"href":"https:\/\/vetomshop.hu\/mt\/wp-json\/wp\/v2\/product_brand?post=4676"},{"taxonomy":"product_cat","embeddable":true,"href":"https:\/\/vetomshop.hu\/mt\/wp-json\/wp\/v2\/product_cat?post=4676"},{"taxonomy":"product_tag","embeddable":true,"href":"https:\/\/vetomshop.hu\/mt\/wp-json\/wp\/v2\/product_tag?post=4676"}],"curies":[{"name":"wp","href":"https:\/\/api.w.org\/{rel}","templated":true}]}}