{"id":4682,"date":"2023-11-11T14:33:48","date_gmt":"2023-11-11T13:33:48","guid":{"rendered":"https:\/\/vetomshop.hu\/termek\/delfin-medal\/"},"modified":"2023-11-11T14:33:48","modified_gmt":"2023-11-11T13:33:48","slug":"delfin-medal","status":"publish","type":"product","link":"https:\/\/vetomshop.hu\/mt\/product\/delfin-medal\/","title":{"rendered":"Pendenti tad-delfin"},"content":{"rendered":"<h4>Medaljun tas-Sa\u0127\u0127a tad-Delfin<\/h4>\n<p><strong>Funzjoni prin\u010bipali:<\/strong><\/p>\n<p>G\u0127odda addizzjonali g\u0127all-armonizzazzjoni tas-sistema regolatorja tal-\u0121isem u g\u0127all-appo\u0121\u0121 tal-funzjonament tas-sistema nervu\u017ca \u010bentrali.<\/p>\n<p><strong>Appo\u0121\u0121jat minn:<\/strong><\/p>\n<ul>\n<li>l-effett tal-medi\u010bini kontra l-u\u0121ig\u0127,<\/li>\n<li>Jinormalizza s-sfera emozzjonali, jg\u0127in inaqqas l-a\u0121itazzjoni,<\/li>\n<li>pro\u010bessi ta' \u0127sieb,<\/li>\n<li>tag\u0127lim u \u0127iliet kognittivi, \u017cvilupp tal-memorja,<\/li>\n<li>re\u017cistenza akbar g\u0127as-stress.<\/li>\n<\/ul>\n<div class=\"su-spoiler su-spoiler-style-defoult su-spoiler-icon-caret su-spoiler-closed\" data-scroll-offset=\"0\" data-anchor-in-url=\"no\"><div class=\"su-spoiler-title\" tabindex=\"0\" role=\"button\"><span class=\"su-spoiler-icon\"><\/span>Kollha<\/div><div class=\"su-spoiler-content su-u-clearfix su-u-trim\">\n<p><strong>Meta huwa rakkomandat li tu\u017ca l-Medalja tas-Sa\u0127\u0127a tad-Delfin?<\/strong><\/p>\n<p>Delfin g\u0127andu effett po\u017cittiv fuq l-istat funzjonali tal-\u0121isem u jista' jintu\u017ca b\u0127ala suppliment g\u0127all-metodi preventivi u o\u0127rajn, b\u0127ala g\u0127odda korrettiva biex jg\u0127in lill-\u0121isem ja\u0127dem b'mod ottimali fil-ka\u017cijiet li \u0121ejjin:<\/p>\n<ul>\n<li>f'ka\u017cijiet ta' lesjonijiet organi\u010bi fis-sistema nervu\u017ca \u010bentrali, li jirri\u017cultaw f'funzjonijiet kognittivi mnaqqsa u\/jew sfera emozzjonali affettwata,<\/li>\n<li>f'ka\u017cijiet ta' di\u017cordnijiet funzjonali fis-sistema nervu\u017ca, akkumpanjati minn tag\u0127bija mentali, insonnja, nervo\u017cit\u00e0 u funzjonijiet kognittivi mnaqqsa,<\/li>\n<li>f'ka\u017cijiet ta' sindromu ta' stress kroniku (studju, xog\u0127ol estrem u perikolu\u017c, po\u017cizzjonijiet ta' mani\u0121ment, e\u010b\u010b.).<\/li>\n<\/ul>\n<\/div><\/div>","protected":false},"excerpt":{"rendered":"<p>Delfin Eg\u00e9szs\u00e9g Med\u00e1l F\u0151 funkci\u00f3ja: Kieg\u00e9sz\u00edt\u0151 eszk\u00f6z a szervezet szab\u00e1lyz\u00f3 rendszer\u00e9nek harmoniz\u00e1l\u00e1s\u00e1nak \u00e9s a k\u00f6zponti idegrendszer m\u0171k\u00f6d\u00e9s\u00e9nek t\u00e1mogat\u00e1s\u00e1ra. T\u00e1mogatja: a f\u00e1jdalomcsillap\u00edt\u00f3k hat\u00e1s\u00e1t, az \u00e9rzelmi szf\u00e9ra normaliz\u00e1l\u00e1s\u00e1t, seg\u00edt cs\u00f6kkenteni az izgatotts\u00e1got, a gondolkod\u00e1si folyamatokat, a tanul\u00e1si \u00e9s kognit\u00edv k\u00e9pess\u00e9geket, a mem\u00f3ria fejleszt\u00e9s\u00e9t, a stressz ellen\u00e1ll\u00f3 k\u00e9pess\u00e9g n\u00f6veked\u00e9s\u00e9t.<\/p>","protected":false},"featured_media":4681,"comment_status":"open","ping_status":"closed","template":"","meta":[],"product_brand":[],"product_cat":[33,32],"product_tag":[],"class_list":{"0":"post-4682","1":"product","2":"type-product","3":"status-publish","4":"has-post-thumbnail","6":"product_cat-egeszseg-medalok","7":"product_cat-triomed","9":"first","10":"instock","11":"taxable","12":"shipping-taxable","13":"purchasable","14":"product-type-simple"},"_links":{"self":[{"href":"https:\/\/vetomshop.hu\/mt\/wp-json\/wp\/v2\/product\/4682","targetHints":{"allow":["GET"]}}],"collection":[{"href":"https:\/\/vetomshop.hu\/mt\/wp-json\/wp\/v2\/product"}],"about":[{"href":"https:\/\/vetomshop.hu\/mt\/wp-json\/wp\/v2\/types\/product"}],"replies":[{"embeddable":true,"href":"https:\/\/vetomshop.hu\/mt\/wp-json\/wp\/v2\/comments?post=4682"}],"wp:featuredmedia":[{"embeddable":true,"href":"https:\/\/vetomshop.hu\/mt\/wp-json\/wp\/v2\/media\/4681"}],"wp:attachment":[{"href":"https:\/\/vetomshop.hu\/mt\/wp-json\/wp\/v2\/media?parent=4682"}],"wp:term":[{"taxonomy":"product_brand","embeddable":true,"href":"https:\/\/vetomshop.hu\/mt\/wp-json\/wp\/v2\/product_brand?post=4682"},{"taxonomy":"product_cat","embeddable":true,"href":"https:\/\/vetomshop.hu\/mt\/wp-json\/wp\/v2\/product_cat?post=4682"},{"taxonomy":"product_tag","embeddable":true,"href":"https:\/\/vetomshop.hu\/mt\/wp-json\/wp\/v2\/product_tag?post=4682"}],"curies":[{"name":"wp","href":"https:\/\/api.w.org\/{rel}","templated":true}]}}