{"id":4684,"date":"2023-11-11T14:33:48","date_gmt":"2023-11-11T13:33:48","guid":{"rendered":"https:\/\/vetomshop.hu\/termek\/detox-medal\/"},"modified":"2023-11-11T14:33:48","modified_gmt":"2023-11-11T13:33:48","slug":"detox-medal","status":"publish","type":"product","link":"https:\/\/vetomshop.hu\/mt\/product\/detox-medal\/","title":{"rendered":"Pendenti tad-detossifikazzjoni"},"content":{"rendered":"<h4>Detox Pendant huwa ddisinjat g\u0127al dawk li jixtiequ jarmonizzaw \u0121entilment il-\u0121isem tag\u0127hom.<\/p>\n<p>Is-sinjal spektrali rre\u0121istrat fuq il-Detox Pendant jappo\u0121\u0121ja l-funzjonament bioener\u0121etiku tal-organi u s-sistemi tal-organi.<\/h4>\n<p>L-akbar g\u0127adu ta\u017c-\u017cg\u0127o\u017cija u s-sa\u0127\u0127a huwa \u0121isem mg\u0127obbi b'prodotti ta' skart. Il-\u0121isem tag\u0127na huwa sistema bijolo\u0121ika li tirregola lilha nnifisha, wa\u0127da mill-iktar funzjonijiet importanti tag\u0127ha hija d-detossifikazzjoni \u2013 it-tne\u0127\u0127ija ta' sustanzi li l-\u0121isem ma je\u0127tie\u0121x. Madankollu, in-natura ma kinitx ippreparata g\u0127al \u017cvilupp \u010bivilizzazzjonali daqshekk mg\u0127a\u0121\u0121el, b'ammonti kbar ta' kimi\u010bi artifi\u010bjali fl-ikel, fl-ilma u fl-arja tag\u0127na. L-annimali jing\u0127ataw ormoni tat-tkabbir u antibijoti\u010bi, li jid\u0127lu wkoll f'\u0121isimna. Metalli tqal, nitriti, nitrati, sustanzi radioattivi, diossini u residwi ta' medi\u010bini jin\u0121abru fit-tessuti u \u010b-\u010belloli tag\u0127na.<\/p>\n<div class=\"su-spoiler su-spoiler-style-defoult su-spoiler-icon-caret su-spoiler-closed\" data-scroll-offset=\"0\" data-anchor-in-url=\"no\"><div class=\"su-spoiler-title\" tabindex=\"0\" role=\"button\"><span class=\"su-spoiler-icon\"><\/span>Kollha<\/div><div class=\"su-spoiler-content su-u-clearfix su-u-trim\">\n<p>Sustanzi tossi\u010bi jistg\u0127u jori\u0121inaw minn sorsi esterni, i\u017cda jistg\u0127u wkoll ikunu tossini prodotti minn pro\u010bessi interni ta' dekompo\u017cizzjoni min\u0127abba problemi metabol\u010bi. Jekk dan ikun akkumpanjat minn stil ta' \u0127ajja sedentari, il-pro\u010bessi fil-\u0121isem jitilfu aktar bil-mod.<\/p>\n<p>L-organi involuti fid-detossifikazzjoni jistg\u0127u wkoll jispi\u010b\u010baw g\u0127ajjien min\u0127abba domanda g\u0127olja. Fil-bidu, biss nuqqas ta' kumdit\u00e0 jindika l-problema, i\u017cda aktar 'il quddiem is-sitwazzjoni tista' tiddeterjora. Mard kroniku jista' ji\u017cviluppa, li jaffettwa b'mod sinifikanti l-kwalit\u00e0 tal-\u0127ajja tag\u0127na.<br \/>\n<\/div><\/div>","protected":false},"excerpt":{"rendered":"<p>Detox Med\u00e1l azok sz\u00e1m\u00e1ra k\u00e9sz\u00fclt, akik l\u00e1gyan szeretn\u00e9k a szervezet\u00fcket harmoniz\u00e1lni. A spektr\u00e1lis jel, mely a Detox Med\u00e1lon r\u00f6gz\u00edt\u00e9sre ker\u00fclt, t\u00e1mogatja a szervek \u00e9s szervrendszerek bioenergetikai m\u0171k\u00f6d\u00e9s\u00e9t. A fiatals\u00e1g \u00e9s az eg\u00e9szs\u00e9g legnagyobb ellens\u00e9ge a salakanyagokkal tel\u00edtett szervezet. Szervezet\u00fcnk egy \u00f6nszab\u00e1lyoz\u00f3 biol\u00f3giai rendszer, melynek egyik legfontosabb funkci\u00f3ja a m\u00e9regtelen\u00edt\u00e9s \u2013 kivezet\u00e9se azoknak az anyagoknak, melyekre [&hellip;]<\/p>\n","protected":false},"featured_media":4683,"comment_status":"open","ping_status":"closed","template":"","meta":[],"product_brand":[],"product_cat":[33,32],"product_tag":[],"class_list":{"0":"post-4684","1":"product","2":"type-product","3":"status-publish","4":"has-post-thumbnail","6":"product_cat-egeszseg-medalok","7":"product_cat-triomed","9":"first","10":"instock","11":"taxable","12":"shipping-taxable","13":"purchasable","14":"product-type-simple"},"_links":{"self":[{"href":"https:\/\/vetomshop.hu\/mt\/wp-json\/wp\/v2\/product\/4684","targetHints":{"allow":["GET"]}}],"collection":[{"href":"https:\/\/vetomshop.hu\/mt\/wp-json\/wp\/v2\/product"}],"about":[{"href":"https:\/\/vetomshop.hu\/mt\/wp-json\/wp\/v2\/types\/product"}],"replies":[{"embeddable":true,"href":"https:\/\/vetomshop.hu\/mt\/wp-json\/wp\/v2\/comments?post=4684"}],"wp:featuredmedia":[{"embeddable":true,"href":"https:\/\/vetomshop.hu\/mt\/wp-json\/wp\/v2\/media\/4683"}],"wp:attachment":[{"href":"https:\/\/vetomshop.hu\/mt\/wp-json\/wp\/v2\/media?parent=4684"}],"wp:term":[{"taxonomy":"product_brand","embeddable":true,"href":"https:\/\/vetomshop.hu\/mt\/wp-json\/wp\/v2\/product_brand?post=4684"},{"taxonomy":"product_cat","embeddable":true,"href":"https:\/\/vetomshop.hu\/mt\/wp-json\/wp\/v2\/product_cat?post=4684"},{"taxonomy":"product_tag","embeddable":true,"href":"https:\/\/vetomshop.hu\/mt\/wp-json\/wp\/v2\/product_tag?post=4684"}],"curies":[{"name":"wp","href":"https:\/\/api.w.org\/{rel}","templated":true}]}}