{"id":4688,"date":"2023-11-11T14:33:49","date_gmt":"2023-11-11T13:33:49","guid":{"rendered":"https:\/\/vetomshop.hu\/termek\/eros-medal-feriaknak\/"},"modified":"2023-11-11T14:33:49","modified_gmt":"2023-11-11T13:33:49","slug":"eros-medal-feriaknak","status":"publish","type":"product","link":"https:\/\/vetomshop.hu\/mt\/product\/eros-medal-feriaknak\/","title":{"rendered":"Pendenti Eros g\u0127all-ir\u0121iel"},"content":{"rendered":"<p><strong>Funzjoni prin\u010bipali:<\/strong><\/p>\n<p>A\u0121ent adjuvanti g\u0127all-prevenzjoni u t-trattament tad-disturbi kopulatorji, trattament adjuvanti g\u0127al libido mnaqqsa u disturbi emozzjonali-psikolo\u0121i\u010bi relatati mal-koppjar sesswali, u a\u0121ent li jg\u0127in fl-attivazzjoni ta' pro\u010bessi ta' rigenerazzjoni fit-trattament adjuvanti ta' mard li jaffettwa l-erja \u0121enitali. Rakkomandat g\u0127all-u\u017cu flimkien mat-terapija preskritta minn spe\u010bjalista (andrologu, sessologu, endokrinologu).<\/p>\n<p><strong>Appo\u0121\u0121jat minn:<\/strong><\/p>\n<ul>\n<li>\u010birkolazzjoni tad-demm, funzjoni tas-sistema immunitarja, metabolizmu, u b'hekk jipprevjeni l-i\u017cvilupp ta' mard<\/li>\n<li>jappo\u0121\u0121ja t-titjib tal-kwalit\u00e0 tal-esperjenzi tal-\u0121eneru,<\/li>\n<li>jappo\u0121\u0121ja l-pro\u010bessi tar-ri\u0121enerazzjoni.<\/li>\n<\/ul>\n<div class=\"su-spoiler su-spoiler-style-defoult su-spoiler-icon-caret su-spoiler-closed\" data-scroll-offset=\"0\" data-anchor-in-url=\"no\"><div class=\"su-spoiler-title\" tabindex=\"0\" role=\"button\"><span class=\"su-spoiler-icon\"><\/span>Kollha<\/div><div class=\"su-spoiler-content su-u-clearfix su-u-trim\">\n<p><strong>Meta g\u0127andek tu\u017ca l-Medalja tas-Sa\u0127\u0127a Eros?<\/strong><\/p>\n<p>Dan l-apparat g\u0127andu effett po\u017cittiv fuq il-funzjonament funzjonali tal-\u0121isem u jista' jintu\u017ca b\u0127ala metodu komplementari \u0121enerali g\u0127all-preservazzjoni, l-ottimizzazzjoni u l-korrezzjoni tas-sa\u0127\u0127a, f'kombinazzjoni ma' metodi o\u0127ra, fit-trattament komplementari u fil-prevenzjoni tal-problemi li \u0121ejjin:<\/p>\n<ul>\n<li>problemi erezzjonali,<\/li>\n<li>disturbi ormonali li jaffettwaw is-sistema riproduttiva (dijabete, insuffi\u010bjenza ipotalami\u010bi, insuffi\u010bjenza gonadali)<\/li>\n<li>sindromu tal-g\u0127eja kronika (CFS)<\/li>\n<li>sindromu metaboliku<\/li>\n<li>tnaqqis emozzjonali, deterjorazzjoni fil-burdata.<\/li>\n<\/ul>\n<\/div><\/div>","protected":false},"excerpt":{"rendered":"<p>F\u0151 funkci\u00f3ja: Kieg\u00e9sz\u00edt\u0151 eszk\u00f6z a kopul\u00e1ci\u00f3s rendelleness\u00e9gek megel\u0151z\u00e9s\u00e9re \u00e9s kezel\u00e9s\u00e9re, a nemi v\u00e1gy cs\u00f6kken\u00e9s\u00e9nek, a szexu\u00e1lis aktussal kapcsolatos \u00e9rzelmi-pszich\u00e9s rendelleness\u00e9gek kieg\u00e9sz\u00edt\u0151 kezel\u00e9s\u00e9re, a regener\u00e1ci\u00f3s folyamatok aktiv\u00e1l\u00e1s\u00e1t seg\u00edt\u0151 eszk\u00f6z a nemi szf\u00e9r\u00e1t \u00e9rint\u0151 betegs\u00e9gek kieg\u00e9sz\u00edt\u0151 kezel\u00e9s\u00e9ben. Aj\u00e1nlott a szakorvos (androl\u00f3gus, szexol\u00f3gus, endokrinol\u00f3gus) \u00e1ltal javasolt ter\u00e1pia melletti alkalmaz\u00e1sa. T\u00e1mogatja: a v\u00e9rkering\u00e9st, az immunrendszer munk\u00e1j\u00e1t, az anyagcser\u00e9t, megel\u0151zve [&hellip;]<\/p>\n","protected":false},"featured_media":4687,"comment_status":"open","ping_status":"closed","template":"","meta":[],"product_brand":[],"product_cat":[33,32],"product_tag":[],"class_list":{"0":"post-4688","1":"product","2":"type-product","3":"status-publish","4":"has-post-thumbnail","6":"product_cat-egeszseg-medalok","7":"product_cat-triomed","9":"first","10":"instock","11":"taxable","12":"shipping-taxable","13":"purchasable","14":"product-type-simple"},"_links":{"self":[{"href":"https:\/\/vetomshop.hu\/mt\/wp-json\/wp\/v2\/product\/4688","targetHints":{"allow":["GET"]}}],"collection":[{"href":"https:\/\/vetomshop.hu\/mt\/wp-json\/wp\/v2\/product"}],"about":[{"href":"https:\/\/vetomshop.hu\/mt\/wp-json\/wp\/v2\/types\/product"}],"replies":[{"embeddable":true,"href":"https:\/\/vetomshop.hu\/mt\/wp-json\/wp\/v2\/comments?post=4688"}],"wp:featuredmedia":[{"embeddable":true,"href":"https:\/\/vetomshop.hu\/mt\/wp-json\/wp\/v2\/media\/4687"}],"wp:attachment":[{"href":"https:\/\/vetomshop.hu\/mt\/wp-json\/wp\/v2\/media?parent=4688"}],"wp:term":[{"taxonomy":"product_brand","embeddable":true,"href":"https:\/\/vetomshop.hu\/mt\/wp-json\/wp\/v2\/product_brand?post=4688"},{"taxonomy":"product_cat","embeddable":true,"href":"https:\/\/vetomshop.hu\/mt\/wp-json\/wp\/v2\/product_cat?post=4688"},{"taxonomy":"product_tag","embeddable":true,"href":"https:\/\/vetomshop.hu\/mt\/wp-json\/wp\/v2\/product_tag?post=4688"}],"curies":[{"name":"wp","href":"https:\/\/api.w.org\/{rel}","templated":true}]}}