{"id":4690,"date":"2023-11-11T14:33:49","date_gmt":"2023-11-11T13:33:49","guid":{"rendered":"https:\/\/vetomshop.hu\/termek\/elast-medal\/"},"modified":"2023-11-11T14:33:49","modified_gmt":"2023-11-11T13:33:49","slug":"elast-medal","status":"publish","type":"product","link":"https:\/\/vetomshop.hu\/mt\/product\/elast-medal\/","title":{"rendered":"Il-Medaljun Elast"},"content":{"rendered":"<p>Apparat adjuvanti g\u0127all-prevenzjoni u t-trattament ta' disturbi tal-ligamenti, l-attivazzjoni ta' pro\u010bessi rigenerattivi, u t-trattament adjuvanti ta' disturbi kroni\u010bi tal-ligamenti.<\/p>\n<p>L-effett tal-Medaljun \u201eELAST\u201d huwa mmirat biex jirrestawra l-pro\u010bessi metabol\u010bi normali fi\u010b-\u010belloli u fit-tessuti tal-ligamenti, u biex jnaqqas ir-rata tal-pro\u010bess tat-tixji\u0127.<\/p>\n<p>Dan l-apparat g\u0127andu effett po\u017cittiv fuq l-istat tal-funzjonijiet tal-\u0121isem u jista' jintu\u017ca f'kombinazzjoni ma' metodi o\u0127ra b\u0127ala mezz ta' ottimizzazzjoni u korrezzjoni:<\/p>\n<ul>\n<li>J\u017cid l-elasti\u010bit\u00e0 tal-ligamenti u j\u017cid il-firxa tal-moviment fil-\u0121ogi b\u0127ala rispons g\u0127at-tibdiliet relatati mal-et\u00e0.<\/li>\n<li>Jnaqqas il-probabbilt\u00e0 ta' \u0121rie\u0127i fit-tendini u fil-ligamenti<\/li>\n<li>it-tnaqqis tal-\u0127in tal-irkupru wara \u0121rie\u0127i fil-ligamenti (storta, qsim)<\/li>\n<li>It-tnaqqis tal-bidliet relatati mal-et\u00e0 fil-\u0121ogi<\/li>\n<li>tis\u0127i\u0127 tal-ligamenti tal-organi interni, biex jipprevjeni l-prolaps tag\u0127hom (utru, imsaren, kliewa, stomaq)<\/li>\n<\/ul>\n<div class=\"su-spoiler su-spoiler-style-defoult su-spoiler-icon-caret su-spoiler-closed\" data-scroll-offset=\"0\" data-anchor-in-url=\"no\"><div class=\"su-spoiler-title\" tabindex=\"0\" role=\"button\"><span class=\"su-spoiler-icon\"><\/span>Kollha<\/div><div class=\"su-spoiler-content su-u-clearfix su-u-trim\">\n<strong>Effetti:<\/strong><\/p>\n<ul>\n<li>titjib tal-pro\u010bessi metabolici fit-tessuti konnettivi tal-g\u0127oqod u tal-organi interni, inklu\u017ca l-kontrattura ta' Dupuytren. (kontrattura: qasir u\/jew tnaqqis tat-tendini u\/jew tal-muskoli li jikkaw\u017ca deformit\u00e0 u\/jew postura forzata)<\/li>\n<li>it-tnaqqis tal-bidliet \u201erelatati mal-et\u00e0\u201d fis-sistema muskoloskeletali<\/li>\n<li>Ittejjeb l-elasti\u010bit\u00e0 tal-muskoli u tal-ligamenti<\/li>\n<li>J\u0127affef ir-r\u0121enerazzjoni wara \u0121rie\u0127i u pro\u010beduri kirur\u0121i\u010bi, u jipprevjeni l-formazzjoni ta' \u010bikatri\u010bi mhux lixxi.<\/li>\n<\/ul>\n<\/div><\/div>","protected":false},"excerpt":{"rendered":"<p>Kieg\u00e9sz\u00edt\u0151 eszk\u00f6z a ligamentum betegs\u00e9geinek megel\u0151z\u00e9s\u00e9re \u00e9s kezel\u00e9s\u00e9re, regener\u00e1ci\u00f3s folyamatok aktiv\u00e1l\u00e1s\u00e1ra \u00e9s a ligamentum kr\u00f3nikus betegs\u00e9geinek kieg\u00e9sz\u00edt\u0151 kezel\u00e9s\u00e9re. A &#8222;ELAST&#8221; Med\u00e1l hat\u00e1sa a norm\u00e1lis anyagcsere-folyamatok helyre\u00e1ll\u00edt\u00e1s\u00e1ra ir\u00e1nyul a ligamentumok sejtjeiben \u00e9s sz\u00f6veteiben, lass\u00edtva az \u00f6reged\u00e9si folyamatokat is. Ez az eszk\u00f6z pozit\u00edv hat\u00e1ssal van a testfunkci\u00f3k \u00e1llapot\u00e1ra, az optimaliz\u00e1l\u00e1s \u00e9s korrekci\u00f3 eszk\u00f6zek\u00e9nt haszn\u00e1lhat\u00f3 egy\u00e9b m\u00f3dszerekkel is [&hellip;]<\/p>\n","protected":false},"featured_media":4689,"comment_status":"open","ping_status":"closed","template":"","meta":[],"product_brand":[],"product_cat":[33,32],"product_tag":[],"class_list":{"0":"post-4690","1":"product","2":"type-product","3":"status-publish","4":"has-post-thumbnail","6":"product_cat-egeszseg-medalok","7":"product_cat-triomed","9":"first","10":"instock","11":"taxable","12":"shipping-taxable","13":"purchasable","14":"product-type-simple"},"_links":{"self":[{"href":"https:\/\/vetomshop.hu\/mt\/wp-json\/wp\/v2\/product\/4690","targetHints":{"allow":["GET"]}}],"collection":[{"href":"https:\/\/vetomshop.hu\/mt\/wp-json\/wp\/v2\/product"}],"about":[{"href":"https:\/\/vetomshop.hu\/mt\/wp-json\/wp\/v2\/types\/product"}],"replies":[{"embeddable":true,"href":"https:\/\/vetomshop.hu\/mt\/wp-json\/wp\/v2\/comments?post=4690"}],"wp:featuredmedia":[{"embeddable":true,"href":"https:\/\/vetomshop.hu\/mt\/wp-json\/wp\/v2\/media\/4689"}],"wp:attachment":[{"href":"https:\/\/vetomshop.hu\/mt\/wp-json\/wp\/v2\/media?parent=4690"}],"wp:term":[{"taxonomy":"product_brand","embeddable":true,"href":"https:\/\/vetomshop.hu\/mt\/wp-json\/wp\/v2\/product_brand?post=4690"},{"taxonomy":"product_cat","embeddable":true,"href":"https:\/\/vetomshop.hu\/mt\/wp-json\/wp\/v2\/product_cat?post=4690"},{"taxonomy":"product_tag","embeddable":true,"href":"https:\/\/vetomshop.hu\/mt\/wp-json\/wp\/v2\/product_tag?post=4690"}],"curies":[{"name":"wp","href":"https:\/\/api.w.org\/{rel}","templated":true}]}}