{"id":4702,"date":"2023-11-11T14:33:52","date_gmt":"2023-11-11T13:33:52","guid":{"rendered":"https:\/\/vetomshop.hu\/termek\/happy-dog-medal\/"},"modified":"2023-11-11T14:33:52","modified_gmt":"2023-11-11T13:33:52","slug":"happy-dog-medal","status":"publish","type":"product","link":"https:\/\/vetomshop.hu\/mt\/product\/happy-dog-medal\/","title":{"rendered":"Medaljun Happy Dog"},"content":{"rendered":"<h4>Medalja Happy Dog g\u0127all-klieb<\/h4>\n<p>Jista' jintu\u017ca fil-prevenzjoni u t-trattament tal-mard li \u0121ej:<\/p>\n<ul>\n<li>mard infettiv,<\/li>\n<li>aller\u0121iji (\u0127akk, \u0127akkiet, telf ta' xag\u0127ar, soffokazzjoni)<\/li>\n<li>avvelenament (bil-ikel, bil-veleni)<\/li>\n<li>disturbi endokrin\u010bi (dijabete, disturbi tat-tirojde)<\/li>\n<li>mard tal-g\u0127eruq<\/li>\n<\/ul>\n<p><strong>Jista' jintu\u017ca wkoll:<\/strong><\/p>\n<ul>\n<li>Itwal il-\u0127ajja tal-klieb anzjani u ttejjeb il-kundizzjoni tag\u0127hom<\/li>\n<li>fl-i\u017cvilupp b'sa\u0127\u0127tu tat-tfal<\/li>\n<li>fir-riabilitazzjoni mg\u0127a\u0121\u0121la wara kirur\u0121ija jew marda serja<\/li>\n<li>fejqan ta' \u0121rie\u0127i (feriti, stiramenti, ksur, \u0127ruq)<\/li>\n<li>Riabilitazzjoni wara t-twelid<\/li>\n<\/ul>\n<p><strong>Applikazzjoni:<\/strong><\/p>\n<p>Il-HappyDOG\u201e<\/p>\n<p>Immunomodulatur fi\u017cjoterapewtiku li jista' ji\u0121i mehmu\u017c mal-kollier tal-kelb. L-u\u017cu tieg\u0127u mhuwiex ristrett, i\u017cda g\u0127andu jitlibbes g\u0127al mill-inqas 30 minuta kuljum.<\/p>","protected":false},"excerpt":{"rendered":"<p>Happy Dog Med\u00e1l kuty\u00e1knak Alkalmazhat\u00f3 a k\u00f6vetkez\u0151 betegs\u00e9gek megel\u0151z\u00e9s\u00e9ben \u00e9s kezel\u00e9s\u00e9ben: infekci\u00f3s betegs\u00e9gek, allergi\u00e1k (ki\u00fct\u00e9sek, viszket\u00e9s, sz\u0151rhull\u00e1s, fullad\u00e1s) m\u00e9rgez\u00e9s (\u00e9tel \u00e1ltal, m\u00e9rgekkel) endokrin megbeteged\u00e9sek (cukorbetegs\u00e9g, a pajzsmirigy betegs\u00e9gei) \u00edz\u00fcleti betegs\u00e9gek Tov\u00e1bb\u00e1 alkalmazhat\u00f3: az id\u0151s kuty\u00e1k \u00e9let\u00e9nek meghosszabb\u00edt\u00e1s\u00e1ban, \u00e1llapotuk jav\u00edt\u00e1s\u00e1ban a k\u00f6lyk\u00f6k eg\u00e9szs\u00e9ges fejl\u0151d\u00e9s\u00e9ben a gyors rehabilit\u00e1ci\u00f3ban a m\u0171t\u00e9tek vagy s\u00falyos betegs\u00e9gek ut\u00e1n s\u00e9r\u00fcl\u00e9sek gy\u00f3gy\u00edt\u00e1s\u00e1ban (sebek, [&hellip;]<\/p>\n","protected":false},"featured_media":4701,"comment_status":"open","ping_status":"closed","template":"","meta":[],"product_brand":[],"product_cat":[33,32],"product_tag":[],"class_list":{"0":"post-4702","1":"product","2":"type-product","3":"status-publish","4":"has-post-thumbnail","6":"product_cat-egeszseg-medalok","7":"product_cat-triomed","9":"first","10":"instock","11":"taxable","12":"shipping-taxable","13":"purchasable","14":"product-type-simple"},"_links":{"self":[{"href":"https:\/\/vetomshop.hu\/mt\/wp-json\/wp\/v2\/product\/4702","targetHints":{"allow":["GET"]}}],"collection":[{"href":"https:\/\/vetomshop.hu\/mt\/wp-json\/wp\/v2\/product"}],"about":[{"href":"https:\/\/vetomshop.hu\/mt\/wp-json\/wp\/v2\/types\/product"}],"replies":[{"embeddable":true,"href":"https:\/\/vetomshop.hu\/mt\/wp-json\/wp\/v2\/comments?post=4702"}],"wp:featuredmedia":[{"embeddable":true,"href":"https:\/\/vetomshop.hu\/mt\/wp-json\/wp\/v2\/media\/4701"}],"wp:attachment":[{"href":"https:\/\/vetomshop.hu\/mt\/wp-json\/wp\/v2\/media?parent=4702"}],"wp:term":[{"taxonomy":"product_brand","embeddable":true,"href":"https:\/\/vetomshop.hu\/mt\/wp-json\/wp\/v2\/product_brand?post=4702"},{"taxonomy":"product_cat","embeddable":true,"href":"https:\/\/vetomshop.hu\/mt\/wp-json\/wp\/v2\/product_cat?post=4702"},{"taxonomy":"product_tag","embeddable":true,"href":"https:\/\/vetomshop.hu\/mt\/wp-json\/wp\/v2\/product_tag?post=4702"}],"curies":[{"name":"wp","href":"https:\/\/api.w.org\/{rel}","templated":true}]}}