{"id":4710,"date":"2023-11-11T14:33:53","date_gmt":"2023-11-11T13:33:53","guid":{"rendered":"https:\/\/vetomshop.hu\/termek\/prunus-cerasus-meggy-medal\/"},"modified":"2023-11-11T14:33:53","modified_gmt":"2023-11-11T13:33:53","slug":"prunus-cerasus-meggy-medal","status":"publish","type":"product","link":"https:\/\/vetomshop.hu\/mt\/product\/prunus-cerasus-meggy-medal\/","title":{"rendered":"Prunus cerasus \u2013 Medalljon ta\u010b-\u010airasa A\u010bida"},"content":{"rendered":"<h4>Prunus cerasus \u2013 Cherry Med\u00e1l \u2013 G\u0127al trattament komplementari ta' infezzjonijiet ta' Streptococcus u Staphylococcus<\/h4>\n<p>Streptococcus pyogenes, mag\u0127ruf ukoll b\u0127ala streptococcus tat-tip A, huwa batterju estremament komuni: kwa\u017ci kul\u0127add kellu u\u0121ig\u0127 fil-gri\u017cma tal-g\u0127onq ikkaw\u017cat minn dan il-pato\u0121enu prin\u010bipalment bla periklu li jikkolonizza l-farin\u0121i. Madankollu, dan l-istess batterju li jg\u0127ix fil-ger\u017cuma huwa wkoll il-kaw\u017ca tal-marda tal-fieber skarlattina, marda tat-tfulija akkumpanjata minn deni u \u0127akkija li tkopri l-\u0121isem kollu, min\u0127abba t-tossini li jirrilaxxa fid-demm. Fil-fatt, infezzjoni prolungata u mhux trattata ta' Streptococcus tista' twassal g\u0127all-marda rewmattika, marda serja li taffettwa l-g\u0127onqijiet u l-qalb.<\/p>\n<p>Staphylococcus aureus, batterju li jinstab kwa\u017ci fuq il-\u0121ilda ta' kul\u0127add, huwa pato\u0121enu komuni ie\u0127or li jikkaw\u017ca pimples mimlija pus u bubi. Filwaqt li dawn il-kundizzjonijiet tal-\u0121ilda huma sempli\u010bement mhux pja\u010bevoli, mard persistenti tal-\u0121ilda li prin\u010bipalment jaffettwa t-tfal, jew absessi li jidhru f'partijiet differenti tal-\u0121isem, jistg\u0127u jikkaw\u017caw problemi serji, mhux biex insemmu infezzjonijiet serji, potenzjalment fatali b\u0127al pneumonia, meningite, osteomjelite, jew endokardite. Staphylococcus, li normalment jikkolonizza l-\u0121ilda tag\u0127na, jista' jikkaw\u017ca dawn kollha jekk jing\u0127ata l-opportunit\u00e0.<\/p>\n<div class=\"su-spoiler su-spoiler-style-defoult su-spoiler-icon-caret su-spoiler-closed\" data-scroll-offset=\"0\" data-anchor-in-url=\"no\"><div class=\"su-spoiler-title\" tabindex=\"0\" role=\"button\"><span class=\"su-spoiler-icon\"><\/span>Kollha<\/div><div class=\"su-spoiler-content su-u-clearfix su-u-trim\">\n<h5>X'jistg\u0127u jikkaw\u017caw il-mikrobi ta' kuljum li jispi\u010b\u010baw fil-post \u0127a\u017cin?<\/h5>\n<p>Il-lezzjoni li g\u0127andna nitg\u0127allmu minn dan kollu hi li batterju li jidher bla periklu huwa biss relattivament bla periklu sakemm isib triqtu f'post fejn m'g\u0127andux ikun: prin\u010bipalment fit-tessut profond u<br \/>\nfil-fluss tad-demm. Per e\u017cempju, jekk il-batterji Streptococcus jew Staphylococcus jaslu fit-tessut subkutanju permezz ta\u201e \u0121rie\u0127i, jistg\u0127u jibdew jinfirxu b'mod estremament mg\u0127a\u0121\u0121el u b'\u0127sara kbira tul il-kisi tat-tessut konnettiv li jkopri l-muskoli u n-nervituri \u2013 komuni mag\u0127rufa b\u0127ala \u201dli tiekol il-la\u0127am\". \u0126abta ta' siringa, daqqa minn insett jew \u0127akk jista' jkun bi\u017c\u017cejjed biex jid\u0127lu fil-\u0121ilda \u2013 m'g\u0127andhiex tkun di\u017castru, anke \u0121rie\u0127i li kwa\u017ci ma jidhirx ikunu bi\u017c\u017cejjed. Hemm riskju akbar jekk il-\u0121ilda tkun di\u0121\u00e0 mhedda \u2013 pere\u017cempju, wara kirur\u0121ija, min\u0127abba infezzjoni virali akuta b'\u0127akk, jew b\u0127ala kumplikazzjoni tad-dijabete \u2013 jew jekk is-sistema immunitarja tkun imnaqqsa.<\/p>\n<h5>\u201eJieklu l-batterji karnivori l-la\u0127am?<\/h5>\n<p>Il-batterji li jieklu l-la\u0127am ma jiffurmawx xi tip ta\u201e grupp terribbli u e\u017cotiku fost il-pato\u0121eni: fil-bi\u010b\u010ba l-kbira tal-ka\u017cijiet, mikrobi ta\u201d kuljum li spi\u010b\u010baw fil-post \u0127a\u017cin huma responsabbli g\u0127al serji<br \/>\nwara pro\u010bess li jinvolvi t-tni\u0121\u0121ir tat-tessuti li jhedded direttament il-\u0127ajja.<\/p>\n<h5>Kif ja\u0127dem il-pro\u010bess?<\/h5>\n<p>\u201eInfezzjoni li tiekol il-la\u0127am\u201d, uffi\u010bjalment mag\u0127rufa b\u0127ala fas\u010bite nekrotizzanti (infjammazzjoni nekrotizzanti tat-tessut konnettiv jew tal-\u0121ilda), tibda b'ftit sintomi karatteristi\u010bi: infjammazzjoni, \u0127mura, u\u0121ig\u0127 u possibilment il-\u0127olqien ta' bollijiet fl-erja affettwata. Peress li l-pro\u010bess ise\u0127\u0127 fil-fond \u0121ewwa l-\u0121isem, meta jidhru skurament vjola u bolli mimlija demm fuq il-\u0121ilda, di\u0121\u00e0 saret distruzzjoni estensiva tat-tessut artab ta\u0127t il-\u0121ilda.<\/p>\n<\/div><\/div>","protected":false},"excerpt":{"rendered":"<p>Prunus cerasus \u2013 Meggy Med\u00e1l-Streptococcus, Staphylococcus fert\u0151z\u00e9sek kieg\u00e9sz\u00edt\u0151 kezel\u00e9s\u00e9re A Streptococcus pyogenes, m\u00e1s nev\u00e9n az A-t\u00edpus\u00fa sztreptokokkusz rendk\u00edv\u00fcl k\u00f6z\u00f6ns\u00e9ges bakt\u00e9rium: aligha akad, akinek ne okozott volna m\u00e9g torokf\u00e1j\u00e1st ez a garatban megteleped\u0151, jobb\u00e1ra \u00e1rtalmatlan k\u00f3rokoz\u00f3. \u00c1m ugyanez a toroklak\u00f3 bakt\u00e9rium &#8211; a v\u00e9r\u00e1ramba kiv\u00e1lasztott m\u00e9reganyagai r\u00e9v\u00e9n &#8211; a skarl\u00e1t, a l\u00e1zzal \u00e9s a teljes testet [&hellip;]<\/p>\n","protected":false},"featured_media":4709,"comment_status":"open","ping_status":"closed","template":"","meta":[],"product_brand":[],"product_cat":[33,32],"product_tag":[],"class_list":{"0":"post-4710","1":"product","2":"type-product","3":"status-publish","4":"has-post-thumbnail","6":"product_cat-egeszseg-medalok","7":"product_cat-triomed","9":"first","10":"instock","11":"taxable","12":"shipping-taxable","13":"purchasable","14":"product-type-simple"},"_links":{"self":[{"href":"https:\/\/vetomshop.hu\/mt\/wp-json\/wp\/v2\/product\/4710","targetHints":{"allow":["GET"]}}],"collection":[{"href":"https:\/\/vetomshop.hu\/mt\/wp-json\/wp\/v2\/product"}],"about":[{"href":"https:\/\/vetomshop.hu\/mt\/wp-json\/wp\/v2\/types\/product"}],"replies":[{"embeddable":true,"href":"https:\/\/vetomshop.hu\/mt\/wp-json\/wp\/v2\/comments?post=4710"}],"wp:featuredmedia":[{"embeddable":true,"href":"https:\/\/vetomshop.hu\/mt\/wp-json\/wp\/v2\/media\/4709"}],"wp:attachment":[{"href":"https:\/\/vetomshop.hu\/mt\/wp-json\/wp\/v2\/media?parent=4710"}],"wp:term":[{"taxonomy":"product_brand","embeddable":true,"href":"https:\/\/vetomshop.hu\/mt\/wp-json\/wp\/v2\/product_brand?post=4710"},{"taxonomy":"product_cat","embeddable":true,"href":"https:\/\/vetomshop.hu\/mt\/wp-json\/wp\/v2\/product_cat?post=4710"},{"taxonomy":"product_tag","embeddable":true,"href":"https:\/\/vetomshop.hu\/mt\/wp-json\/wp\/v2\/product_tag?post=4710"}],"curies":[{"name":"wp","href":"https:\/\/api.w.org\/{rel}","templated":true}]}}