{"id":4712,"date":"2023-11-11T14:33:54","date_gmt":"2023-11-11T13:33:54","guid":{"rendered":"https:\/\/vetomshop.hu\/termek\/biotrem-active\/"},"modified":"2023-11-11T14:33:54","modified_gmt":"2023-11-11T13:33:54","slug":"biotrem-active","status":"publish","type":"product","link":"https:\/\/vetomshop.hu\/mt\/product\/biotrem-active\/","title":{"rendered":"BioTrEM attiv"},"content":{"rendered":"<p>\u0410 <strong>\u201eBioTrEM Attiv\u201d<\/strong> L-apparat terapewtiku EMF-IK (minn hawn 'il quddiem imsejja\u0127 l-apparat) huwa apparat portabbli g\u0127at-terapija fi\u017cika u r-riflessoterapija, iddisinjat g\u0127all-prevenzjoni tal-mard tal-g\u0127oqq, u t-trattament u r-riabilitazzjoni ta' pazjenti li jbatu minn disturbi muskoloskeletali permezz ta' espo\u017cizzjoni elettromanjetika ta' intensit\u00e0 baxxa fil-firxa ta' frekwenzi estremament g\u0127oljin mmirata lejn partijiet mis-superfi\u010bje tal-\u0121ilda tal-bniedem.<\/p>\n<p>L-apparat jista' jintu\u017ca f'programmi kumplessi ta' prevenzjoni u ta' fejqan g\u0127ad-disturbi muskoloskeletali biex jer\u0121a' jinstab il-pro\u010bessi fi\u017cjolo\u0121i\u010bi normali fi\u010b-\u010belloli u fit-tessuti tas-sistema muskoloskeletali, biex jitnaqqas l-u\u0121ig\u0127 u biex titjieb il-funzjoni muskoloskeletali.<\/p>\n<div class=\"su-spoiler su-spoiler-style-defoult su-spoiler-icon-caret su-spoiler-closed\" data-scroll-offset=\"0\" data-anchor-in-url=\"no\"><div class=\"su-spoiler-title\" tabindex=\"0\" role=\"button\"><span class=\"su-spoiler-icon\"><\/span>Kollha<\/div><div class=\"su-spoiler-content su-u-clearfix su-u-trim\">\n<p>Effetti tal-u\u017cu tad-dispositiv:<\/p>\n<ul>\n<li>Jinormalizza \u010b-\u010birkolazzjoni tad-demm, l-istat immunitarju u l-pro\u010bessi metabol\u010bi fl-organi\/sistemi motori, u jipprevjeni l-i\u017cvilupp ta' mard fihom;<\/li>\n<li>jippromwovi titjib fil-funzjonijiet ta' appo\u0121\u0121 u ta' moviment;<\/li>\n<li>jnaqqas il-manifestazzjoni ta' fenomeni infjammatorji u kon\u0121estivi fl-organi tal-moviment;<\/li>\n<li>jippromwovi l-a\u010b\u010bellerazzjoni tal-pro\u010bessi rigenerattivi u restawrattivi fit-tessuti tas-sistema muskoloskeletali;<\/li>\n<li>jippromwovi l-eliminazzjoni tal-pro\u010bessi infjammatorji fil-\u0121ogi, fil-membrani tal-\u0121ogi u fil-bor\u017ci tal-\u0121ogi, fil-muskoli,<\/li>\n<li>Jg\u0127in biex jitne\u0127\u0127a jew jikkumpensa d-deformazzjoni u l-atrofija tal-g\u0127adam, tal-ligamenti u tal-kompless muskoloskeletali.<\/li>\n<\/ul>\n<\/div><\/div>","protected":false},"excerpt":{"rendered":"<p>\u0410 \u201eBioTrEM ACTIVE\u201d modell EMF-IK ter\u00e1pi\u00e1s k\u00e9sz\u00fcl\u00e9k (a tov\u00e1bbiakban k\u00e9sz\u00fcl\u00e9k) egy hordozhat\u00f3 fizikoter\u00e1pi\u00e1s \u00e9s reflexter\u00e1pi\u00e1s eszk\u00f6z, amelynek rendeltet\u00e9se az \u00edz\u00fcleti megbeteged\u00e9sek megel\u0151z\u00e9s\u00e9re, a t\u00e1maszt\u00e1s \u00e9s mozg\u00e1s szervrendszeri betegs\u00e9gekben szenved\u0151 p\u00e1ciensek kezel\u00e9se \u00e9s rehabilit\u00e1ci\u00f3ja az ember b\u0151rfel\u00fclet\u00e9nek r\u00e9szeire ir\u00e1nyul\u00f3 extr\u00e9m magas frekvenci\u00e1s tartom\u00e1nyban m\u0171k\u00f6d\u0151 alacsonyintenzit\u00e1s\u00fa elektrom\u00e1gneses r\u00e1hat\u00e1s r\u00e9v\u00e9n. \u0410 k\u00e9sz\u00fcl\u00e9k komplex megel\u0151z\u0151 \u00e9s gy\u00f3gyul\u00e1st el\u0151seg\u00edt\u0151 programokban [&hellip;]<\/p>\n","protected":false},"featured_media":4711,"comment_status":"open","ping_status":"closed","template":"","meta":[],"product_brand":[],"product_cat":[34,32],"product_tag":[],"class_list":{"0":"post-4712","1":"product","2":"type-product","3":"status-publish","4":"has-post-thumbnail","6":"product_cat-keszulekek","7":"product_cat-triomed","9":"first","10":"instock","11":"taxable","12":"shipping-taxable","13":"purchasable","14":"product-type-simple"},"_links":{"self":[{"href":"https:\/\/vetomshop.hu\/mt\/wp-json\/wp\/v2\/product\/4712","targetHints":{"allow":["GET"]}}],"collection":[{"href":"https:\/\/vetomshop.hu\/mt\/wp-json\/wp\/v2\/product"}],"about":[{"href":"https:\/\/vetomshop.hu\/mt\/wp-json\/wp\/v2\/types\/product"}],"replies":[{"embeddable":true,"href":"https:\/\/vetomshop.hu\/mt\/wp-json\/wp\/v2\/comments?post=4712"}],"wp:featuredmedia":[{"embeddable":true,"href":"https:\/\/vetomshop.hu\/mt\/wp-json\/wp\/v2\/media\/4711"}],"wp:attachment":[{"href":"https:\/\/vetomshop.hu\/mt\/wp-json\/wp\/v2\/media?parent=4712"}],"wp:term":[{"taxonomy":"product_brand","embeddable":true,"href":"https:\/\/vetomshop.hu\/mt\/wp-json\/wp\/v2\/product_brand?post=4712"},{"taxonomy":"product_cat","embeddable":true,"href":"https:\/\/vetomshop.hu\/mt\/wp-json\/wp\/v2\/product_cat?post=4712"},{"taxonomy":"product_tag","embeddable":true,"href":"https:\/\/vetomshop.hu\/mt\/wp-json\/wp\/v2\/product_tag?post=4712"}],"curies":[{"name":"wp","href":"https:\/\/api.w.org\/{rel}","templated":true}]}}