{"id":4714,"date":"2023-11-11T14:33:54","date_gmt":"2023-11-11T13:33:54","guid":{"rendered":"https:\/\/vetomshop.hu\/termek\/triomed-compact\/"},"modified":"2023-11-11T14:33:54","modified_gmt":"2023-11-11T13:33:54","slug":"triomed-compact","status":"publish","type":"product","link":"https:\/\/vetomshop.hu\/mt\/product\/triomed-compact\/","title":{"rendered":"Triomed kompatt"},"content":{"rendered":"<h4>Tranquillazzjoni tal-u\u0121ig\u0127, tnaqqis tal-infjammazzjoni, detossifikazzjoni, riabilitazzjoni, trattament kaw\u017cali, g\u0127ajnuna inizjali, mard kroniku, elettrosmog, stress, terapija tad-dawl<\/h4>\n<p>Sistema ta' innovazzjoni g\u0127all-protezzjoni u r-restawr tas-sa\u0127\u0127a \u2013 <strong>Triomed kompatt.<\/strong><\/p>\n<p>Nisimg\u0127u kwa\u017ci kuljum li l-ambjent tag\u0127na sar dejjem aktar aggressiv.<\/p>\n<p>Il-kimi\u010bi fl-ikel u fl-ilma, it-tni\u0121\u0121is tal-arja u ritmu ta' \u0127ajja dejjem aktar mg\u0127a\u0121\u0121el jippre\u017centaw sfidi serji g\u0127all-\u0121isem tag\u0127na. Il-mard tal-kivilizzazzjoni, li ji\u017cviluppa min\u0127abba bidliet fil-fatturi ambjentali, fl-abitudnijiet ta' ikel, fil-kundizzjonijiet tax-xog\u0127ol u min\u0127abba l-istress, huwa wkoll kaw\u017ca ta' t\u0127assib serju. It-trattament ta' dawn il-mard huwa sfida kbira g\u0127all-medi\u010bini, peress li spiss ikunu bla poter biex jag\u0127mlu xejn dwarhom. Wara e\u017camijiet twal, spiss ting\u0127atana isem Latin li jinstema' tajjeb (jew a\u0127jar \u0127a\u017cin) b\u0127ala dijanjosi, flimkien mal-parir li rridu ng\u0127ixu mieg\u0127u.<\/p>\n<p>Imma hu pja\u010bevoli li tg\u0127ix f'stat daqshekk bla tama, tqatta' g\u0127exieren ta' snin bejn il-marda u l-mewt? Kemm u\u0121ig\u0127, sagrifi\u010b\u010bju, ener\u0121ija, flus, \u0127in u di\u017cappunt jakkumpanjaw lill-pazjent matul il-vja\u0121\u0121 tieg\u0127u? Kemm pjanijiet, g\u0127anijiet, karrieri u xewqat mhux sodisfatti jintremew g\u0127ax minn dakinhar 'il quddiem kollox iddur madwar il-marda?<\/p>\n<div class=\"su-spoiler su-spoiler-style-defoult su-spoiler-icon-caret su-spoiler-closed\" data-scroll-offset=\"0\" data-anchor-in-url=\"no\"><div class=\"su-spoiler-title\" tabindex=\"0\" role=\"button\"><span class=\"su-spoiler-icon\"><\/span>Kollha<\/div><div class=\"su-spoiler-content su-u-clearfix su-u-trim\">\n<p>Il-mistoqsija: nistg\u0127u nkunu b'sa\u0127\u0127itna jekk ma nibdlux?<\/p>\n<p>Nindirizzaw biss il-kaw\u017ci tal-mard u napplikaw soluzzjonijiet parzjali?<\/p>\n<p>It-twe\u0121iba hija \u010barament LE! Skopri sistema kumplessa li hija unika fil-\u0121eneru tag\u0127ha!<\/p>\n<p>L-g\u0127odod tag\u0127na jittrattaw il-mard tieg\u0127ek, itejbu l-kwalit\u00e0 tal-\u0127ajja tieg\u0127ek, jg\u0127inuk tadatta g\u0127al ambjent li nbidel u li qed jinbidel kontinwament, u anke jibdluh.<\/p>\n<p>Mhux biss nistg\u0127u niksbu ri\u017cultati e\u010b\u010bezzjonali f'ka\u017cijiet ta' mard differenti, u\u0121ig\u0127, infjammazzjoni, pro\u010bessi awtoimmuni u umori\u017cmu baxx, i\u017cda nistg\u0127u wkoll ne\u0127ilsu mill-kaw\u017ci fundamentali! Dan kollu jintla\u0127aq permezz tal-komunikazzjoni kontinwa bejn l-apparat u l-\u0121isem tieg\u0127ek, fejn kull impuls jirrispondi g\u0127all-kundizzjoni attwali tieg\u0127ek.<\/p>\n<p>Biofeedback \u2013 fil-firxa tal-frekwenza tar-radju.<\/p>\n<p>Protezzjoni tas-sa\u0127\u0127a b\u0127ala \u0127a\u0121a ta' rutina! Appro\u010b\u010b uniku!<\/p>\n<p>Bil-mess ta' buttuna:<\/p>\n<ul>\n<li>Ittejjeb l-ambjent ekolo\u0121iku \u2013 terapija bil-millimetri madwar il-qasam,<\/li>\n<li>Ittejjeb il-kwalit\u00e0 tal-ilma u tal-ikel \u2013 tirrestawra l-ordni fl-ilma u fl-ikel, u tnaqqas l-effetti ta' \u0127sara.<\/li>\n<li>Jnaqqas l-istress fix-xog\u0127ol u f'postijiet o\u0127ra, u b'hekk i\u017cid ir-re\u017ciljenza tag\u0127na.<\/li>\n<\/ul>\n<p>Il-pass li jmiss: applika dan b'mod regolari biex issolvi l-problemi tieg\u0127ek!<\/p>\n<p>Triomed Compact \u2013 il-Professjonali!<\/p>\n<p><strong>Esperjenza:<\/strong> G\u0127andi esperjenzi tajbin \u0127afna mad-dispositivi Triomed u Compact. Meta konna morda, anke l-aktar batterji re\u017ciljenti \u0121ew kompletament kkurati fi \u017cew\u0121 sa tlett ijiem ming\u0127ajr medi\u010bini. Jiena tqila, u waqt wie\u0127ed mill-ultrasounds, it-tabib sab \u010bista fil-kranju tat-tarbija tag\u0127na. Huwa rassigurani li kollox kien se jkun tajjeb, u kont kompletament kalma, naf li wara ftit trattamenti l-kista kienet se tisparixxi kompletament. U dak hu e\u017cattament dak li \u0121ara!!! \u017bgur ma kontx inkun daqshekk kalma b\u0127ala omm mistennija kieku ma kontx naf b'dawn l-apparati. Jien fer\u0127ana \u0127afna li skoprejt dawn l-apparati qabel ma kont ninsab tqila.<\/p>\n<p>Jekk jog\u0127\u0121bok innota: Dan l-apparat mhux sostitut g\u0127at-trattament mediku.<\/p>\n<p>Kull mod ta' operazzjoni jimplimenta programm spe\u010bifiku.<\/p>\n<p>TRIOMED COMPACT ja\u0127dem f'tmien modi.<\/p>\n<p>Kull mod ta' operazzjoni jimplimenta programm spe\u010bifiku u uniku.<\/p>\n<\/div><\/div>","protected":false},"excerpt":{"rendered":"<p>F\u00e1jdalomcsillap\u00edt\u00e1s, gyullad\u00e1s cs\u00f6kkent\u00e9s, lugos\u00edt\u00e1s, rehabilit\u00e1ci\u00f3, oki kezel\u00e9s, els\u0151seg\u00e9ly, kr\u00f3nikus betegs\u00e9gek, elektroszmog, stressz, f\u00e9nyter\u00e1pia Az eg\u00e9szs\u00e9g v\u00e9delm\u00e9nek \u00e9s vissza\u00e1ll\u00edt\u00e1s\u00e1nak innov\u00e1ci\u00f3s rendszere \u2013 Triomed compact. Szinte naponta hallunk arr\u00f3l, hogy k\u00f6rnyezet\u00fcnk egyre agressz\u00edvebb\u00e9 v\u00e1lt. Az \u00e9lelmiszerekben \u00e9s a v\u00edzben tal\u00e1lhat\u00f3 vegyszerek, a leveg\u0151 szennyezetts\u00e9ge, az egyre gyorsabb \u00e9lettemp\u00f3 komoly kih\u00edv\u00e1sok el\u00e9 \u00e1ll\u00edtja szervezet\u00fcnket. Komoly aggodalomra adhatnak okot [&hellip;]<\/p>\n","protected":false},"featured_media":4713,"comment_status":"open","ping_status":"closed","template":"","meta":[],"product_brand":[],"product_cat":[34,32],"product_tag":[],"class_list":{"0":"post-4714","1":"product","2":"type-product","3":"status-publish","4":"has-post-thumbnail","6":"product_cat-keszulekek","7":"product_cat-triomed","9":"first","10":"instock","11":"taxable","12":"shipping-taxable","13":"purchasable","14":"product-type-simple"},"_links":{"self":[{"href":"https:\/\/vetomshop.hu\/mt\/wp-json\/wp\/v2\/product\/4714","targetHints":{"allow":["GET"]}}],"collection":[{"href":"https:\/\/vetomshop.hu\/mt\/wp-json\/wp\/v2\/product"}],"about":[{"href":"https:\/\/vetomshop.hu\/mt\/wp-json\/wp\/v2\/types\/product"}],"replies":[{"embeddable":true,"href":"https:\/\/vetomshop.hu\/mt\/wp-json\/wp\/v2\/comments?post=4714"}],"wp:featuredmedia":[{"embeddable":true,"href":"https:\/\/vetomshop.hu\/mt\/wp-json\/wp\/v2\/media\/4713"}],"wp:attachment":[{"href":"https:\/\/vetomshop.hu\/mt\/wp-json\/wp\/v2\/media?parent=4714"}],"wp:term":[{"taxonomy":"product_brand","embeddable":true,"href":"https:\/\/vetomshop.hu\/mt\/wp-json\/wp\/v2\/product_brand?post=4714"},{"taxonomy":"product_cat","embeddable":true,"href":"https:\/\/vetomshop.hu\/mt\/wp-json\/wp\/v2\/product_cat?post=4714"},{"taxonomy":"product_tag","embeddable":true,"href":"https:\/\/vetomshop.hu\/mt\/wp-json\/wp\/v2\/product_tag?post=4714"}],"curies":[{"name":"wp","href":"https:\/\/api.w.org\/{rel}","templated":true}]}}