{"id":4718,"date":"2023-11-11T14:33:56","date_gmt":"2023-11-11T13:33:56","guid":{"rendered":"https:\/\/vetomshop.hu\/termek\/antidiabetikus-jelado\/"},"modified":"2023-11-11T14:33:56","modified_gmt":"2023-11-11T13:33:56","slug":"antidiabetikus-jelado","status":"publish","type":"product","link":"https:\/\/vetomshop.hu\/mt\/product\/antidiabetikus-jelado\/","title":{"rendered":"Trasmettitur antidiabetiku"},"content":{"rendered":"<h4>Raddjatur antidiabetiku Nru. 7.<\/h4>\n<p>\u0126in ta' operazzjoni: 13 minuti.<\/p>\n<p>Il-frekwenza tag\u0127ha tikkorrispondi g\u0127all-frekwenza ta\u010b-\u010belloli pankreati\u010bi u g\u0127all-kampi tar-ri\u010betturi tat-tessuti dipendenti mill-insulina.<\/p>\n<p>Jista' jintu\u017ca f'programmi kumplessi g\u0127all-prevenzjoni tad-dijabete u fit-trattament tad-dijabete tat-tip I u II, bil-g\u0127an li jipprevjeni l-i\u017cvilupp ta' kumplikazzjonijiet.<\/p>\n<ul>\n<li>Jippromwovi l-ottimizzazzjoni tal-pro\u010bessi metabol\u010bi (karboidrati, lipidi, proteini, minerali).<\/li>\n<li>Ittejjeb il-pro\u010bessi metabol\u010bi fi\u010b-\u010belloli pankreati\u010bi.<\/li>\n<li>Jottimizza l-produzzjoni tal-insulina mill-\u010belloli tal-pancreas.<\/li>\n<li>\u017bieda fis-sensittivit\u00e0 tat-tessuti g\u0127all-insulina.<\/li>\n<li>Ittejjeb il-kundizzjoni tal-qasam tar-ri\u010betturi ta\u010b-\u010belloli tat-tessut dipendenti mill-insulina.<\/li>\n<li>Jipprevjeni l-edema<\/li>\n<li>J\u0127affef ir-ri\u0121enerazzjoni u r-riparazzjoni ta\u010b-\u010belloli pankreati\u010bi.<\/li>\n<li>G\u0127andu effett anti-infjammatorju.<\/li>\n<li>Ittejjeb i\u010b-\u010birkolazzjoni tad-demm.<\/li>\n<li>Jipprevjeni l-i\u017cvilupp tad-dijabete.<\/li>\n<li>Jipprevjeni l-i\u017cvilupp ta' kumplikazzjonijiet tad-dijabete.<\/li>\n<\/ul>\n<div class=\"su-spoiler su-spoiler-style-defoult su-spoiler-icon-caret su-spoiler-closed\" data-scroll-offset=\"0\" data-anchor-in-url=\"no\"><div class=\"su-spoiler-title\" tabindex=\"0\" role=\"button\"><span class=\"su-spoiler-icon\"><\/span>Kollha<\/div><div class=\"su-spoiler-content su-u-clearfix su-u-trim\">\n\u017boni rakkomandati g\u0127at-trattament: punti u \u017coni bijolo\u0121ikament attivi. It-trattamenti rakkomandati jistg\u0127u ji\u0121u ripetuti 2-3 darbiet fis-sena \u2013 g\u0127al mill-inqas 3 xhur \u2013 sakemm il-kundizzjoni titjieb, u jistg\u0127u ji\u0121u supplimentati b'trattamenti o\u0127ra ta' bioinformazzjoni.<\/p>\n<\/div><\/div>","protected":false},"excerpt":{"rendered":"<p>Antidiabetikus sug\u00e1rz\u00f3 \u21167. M\u0171k\u00f6d\u00e9si ideje: 13 perc. Frekvenci\u00e1ja a hasny\u00e1lmirigy sejtjei \u00e9s az inzulinf\u00fcgg\u0151 sz\u00f6vetek receptormez\u0151i frekvenci\u00e1j\u00e1nak felel meg. A cukorbetegs\u00e9g megel\u0151z\u00e9s\u00e9nek, valamint az I. \u00e9s II. tipus\u00fa cukorbetegs\u00e9g kezel\u00e9s\u00e9nek komplex programjaiban, a sz\u00f6v\u0151dm\u00e9nyek kialakul\u00e1sa megel\u0151z\u00e9s\u00e9nek c\u00e9lj\u00e1b\u00f3l alkalmazhat\u00f3. Az anyagcsere folyamatok (sz\u00e9nhidr\u00e1t, lipid, feh\u00e9rje, \u00e1sv\u00e1nyi anyagok) optimaliz\u00e1ci\u00f3j\u00e1t seg\u00edti el\u0151. Jav\u00edtja a metabolizmus (anyagcsere) folyamatait a [&hellip;]<\/p>\n","protected":false},"featured_media":4717,"comment_status":"open","ping_status":"closed","template":"","meta":[],"product_brand":[],"product_cat":[35,32],"product_tag":[],"class_list":{"0":"post-4718","1":"product","2":"type-product","3":"status-publish","4":"has-post-thumbnail","6":"product_cat-csatlakoztathato-jeladok","7":"product_cat-triomed","9":"first","10":"instock","11":"taxable","12":"shipping-taxable","13":"purchasable","14":"product-type-simple"},"_links":{"self":[{"href":"https:\/\/vetomshop.hu\/mt\/wp-json\/wp\/v2\/product\/4718","targetHints":{"allow":["GET"]}}],"collection":[{"href":"https:\/\/vetomshop.hu\/mt\/wp-json\/wp\/v2\/product"}],"about":[{"href":"https:\/\/vetomshop.hu\/mt\/wp-json\/wp\/v2\/types\/product"}],"replies":[{"embeddable":true,"href":"https:\/\/vetomshop.hu\/mt\/wp-json\/wp\/v2\/comments?post=4718"}],"wp:featuredmedia":[{"embeddable":true,"href":"https:\/\/vetomshop.hu\/mt\/wp-json\/wp\/v2\/media\/4717"}],"wp:attachment":[{"href":"https:\/\/vetomshop.hu\/mt\/wp-json\/wp\/v2\/media?parent=4718"}],"wp:term":[{"taxonomy":"product_brand","embeddable":true,"href":"https:\/\/vetomshop.hu\/mt\/wp-json\/wp\/v2\/product_brand?post=4718"},{"taxonomy":"product_cat","embeddable":true,"href":"https:\/\/vetomshop.hu\/mt\/wp-json\/wp\/v2\/product_cat?post=4718"},{"taxonomy":"product_tag","embeddable":true,"href":"https:\/\/vetomshop.hu\/mt\/wp-json\/wp\/v2\/product_tag?post=4718"}],"curies":[{"name":"wp","href":"https:\/\/api.w.org\/{rel}","templated":true}]}}