{"id":4720,"date":"2023-11-11T14:33:56","date_gmt":"2023-11-11T13:33:56","guid":{"rendered":"https:\/\/vetomshop.hu\/termek\/egeszseges-maj-jelado\/"},"modified":"2024-10-29T21:36:20","modified_gmt":"2024-10-29T20:36:20","slug":"egeszseges-maj-jelado","status":"publish","type":"product","link":"https:\/\/vetomshop.hu\/mt\/product\/egeszseges-maj-jelado\/","title":{"rendered":"Indikatur ta' fegat b'sa\u0127\u0127tu"},"content":{"rendered":"<h4>\u00abFegat b'sa\u0127\u0127tu\u00bb radiator Nru. 14<\/h4>\n<p>Il-frekwenza tieg\u0127u tikkorrispondi g\u0127al dik tat-tessut tal-fwied, u \u017c-\u017cmien ta' operazzjoni tieg\u0127u huwa 12-il minuta.<\/p>\n<p>Jista' jintu\u017ca f'programmi kumplessi ta' trattament g\u0127all-fwied, il-bili u d-dotti tal-bili.<\/p>\n<ul>\n<li>Jistimula l-pro\u010bessi metabolici fl-epatociti (\u010belloli tal-fwied).<\/li>\n<li>Ittejjeb il-funzjonijiet sinteti\u010bi u tad-detossifikazzjoni tal-fwied.<\/li>\n<li>Jnaqqas l-edema.<\/li>\n<li>Jistimula l-pro\u010bessi ta' rigenerazzjoni u tiswija tal-epatociti.<\/li>\n<li>G\u0127andu effett antispasmodiku.<\/li>\n<li>Effett li jtaffi l-u\u0121ig\u0127.<\/li>\n<li>Effett anti-infjammatorju.<\/li>\n<li>Ittejjeb i\u010b-\u010birkolazzjoni tad-demm.<\/li>\n<li>Jottimizza l-formazzjoni u l-eskrezzjoni tal-bili.<\/li>\n<li>Jipprevjeni bidliet \u010birro\u017ci\u010bi fil-fwied.<\/li>\n<\/ul>\n<div class=\"su-spoiler su-spoiler-style-defoult su-spoiler-icon-caret su-spoiler-closed\" data-scroll-offset=\"0\" data-anchor-in-url=\"no\"><div class=\"su-spoiler-title\" tabindex=\"0\" role=\"button\"><span class=\"su-spoiler-icon\"><\/span>Kollha<\/div><div class=\"su-spoiler-content su-u-clearfix su-u-trim\">\n<p>\u017boni rakkomandati g\u0127at-trattament: punti u \u017coni bijolo\u0121ikament attivi, 12-12 minuti g\u0127al kull punt. It-trattamenti rakkomandati jistg\u0127u ji\u0121u ripetuti 2-3 darbiet fis-sena \u2013 g\u0127al mill-inqas 3 xhur \u2013 sakemm il-kundizzjoni titjieb, u jistg\u0127u ji\u0121u supplimentati b'trattamenti o\u0127ra ta' bioinformazzjoni.<\/p>\n<\/div><\/div>","protected":false},"excerpt":{"rendered":"<p>\u00abEg\u00e9szs\u00e9ges m\u00e1j\u00bb sug\u00e1rz\u00f3 \u211614 Frekvenci\u00e1ja megfelel a m\u00e1jsz\u00f6vet frekvenci\u00e1j\u00e1nak, m\u0171k\u00f6d\u00e9si ideje 12 perc. A m\u00e1j, az epe \u00e9s az epevezet\u00e9kek komplex kezel\u00e9si programjaiban alkalmazhat\u00f3. Serkenti a metabolizmus (anyagcsere) folyamatait a hepatocit\u00e1kban (a m\u00e1jsejtekben). Jav\u00edtja a m\u00e1j szintetikus \u00e9s dezintoxik\u00e1ci\u00f3s funkci\u00f3it. Cs\u00f6kkenti az \u00f6d\u00e9m\u00e1sod\u00e1st. Serkenti a hepatocit\u00e1k regener\u00e1ci\u00f3s \u00e9s repar\u00e1ci\u00f3s folyamatait. G\u00f6rcsold\u00f3 hat\u00e1sa van. F\u00e1jdalomcsillap\u00edt\u00f3 hat\u00e1s. [&hellip;]<\/p>\n","protected":false},"featured_media":4719,"comment_status":"open","ping_status":"closed","template":"","meta":[],"product_brand":[],"product_cat":[35,32],"product_tag":[],"class_list":{"0":"post-4720","1":"product","2":"type-product","3":"status-publish","4":"has-post-thumbnail","6":"product_cat-csatlakoztathato-jeladok","7":"product_cat-triomed","9":"first","10":"instock","11":"taxable","12":"shipping-taxable","13":"purchasable","14":"product-type-simple"},"_links":{"self":[{"href":"https:\/\/vetomshop.hu\/mt\/wp-json\/wp\/v2\/product\/4720","targetHints":{"allow":["GET"]}}],"collection":[{"href":"https:\/\/vetomshop.hu\/mt\/wp-json\/wp\/v2\/product"}],"about":[{"href":"https:\/\/vetomshop.hu\/mt\/wp-json\/wp\/v2\/types\/product"}],"replies":[{"embeddable":true,"href":"https:\/\/vetomshop.hu\/mt\/wp-json\/wp\/v2\/comments?post=4720"}],"wp:featuredmedia":[{"embeddable":true,"href":"https:\/\/vetomshop.hu\/mt\/wp-json\/wp\/v2\/media\/4719"}],"wp:attachment":[{"href":"https:\/\/vetomshop.hu\/mt\/wp-json\/wp\/v2\/media?parent=4720"}],"wp:term":[{"taxonomy":"product_brand","embeddable":true,"href":"https:\/\/vetomshop.hu\/mt\/wp-json\/wp\/v2\/product_brand?post=4720"},{"taxonomy":"product_cat","embeddable":true,"href":"https:\/\/vetomshop.hu\/mt\/wp-json\/wp\/v2\/product_cat?post=4720"},{"taxonomy":"product_tag","embeddable":true,"href":"https:\/\/vetomshop.hu\/mt\/wp-json\/wp\/v2\/product_tag?post=4720"}],"curies":[{"name":"wp","href":"https:\/\/api.w.org\/{rel}","templated":true}]}}