{"id":4724,"date":"2023-11-11T14:33:57","date_gmt":"2023-11-11T13:33:57","guid":{"rendered":"https:\/\/vetomshop.hu\/termek\/gyulladascsokkento-jelado\/"},"modified":"2023-11-11T14:33:57","modified_gmt":"2023-11-11T13:33:57","slug":"gyulladascsokkento-jelado","status":"publish","type":"product","link":"https:\/\/vetomshop.hu\/mt\/product\/gyulladascsokkento-jelado\/","title":{"rendered":"Trasmettitur anti-infjammatorju"},"content":{"rendered":"<h4>Radjatur anti-infjammatorju, Nru. 26.<\/h4>\n<p>\u0126in ta' operazzjoni: 13 minuti<\/p>\n<p><strong>Effett:<\/strong><\/p>\n<p>Jaffettwa s-sistema immunitarja, il-vibrazzjoni tieg\u0127u taqbel mal-frekwenza tas-sistema limfatika u ma' \u010berti strutturi tas-sistema nervu\u017ca awtonomika (katini periferali, segmentali u suprasegmentali).<\/p>\n<ul>\n<li>Ittejjeb i\u010b-\u010birkolazzjoni limfatika,<\/li>\n<li>il-kwalit\u00e0 tal-limfociti,<\/li>\n<li>J\u0127affef it-tne\u0127\u0127ija ta' sustanzi tossi\u010bi mill-fluwidu inter\u010bellulari,<\/li>\n<li>J\u0127affef il-fejqan tal-feriti u r-ri\u0121enerazzjoni ta\u010b-\u010belloli u tat-tessuti,<\/li>\n<li>jippromwovi d-detossifikazzjoni tal-\u0121isem,<\/li>\n<li>g\u0127andu effett li jipprevjeni l-edema,<\/li>\n<li>effett li jtaffi l-u\u0121ig\u0127,<\/li>\n<li>effett ta' tis\u0127i\u0127 tas-sistema immunitarja,<\/li>\n<li>effett anti-infjammatorju,<\/li>\n<li>Jne\u0127\u0127i \u010bikatri\u010bi,<\/li>\n<li>jattiva l-funzjoni tal-midollu tal-g\u0127adam,<\/li>\n<li>\u017bieda fir-re\u017cistenza tal-\u0121isem,<\/li>\n<li>istrutturi tal-ilma.<\/li>\n<\/ul>\n<div class=\"su-spoiler su-spoiler-style-defoult su-spoiler-icon-caret su-spoiler-closed\" data-scroll-offset=\"0\" data-anchor-in-url=\"no\"><div class=\"su-spoiler-title\" tabindex=\"0\" role=\"button\"><span class=\"su-spoiler-icon\"><\/span>Kollha<\/div><div class=\"su-spoiler-content su-u-clearfix su-u-trim\">\n<p>\u017boni rakkomandati ta' applikazzjoni: \u017coni limfati\u010bi fuq il-wi\u010b\u010b tal-\u0121ilda, pro\u0121ezzjonijiet tan-nodi limfati\u010bi, wi\u010b\u010bijiet tal-feriti, punti bijolo\u0121ikament attivi (BAPs).<\/p>\n<p>Applikabbli:<\/p>\n<ul>\n<li>fit-tindif tal-\u0121isem<\/li>\n<li>A\u010b\u010bellerazzjoni tal-pro\u010bessi tar-ri\u0121enerazzjoni wara kirur\u0121ija jew fratturi<\/li>\n<li>Normalizzazzjoni tal-g\u0127add tad-demm wara kemoterapija u radjoterapija<\/li>\n<li>matul irkupru wara marda serja jew sforz fi\u017ciku<\/li>\n<li>Irregolazzjoni tas-sistema immunitarja f'mard akutu u kroniku<\/li>\n<li>f'ka\u017cijiet ta' kaw\u017ci varji li jikkaw\u017caw tnaqqis fil-fluss limfatiku (inklu\u017ci oedema) u pro\u010bessi infjammatorji<\/li>\n<li>fil-kosmeti\u010bi: itejjeb i\u010b-\u010birkolazzjoni limfatika fil-\u0121ilda<\/li>\n<li>eliminazzjoni tal-intossikazzjoni kkaw\u017cata minn diversi ra\u0121unijiet (alko\u0127ol, narkoti\u010bi, ikel, kimi\u010bi, marda serja)<\/li>\n<li>reazzjonijiet aller\u0121i\u010bi.<\/li>\n<\/ul>\n<\/div><\/div>","protected":false},"excerpt":{"rendered":"<p>Gyullad\u00e1scs\u00f6kkent\u0151 sug\u00e1rz\u00f3, 26. sz. M\u0171k\u00f6d\u00e9s\u00e9nek ideje: 13 perc Hat\u00e1sa: Hat az immunrendszerre, rezg\u00e9se megegyezik a nyirokrendszer frekvenci\u00e1j\u00e1val, valamint a vegetat\u00edv idegrendszer n\u00e9h\u00e1ny strukt\u00far\u00e1j\u00e1val (perif\u00e9ri\u00e1s, szegment\u00e1lis, szegmens feletti l\u00e1ncok). Jav\u00edtja a nyirokkering\u00e9st, a limfocit\u00e1k min\u0151s\u00e9g\u00e9t, gyors\u00edtja a toxikus anyagok ki\u00fcr\u00edt\u00e9s\u00e9t a sejtk\u00f6zti folyad\u00e9kb\u00f3l, gyors\u00edtja a sebek begy\u00f3gyul\u00e1s\u00e1t, a sejtek \u00e9s sz\u00f6vetek regener\u00e1l\u00f3d\u00e1s\u00e1t, el\u0151seg\u00edti a szervezet m\u00e9regtelen\u00edt\u00e9s\u00e9t, [&hellip;]<\/p>\n","protected":false},"featured_media":4723,"comment_status":"open","ping_status":"closed","template":"","meta":[],"product_brand":[],"product_cat":[35,32],"product_tag":[],"class_list":{"0":"post-4724","1":"product","2":"type-product","3":"status-publish","4":"has-post-thumbnail","6":"product_cat-csatlakoztathato-jeladok","7":"product_cat-triomed","9":"first","10":"instock","11":"taxable","12":"shipping-taxable","13":"purchasable","14":"product-type-simple"},"_links":{"self":[{"href":"https:\/\/vetomshop.hu\/mt\/wp-json\/wp\/v2\/product\/4724","targetHints":{"allow":["GET"]}}],"collection":[{"href":"https:\/\/vetomshop.hu\/mt\/wp-json\/wp\/v2\/product"}],"about":[{"href":"https:\/\/vetomshop.hu\/mt\/wp-json\/wp\/v2\/types\/product"}],"replies":[{"embeddable":true,"href":"https:\/\/vetomshop.hu\/mt\/wp-json\/wp\/v2\/comments?post=4724"}],"wp:featuredmedia":[{"embeddable":true,"href":"https:\/\/vetomshop.hu\/mt\/wp-json\/wp\/v2\/media\/4723"}],"wp:attachment":[{"href":"https:\/\/vetomshop.hu\/mt\/wp-json\/wp\/v2\/media?parent=4724"}],"wp:term":[{"taxonomy":"product_brand","embeddable":true,"href":"https:\/\/vetomshop.hu\/mt\/wp-json\/wp\/v2\/product_brand?post=4724"},{"taxonomy":"product_cat","embeddable":true,"href":"https:\/\/vetomshop.hu\/mt\/wp-json\/wp\/v2\/product_cat?post=4724"},{"taxonomy":"product_tag","embeddable":true,"href":"https:\/\/vetomshop.hu\/mt\/wp-json\/wp\/v2\/product_tag?post=4724"}],"curies":[{"name":"wp","href":"https:\/\/api.w.org\/{rel}","templated":true}]}}