{"id":4726,"date":"2023-11-11T14:33:58","date_gmt":"2023-11-11T13:33:58","guid":{"rendered":"https:\/\/vetomshop.hu\/termek\/infravoros-jelado\/"},"modified":"2023-11-11T14:33:58","modified_gmt":"2023-11-11T13:33:58","slug":"infravoros-jelado","status":"publish","type":"product","link":"https:\/\/vetomshop.hu\/mt\/product\/infravoros-jelado\/","title":{"rendered":"Trasmettitur infra-a\u0127mar"},"content":{"rendered":"<h4>Irradjatur infraross IV<\/h4>\n<p>Irradjazzjoni infrarossi (irradjazzjoni IR) hija irradjazzjoni elettromanjetika, parti mir-ra\u0121\u0121i tax-Xemx. Ir-ra\u0121\u0121i IR g\u0127andhom effetti anti-infjammatorji, antispasmodi\u010bi, dispersivi (li jippromwovu l-assorbiment) u anal\u0121e\u017ci\u010bi.<\/p>\n<p><strong>Vanta\u0121\u0121i tar-radjatur IV Triomed Universal:<\/strong><\/p>\n<p>Grazzi g\u0127al materjali u teknolo\u0121iji \u0121odda, irnexxielna no\u0127olqu emittur IV pulsanti u modulat ta' intensit\u00e0 baxxa li ja\u0127dem f'programm spe\u010bjali, li jippermettilna napplikaw effett ta' ener\u0121ija u informazzjoni prin\u010bipalment fil-livell ta\u010b-\u010belloli u l-elementi kostituenti tag\u0127hom.<\/p>\n<p>Ji\u017cgura l-assorbiment tal-ener\u0121ija permezz tar-re\u017conanza \u010bellulari, li tattiva l-pro\u010bessi metabol\u010bi u \u017c\u017cid il-livelli ta' ener\u0121ija f'ka\u017c ta' nuqqas ta' ossi\u0121nu.<br \/>\nBarra mill-importanza po\u017cittiva tag\u0127hom stess, dawn il-pro\u010bessi jiffa\u010bilitaw it-terapija bil-millimetri u, f'\u0127afna ka\u017cijiet, i\u017cidu l-effettivit\u00e0 tag\u0127ha.<\/p>\n<p>L-u\u017cu tar-radjazzjoni intravena (IV) huwa \u0121ustifikat fil-ka\u017cijiet li \u0121ejjin: mard infjammatorju kroniku u akutu mhux purulenti tal-organi interni, feriti li jfejqu bil-mod u feriti kkaw\u017cati mit-trombosi, mard doloru\u017c tas-sistema nervu\u017ca periferali, trattament ta' segwitu ta' \u0121rie\u0127i minn \u0127ruq u \u0121rie\u0127i minn frostbite, disfunzjoni ve\u0121etattiva, simpatjal\u0121ija.<\/p>\n<p>Kontraindikazzjonijiet g\u0127all-u\u017cu tar-radjazzjoni intravena: tumuri beninni jew malinni, tuberkulo\u017ci attiva, ipertensjoni ta' stadju III, emorragija, u disturbi \u010birkolatorji ta' grad II-III.<\/p>\n<div class=\"su-spoiler su-spoiler-style-defoult su-spoiler-icon-caret su-spoiler-closed\" data-scroll-offset=\"0\" data-anchor-in-url=\"no\"><div class=\"su-spoiler-title\" tabindex=\"0\" role=\"button\"><span class=\"su-spoiler-icon\"><\/span>Kollha<\/div><div class=\"su-spoiler-content su-u-clearfix su-u-trim\"><strong>L-effetti klini\u010bi ewlenin tar-radjazzjoni IV tal-apparat Triomed Universal huma:<\/strong><\/p>\n<ul>\n<li>Ittejjeb i\u010b-\u010birkolazzjoni tad-demm,<\/li>\n<li>Jinormalizza l-mikro\u010birkolazzjoni,<\/li>\n<li>Tottimizza l-attivit\u00e0 tas-sistemi nervu\u017ca, endokrina u immunitarja,<\/li>\n<li>jippromwovi r-rigenerazzjoni \u010bellulari.<\/li>\n<\/ul>\n<p><strong>Mod ta' applikazzjoni:<\/strong><\/p>\n<ul>\n<li>Bil-dijodu tad-dawl infraross, nittrattaw il-punti u \u017c-\u017coni li je\u0127tie\u0121 li ji\u0121u ppreparati, jew \u201emsa\u0127\u0127na\u201d, qabel it-trattament spe\u010bjali bil-millimetru. It-trattament idum 5 minuti g\u0127al kull \u017cona.<\/li>\n<li>Jista' jintu\u017ca biex jippromwovi l-assorbiment tal-\u010bikatri\u010bi g\u0127al 10 minuti kuljum g\u0127al \u0121img\u0127atejn.<\/li>\n<li>G\u0127al it-trattament ta' mard infjammatorju kroniku li jikber bil-mod (fil-post tal-marda). It-trattament idum 10 minuti, ja\u0121ixxi fuq il-projezzjoni tal-organu affettwat, g\u0127al \u0121img\u0127atejn.<\/li>\n<li>Fil-dijabete tat-tip II, biex tippromwovi s-sensittivit\u00e0 g\u0127all-insulina u l-produzzjoni tal-insulina. Tratta l-pro\u0121ezzjoni tal-pancreas g\u0127al 5 minuti kuljum g\u0127al \u0121img\u0127atejn.<\/li>\n<li>Biex tippromwovi l-fejqan ta' diversi \u0121rie\u0127i u ul\u010beri trof\u010bi, applika t-terapija bil-millimetri g\u0127al 5 minuti kuljum g\u0127al \u0121img\u0127atejn fuq i\u017c-\u017cona affettwata. Ma tapplikax fuq i\u017c-\u017cona tal-g\u0127ajn jew fuq tumuri.<\/li>\n<\/ul>\n<\/div><\/div>","protected":false},"excerpt":{"rendered":"<p>Infrav\u00f6r\u00f6s sug\u00e1rz\u00f3 IV Az infrav\u00f6r\u00f6s sug\u00e1rz\u00e1s (IV-sug\u00e1rz\u00e1s) \u2013 elektrom\u00e1gneses sug\u00e1rz\u00e1s, a Nap sugarainak r\u00e9sze. Az IV-sugarak gyullad\u00e1scs\u00f6kkent\u0151, g\u00f6rcsold\u00f3, sz\u00e9toszlat\u00f3 (felsz\u00edv\u00f3d\u00e1st el\u0151seg\u00edt\u0151), f\u00e1jdalomcsillap\u00edt\u00f3 hat\u00e1ssal rendelkeznek. A Triomed Universal k\u00e9sz\u00fcl\u00e9k IV-sug\u00e1rz\u00f3j\u00e1nak el\u0151nyei: Az \u00faj anyagoknak \u00e9s technol\u00f3gi\u00e1knak k\u00f6sz\u00f6nhet\u0151en siker\u00fclt l\u00e9trehozni olyan speci\u00e1lis programban m\u0171k\u00f6d\u0151 alacsony intenzit\u00e1s\u00fa pulz\u00e1l\u00f3, modul\u00e1lt hat\u00e1s\u00fa IV-sug\u00e1rz\u00f3t, mely seg\u00edts\u00e9g\u00e9vel els\u0151sorban energoinform\u00e1ci\u00f3s hat\u00e1st tudunk gyakorolni [&hellip;]<\/p>\n","protected":false},"featured_media":4725,"comment_status":"open","ping_status":"closed","template":"","meta":[],"product_brand":[],"product_cat":[35,32],"product_tag":[],"class_list":{"0":"post-4726","1":"product","2":"type-product","3":"status-publish","4":"has-post-thumbnail","6":"product_cat-csatlakoztathato-jeladok","7":"product_cat-triomed","9":"first","10":"instock","11":"taxable","12":"shipping-taxable","13":"purchasable","14":"product-type-simple"},"_links":{"self":[{"href":"https:\/\/vetomshop.hu\/mt\/wp-json\/wp\/v2\/product\/4726","targetHints":{"allow":["GET"]}}],"collection":[{"href":"https:\/\/vetomshop.hu\/mt\/wp-json\/wp\/v2\/product"}],"about":[{"href":"https:\/\/vetomshop.hu\/mt\/wp-json\/wp\/v2\/types\/product"}],"replies":[{"embeddable":true,"href":"https:\/\/vetomshop.hu\/mt\/wp-json\/wp\/v2\/comments?post=4726"}],"wp:featuredmedia":[{"embeddable":true,"href":"https:\/\/vetomshop.hu\/mt\/wp-json\/wp\/v2\/media\/4725"}],"wp:attachment":[{"href":"https:\/\/vetomshop.hu\/mt\/wp-json\/wp\/v2\/media?parent=4726"}],"wp:term":[{"taxonomy":"product_brand","embeddable":true,"href":"https:\/\/vetomshop.hu\/mt\/wp-json\/wp\/v2\/product_brand?post=4726"},{"taxonomy":"product_cat","embeddable":true,"href":"https:\/\/vetomshop.hu\/mt\/wp-json\/wp\/v2\/product_cat?post=4726"},{"taxonomy":"product_tag","embeddable":true,"href":"https:\/\/vetomshop.hu\/mt\/wp-json\/wp\/v2\/product_tag?post=4726"}],"curies":[{"name":"wp","href":"https:\/\/api.w.org\/{rel}","templated":true}]}}