{"id":4728,"date":"2023-11-11T14:33:58","date_gmt":"2023-11-11T13:33:58","guid":{"rendered":"https:\/\/vetomshop.hu\/termek\/kardiologiai-jelado\/"},"modified":"2023-11-11T14:33:58","modified_gmt":"2023-11-11T13:33:58","slug":"kardiologiai-jelado","status":"publish","type":"product","link":"https:\/\/vetomshop.hu\/mt\/product\/kardiologiai-jelado\/","title":{"rendered":"Trasmettitur tal-kardjolo\u0121ija"},"content":{"rendered":"<h4>Radar tal-kardjolo\u0121ija \u211612<\/h4>\n<p>\u0126in ta' operazzjoni: 12 minuti.<\/p>\n<p>Il-frekwenza tar-radjatur kardjolo\u0121iku taqbel mal-frekwenza tas-sistema kardjovaskulari. Tista' tintu\u017ca b\u0127ala terapija komplementari jew g\u0127al skopijiet preventivi.<\/p>\n<p><strong>Jippromwovi:<\/strong><\/p>\n<ul>\n<li>il-funzjonament tal-muskolu tal-qalb,<\/li>\n<li>itjib il-permeabilit\u00e0 tal-qalb,<\/li>\n<li>il-milja tal-qalb li t\u0127abbat,<\/li>\n<li>\u017cieda fil-fluss tad-demm,<\/li>\n<li>itjieb tal-kwalit\u00e0 tal-muskolu tal-qalb,<\/li>\n<li>titjib tal-mikro\u010birkolazzjoni,<\/li>\n<li>tnaqqis fl-in\u010bidenza tal-angina pectoris (marda tal-arterji koronarji).<\/li>\n<\/ul>\n<div class=\"su-spoiler su-spoiler-style-defoult su-spoiler-icon-caret su-spoiler-closed\" data-scroll-offset=\"0\" data-anchor-in-url=\"no\"><div class=\"su-spoiler-title\" tabindex=\"0\" role=\"button\"><span class=\"su-spoiler-icon\"><\/span>Kollha<\/div><div class=\"su-spoiler-content su-u-clearfix su-u-trim\">\n<strong>Jista' jintu\u017ca b\u0127ala terapija komplementari g\u0127all-kundizzjonijiet li \u0121ejjin:<\/strong><\/p>\n<ul>\n<li>marda iskemika tal-qalb (inklu\u017ca stenokardija),<\/li>\n<li>fit-trattament ta' segwitu ta' attakki tal-qalb,<\/li>\n<li>f'ka\u017c ta' arritmija kardjaka,<\/li>\n<li>f'kull marda li taffettwa l-muskolu tal-qalb u l-endokardju,<\/li>\n<li>f'ka\u017cijiet ta' ipertensjoni arterjali (kull tip),<\/li>\n<li>f'ka\u017cijiet ta' densit\u00e0 baxxa, livelli g\u0127oljin ta' kolesterol u aterosklero\u017ci tal-vini tad-demm.<\/li>\n<\/ul>\n<\/div><\/div>","protected":false},"excerpt":{"rendered":"<p>Kardiol\u00f3giai sug\u00e1rz\u00f3 \u211612 M\u0171k\u00f6d\u00e9si ideje12 perc. A kardiol\u00f3giai sug\u00e1rz\u00f3 frekvenci\u00e1ja a sz\u00edv- \u00e9s \u00e9rrendszer frekvenci\u00e1j\u00e1nak felel meg. Alkalmazhat\u00f3 kieg\u00e9sz\u00edt\u0151 ter\u00e1piak\u00e9nt, vagy megel\u0151z\u00e9s c\u00e9lj\u00e1b\u00f3l. El\u0151seg\u00edti: a sz\u00edvizom m\u0171k\u00f6d\u00e9s\u00e9t, a sz\u00edv \u00e1tereszt\u0151k\u00e9pess\u00e9g\u00e9nek jav\u00edt\u00e1s\u00e1t, a sz\u00edv dobog\u00e1s\u00e1nak teljess\u00e9g\u00e9t, a v\u00e9rkil\u00f6k\u0151d\u00e9s fokoz\u00e1s\u00e1t, a sz\u00edvizom min\u0151s\u00e9g\u00e9nek jav\u00edt\u00e1s\u00e1t, a mikrokering\u00e9s jav\u00edt\u00e1s\u00e1t, az \u00e9rg\u00f6rcs\u00f6k (sz\u00edvkoszor\u00fa\u00e9r) el\u0151fordul\u00e1s\u00e1nak cs\u00f6kken\u00e9s\u00e9t.<\/p>","protected":false},"featured_media":4727,"comment_status":"open","ping_status":"closed","template":"","meta":[],"product_brand":[],"product_cat":[35,32],"product_tag":[],"class_list":{"0":"post-4728","1":"product","2":"type-product","3":"status-publish","4":"has-post-thumbnail","6":"product_cat-csatlakoztathato-jeladok","7":"product_cat-triomed","9":"first","10":"instock","11":"taxable","12":"shipping-taxable","13":"purchasable","14":"product-type-simple"},"_links":{"self":[{"href":"https:\/\/vetomshop.hu\/mt\/wp-json\/wp\/v2\/product\/4728","targetHints":{"allow":["GET"]}}],"collection":[{"href":"https:\/\/vetomshop.hu\/mt\/wp-json\/wp\/v2\/product"}],"about":[{"href":"https:\/\/vetomshop.hu\/mt\/wp-json\/wp\/v2\/types\/product"}],"replies":[{"embeddable":true,"href":"https:\/\/vetomshop.hu\/mt\/wp-json\/wp\/v2\/comments?post=4728"}],"wp:featuredmedia":[{"embeddable":true,"href":"https:\/\/vetomshop.hu\/mt\/wp-json\/wp\/v2\/media\/4727"}],"wp:attachment":[{"href":"https:\/\/vetomshop.hu\/mt\/wp-json\/wp\/v2\/media?parent=4728"}],"wp:term":[{"taxonomy":"product_brand","embeddable":true,"href":"https:\/\/vetomshop.hu\/mt\/wp-json\/wp\/v2\/product_brand?post=4728"},{"taxonomy":"product_cat","embeddable":true,"href":"https:\/\/vetomshop.hu\/mt\/wp-json\/wp\/v2\/product_cat?post=4728"},{"taxonomy":"product_tag","embeddable":true,"href":"https:\/\/vetomshop.hu\/mt\/wp-json\/wp\/v2\/product_tag?post=4728"}],"curies":[{"name":"wp","href":"https:\/\/api.w.org\/{rel}","templated":true}]}}