{"id":4730,"date":"2023-11-11T14:33:58","date_gmt":"2023-11-11T13:33:58","guid":{"rendered":"https:\/\/vetomshop.hu\/termek\/oxigenizalo-jelado\/"},"modified":"2023-11-11T14:33:58","modified_gmt":"2023-11-11T13:33:58","slug":"oxigenizalo-jelado","status":"publish","type":"product","link":"https:\/\/vetomshop.hu\/mt\/product\/oxigenizalo-jelado\/","title":{"rendered":"Sensur tal-ossi\u0121enazzjoni"},"content":{"rendered":"<h4>Emittitur tal-ossi\u0121enu, Nru. 11.<\/h4>\n<p><strong>Sig\u0127at ta' operazzjoni:<\/strong> G\u0127axar minuti.<\/p>\n<p>It-tul tal-mew\u0121 jaqbel mal-frekwenzi tas-serje respiratorja (emoglobina fid-demm, mitokondri, enzimi), itejjeb it-trasport u l-u\u017cu tal-ossi\u0121nu, i\u017cid is-sintesi tal-ATP u jippromwovi r-respirazzjoni \u010bellulari fit-tessuti. Il-frekwenza baxxa taqbel mal-frekwenza tas-sistema immunitarja.<\/p>\n<ul>\n<li>Ittejjeb il-mikro\u010birkolazzjoni,<\/li>\n<li>G\u0127andu effett immunomodulatorju.,<\/li>\n<li>Jnaqqas in-nuqqas ta' ossi\u0121nu fit-tessuti, jarrikkixxi t-tessuti bl-ossi\u0121nu, g\u0127andu effett ta' di\u017caggregazzjoni (jipprevjeni l-agglomerazzjoni tal-eritro\u010biti u \u010belloli o\u0127ra tad-demm), jnaqqas il-koagulazzjoni tad-demm,<\/li>\n<li>Jippromwovi l-fejqan tal-feriti,<\/li>\n<li>Jg\u0127in biex ine\u0127\u0127i \u010bikatri\u010bi,<\/li>\n<li>Effett li jtaffi l-u\u0121ig\u0127,<\/li>\n<li>Jippromwovi d-detossifikazzjoni tal-\u0121isem.,<\/li>\n<li>Effett antispasmodiku,<\/li>\n<li>Jippromwovi l-formazzjoni tad-demm, jinnormalizza l-g\u0127add tad-demm,<\/li>\n<li>itjieb il-mikro\u010birkolazzjoni,<\/li>\n<li>G\u0127andu effett immunomodulatorju.,<\/li>\n<li>Jnaqqas id-defi\u010bjenza ta' ossi\u0121nu fit-tessuti, jarrikkixxi t-tessuti bl-ossi\u0121nu,<\/li>\n<li>G\u0127andu effett li jipprevjeni l-aggregazzjoni (jipprevjeni l-eritro\u010biti u \u010belloli o\u0127ra tad-demm milli jiffurmaw klumpijiet), inaqqas il-koagulazzjoni tad-demm,<\/li>\n<li>Jippromwovi l-fejqan tal-feriti,<\/li>\n<li>Jg\u0127in biex ine\u0127\u0127i \u010bikatri\u010bi,<\/li>\n<li>Effett li jtaffi l-u\u0121ig\u0127,<\/li>\n<li>Jippromwovi d-detossifikazzjoni tal-\u0121isem.,<\/li>\n<li>Effett antispasmodiku,<\/li>\n<li>Jippromwovi l-formazzjoni tad-demm, jinnormalizza l-g\u0127add tad-demm,<\/li>\n<li>Effett ta' rinnovazzjoni,<\/li>\n<li>Jistruttura l-ilma.<\/li>\n<\/ul>\n<div class=\"su-spoiler su-spoiler-style-defoult su-spoiler-icon-caret su-spoiler-closed\" data-scroll-offset=\"0\" data-anchor-in-url=\"no\"><div class=\"su-spoiler-title\" tabindex=\"0\" role=\"button\"><span class=\"su-spoiler-icon\"><\/span>Kollha<\/div><div class=\"su-spoiler-content su-u-clearfix su-u-trim\">\n<p>\u017bona rakkomandata ta' applikazzjoni: vjoli kbar tad-demm \u2013 vini, arterji, punti bijolo\u0121ikament attivi.<\/p>\n<p><strong>Applikabbli:<\/strong><\/p>\n<ul>\n<li>biex jinnormalizza s-sistema immunitarja f'mard akutu u kroniku,<\/li>\n<li>titjib fil-benesseri \u0121enerali, fil-qawwa u fil-kon\u010bentrazzjoni waqt sforz fi\u017ciku u mentali,<\/li>\n<li>prevenzjoni ta' attakki tal-qalb u iktus,<\/li>\n<li>trattament sussegwenti ta' attakk tal-qalb, iktus,<\/li>\n<li>a\u010b\u010bellerazzjoni tal-pro\u010bessi tar-ri\u0121enerazzjoni,<\/li>\n<li>it-trattament tal-feriti u l-marki post-operattorji,<\/li>\n<li>it-trattament tal-fratturi,<\/li>\n<li>Normalizzazzjoni tal-g\u0127add tad-demm,<\/li>\n<li>wara t-terapija tar-radjazzjoni,<\/li>\n<li>riabilitazzjoni wara marda serja u xog\u0127ol fi\u017ciku iebes,<\/li>\n<li>jistimula \u010birkolazzjoni tad-demm fil-mo\u0127\u0127,2<\/li>\n<li>fil-kosmeti\u010bi: jg\u0127in fl-assorbiment tan-nutrijenti mill-\u0121ilda,<\/li>\n<li>g\u0127all-atleti: i\u017cid l-istamina,<\/li>\n<li>jipprovdi g\u0127ajnuna fit-tag\u0127lim g\u0127all-istudenti tal-iskola u l-istudenti universitarji,<\/li>\n<li>biex tipprote\u0121i kontra l-effetti \u0127\u017ciena tal-kompjuters,<\/li>\n<li>fit-trattament tal-istress u s-sindromu tal-g\u0127eja kronika,<\/li>\n<li>fil-qasam tal-kosmeti\u010bi, biex ittejjeb il-kundizzjoni tal-\u0121ilda,<\/li>\n<li>trattament jew prevenzjoni tal-mard tal-annimali<\/li>\n<\/ul>\n<\/div><\/div>","protected":false},"excerpt":{"rendered":"<p>Oxig\u00e9n sug\u00e1rz\u00f3, 11. sz. M\u0171k\u00f6d\u00e9si ideje: 10 perc. A hull\u00e1mhossz megfelel a l\u00e9gz\u00e9si l\u00e1nc frekvenci\u00e1inak (a v\u00e9r hemoglobinja, mitokondriumok, fermentumok), javul az oxig\u00e9n sz\u00e1ll\u00edt\u00e1sa \u00e9s hasznos\u00edt\u00e1sa, n\u00f6vekszik ATP-szint\u00e9zis, el\u0151seg\u00edti a sz\u00f6vetben a sejtek l\u00e9gz\u00e9s\u00e9t. Az alacsony frekvencia megfelel az immunrendszer frekvenci\u00e1j\u00e1nak. Jav\u00edtja a mikrokering\u00e9st, Immun-modul\u00e1ci\u00f3s hat\u00e1sa van, Cs\u00f6kkenti az oxig\u00e9nhi\u00e1nyt a sz\u00f6vetekben, oxig\u00e9nnel d\u00fas\u00edtja a [&hellip;]<\/p>\n","protected":false},"featured_media":4729,"comment_status":"open","ping_status":"closed","template":"","meta":[],"product_brand":[],"product_cat":[35,32],"product_tag":[],"class_list":{"0":"post-4730","1":"product","2":"type-product","3":"status-publish","4":"has-post-thumbnail","6":"product_cat-csatlakoztathato-jeladok","7":"product_cat-triomed","9":"first","10":"instock","11":"taxable","12":"shipping-taxable","13":"purchasable","14":"product-type-simple"},"_links":{"self":[{"href":"https:\/\/vetomshop.hu\/mt\/wp-json\/wp\/v2\/product\/4730","targetHints":{"allow":["GET"]}}],"collection":[{"href":"https:\/\/vetomshop.hu\/mt\/wp-json\/wp\/v2\/product"}],"about":[{"href":"https:\/\/vetomshop.hu\/mt\/wp-json\/wp\/v2\/types\/product"}],"replies":[{"embeddable":true,"href":"https:\/\/vetomshop.hu\/mt\/wp-json\/wp\/v2\/comments?post=4730"}],"wp:featuredmedia":[{"embeddable":true,"href":"https:\/\/vetomshop.hu\/mt\/wp-json\/wp\/v2\/media\/4729"}],"wp:attachment":[{"href":"https:\/\/vetomshop.hu\/mt\/wp-json\/wp\/v2\/media?parent=4730"}],"wp:term":[{"taxonomy":"product_brand","embeddable":true,"href":"https:\/\/vetomshop.hu\/mt\/wp-json\/wp\/v2\/product_brand?post=4730"},{"taxonomy":"product_cat","embeddable":true,"href":"https:\/\/vetomshop.hu\/mt\/wp-json\/wp\/v2\/product_cat?post=4730"},{"taxonomy":"product_tag","embeddable":true,"href":"https:\/\/vetomshop.hu\/mt\/wp-json\/wp\/v2\/product_tag?post=4730"}],"curies":[{"name":"wp","href":"https:\/\/api.w.org\/{rel}","templated":true}]}}