{"id":4732,"date":"2023-11-11T14:33:59","date_gmt":"2023-11-11T13:33:59","guid":{"rendered":"https:\/\/vetomshop.hu\/termek\/specialis-111-es-jelado\/"},"modified":"2024-07-31T10:25:20","modified_gmt":"2024-07-31T08:25:20","slug":"specialis-111-es-jelado","status":"publish","type":"product","link":"https:\/\/vetomshop.hu\/mt\/product\/specialis-111-es-jelado\/","title":{"rendered":"Trasmettitur spe\u010bjali 111"},"content":{"rendered":"<h4>Trasmettitur spe\u010bjali g\u0127all-irrekordjar ta' informazzjoni 111<\/h4>\n<p><strong>\u0126in tax-xog\u0127ol tar-radjatur:<\/strong> 15 sekondi<\/p>\n<p>G\u0127an: biex \u201etirre\u0121istra\u201d informazzjoni (is-spettru tal-mew\u0121 elettromanjetiku ta\u201e firxa mog\u0127tija) u \u201dttrasferixxiha\" g\u0127al mezz ta' informazzjoni mag\u0127\u017cul (e\u017c. ilma) jew \u017cona bijolo\u0121ikament attiva sabiex ji\u0121u ottimizzati r-ri\u017cervi funzjonali u ti\u017cdied il-kapa\u010bit\u00e0 adattattiva tal-\u0121isem, li \u0121ew imnaqqsa min\u0127abba effetti ambjentali ta' \u0127sara, marda jew kaw\u017ci o\u0127ra.<\/p>\n<p>Biex \u201etirrekordja\u201d l-informazzjoni, ikkonnettja l-emittitur 111 mad-dispositiv Triomed, \u0121ib il-wi\u010b\u010b lixx tieg\u0127u qrib l-o\u0121\u0121ett, u mbag\u0127ad ag\u0127fas il-buttuna \u201eStart\u201d. Il-kontar-lura se jibda \u2013 15-il sekonda. Biss wara li jkun g\u0127adda \u017c-\u017cmien programmjat g\u0127andek tne\u0127\u0127i l-emittitur mill-o\u0121\u0121ett. Matul dan i\u017c-\u017cmien, l-informazzjoni tal-o\u0121\u0121ett ti\u0121i \u201ema\u0127\u017cuna\u201d fuq l-emittitur, fejn tibqa' bla bidla sakemm l-emittitur ikun konness mas-sors tal-ener\u0121ija tal-apparat (sakemm l-apparat jibda ja\u0127dem).<\/p>\n<div class=\"su-spoiler su-spoiler-style-defoult su-spoiler-icon-caret su-spoiler-closed\" data-scroll-offset=\"0\" data-anchor-in-url=\"no\"><div class=\"su-spoiler-title\" tabindex=\"0\" role=\"button\"><span class=\"su-spoiler-icon\"><\/span>Kollha<\/div><div class=\"su-spoiler-content su-u-clearfix su-u-trim\">\nBiex \u201ettrasferixxi\u201d l-informazzjoni fl-ilma, po\u0121\u0121i r-radjatur kemm jista\u201e jkun qrib l-ilma (il-\u0127\u0121ie\u0121 m'g\u0127andux ikun iktar minn 2 mm) u l-wi\u010b\u010b tal-ilma g\u0127andu jkun og\u0127la mill-qieg\u0127 ta\u201d fuq tar-radjatur. L-ilma g\u0127andu jkun nadif u \u0127ieles minn diossidu tal-karbonju u addittivi o\u0127ra. Ixrob ftit g\u0127oqod mill-ilma \"b'informazzjoni\" ippreparat immedjatament, qabel ma tixxarrab f'kontenitur ie\u0127or jew ta\u0127\u017cnu g\u0127al perjodu itwal.<\/p>\n<p>Jekk tixtieq i\u017c\u017comm is-sinjal irre\u0121istrat ori\u0121inarjament g\u0127al \u017cmien twil u tipprevjeni konnessjoni a\u010b\u010bidentali mad-dispositiv Triomed, immarka t-trasmettitur b'simbolu distintiv.<br \/>\n<\/div><\/div>","protected":false},"excerpt":{"rendered":"<p>Speci\u00e1lis 111 sz. inform\u00e1ci\u00f3t r\u00f6gz\u00edt\u0151 sug\u00e1rz\u00f3 A sug\u00e1rz\u00f3 m\u0171k\u00f6d\u00e9si ideje: 15 mp Rendeltet\u00e9se: az inform\u00e1ci\u00f3 (az adott tartom\u00e1ny elektrom\u00e1gneses hull\u00e1mspektrum\u00e1nak) \u201er\u00f6gz\u00edt\u00e9se\u201d, valamint \u201e\u00e1tvitele\u201d a kiv\u00e1lasztott inform\u00e1ci\u00f3hordoz\u00f3ra (pl. v\u00edzre) vagy biol\u00f3giailag akt\u00edv z\u00f3n\u00e1ra a funkcion\u00e1lis tartal\u00e9kok optimaliz\u00e1ci\u00f3ja \u00e9s a szervezet adapt\u00e1ci\u00f3s lehet\u0151s\u00e9geinek n\u00f6vel\u00e9se c\u00e9lj\u00e1b\u00f3l, melyek a k\u00f6rnyezet k\u00e1ros hat\u00e1sai, betegs\u00e9g, vagy egy\u00e9b okok miatt s\u00e9r\u00fcltek. Az [&hellip;]<\/p>\n","protected":false},"featured_media":4731,"comment_status":"open","ping_status":"closed","template":"","meta":[],"product_brand":[],"product_cat":[35,32],"product_tag":[],"class_list":{"0":"post-4732","1":"product","2":"type-product","3":"status-publish","4":"has-post-thumbnail","6":"product_cat-csatlakoztathato-jeladok","7":"product_cat-triomed","9":"first","10":"instock","11":"taxable","12":"shipping-taxable","13":"purchasable","14":"product-type-simple"},"_links":{"self":[{"href":"https:\/\/vetomshop.hu\/mt\/wp-json\/wp\/v2\/product\/4732","targetHints":{"allow":["GET"]}}],"collection":[{"href":"https:\/\/vetomshop.hu\/mt\/wp-json\/wp\/v2\/product"}],"about":[{"href":"https:\/\/vetomshop.hu\/mt\/wp-json\/wp\/v2\/types\/product"}],"replies":[{"embeddable":true,"href":"https:\/\/vetomshop.hu\/mt\/wp-json\/wp\/v2\/comments?post=4732"}],"wp:featuredmedia":[{"embeddable":true,"href":"https:\/\/vetomshop.hu\/mt\/wp-json\/wp\/v2\/media\/4731"}],"wp:attachment":[{"href":"https:\/\/vetomshop.hu\/mt\/wp-json\/wp\/v2\/media?parent=4732"}],"wp:term":[{"taxonomy":"product_brand","embeddable":true,"href":"https:\/\/vetomshop.hu\/mt\/wp-json\/wp\/v2\/product_brand?post=4732"},{"taxonomy":"product_cat","embeddable":true,"href":"https:\/\/vetomshop.hu\/mt\/wp-json\/wp\/v2\/product_cat?post=4732"},{"taxonomy":"product_tag","embeddable":true,"href":"https:\/\/vetomshop.hu\/mt\/wp-json\/wp\/v2\/product_tag?post=4732"}],"curies":[{"name":"wp","href":"https:\/\/api.w.org\/{rel}","templated":true}]}}