{"id":4733,"date":"2023-11-11T14:33:59","date_gmt":"2023-11-11T13:33:59","guid":{"rendered":"https:\/\/vetomshop.hu\/termek\/szabad-legzes-jelado\/"},"modified":"2023-11-11T14:33:59","modified_gmt":"2023-11-11T13:33:59","slug":"szabad-legzes-jelado","status":"publish","type":"product","link":"https:\/\/vetomshop.hu\/mt\/product\/szabad-legzes-jelado\/","title":{"rendered":"Indikatur tan-nifs \u0127ieles"},"content":{"rendered":"<h4>\u201eNifs \u0126ieles\u201d Nru. 16 Trasmettitur Spe\u010bjali<\/h4>\n<p>G\u0127al l-apparat Triomed MMW<\/p>\n<p>L-u\u017cu ta' emetturi spe\u010bjalizzati je\u017cer\u010bita effett mmirat fuq l-organi u t-tessuti tal-\u0121isem tal-bniedem, kif ukoll fuq is-sistemi organi\u010bi u s-sistemi funzjonali tieg\u0127u. \u0120ie \u017cviluppat fuq il-ba\u017ci tal-\u0121eneratur BioTrEM\u00ae EMP EHF (patent internazzjonali Nru. EE 05541).<\/p>\n<p>F'programmi komprensivi ta' trattament, jintu\u017ca g\u0127all-prevenzjoni, it-trattament u r-riabilitazzjoni tal-mard tal-bronki u tal-pulmuni (pneumonija, bron\u010bite, mard kroniku tas-sistema bronkopulmonari, asmat bronkjali, e\u010b\u010b.).<\/p>\n<p><strong>Sig\u0127at ta' operazzjoni<\/strong>: 12 minuti.<\/p>\n<div class=\"su-spoiler su-spoiler-style-defoult su-spoiler-icon-caret su-spoiler-closed\" data-scroll-offset=\"0\" data-anchor-in-url=\"no\"><div class=\"su-spoiler-title\" tabindex=\"0\" role=\"button\"><span class=\"su-spoiler-icon\"><\/span>Kollha<\/div><div class=\"su-spoiler-content su-u-clearfix su-u-trim\">\n<strong>L-effetti tat-trasmettitur spe\u010bjali:<\/strong><\/p>\n<ul>\n<li>itjieb tal-pro\u010bessi metabol\u010bi fi\u010b-\u010belloli u fit-tessuti tas-sistema bronko-pulmonari;<\/li>\n<li>attivazzjoni tal-funzjonijiet ba\u017ci\u010bi;<\/li>\n<li>Normalizzazzjoni tal-pro\u010bessi immunitarji: tnaqqis fl-aggressjoni awtoimmuni u effetti immunomodulattorji;<\/li>\n<li>tnaqqis tal-bronko\u017cpazmu;<\/li>\n<li>biex i\u017cidu l-elasti\u010bit\u00e0 tat-tessut konnettiv fil-pulmuni affettwati minn emfisiema u pneumosklero\u017ci;<\/li>\n<li>Normalizzazzjoni tas-sekrezzjoni u l-espettorazzjoni.<\/li>\n<\/ul>\n<\/div><\/div>","protected":false},"excerpt":{"rendered":"<p>\u201eSzabad l\u00e9gz\u00e9s\u201d 16. sz. speci\u00e1lis jelad\u00f3 Triomed MMW k\u00e9sz\u00fcl\u00e9khez A speci\u00e1lis sug\u00e1rz\u00f3k haszn\u00e1lata ir\u00e1ny\u00edtott hat\u00e1st gyakorol az emberi test szerveire \u00e9s sz\u00f6veteire, szervrendszereire \u00e9s funkcion\u00e1lis rendszereire. A BioTrEM \u00ae EMP EHF gener\u00e1tor alapj\u00e1n fejlesztett\u00e9k ki (EE 05541 nemzetk\u00f6zi szabadalom). A komplex kezel\u00e9si programokban a h\u00f6rg\u0151k \u00e9s a t\u00fcd\u0151 betegs\u00e9geinek (t\u00fcd\u0151gyullad\u00e1s, h\u00f6rghurut, a h\u00f6rg\u0151-t\u00fcd\u0151 rendszer kr\u00f3nikus [&hellip;]<\/p>\n","protected":false},"featured_media":4729,"comment_status":"open","ping_status":"closed","template":"","meta":[],"product_brand":[],"product_cat":[35,32],"product_tag":[],"class_list":{"0":"post-4733","1":"product","2":"type-product","3":"status-publish","4":"has-post-thumbnail","6":"product_cat-csatlakoztathato-jeladok","7":"product_cat-triomed","9":"first","10":"instock","11":"taxable","12":"shipping-taxable","13":"purchasable","14":"product-type-simple"},"_links":{"self":[{"href":"https:\/\/vetomshop.hu\/mt\/wp-json\/wp\/v2\/product\/4733","targetHints":{"allow":["GET"]}}],"collection":[{"href":"https:\/\/vetomshop.hu\/mt\/wp-json\/wp\/v2\/product"}],"about":[{"href":"https:\/\/vetomshop.hu\/mt\/wp-json\/wp\/v2\/types\/product"}],"replies":[{"embeddable":true,"href":"https:\/\/vetomshop.hu\/mt\/wp-json\/wp\/v2\/comments?post=4733"}],"wp:featuredmedia":[{"embeddable":true,"href":"https:\/\/vetomshop.hu\/mt\/wp-json\/wp\/v2\/media\/4729"}],"wp:attachment":[{"href":"https:\/\/vetomshop.hu\/mt\/wp-json\/wp\/v2\/media?parent=4733"}],"wp:term":[{"taxonomy":"product_brand","embeddable":true,"href":"https:\/\/vetomshop.hu\/mt\/wp-json\/wp\/v2\/product_brand?post=4733"},{"taxonomy":"product_cat","embeddable":true,"href":"https:\/\/vetomshop.hu\/mt\/wp-json\/wp\/v2\/product_cat?post=4733"},{"taxonomy":"product_tag","embeddable":true,"href":"https:\/\/vetomshop.hu\/mt\/wp-json\/wp\/v2\/product_tag?post=4733"}],"curies":[{"name":"wp","href":"https:\/\/api.w.org\/{rel}","templated":true}]}}