{"id":4739,"date":"2023-11-11T14:34:00","date_gmt":"2023-11-11T13:34:00","guid":{"rendered":"https:\/\/vetomshop.hu\/termek\/trio-women-jelado\/"},"modified":"2023-11-11T14:34:00","modified_gmt":"2023-11-11T13:34:00","slug":"trio-women-jelado","status":"publish","type":"product","link":"https:\/\/vetomshop.hu\/mt\/product\/trio-women-jelado\/","title":{"rendered":"Trasmettitur tat-Trio-nisa"},"content":{"rendered":"<h4>Radiatur spe\u010bjali tat-tliet nisa<\/h4>\n<p>G\u0127an-nisa, in-numru 8.<\/p>\n<p>Rakkomandat: biex ti\u0121i ottimizzata r-ri\u017cervi funzjonali u l-kapa\u010bit\u00e0 tal-\u0121isem tal-bniedem li jadatta g\u0127al influwenzi negattivi mill-ambjent, fatturi ta' stil ta' \u0127ajja jew marda.<\/p>\n<p><strong>Rakkomandat: <\/strong>G\u0127al bniet u nisa.<\/p>\n<p><strong>Effett:<\/strong> effett \u0121enerali li jippromwovi s-sa\u0127\u0127a, billi jittie\u0127du f'kunsiderazzjoni l-karatteristi\u010bi tal-\u0121isem femminili (isfera psiko-emotiva, regolazzjoni newro-umorali).<\/p>\n<p><strong>Mekkani\u017cmu ta' azzjoni:<\/strong> Il-programm (frekwenza tal-portanti, modulazzjoni ta' frekwenza baxxa u parametri tal-ampiezza) \u0121ie ddisinjat apposta g\u0127all-\u0121isem tan-nisa biex jg\u0127inh meta jintu\u017ca b'mod sistematiku.<\/p>\n<p>L-u\u017cu terapewtiku tar-radjazzjoni jnormalizza l-pro\u010bessi trof\u010bi u metabol\u010bi fi\u010b-\u010belloli u fit-tessuti, jirrigenerahom, g\u0127andu effett armonizzanti \u0121enerali fuq l-organi, is-sistemi organi\u010bi u l-\u0121isem kollu, u j\u017cid ir-re\u017cistenza mhux spe\u010bifika tal-\u0121isem. Ir-ri\u017cultati po\u017cittivi huma dovuti, minn na\u0127a wa\u0127da, g\u0127all-feedback tal-bioresonanza ta\u010b-\u010belloli, is-sistema atomiko-fi\u017cjolo\u0121ika u s-sistema regolatorja neurohumorali, u minn na\u0127a l-o\u0127ra, g\u0127all-attivazzjoni tal-mekkani\u017cmu ta' adattament (sindromu \u0121enerali ta' adattament).<\/p>\n<div class=\"su-spoiler su-spoiler-style-defoult su-spoiler-icon-caret su-spoiler-closed\" data-scroll-offset=\"0\" data-anchor-in-url=\"no\"><div class=\"su-spoiler-title\" tabindex=\"0\" role=\"button\"><span class=\"su-spoiler-icon\"><\/span>Kollha<\/div><div class=\"su-spoiler-content su-u-clearfix su-u-trim\">\n<p><strong>Rakkomandat:<\/strong><\/p>\n<ol>\n<li>Kapa\u010bit\u00e0 tax-xog\u0127ol mnaqqsa u nuqqas ta' interess, instabbilt\u00e0 psiko-emotiva, insonnja ri\u017cultanti minn g\u0127eja kronika.<\/li>\n<li>G\u0127al it-trattament u l-prevenzjoni tad-disturbi riproduttivi femminili u s-sintomi mhux pja\u010bevoli li jakkumpanjaw il-menopaw\u017ca, kif ukoll biex tissa\u0127\u0127a\u0127 il-fertilit\u00e0 u s-sa\u0127\u0127a sesswali.<\/li>\n<li>F'ka\u017cijiet ta' raffa frekwenti.<\/li>\n<li>Prevenzjoni mhux spe\u010bifika tal-influwenza u tal-kes\u0127a.<\/li>\n<li>Tnaqqis fis-sistema immunitarja matul il-konvales\u010benza jew irkupru wara marda.<\/li>\n<\/ol>\n<\/div><\/div>","protected":false},"excerpt":{"rendered":"<p>Speci\u00e1lis Trio-Women sug\u00e1rz\u00f3 N\u0151k sz\u00e1m\u00e1ra, 8.sz. Javasolt: a funkcion\u00e1lis tartal\u00e9kok \u00e9s az emberi szervezet adapt\u00e1ci\u00f3s lehet\u0151s\u00e9geinek optimiz\u00e1l\u00e1s\u00e1hoz, melyek a negat\u00edv k\u00f6rnyezeti hat\u00e1sok, \u00e9letm\u00f3d vagy betegs\u00e9g k\u00f6vetkezt\u00e9ben l\u00e9ptek fel. Aj\u00e1nlott: l\u00e1nyok, n\u0151k sz\u00e1m\u00e1ra. Hat\u00e1sa: a n\u0151i szervezet jellemz\u0151it figyelembe vev\u0151 (pszicho-emocion\u00e1lis szf\u00e9ra, neurohumor\u00e1lis szab\u00e1lyoz\u00e1s) \u00e1ltal\u00e1nos eg\u00e9szs\u00e9gmeger\u0151s\u00edt\u0151 hat\u00e1s. Hat\u00e1smechanizmus: A program (hordoz\u00f3 frekvencia, alacsony frekvenci\u00e1j\u00fa modul\u00e1ci\u00f3 \u00e9s [&hellip;]<\/p>\n","protected":false},"featured_media":4738,"comment_status":"open","ping_status":"closed","template":"","meta":[],"product_brand":[],"product_cat":[35,32],"product_tag":[],"class_list":{"0":"post-4739","1":"product","2":"type-product","3":"status-publish","4":"has-post-thumbnail","6":"product_cat-csatlakoztathato-jeladok","7":"product_cat-triomed","9":"first","10":"instock","11":"taxable","12":"shipping-taxable","13":"purchasable","14":"product-type-simple"},"_links":{"self":[{"href":"https:\/\/vetomshop.hu\/mt\/wp-json\/wp\/v2\/product\/4739","targetHints":{"allow":["GET"]}}],"collection":[{"href":"https:\/\/vetomshop.hu\/mt\/wp-json\/wp\/v2\/product"}],"about":[{"href":"https:\/\/vetomshop.hu\/mt\/wp-json\/wp\/v2\/types\/product"}],"replies":[{"embeddable":true,"href":"https:\/\/vetomshop.hu\/mt\/wp-json\/wp\/v2\/comments?post=4739"}],"wp:featuredmedia":[{"embeddable":true,"href":"https:\/\/vetomshop.hu\/mt\/wp-json\/wp\/v2\/media\/4738"}],"wp:attachment":[{"href":"https:\/\/vetomshop.hu\/mt\/wp-json\/wp\/v2\/media?parent=4739"}],"wp:term":[{"taxonomy":"product_brand","embeddable":true,"href":"https:\/\/vetomshop.hu\/mt\/wp-json\/wp\/v2\/product_brand?post=4739"},{"taxonomy":"product_cat","embeddable":true,"href":"https:\/\/vetomshop.hu\/mt\/wp-json\/wp\/v2\/product_cat?post=4739"},{"taxonomy":"product_tag","embeddable":true,"href":"https:\/\/vetomshop.hu\/mt\/wp-json\/wp\/v2\/product_tag?post=4739"}],"curies":[{"name":"wp","href":"https:\/\/api.w.org\/{rel}","templated":true}]}}