{"id":4741,"date":"2023-11-11T14:34:00","date_gmt":"2023-11-11T13:34:00","guid":{"rendered":"https:\/\/vetomshop.hu\/termek\/sigma-medal\/"},"modified":"2023-11-11T14:34:00","modified_gmt":"2023-11-11T13:34:00","slug":"sigma-medal","status":"publish","type":"product","link":"https:\/\/vetomshop.hu\/mt\/product\/sigma-medal\/","title":{"rendered":"Midalja Sigma"},"content":{"rendered":"<p>A <strong>Medaljun tas-Sa\u0127\u0127a SIGMA<\/strong> Il-kompitu tieg\u0127u hu li jer\u0121a' jirkupra l-pro\u010bessi fi\u017cjolo\u0121i\u010bi normali tal-folikuli tax-xag\u0127ar, i\u017cid ir-re\u017cistenza tag\u0127hom g\u0127al fatturi ambjentali negattivi u g\u0127al stress mi\u017cjud, jitwal il-fa\u017ci tat-tkabbir tax-xag\u0127ar, u b'hekk i\u017cid id-densit\u00e0 \u0121enerali tax-xag\u0127ar.<\/p>\n<p><strong>Effetti:<\/strong><\/p>\n<ul>\n<li>Jinormalizza \u010b-\u010birkolazzjoni tad-demm, l-istat immunitarju u l-metaboli\u017cmu fil-follikuli tax-xag\u0127ar, u jipprevjeni l-i\u017cvilupp ta' atrofija;<\/li>\n<li>jnaqqas is-severit\u00e0 tal-pro\u010bessi infjammatorji fil-\u0121ilda u fil-follikuli tax-xag\u0127ar;<\/li>\n<li>Jikkontribwixxi g\u0127an-normalizzazzjoni tal-pro\u010bessi metabol\u010bi fil-\u0121ilda u madwar il-\u0121isem kollu; jipprevjeni l-i\u017cvilupp tal-alope\u010bja areata (telf ta' xag\u0127ar f'\u017coni).<\/li>\n<\/ul>\n<p>Il-medaljun tas-sa\u0127\u0127a SIGMA g\u0127andu effett po\u017cittiv fuq il-funzjonijiet tal-\u0121isem u jista' jintu\u017ca b\u0127ala g\u0127odda g\u0127all-ottimizzazzjoni u l-korrezzjoni flimkien ma' trattamenti o\u0127ra g\u0127all-alope\u010bja areata (telf ta' xag\u0127ar f'\u017coni).<br \/>\nu metodi o\u0127ra ta' prevenzjoni.<\/p>\n<div class=\"su-spoiler su-spoiler-style-defoult su-spoiler-icon-caret su-spoiler-closed\" data-scroll-offset=\"0\" data-anchor-in-url=\"no\"><div class=\"su-spoiler-title\" tabindex=\"0\" role=\"button\"><span class=\"su-spoiler-icon\"><\/span>Kollha<\/div><div class=\"su-spoiler-content su-u-clearfix su-u-trim\">\n<p><strong>Tipi ta' telf tax-xag\u0127ar mhux uniformi:<\/strong><\/p>\n<p>Skont l-estent tat-telf tax-xag\u0127ar, it-telf tax-xag\u0127ar f'\u017coni mifruxa huwa maqsum f'dawn it-tipi li \u0121ejjin:<\/p>\n<ul>\n<li>Alope\u010bja areata unilokulari: it-telf tax-xag\u0127ar ise\u0127\u0127 biss f'\u017cona wa\u0127da.<\/li>\n<li>Alope\u010bja areata multilokulari: ji\u017cviluppaw diversi patchijiet<\/li>\n<li>Alope\u010bja areata subtotali: ix-xag\u0127ar jaqa' kwa\u017ci mill-kap kollu.<\/li>\n<li>Alope\u010bja areata totalis: ix-xag\u0127ar kollu jaqa' mill-qoffa tax-xag\u0127ar   Alope\u010bja areata universalis: it-telf tax-xag\u0127ar jaffettwa l-qoffa tax-xag\u0127ar u l-\u0121isem kollu<\/li>\n<li>Tip Ophiasis: forma distintiva ta' alope\u010bja areata karatterizzata mit-telf ta' xag\u0127ar prin\u010bipalment mill-in\u0127awi esterni tal-qoxra tar-ras, normalment in-na\u0127a ta' wara tar-ras, kultant il-<br \/>\nmill-tempji jew mill-fruntiera.<\/li>\n<\/ul>\n<p>Barra mit-tipi msemmija hawn fuq, SIGMA Med\u00e1l jista' jintu\u017ca wkoll g\u0127at-telf tax-xag\u0127ar ikkaw\u017cat mill-kemoterapija u r-radjoterapija, jew jekk it-telf tax-xag\u0127ar huwa min\u0127abba disfunzjoni fis-sistema endokrinali.<\/p>\n<\/div><\/div>","protected":false},"excerpt":{"rendered":"<p>A SIGMA Eg\u00e9szs\u00e9g Med\u00e1l feladata a sz\u0151rt\u00fcsz\u0151k norm\u00e1l fiziol\u00f3giai folyamatainak helyre\u00e1ll\u00edt\u00e1sa, a kedvez\u0151tlen k\u00f6rnyezeti t\u00e9nyez\u0151kkel \u00e9s a megn\u00f6vekedett stresszterhel\u00e9ssel szembeni ellen\u00e1ll\u00f3 k\u00e9pess\u00e9g\u00fck n\u00f6vel\u00e9se, a hajn\u00f6veked\u00e9s szakasz\u00e1nak meghosszabb\u00edt\u00e1sa, ez\u00e1ltal a teljes hajs\u0171r\u0171s\u00e9g n\u00f6vel\u00e9se. Hat\u00e1sok: normaliz\u00e1lja a v\u00e9rkering\u00e9st, az immun\u00e1llapotot \u00e9s az anyagcser\u00e9t a sz\u0151rt\u00fcsz\u0151kben, megel\u0151zve az atr\u00f3fia kialakul\u00e1s\u00e1t; cs\u00f6kkenti a b\u0151r \u00e9s a sz\u0151rt\u00fcsz\u0151k gyullad\u00e1sos folyamatainak [&hellip;]<\/p>\n","protected":false},"featured_media":4740,"comment_status":"open","ping_status":"closed","template":"","meta":[],"product_brand":[],"product_cat":[33,32],"product_tag":[],"class_list":{"0":"post-4741","1":"product","2":"type-product","3":"status-publish","4":"has-post-thumbnail","6":"product_cat-egeszseg-medalok","7":"product_cat-triomed","9":"first","10":"instock","11":"taxable","12":"shipping-taxable","13":"purchasable","14":"product-type-simple"},"_links":{"self":[{"href":"https:\/\/vetomshop.hu\/mt\/wp-json\/wp\/v2\/product\/4741","targetHints":{"allow":["GET"]}}],"collection":[{"href":"https:\/\/vetomshop.hu\/mt\/wp-json\/wp\/v2\/product"}],"about":[{"href":"https:\/\/vetomshop.hu\/mt\/wp-json\/wp\/v2\/types\/product"}],"replies":[{"embeddable":true,"href":"https:\/\/vetomshop.hu\/mt\/wp-json\/wp\/v2\/comments?post=4741"}],"wp:featuredmedia":[{"embeddable":true,"href":"https:\/\/vetomshop.hu\/mt\/wp-json\/wp\/v2\/media\/4740"}],"wp:attachment":[{"href":"https:\/\/vetomshop.hu\/mt\/wp-json\/wp\/v2\/media?parent=4741"}],"wp:term":[{"taxonomy":"product_brand","embeddable":true,"href":"https:\/\/vetomshop.hu\/mt\/wp-json\/wp\/v2\/product_brand?post=4741"},{"taxonomy":"product_cat","embeddable":true,"href":"https:\/\/vetomshop.hu\/mt\/wp-json\/wp\/v2\/product_cat?post=4741"},{"taxonomy":"product_tag","embeddable":true,"href":"https:\/\/vetomshop.hu\/mt\/wp-json\/wp\/v2\/product_tag?post=4741"}],"curies":[{"name":"wp","href":"https:\/\/api.w.org\/{rel}","templated":true}]}}