{"id":4745,"date":"2023-11-11T14:34:01","date_gmt":"2023-11-11T13:34:01","guid":{"rendered":"https:\/\/vetomshop.hu\/termek\/solo-medal\/"},"modified":"2023-11-11T14:34:01","modified_gmt":"2023-11-11T13:34:01","slug":"solo-medal","status":"publish","type":"product","link":"https:\/\/vetomshop.hu\/mt\/product\/solo-medal\/","title":{"rendered":"Midalja Solo"},"content":{"rendered":"<h4>Pendenti tas-Sa\u0127\u0127a SOLO<\/h4>\n<p><strong>Funzjonijiet ewlenin:<\/strong><\/p>\n<p>Is-Solo Med\u00e1l huwa g\u0127ajnuna supplimentari li tappo\u0121\u0121ja l-mekkani\u017cmi ta' difi\u017ca tal-\u0121isem u tg\u0127in fl-attivazzjoni tas-sistema immunitarja.<\/p>\n<p>Huwa l-iktar effettiv fit-trattament ta' infezzjonijiet virali u batterjolo\u0121i\u010bi.<\/p>\n<p><strong>Effett:<\/strong><\/p>\n<ul>\n<li>jappo\u0121\u0121ja t-tis\u0127i\u0127 tas-sistema immunitarja, u jg\u0127in biex inaqqas ir-reazzjonijiet g\u0127all-aller\u0121eni,<\/li>\n<li>biex tg\u0127in irkupru minn infezzjonijiet virali,<\/li>\n<li>promozzjoni tal-eliminazzjoni ta' sustanzi tossi\u010bi,<\/li>\n<li>biex tappo\u0121\u0121ja l-effetti antibatteri\u010bi u antivirali.<\/li>\n<\/ul>\n<p><strong>Meta g\u0127andna nu\u017cawha?<\/strong><\/p>\n<div class=\"su-spoiler su-spoiler-style-defoult su-spoiler-icon-caret su-spoiler-closed\" data-scroll-offset=\"0\" data-anchor-in-url=\"no\"><div class=\"su-spoiler-title\" tabindex=\"0\" role=\"button\"><span class=\"su-spoiler-icon\"><\/span>Kollha<\/div><div class=\"su-spoiler-content su-u-clearfix su-u-trim\">\nIl-Medalja Solo g\u0127andha effett po\u017cittiv fuq il-pro\u010bessi funzjonali tal-\u0121isem u tista' tintu\u017ca b\u0127ala g\u0127odda supplimentari biex tg\u0127in fil-korrezzjoni u l-ottimizzazzjoni fil-prevenzjoni u t-trattament tal-kundizzjonijiet li \u0121ejjin:<\/p>\n<ul>\n<li>g\u0127all-infezzjonijiet tal-passa\u0121\u0121 respiratorju ta' fuq ikkaw\u017cati minn batterji jew virus;<\/li>\n<li>f'ka\u017cijiet ta' kundizzjonijiet infjammatorji, batterjolo\u0121i\u010bi jew aller\u0121i\u010bi, rinite, faringite, laringite, bronkite;<\/li>\n<li>fl-istadji bikrija ta' mard awtoimmuni (asma bronkjali, bron\u010bite astmatika, artrite rewmatojde, pjelo- u glomerulonefrite \u2013 infjammazzjoni tal-kliewa, marda awtoimmuni tat-tirojde, marda tal-valvuli tal-qalb ri\u017cultanti minn deni rrumattiku, marda endoteljali tal-vini tad-demm, dermatite streptokokkali u stafilokokkali).<\/li>\n<\/ul>\n<p>Twissija importanti: Jekk tesperjenza sintomi ta' infezzjonijiet fit-triq tan-nifs ta' fuq jew ta' isfel, jekk jog\u0127\u0121bok ikkonsulta lit-tabib tieg\u0127ek. U\u017ca l-Solo Medal b\u0127ala g\u0127ajnuna komplementari biex tappo\u0121\u0121ja rkupru tieg\u0127ek, flimkien mal-metodi ta' trattament rakkomandati mit-tabib tieg\u0127ek!<\/p>\n<\/div><\/div>","protected":false},"excerpt":{"rendered":"<p>SOLO Eg\u00e9szs\u00e9g Med\u00e1l F\u0151 funkci\u00f3i: A Solo Med\u00e1l kieg\u00e9sz\u00edt\u0151 eszk\u00f6z, mely a szervezet v\u00e9dekez\u0151 mechanizmusait \u00e9s az immunrendszer aktiv\u00e1l\u00e1s\u00e1t t\u00e1mogatja. V\u00edrusos \u00e9s bakteri\u00e1lis fert\u0151z\u00e9sek eset\u00e9n ny\u00fajtja a legnagyobb seg\u00edts\u00e9get. Hat\u00e1sa: immunrendszer er\u0151s\u00edt\u00e9s\u00e9nek t\u00e1mogat\u00e1sa, az allerg\u00e9nekre val\u00f3 cs\u00f6kkent reakci\u00f3 el\u00e9r\u00e9s\u00e9nek t\u00e1mogat\u00e1sa, a v\u00edrusos megbeteged\u00e9sek gy\u00f3gyul\u00e1s\u00e1nak t\u00e1mogat\u00e1sa, a toxikus anyagok kivezet\u00e9s\u00e9nek t\u00e1mogat\u00e1sa, antibakteri\u00e1lis \u00e9s v\u00edrus\u00f6l\u0151 hat\u00e1s t\u00e1mogat\u00e1sa. [&hellip;]<\/p>\n","protected":false},"featured_media":4744,"comment_status":"open","ping_status":"closed","template":"","meta":[],"product_brand":[],"product_cat":[33,32],"product_tag":[],"class_list":{"0":"post-4745","1":"product","2":"type-product","3":"status-publish","4":"has-post-thumbnail","6":"product_cat-egeszseg-medalok","7":"product_cat-triomed","9":"first","10":"instock","11":"taxable","12":"shipping-taxable","13":"purchasable","14":"product-type-simple"},"_links":{"self":[{"href":"https:\/\/vetomshop.hu\/mt\/wp-json\/wp\/v2\/product\/4745","targetHints":{"allow":["GET"]}}],"collection":[{"href":"https:\/\/vetomshop.hu\/mt\/wp-json\/wp\/v2\/product"}],"about":[{"href":"https:\/\/vetomshop.hu\/mt\/wp-json\/wp\/v2\/types\/product"}],"replies":[{"embeddable":true,"href":"https:\/\/vetomshop.hu\/mt\/wp-json\/wp\/v2\/comments?post=4745"}],"wp:featuredmedia":[{"embeddable":true,"href":"https:\/\/vetomshop.hu\/mt\/wp-json\/wp\/v2\/media\/4744"}],"wp:attachment":[{"href":"https:\/\/vetomshop.hu\/mt\/wp-json\/wp\/v2\/media?parent=4745"}],"wp:term":[{"taxonomy":"product_brand","embeddable":true,"href":"https:\/\/vetomshop.hu\/mt\/wp-json\/wp\/v2\/product_brand?post=4745"},{"taxonomy":"product_cat","embeddable":true,"href":"https:\/\/vetomshop.hu\/mt\/wp-json\/wp\/v2\/product_cat?post=4745"},{"taxonomy":"product_tag","embeddable":true,"href":"https:\/\/vetomshop.hu\/mt\/wp-json\/wp\/v2\/product_tag?post=4745"}],"curies":[{"name":"wp","href":"https:\/\/api.w.org\/{rel}","templated":true}]}}