{"id":4747,"date":"2023-11-11T14:34:01","date_gmt":"2023-11-11T13:34:01","guid":{"rendered":"https:\/\/vetomshop.hu\/termek\/siker-plus-medal\/"},"modified":"2023-11-11T14:34:01","modified_gmt":"2023-11-11T13:34:01","slug":"siker-plus-medal","status":"publish","type":"product","link":"https:\/\/vetomshop.hu\/mt\/product\/siker-plus-medal\/","title":{"rendered":"Medalja Success Plus"},"content":{"rendered":"<p>A <strong>\u201eSu\u010b\u010bess Plus\u201d<\/strong> L-informazzjoni ma\u0127\u017cuna fuq il-medaljun tikkorrispondi mas-spettru ta\u010b-\u010belloli u tessuti elettromanjeti\u010bi tas-sistema nervu\u017ca \u010bentrali, kif ukoll ma' a\u0121enti anti-omotoxici li jtejbu l-prestazzjoni mentali, ir-re\u017cistenza tal-bniedem g\u0127all-istress, u j\u017commu sfond emozzjonali ottimali.<\/p>\n<p><strong>Effett:<\/strong><\/p>\n<ul>\n<li>jg\u0127in itejjeb il-memorja;<\/li>\n<li>\u017bieda fil-velo\u010bit\u00e0 tal-\u0127sieb;<\/li>\n<li>jippromwovi l-kon\u010bentrazzjoni, i\u017cid l-attenzjoni;<\/li>\n<li>jnaqqas is-sentimenti ta' g\u0127eja waqt l-attivit\u00e0\/ix-xog\u0127ol;<\/li>\n<li>jnaqqas l-istress newro-umorali waqt ix-xog\u0127ol bil-kompjuter;<\/li>\n<li>itjieb l-isfond psikolo\u0121iku (emotiv);<\/li>\n<li>Jg\u0127in jipprevjeni stress kroniku u g\u0127eja, is-sindromu tal-burnout.<\/li>\n<\/ul>\n<div class=\"su-spoiler su-spoiler-style-defoult su-spoiler-icon-caret su-spoiler-closed\" data-scroll-offset=\"0\" data-anchor-in-url=\"no\"><div class=\"su-spoiler-title\" tabindex=\"0\" role=\"button\"><span class=\"su-spoiler-icon\"><\/span>Kollha<\/div><div class=\"su-spoiler-content su-u-clearfix su-u-trim\">\n<strong>Il-medalja \u201eSUCCESS PLUS\u201d tista' tintu\u017ca:<\/strong><\/p>\n<ul>\n<li>biex ittejjeb il-prestazzjoni mentali,<\/li>\n<li>adattament g\u0127al kapa\u010bit\u00e0 ta' tag\u0127bija akbar,<\/li>\n<li>biex ittejjeb il-memorja u l-kapa\u010bit\u00e0 ta' attenzjoni,<\/li>\n<li>matul perjodi ta\u201e tag\u0127bija tax-xog\u0127ol intensa \u2013 brainstorming, e\u010b\u010b.<\/li>\n<\/ul>\n<\/div><\/div>","protected":false},"excerpt":{"rendered":"<p>A &#8222;SIKER PLUS&#8221; med\u00e1lon t\u00e1rolt inform\u00e1ci\u00f3 megfelel a k\u00f6zponti idegrendszer elektrom\u00e1gneses sejtjeinek \u00e9s sz\u00f6veteinek spektrum\u00e1nak, valamint az antihomotoxikus szereknek, amelyek fokozz\u00e1k a ment\u00e1lis teljes\u00edtm\u00e9nyt, az emberi ellen\u00e1ll\u00e1st a stresszre, \u00e9s megtartj\u00e1k az optim\u00e1lis \u00e9rzelmi h\u00e1tteret. Hat\u00e1sa: seg\u00edt a mem\u00f3ria jav\u00edt\u00e1s\u00e1ban; n\u00f6veli a gondolkod\u00e1s sebess\u00e9g\u00e9t; el\u0151seg\u00edti a koncentr\u00e1ci\u00f3t, n\u00f6veli a figyelmet; cs\u00f6kkenti a f\u00e1radts\u00e1g \u00e9rz\u00e9st az [&hellip;]<\/p>\n","protected":false},"featured_media":4746,"comment_status":"open","ping_status":"closed","template":"","meta":[],"product_brand":[],"product_cat":[33,32],"product_tag":[],"class_list":{"0":"post-4747","1":"product","2":"type-product","3":"status-publish","4":"has-post-thumbnail","6":"product_cat-egeszseg-medalok","7":"product_cat-triomed","9":"first","10":"instock","11":"taxable","12":"shipping-taxable","13":"purchasable","14":"product-type-simple"},"_links":{"self":[{"href":"https:\/\/vetomshop.hu\/mt\/wp-json\/wp\/v2\/product\/4747","targetHints":{"allow":["GET"]}}],"collection":[{"href":"https:\/\/vetomshop.hu\/mt\/wp-json\/wp\/v2\/product"}],"about":[{"href":"https:\/\/vetomshop.hu\/mt\/wp-json\/wp\/v2\/types\/product"}],"replies":[{"embeddable":true,"href":"https:\/\/vetomshop.hu\/mt\/wp-json\/wp\/v2\/comments?post=4747"}],"wp:featuredmedia":[{"embeddable":true,"href":"https:\/\/vetomshop.hu\/mt\/wp-json\/wp\/v2\/media\/4746"}],"wp:attachment":[{"href":"https:\/\/vetomshop.hu\/mt\/wp-json\/wp\/v2\/media?parent=4747"}],"wp:term":[{"taxonomy":"product_brand","embeddable":true,"href":"https:\/\/vetomshop.hu\/mt\/wp-json\/wp\/v2\/product_brand?post=4747"},{"taxonomy":"product_cat","embeddable":true,"href":"https:\/\/vetomshop.hu\/mt\/wp-json\/wp\/v2\/product_cat?post=4747"},{"taxonomy":"product_tag","embeddable":true,"href":"https:\/\/vetomshop.hu\/mt\/wp-json\/wp\/v2\/product_tag?post=4747"}],"curies":[{"name":"wp","href":"https:\/\/api.w.org\/{rel}","templated":true}]}}